{"id":5022,"date":"2023-06-30T13:12:15","date_gmt":"2023-06-30T11:12:15","guid":{"rendered":"https:\/\/szkolenia-udt.pl\/?page_id=5022"},"modified":"2023-06-30T13:12:16","modified_gmt":"2023-06-30T11:12:16","slug":"%d0%bf%d1%80%d0%be%d0%b4%d0%b0%d0%b6%d0%b0-%d0%be%d0%b1%d0%be%d1%80%d1%83%d0%b4%d0%be%d0%b2%d0%b0%d0%bd%d0%b8%d1%8f-%d1%83%d0%b4%d1%82","status":"publish","type":"page","link":"https:\/\/szkolenia-udt.pl\/ru\/sprzedaz-maszyn-udt\/","title":{"rendered":"\u041f\u0440\u043e\u0434\u0430\u0436\u0430 \u043c\u0430\u0448\u0438\u043d UDT"},"content":{"rendered":"\n<h2 class=\"wp-block-heading\">Nasze us\u0142ugi<\/h2>\n\n\n<div class=\"wp-block-image\">\n<figure class=\"alignright size-large is-resized\"><a href=\"https:\/\/szkolenia-udt.pl\/wp-content\/uploads\/2023\/05\/screen_2x-2023-05-12T010410.626.jpg\"><img loading=\"lazy\" decoding=\"async\" src=\"https:\/\/szkolenia-udt.pl\/wp-content\/uploads\/2023\/05\/screen_2x-2023-05-12T010410.626-1024x683.jpg\" alt=\"konserwacja suwnic\" class=\"wp-image-5024\" width=\"512\" height=\"342\" srcset=\"https:\/\/szkolenia-udt.pl\/wp-content\/uploads\/2023\/05\/screen_2x-2023-05-12T010410.626-1024x683.jpg 1024w, https:\/\/szkolenia-udt.pl\/wp-content\/uploads\/2023\/05\/screen_2x-2023-05-12T010410.626-300x200.jpg 300w, https:\/\/szkolenia-udt.pl\/wp-content\/uploads\/2023\/05\/screen_2x-2023-05-12T010410.626-768x512.jpg 768w, https:\/\/szkolenia-udt.pl\/wp-content\/uploads\/2023\/05\/screen_2x-2023-05-12T010410.626-1536x1024.jpg 1536w, https:\/\/szkolenia-udt.pl\/wp-content\/uploads\/2023\/05\/screen_2x-2023-05-12T010410.626-18x12.jpg 18w, https:\/\/szkolenia-udt.pl\/wp-content\/uploads\/2023\/05\/screen_2x-2023-05-12T010410.626.jpg 1600w\" sizes=\"auto, (max-width: 512px) 100vw, 512px\" \/><\/a><\/figure>\n<\/div>\n\n\n<p>Zajmujemy si\u0119 sprzeda\u017c\u0105 nowych oraz u\u017cywanych urz\u0105dze\u0144 podlegaj\u0105cych pod UDT. W naszym asortymencie sprzeda\u017cowym odnale\u017a\u0107 mo\u017cna urz\u0105dzenia z kategorii transportu bliskiego. Mo\u017cesz u nas znale\u017a\u0107 wiele znakomitych marek owych maszyn. &nbsp;<\/p>\n\n\n\n<h2 class=\"wp-block-heading\">Maszyny UDT&nbsp;<\/h2>\n\n\n\n<p>Odnalaz\u0142y swoje zastosowanie w pracach magazynowych, za\u0142adunkach, pracach na placach budowy, roz\u0142adunkach i w transporcie \u0142adunk\u00f3w. UDT jest to instytucja, kt\u00f3ra trzyma pe\u0142n\u0105 odpowiedzialno\u015b\u0107 za te urz\u0105dzenia. Jednostka ta odpowiedzialna jest za rejestracje maszyn, przeprowadzanie egzamin\u00f3w w celu uzyskania uprawnie\u0144, zlecaj\u0105 tak\u017ce kontrol\u0119 serwis\u00f3w, jak i samych pracownik\u00f3w zwi\u0105zanych z tymi maszynami.&nbsp;&nbsp;<\/p>\n\n\n\n<h2 class=\"wp-block-heading\">Jaki jest podzia\u0142 UDT?&nbsp;<\/h2>\n\n\n<div class=\"wp-block-image\">\n<figure class=\"alignright size-large is-resized\"><a href=\"https:\/\/szkolenia-udt.pl\/wp-content\/uploads\/2023\/05\/screen_2x-2023-05-12T010305.372.jpg\"><img loading=\"lazy\" decoding=\"async\" src=\"https:\/\/szkolenia-udt.pl\/wp-content\/uploads\/2023\/05\/screen_2x-2023-05-12T010305.372-1024x683.jpg\" alt=\"W\u00f3zek wid\u0142owy w pracach magazynowych\" class=\"wp-image-5026\" width=\"512\" height=\"342\" srcset=\"https:\/\/szkolenia-udt.pl\/wp-content\/uploads\/2023\/05\/screen_2x-2023-05-12T010305.372-1024x683.jpg 1024w, https:\/\/szkolenia-udt.pl\/wp-content\/uploads\/2023\/05\/screen_2x-2023-05-12T010305.372-300x200.jpg 300w, https:\/\/szkolenia-udt.pl\/wp-content\/uploads\/2023\/05\/screen_2x-2023-05-12T010305.372-768x512.jpg 768w, https:\/\/szkolenia-udt.pl\/wp-content\/uploads\/2023\/05\/screen_2x-2023-05-12T010305.372-1536x1024.jpg 1536w, https:\/\/szkolenia-udt.pl\/wp-content\/uploads\/2023\/05\/screen_2x-2023-05-12T010305.372-18x12.jpg 18w, https:\/\/szkolenia-udt.pl\/wp-content\/uploads\/2023\/05\/screen_2x-2023-05-12T010305.372.jpg 1600w\" sizes=\"auto, (max-width: 512px) 100vw, 512px\" \/><\/a><\/figure>\n<\/div>\n\n\n<p>UDT posiada cztery kategorie opisowe sprz\u0119t\u00f3w, mianowicie:&nbsp;<\/p>\n\n\n\n<ul class=\"wp-block-list\">\n<li>urz\u0105dzenia ci\u015bnieniowe,&nbsp;<\/li>\n\n\n\n<li>urz\u0105dzenia bezci\u015bnieniowe,&nbsp;<\/li>\n\n\n\n<li>urz\u0105dzenia transportu bliskiego,&nbsp;<\/li>\n\n\n\n<li>urz\u0105dzenia maj\u0105ce na celu odzyskiwanie par z paliwa.&nbsp;<\/li>\n<\/ul>\n\n\n\n<h2 class=\"wp-block-heading\">Urz\u0105dzenia podlegaj\u0105ce pod transport bliski&nbsp;<\/h2>\n\n\n\n<p>Nasza sprzeda\u017c nowych oraz u\u017cywanych urz\u0105dze\u0144 tyczy si\u0119 maszyn spo\u015br\u00f3d tej kategorii UDT. Maszyny te wykorzystywane s\u0105 g\u0142\u00f3wnie do transportu, roz\u0142adunku i za\u0142adunku r\u00f3\u017cnych materia\u0142\u00f3w w wyznaczone miejsce. Niekt\u00f3re z tych maszyn umo\u017cliwiaj\u0105 tak\u017ce transport sprz\u0119tu oraz ludzi. W transporcie os\u00f3b ca\u0142o\u015b\u0107 odbywa si\u0119 na niewielki dystans i jej g\u0142\u00f3wnym zastosowaniem jest u\u0142atwienie dost\u0119pu w ci\u0119\u017cko dost\u0119pne miejsca oraz umo\u017cliwienie wykonywania prac wysoko\u015bciowych. Do urz\u0105dze\u0144 transportu bliskiego zaliczaj\u0105 si\u0119:&nbsp;<\/p>\n\n\n<div class=\"wp-block-image\">\n<figure class=\"alignright size-large is-resized\"><a href=\"https:\/\/szkolenia-udt.pl\/wp-content\/uploads\/2023\/05\/screen_2x-2023-05-12T010636.898.jpg\"><img loading=\"lazy\" decoding=\"async\" src=\"https:\/\/szkolenia-udt.pl\/wp-content\/uploads\/2023\/05\/screen_2x-2023-05-12T010636.898-683x1024.jpg\" alt=\"W\u00f3zek wid\u0142owy transportuj\u0105cy \u0142adunek\" class=\"wp-image-5025\" width=\"342\" height=\"512\" srcset=\"https:\/\/szkolenia-udt.pl\/wp-content\/uploads\/2023\/05\/screen_2x-2023-05-12T010636.898-683x1024.jpg 683w, https:\/\/szkolenia-udt.pl\/wp-content\/uploads\/2023\/05\/screen_2x-2023-05-12T010636.898-200x300.jpg 200w, https:\/\/szkolenia-udt.pl\/wp-content\/uploads\/2023\/05\/screen_2x-2023-05-12T010636.898-768x1152.jpg 768w, https:\/\/szkolenia-udt.pl\/wp-content\/uploads\/2023\/05\/screen_2x-2023-05-12T010636.898-1024x1536.jpg 1024w, https:\/\/szkolenia-udt.pl\/wp-content\/uploads\/2023\/05\/screen_2x-2023-05-12T010636.898-8x12.jpg 8w, https:\/\/szkolenia-udt.pl\/wp-content\/uploads\/2023\/05\/screen_2x-2023-05-12T010636.898.jpg 1067w\" sizes=\"auto, (max-width: 342px) 100vw, 342px\" \/><\/a><\/figure>\n<\/div>\n\n\n<ul class=\"wp-block-list\">\n<li>suwnice,&nbsp;<\/li>\n\n\n\n<li>windy przemys\u0142owe,&nbsp;<\/li>\n\n\n\n<li>\u017curawie HDS,&nbsp;<\/li>\n\n\n\n<li>podesty ruchome,&nbsp;<\/li>\n\n\n\n<li>w\u00f3zki wid\u0142owe.&nbsp;<\/li>\n<\/ul>\n\n\n\n<h2 class=\"wp-block-heading\">Sprzeda\u017c maszyn UTB&nbsp;<\/h2>\n\n\n\n<p>W naszej ofercie znajduj\u0105 si\u0119 Urz\u0105dzenia Transportu Bliskiego, kt\u00f3re mo\u017cna zakupi\u0107 zar\u00f3wno nowe, jaki u\u017cywane. Ka\u017cdy nasz u\u017cywany sprz\u0119t przed wystawieniem na sprzeda\u017c jest odpowiednio przebadany. Prowadzimy tak\u017ce modernizacje urz\u0105dze\u0144 maj\u0105c\u0105 na celu umo\u017cliwi\u0107 wykonywanie dalszych prac dla klienta przez maszyn\u0119. Posiadamy tak\u017ce doradc\u0119, kt\u00f3ry z pewno\u015bci\u0105 pomo\u017ce Pa\u0144stwu w doborze urz\u0105dzenia do wykonywanych prac oraz poda pe\u0142n\u0105 specyfikacje sprz\u0119tu, kt\u00f3ra pozwoli lepiej zapozna\u0107 si\u0119 z urz\u0105dzeniem.&nbsp;<\/p>\n\n\n\n<h2 class=\"wp-block-heading\">Serwis&nbsp;<\/h2>\n\n\n\n<p>Mamy tak\u017ce serwis, w kt\u00f3rym zajmujemy si\u0119 napraw\u0105 usterek, modernizacj\u0105, diagnostyk\u0105 i konserwacj\u0105 oraz pracujemy na dobrych jako\u015bciowo cz\u0119\u015bciach zamiennych. Nasz serwis opiera si\u0119 o zaufanie wobec klienta, wi\u0119c przed dokonaniem prac kontaktujemy si\u0119 z klientem i omawiamy plan przeprowadzania dalszego zakresu naszych prac. Oferujemy stacjonarne wykonanie napraw na terenie miasta Warszawa, lecz posiadamy tak\u017ce mo\u017cliwo\u015b\u0107 dojazdu do klienta na terenie ca\u0142ej Polski. &nbsp;<\/p>\n\n\n\n<h2 class=\"wp-block-heading\">Producenci, od jakich posiadamy sprz\u0119t&nbsp;<\/h2>\n\n\n\n<h3 class=\"wp-block-heading\">Producenci podest\u00f3w ruchomych:&nbsp;<\/h3>\n\n\n\n<div class=\"wp-block-columns is-layout-flex wp-container-core-columns-is-layout-9d6595d7 wp-block-columns-is-layout-flex\">\n<div class=\"wp-block-column is-layout-flow wp-block-column-is-layout-flow\" style=\"flex-basis:50%\">\n<ul class=\"wp-block-list\">\n<li>GSL,&nbsp;<\/li>\n\n\n\n<li>JLG,&nbsp;<\/li>\n\n\n\n<li>Niftylift,&nbsp;<\/li>\n\n\n\n<li>Holland lift,&nbsp;<\/li>\n\n\n\n<li>Skyjack,&nbsp;<\/li>\n<\/ul>\n<\/div>\n\n\n\n<div class=\"wp-block-column is-layout-flow wp-block-column-is-layout-flow\" style=\"flex-basis:50%\">\n<ul class=\"wp-block-list\">\n<li>Omme,&nbsp;<\/li>\n\n\n\n<li>Alp-lift,&nbsp;<\/li>\n\n\n\n<li>Manitou,&nbsp;<\/li>\n\n\n\n<li>Grove,&nbsp;<\/li>\n\n\n\n<li>Marklift.&nbsp;<\/li>\n<\/ul>\n<\/div>\n<\/div>\n\n\n\n<h3 class=\"wp-block-heading\">Producenci w\u00f3zk\u00f3w wid\u0142owych:&nbsp;<\/h3>\n\n\n\n<div class=\"wp-block-columns is-layout-flex wp-container-core-columns-is-layout-9d6595d7 wp-block-columns-is-layout-flex\">\n<div class=\"wp-block-column is-layout-flow wp-block-column-is-layout-flow\" style=\"flex-basis:50%\">\n<ul class=\"wp-block-list\">\n<li>Jungheinirch,&nbsp;<\/li>\n\n\n\n<li>Nissan,&nbsp;<\/li>\n\n\n\n<li>Clark,&nbsp;<\/li>\n\n\n\n<li>BT,&nbsp;<\/li>\n\n\n\n<li>Linde,&nbsp;<\/li>\n\n\n\n<li>Manitou,&nbsp;<\/li>\n<\/ul>\n<\/div>\n\n\n\n<div class=\"wp-block-column is-layout-flow wp-block-column-is-layout-flow\" style=\"flex-basis:50%\">\n<ul class=\"wp-block-list\">\n<li>Hyundai,&nbsp;<\/li>\n\n\n\n<li>Mitsubishi,&nbsp;<\/li>\n\n\n\n<li>Toyota,&nbsp;<\/li>\n\n\n\n<li>Still,&nbsp;<\/li>\n\n\n\n<li>Yale.&nbsp;<\/li>\n<\/ul>\n<\/div>\n<\/div>\n\n\n\n<p>Je\u015bli jaki\u015b sprz\u0119t z naszej oferty szczeg\u00f3lnie Ci\u0119 zainteresowa\u0142, to zapraszamy do kontaktu, a nasz doradca pomo\u017ce w doborze maszyny.<\/p>\n\n\n\n<h2 class=\"wp-block-heading\">Pytania i odpowiedzi<\/h2>\n\n\n\t\t<details\t\thelp class=\"sc_fs_faq sc_card    \"\n\t\topen\t\t>\n\t\t\t\t\t<summary>\n\t\t\t\t<h3>Jaki sprz\u0119t mo\u017cna u Pa\u0144stwa zakupi\u0107? <\/h3>\t\t\t\t\t<\/summary>\n\t\t\t\t<div>\n\t\t\t\t\t\t<div class=\"sc_fs_faq__content\">\n\t\t\t\t\n\n<p>Zakupi\u0107 mo\u017cna u nas nowe suwnice, w\u00f3zki wid\u0142owe, podesty ruchome, \u017curawie HDS, lecz prowadzimy r\u00f3wnie\u017c sprzeda\u017c u\u017cywanych maszyn, takich jak w\u00f3zki wid\u0142owe czy podesty ruchome.&nbsp;<\/p>\n\n\t\t\t<\/div>\n\t\t<\/div>\n\t\t<\/details>\n\t\t\t\t<details\t\thelp class=\"sc_fs_faq sc_card    \"\n\t\t\t\t>\n\t\t\t\t\t<summary>\n\t\t\t\t<h3>Czy posiadaj\u0105 Pa\u0144stwo serwis? <\/h3>\t\t\t\t\t<\/summary>\n\t\t\t\t<div>\n\t\t\t\t\t\t<div class=\"sc_fs_faq__content\">\n\t\t\t\t\n\n<p>Tak, posiadamy serwis, w kt\u00f3rym zajmujemy si\u0119 napraw\u0105 usterek, badaniami diagnostycznymi, konserwacj\u0105 czy modernizacj\u0105 urz\u0105dze\u0144.&nbsp;<\/p>\n\n\t\t\t<\/div>\n\t\t<\/div>\n\t\t<\/details>\n\t\t\n<script type=\"application\/ld+json\">\n\t{\n\t\t\"@context\": \"https:\/\/schema.org\",\n\t\t\"@type\": \"FAQPage\",\n\t\t\"mainEntity\": [\n\t\t\t\t\t{\n\t\t\t\t\"@type\": \"Question\",\n\t\t\t\t\"name\": \"Jaki sprz\u0119t mo\u017cna u Pa\u0144stwa zakupi\u0107? \",\n\t\t\t\t\"acceptedAnswer\": {\n\t\t\t\t\t\"@type\": \"Answer\",\n\t\t\t\t\t\"text\": \"<p>Zakupi\u0107 mo\u017cna u nas nowe suwnice, w\u00f3zki wid\u0142owe, podesty ruchome, \u017curawie HDS, lecz prowadzimy r\u00f3wnie\u017c sprzeda\u017c u\u017cywanych maszyn, takich jak w\u00f3zki wid\u0142owe czy podesty ruchome.&nbsp;<\/p>\"\n\t\t\t\t\t\t\t\t\t}\n\t\t\t}\n\t\t\t,\t\t\t\t{\n\t\t\t\t\"@type\": \"Question\",\n\t\t\t\t\"name\": \"Czy posiadaj\u0105 Pa\u0144stwo serwis? \",\n\t\t\t\t\"acceptedAnswer\": {\n\t\t\t\t\t\"@type\": \"Answer\",\n\t\t\t\t\t\"text\": \"<p>Tak, posiadamy serwis, w kt\u00f3rym zajmujemy si\u0119 napraw\u0105 usterek, badaniami diagnostycznymi, konserwacj\u0105 czy modernizacj\u0105 urz\u0105dze\u0144.&nbsp;<\/p>\"\n\t\t\t\t\t\t\t\t\t}\n\t\t\t}\n\t\t\t\t\t\t]\n\t}\n<\/script>\n","protected":false},"excerpt":{"rendered":"<p>Nasze us\u0142ugi Zajmujemy si\u0119 sprzeda\u017c\u0105 nowych oraz u\u017cywanych urz\u0105dze\u0144 podlegaj\u0105cych pod UDT. W naszym asortymencie sprzeda\u017cowym odnale\u017a\u0107 mo\u017cna urz\u0105dzenia z kategorii transportu bliskiego. Mo\u017cesz u nas znale\u017a\u0107 wiele znakomitych marek owych maszyn. &nbsp; Maszyny UDT&nbsp; Odnalaz\u0142y swoje zastosowanie w pracach magazynowych, za\u0142adunkach, pracach na placach budowy, roz\u0142adunkach i w transporcie \u0142adunk\u00f3w. UDT jest to instytucja, [&hellip;]<\/p>\n","protected":false},"author":10,"featured_media":5023,"parent":0,"menu_order":0,"comment_status":"closed","ping_status":"closed","template":"","meta":{"footnotes":""},"class_list":["post-5022","page","type-page","status-publish","has-post-thumbnail","hentry"],"aioseo_notices":[],"_links":{"self":[{"href":"https:\/\/szkolenia-udt.pl\/ru\/wp-json\/wp\/v2\/pages\/5022","targetHints":{"allow":["GET"]}}],"collection":[{"href":"https:\/\/szkolenia-udt.pl\/ru\/wp-json\/wp\/v2\/pages"}],"about":[{"href":"https:\/\/szkolenia-udt.pl\/ru\/wp-json\/wp\/v2\/types\/page"}],"author":[{"embeddable":true,"href":"https:\/\/szkolenia-udt.pl\/ru\/wp-json\/wp\/v2\/users\/10"}],"replies":[{"embeddable":true,"href":"https:\/\/szkolenia-udt.pl\/ru\/wp-json\/wp\/v2\/comments?post=5022"}],"version-history":[{"count":5,"href":"https:\/\/szkolenia-udt.pl\/ru\/wp-json\/wp\/v2\/pages\/5022\/revisions"}],"predecessor-version":[{"id":5298,"href":"https:\/\/szkolenia-udt.pl\/ru\/wp-json\/wp\/v2\/pages\/5022\/revisions\/5298"}],"wp:featuredmedia":[{"embeddable":true,"href":"https:\/\/szkolenia-udt.pl\/ru\/wp-json\/wp\/v2\/media\/5023"}],"wp:attachment":[{"href":"https:\/\/szkolenia-udt.pl\/ru\/wp-json\/wp\/v2\/media?parent=5022"}],"curies":[{"name":"wp","href":"https:\/\/api.w.org\/{rel}","templated":true}]}}