{"id":57,"date":"2014-10-07T16:26:27","date_gmt":"2014-10-07T16:26:27","guid":{"rendered":"http:\/\/szkolenia-udt.pl\/?page_id=57"},"modified":"2016-07-06T17:44:08","modified_gmt":"2016-07-06T17:44:08","slug":"%d1%88%d1%82%d0%b0%d0%b1%d0%b5%d0%bb%d0%b5%d1%80%d1%8b","status":"publish","type":"page","link":"https:\/\/szkolenia-udt.pl\/ru\/dzwignice\/ukladnice\/","title":{"rendered":"\u041a\u0440\u0430\u043d\u044b-\u0448\u0442\u0430\u0431\u0435\u043b\u0435\u0440\u044b"},"content":{"rendered":"<div style=\"float: left; padding-right: 10px;\"><div id=\"metaslider-id-677\" style=\"max-width: 300px;\" class=\"ml-slider-3-107-0 metaslider metaslider-flex metaslider-677 ml-slider ms-theme-default nav-hidden\" role=\"region\" aria-label=\"\u041a\u0440\u0430\u043d\u044b-\u0448\u0442\u0430\u0431\u0435\u043b\u0435\u0440\u044b\" data-height=\"225\" data-width=\"300\">\n    <div id=\"metaslider_container_677\">\n        <div id=\"metaslider_677\">\n            <ul class='slides'>\n                <li style=\"display: block; width: 100%;\" class=\"slide-678 ms-image\" aria-roledescription=\"slide\" data-date=\"2014-10-12 10:48:09\" data-filename=\"kurs-uk\u0142adnice.jpg\" data-slide-type=\"image\"><img loading=\"lazy\" decoding=\"async\" src=\"https:\/\/szkolenia-udt.pl\/wp-content\/uploads\/2014\/10\/kurs-uk\u0142adnice.jpg\" height=\"225\" width=\"300\" alt=\"\" class=\"slider-677 slide-678 msDefaultImage\" \/><\/li>\n                <li style=\"display: none; width: 100%;\" class=\"slide-681 ms-image\" aria-roledescription=\"slide\" data-date=\"2014-10-12 10:48:12\" data-filename=\"uk\u0142adnice-foto.jpg\" data-slide-type=\"image\"><img loading=\"lazy\" decoding=\"async\" src=\"https:\/\/szkolenia-udt.pl\/wp-content\/uploads\/2014\/10\/uk\u0142adnice-foto.jpg\" height=\"225\" width=\"300\" alt=\"\" class=\"slider-677 slide-681 msDefaultImage\" \/><\/li>\n                <li style=\"display: none; width: 100%;\" class=\"slide-680 ms-image\" aria-roledescription=\"slide\" data-date=\"2014-10-12 10:48:11\" data-filename=\"szkolenia-oraz-kursy-uk\u0142adnice.jpg\" data-slide-type=\"image\"><img loading=\"lazy\" decoding=\"async\" src=\"https:\/\/szkolenia-udt.pl\/wp-content\/uploads\/2014\/10\/szkolenia-oraz-kursy-uk\u0142adnice.jpg\" height=\"225\" width=\"300\" alt=\"\" class=\"slider-677 slide-680 msDefaultImage\" \/><\/li>\n                <li style=\"display: none; width: 100%;\" class=\"slide-679 ms-image\" aria-roledescription=\"slide\" data-date=\"2014-10-12 10:48:10\" data-filename=\"OSO-Warszawa2.jpg\" data-slide-type=\"image\"><img loading=\"lazy\" decoding=\"async\" src=\"https:\/\/szkolenia-udt.pl\/wp-content\/uploads\/2014\/10\/OSO-Warszawa2.jpg\" height=\"225\" width=\"300\" alt=\"\" class=\"slider-677 slide-679 msDefaultImage\" \/><\/li>\n                <li style=\"display: none; width: 100%;\" class=\"slide-682 ms-image\" aria-roledescription=\"slide\" data-date=\"2014-10-12 10:48:12\" data-filename=\"uk\u0142adnice-zdj\u0119cie.jpg\" data-slide-type=\"image\"><img loading=\"lazy\" decoding=\"async\" src=\"https:\/\/szkolenia-udt.pl\/wp-content\/uploads\/2014\/10\/uk\u0142adnice-zdj\u0119cie.jpg\" height=\"225\" width=\"300\" alt=\"\" class=\"slider-677 slide-682 msDefaultImage\" \/><\/li>\n            <\/ul>\n        <\/div>\n        \n    <\/div>\n<\/div><\/div>\n<div class=\"wyjustuj\">\u041a\u0440\u0430\u043d\u044b-\u0448\u0442\u0430\u0431\u0435\u043b\u0435\u0440\u044b - \u044d\u0442\u043e \u043c\u0430\u0448\u0438\u043d\u044b, \u043a\u043e\u0442\u043e\u0440\u044b\u0435 \u0438\u0441\u043f\u043e\u043b\u044c\u0437\u0443\u044e\u0442\u0441\u044f \u0434\u043b\u044f \u0442\u0440\u0430\u043d\u0441\u043f\u043e\u0440\u0442\u0438\u0440\u043e\u0432\u043a\u0438 \u0438 \u0448\u0442\u0430\u0431\u0435\u043b\u0438\u0440\u043e\u0432\u0430\u043d\u0438\u044f \u0433\u0440\u0443\u0437\u043e\u0432 \u043d\u0430 \u0441\u043a\u043b\u0430\u0434\u0430\u0445. \u041a\u0440\u0430\u043d\u044b-\u0448\u0442\u0430\u0431\u0435\u043b\u0435\u0440\u044b - \u044d\u0442\u043e \u043a\u0440\u0430\u043d\u044b \u0434\u043b\u044f \u0432\u043d\u0443\u0442\u0440\u0435\u043d\u043d\u0435\u0439 \u0442\u0440\u0430\u043d\u0441\u043f\u043e\u0440\u0442\u0438\u0440\u043e\u0432\u043a\u0438. \u041a\u0440\u0430\u043d\u044b-\u0448\u0442\u0430\u0431\u0435\u043b\u0435\u0440\u044b \u0441\u043e\u0441\u0442\u043e\u044f\u0442 \u0438\u0437 \u043d\u0435\u0441\u0443\u0449\u0435\u0439 \u0440\u0430\u043c\u044b \u0438\u043b\u0438 \u043f\u043e\u0434\u0432\u0438\u0436\u043d\u043e\u0439 \u0441\u0442\u043e\u0439\u043a\u0438, \u043d\u0435\u0441\u0443\u0449\u0435\u0439 \u043f\u043e\u0434\u044a\u0435\u043c\u043d\u044b\u0439 \u0431\u043b\u043e\u043a \u0441 \u043c\u0435\u0445\u0430\u043d\u0438\u0447\u0435\u0441\u043a\u0438\u043c\u0438 \u043a\u043e\u043c\u043f\u043e\u043d\u0435\u043d\u0442\u0430\u043c\u0438, \u043e\u0431\u044b\u0447\u043d\u043e \u0432 \u0432\u0438\u0434\u0435 \u0432\u044b\u0434\u0432\u0438\u0436\u043d\u044b\u0445 \u0432\u0430\u043b\u043e\u0432, \u043a\u043e\u0442\u043e\u0440\u044b\u0435 \u043e\u0431\u043b\u0435\u0433\u0447\u0430\u044e\u0442 \u0441\u043a\u043b\u0430\u0434\u0438\u0440\u043e\u0432\u0430\u043d\u0438\u0435 \u0433\u0440\u0443\u0437\u043e\u0432, \u0440\u0430\u0437\u043c\u0435\u0449\u0435\u043d\u0438\u0435 \u0438\u0445 \u043d\u0430 \u0441\u0442\u0435\u043b\u043b\u0430\u0436\u0430\u0445 \u0438 \u0438\u0437\u0432\u043b\u0435\u0447\u0435\u043d\u0438\u0435. \u041e\u043d\u0438 \u043c\u043e\u0433\u0443\u0442 \u0438\u0441\u043f\u043e\u043b\u044c\u0437\u043e\u0432\u0430\u0442\u044c\u0441\u044f \u0434\u043b\u044f \u043e\u0431\u0441\u043b\u0443\u0436\u0438\u0432\u0430\u043d\u0438\u044f \u043e\u0434\u043d\u043e\u0433\u043e \u043f\u0440\u043e\u0445\u043e\u0434\u0430 \u043c\u0435\u0436\u0434\u0443 \u043f\u043e\u043b\u043a\u0430\u043c\u0438 \u0438\u043b\u0438 \u043d\u0435\u0441\u043a\u043e\u043b\u044c\u043a\u0438\u0445 \u043f\u0440\u043e\u0445\u043e\u0434\u043e\u0432.<\/p>\n<p><strong>\u041f\u043e \u043a\u043e\u043d\u0441\u0442\u0440\u0443\u043a\u0446\u0438\u0438 \u043a\u0440\u0430\u043d\u044b-\u0448\u0442\u0430\u0431\u0435\u043b\u0435\u0440\u044b \u043f\u043e\u0434\u0440\u0430\u0437\u0434\u0435\u043b\u044f\u044e\u0442\u0441\u044f \u043d\u0430<\/strong><\/p>\n<ul>\n<li>\u041a\u043e\u043b\u043e\u043d\u043d\u044b\u0439 - \u043e\u043f\u043e\u0440\u043d\u0430\u044f \u043a\u043e\u043d\u0441\u0442\u0440\u0443\u043a\u0446\u0438\u044f \u0432\u044b\u043f\u043e\u043b\u043d\u0435\u043d\u0430 \u0432 \u0432\u0438\u0434\u0435 \u043f\u043e\u0434\u0432\u0438\u0436\u043d\u043e\u0439 \u043a\u043e\u043b\u043e\u043d\u043d\u044b \u0441 \u043b\u0438\u0434\u0435\u0440\u0430\u043c\u0438<\/li>\n<li>\u0440\u0430\u043c\u0430 - \u043d\u0435\u0441\u0443\u0449\u0430\u044f \u043a\u043e\u043d\u0441\u0442\u0440\u0443\u043a\u0446\u0438\u044f \u0432\u044b\u043f\u043e\u043b\u043d\u0435\u043d\u0430 \u0432 \u0432\u0438\u0434\u0435 \u043f\u0440\u043e\u0445\u043e\u0434\u043d\u044b\u0445 \u0432\u043e\u0440\u043e\u0442 \u0441 \u044f\u0449\u0438\u043a\u0430\u043c\u0438<\/li>\n<\/ul>\n<p>\u041a\u0440\u0430\u043d\u044b-\u0448\u0442\u0430\u0431\u0435\u043b\u0435\u0440\u044b \u043e\u0441\u043d\u0430\u0449\u0435\u043d\u044b \u044d\u043b\u0435\u043a\u0442\u0440\u0438\u0447\u0435\u0441\u043a\u0438\u043c\u0438 \u043a\u043e\u043c\u043f\u043e\u043d\u0435\u043d\u0442\u0430\u043c\u0438 \u0438 \u0434\u0432\u0438\u0433\u0430\u0442\u0435\u043b\u0435\u043c \u0438, \u043a\u0430\u043a \u043f\u0440\u0430\u0432\u0438\u043b\u043e, \u0443\u043f\u0440\u0430\u0432\u043b\u044f\u044e\u0442\u0441\u044f \u0438\u0437 \u043a\u0430\u0431\u0438\u043d\u044b \u043e\u043f\u0435\u0440\u0430\u0442\u043e\u0440\u0430. \u0422\u0430\u043a\u0436\u0435 \u0438\u0441\u043f\u043e\u043b\u044c\u0437\u0443\u044e\u0442\u0441\u044f \u0430\u0432\u0442\u043e\u043c\u0430\u0442\u0438\u0437\u0438\u0440\u043e\u0432\u0430\u043d\u043d\u044b\u0435 \u043a\u0440\u0430\u043d\u044b-\u0448\u0442\u0430\u0431\u0435\u043b\u0435\u0440\u044b \u0441 \u043a\u043e\u043c\u043f\u044c\u044e\u0442\u0435\u0440\u043d\u044b\u043c \u0443\u043f\u0440\u0430\u0432\u043b\u0435\u043d\u0438\u0435\u043c.<\/p>\n<p>\u0412\u0441\u0435 \u0436\u0435\u043b\u0430\u044e\u0449\u0438\u0435 \u043f\u043e\u043b\u0443\u0447\u0438\u0442\u044c \u043a\u0432\u0430\u043b\u0438\u0444\u0438\u043a\u0430\u0446\u0438\u044e \u0434\u043b\u044f \u0443\u043f\u0440\u0430\u0432\u043b\u0435\u043d\u0438\u044f \u043e\u0431\u043e\u0440\u0443\u0434\u043e\u0432\u0430\u043d\u0438\u0435\u043c \u043c\u043e\u0433\u0443\u0442 \u043f\u0440\u043e\u0439\u0442\u0438 \u043d\u0430\u0448 \u043a\u0443\u0440\u0441 \u043e\u0431\u0443\u0447\u0435\u043d\u0438\u044f \u043f\u043e \u043a\u0440\u0430\u043d\u0430\u043c-\u0448\u0442\u0430\u0431\u0435\u043b\u0435\u0440\u0430\u043c. \u0412 \u0445\u043e\u0434\u0435 \u043d\u0435\u0433\u043e \u043e\u0441\u0432\u0435\u0449\u0430\u0435\u0442\u0441\u044f \u043e\u0441\u043d\u043e\u0432\u043d\u0430\u044f \u0438\u043d\u0444\u043e\u0440\u043c\u0430\u0446\u0438\u044f \u043e \u043a\u043e\u043d\u0441\u0442\u0440\u0443\u043a\u0446\u0438\u0438, \u043f\u0440\u0430\u0432\u0438\u043b\u0430\u0445 \u044d\u043a\u0441\u043f\u043b\u0443\u0430\u0442\u0430\u0446\u0438\u0438, \u0442\u0435\u0445\u043d\u0438\u0447\u0435\u0441\u043a\u043e\u043c \u043d\u0430\u0434\u0437\u043e\u0440\u0435, \u043f\u0440\u0430\u0432\u0438\u043b\u0430\u0445 \u043e\u0445\u0440\u0430\u043d\u044b \u0442\u0440\u0443\u0434\u0430 \u0438 \u0442\u0435\u0445\u043d\u0438\u043a\u0438 \u0431\u0435\u0437\u043e\u043f\u0430\u0441\u043d\u043e\u0441\u0442\u0438, \u0430 \u0442\u0430\u043a\u0436\u0435 \u043e\u0431\u044f\u0437\u0430\u043d\u043d\u043e\u0441\u0442\u0438 \u043e\u043f\u0435\u0440\u0430\u0442\u043e\u0440\u0430. \u041f\u043e\u0441\u043b\u0435 \u043e\u043a\u043e\u043d\u0447\u0430\u043d\u0438\u044f \u043a\u0443\u0440\u0441\u0430 \u0443\u0447\u0430\u0441\u0442\u043d\u0438\u043a\u0438 \u0441\u0434\u0430\u044e\u0442 \u044d\u043a\u0437\u0430\u043c\u0435\u043d UDT. <a href=\"https:\/\/szkolenia-udt.pl\/ru\/oferta\/\">\u0426\u0435\u043d\u0430<\/a> \u0437\u0430\u0432\u0438\u0441\u0438\u0442 \u043e\u0442 \u043a\u043e\u043b\u0438\u0447\u0435\u0441\u0442\u0432\u0430 \u0443\u0447\u0430\u0441\u0442\u043d\u0438\u043a\u043e\u0432. \u041c\u044b \u043f\u0440\u043e\u0432\u043e\u0434\u0438\u043c \u043e\u0431\u0443\u0447\u0435\u043d\u0438\u0435 \u043d\u0430 \u0432\u0441\u0435\u0439 \u0442\u0435\u0440\u0440\u0438\u0442\u043e\u0440\u0438\u0438 \u041f\u043e\u043b\u044c\u0448\u0438. \u041f\u043e\u0436\u0430\u043b\u0443\u0439\u0441\u0442\u0430!<\/p>\n<\/div>","protected":false},"excerpt":{"rendered":"<p>Uk\u0142adnicami nazywamy urz\u0105dzenia, kt\u00f3re wykorzystywane s\u0105 w transporcie oraz w procesie uk\u0142adania \u0142adunk\u00f3w w magazynach. Uk\u0142adnice zaliczane s\u0105 to urz\u0105dze\u0144 d\u017awigowych w transporcie wewn\u0119trznym. Do obs\u0142ugi urz\u0105dze\u0144 potrzebne s\u0105 uprawnienia na uk\u0142adnice nadawane przez Urz\u0105d Dozoru Technicznego.Uk\u0142adnice zbudowane s\u0105 z konstrukcji no\u015bnej ramy lub przejezdnego s\u0142upa, na kt\u00f3rych znajduje si\u0119 wodzak z elementami mechanicznymi, zwykle [&hellip;]<\/p>\n","protected":false},"author":3,"featured_media":0,"parent":69,"menu_order":0,"comment_status":"closed","ping_status":"closed","template":"","meta":{"footnotes":""},"class_list":["post-57","page","type-page","status-publish","hentry"],"aioseo_notices":[],"_links":{"self":[{"href":"https:\/\/szkolenia-udt.pl\/ru\/wp-json\/wp\/v2\/pages\/57","targetHints":{"allow":["GET"]}}],"collection":[{"href":"https:\/\/szkolenia-udt.pl\/ru\/wp-json\/wp\/v2\/pages"}],"about":[{"href":"https:\/\/szkolenia-udt.pl\/ru\/wp-json\/wp\/v2\/types\/page"}],"author":[{"embeddable":true,"href":"https:\/\/szkolenia-udt.pl\/ru\/wp-json\/wp\/v2\/users\/3"}],"replies":[{"embeddable":true,"href":"https:\/\/szkolenia-udt.pl\/ru\/wp-json\/wp\/v2\/comments?post=57"}],"version-history":[{"count":5,"href":"https:\/\/szkolenia-udt.pl\/ru\/wp-json\/wp\/v2\/pages\/57\/revisions"}],"predecessor-version":[{"id":1700,"href":"https:\/\/szkolenia-udt.pl\/ru\/wp-json\/wp\/v2\/pages\/57\/revisions\/1700"}],"up":[{"embeddable":true,"href":"https:\/\/szkolenia-udt.pl\/ru\/wp-json\/wp\/v2\/pages\/69"}],"wp:attachment":[{"href":"https:\/\/szkolenia-udt.pl\/ru\/wp-json\/wp\/v2\/media?parent=57"}],"curies":[{"name":"wp","href":"https:\/\/api.w.org\/{rel}","templated":true}]}}