{"id":847,"date":"2014-11-01T23:05:45","date_gmt":"2014-11-01T23:05:45","guid":{"rendered":"http:\/\/szkolenia-udt.pl\/?page_id=847"},"modified":"2021-07-19T22:11:08","modified_gmt":"2021-07-19T22:11:08","slug":"%d0%ba%d0%be%d0%bd%d1%81%d1%82%d1%80%d1%83%d0%ba%d1%82%d0%b8%d0%b2%d0%bd%d1%8b%d0%b5-%d1%8d%d0%bb%d0%b5%d0%bc%d0%b5%d0%bd%d1%82%d1%8b-%d0%ba%d1%80%d0%b0%d0%bd%d0%b0","status":"publish","type":"page","link":"https:\/\/szkolenia-udt.pl\/ru\/kursy\/suwnice\/elementy-budowy-suwnicy\/","title":{"rendered":"\u042d\u043b\u0435\u043c\u0435\u043d\u0442\u044b \u043a\u043e\u043d\u0441\u0442\u0440\u0443\u043a\u0446\u0438\u0438 \u043a\u0440\u0430\u043d\u0430"},"content":{"rendered":"<div style=\"float: left; padding-right: 10px;\"><div id=\"metaslider-id-1916\" style=\"max-width: 300px;\" class=\"ml-slider-3-107-0 metaslider metaslider-flex metaslider-1916 ml-slider ms-theme-default nav-hidden\" role=\"region\" aria-label=\"\u0441\u0442\u0440\u043e\u0438\u0442\u0435\u043b\u044c\u0441\u0442\u0432\u043e \u043a\u0440\u0430\u043d\u0430\" data-height=\"225\" data-width=\"300\">\n    <div id=\"metaslider_container_1916\">\n        <div id=\"metaslider_1916\">\n            <ul class='slides'>\n                <li style=\"display: block; width: 100%;\" class=\"slide-1997 ms-image\" aria-roledescription=\"slide\" data-date=\"2017-12-29 10:24:02\" data-filename=\"suwnica-1-244x183.jpg\" data-slide-type=\"image\"><img loading=\"lazy\" decoding=\"async\" src=\"https:\/\/szkolenia-udt.pl\/wp-content\/uploads\/2017\/12\/suwnica-1-244x183.jpg\" height=\"225\" width=\"300\" alt=\"\" class=\"slider-1916 slide-1997 msDefaultImage\" \/><\/li>\n            <\/ul>\n        <\/div>\n        \n    <\/div>\n<\/div><\/div>\n<div class=\"wyjustuj\">\n<p>\u041a\u0440\u0430\u043d\u044b, \u043a\u043b\u0430\u0441\u0441\u0438\u0444\u0438\u0446\u0438\u0440\u0443\u0435\u043c\u044b\u0435 \u043a\u0430\u043a \u043a\u0440\u0430\u043d\u044b, \u043f\u0440\u0435\u0434\u0441\u0442\u0430\u0432\u043b\u044f\u044e\u0442 \u0441\u043e\u0431\u043e\u0439 \u0443\u0441\u0442\u0440\u043e\u0439\u0441\u0442\u0432\u0430, \u0438\u0441\u043f\u043e\u043b\u044c\u0437\u0443\u0435\u043c\u044b\u0435 \u0434\u043b\u044f \u043c\u0430\u043d\u0438\u043f\u0443\u043b\u0438\u0440\u043e\u0432\u0430\u043d\u0438\u044f \u0433\u0440\u0443\u0437\u0430\u043c\u0438. \u041e\u043d\u0438 \u0438\u0441\u043f\u043e\u043b\u044c\u0437\u0443\u044e\u0442\u0441\u044f \u0434\u043b\u044f \u043f\u043e\u0434\u044a\u0435\u043c\u0430, \u043f\u0435\u0440\u0435\u043c\u0435\u0449\u0435\u043d\u0438\u044f \u0438 \u043e\u043f\u0443\u0441\u043a\u0430\u043d\u0438\u044f \u0433\u0440\u0443\u0437\u043e\u0432 \u0441 \u043f\u043e\u043c\u043e\u0449\u044c\u044e \u0442\u0430\u043b\u0435\u0439 \u0438\u043b\u0438 \u043f\u043e\u0434\u044a\u0435\u043c\u043d\u0438\u043a\u043e\u0432. \u041c\u043e\u0441\u0442\u043e\u0432\u044b\u0435 \u043a\u0440\u0430\u043d\u044b - \u044d\u0442\u043e \u0443\u0441\u0442\u0440\u043e\u0439\u0441\u0442\u0432\u0430, \u043a\u043e\u0442\u043e\u0440\u044b\u0435 \u0440\u0430\u0431\u043e\u0442\u0430\u044e\u0442 \u0442\u043e\u043b\u044c\u043a\u043e \u043f\u043e \u0437\u0430\u0434\u0430\u043d\u043d\u043e\u0439 \u0442\u0440\u0430\u0435\u043a\u0442\u043e\u0440\u0438\u0438 - \u043f\u0435\u0440\u0435\u043c\u0435\u0449\u0435\u043d\u0438\u0435 \u0433\u0440\u0443\u0437\u043e\u0432 \u043e\u0441\u0443\u0449\u0435\u0441\u0442\u0432\u043b\u044f\u0435\u0442\u0441\u044f \u0434\u043e \u043c\u0430\u043a\u0441\u0438\u043c\u0430\u043b\u044c\u043d\u043e\u0439 \u0432\u044b\u0441\u043e\u0442\u044b \u0438 \u0448\u0438\u0440\u0438\u043d\u044b \u043a\u0440\u0430\u043d\u0430.\u0412\u0441\u0435 \u0436\u0435\u043b\u0430\u044e\u0449\u0438\u0435 \u043f\u043e\u043b\u0443\u0447\u0438\u0442\u044c \u043b\u0438\u0446\u0435\u043d\u0437\u0438\u044e \u043d\u0430 \u043c\u043e\u0441\u0442\u043e\u0432\u044b\u0435 \u043a\u0440\u0430\u043d\u044b \u0434\u043e\u043b\u0436\u043d\u044b \u043f\u0440\u043e\u0439\u0442\u0438 \u043a\u0443\u0440\u0441 \u043e\u0431\u0443\u0447\u0435\u043d\u0438\u044f, \u0432 \u0445\u043e\u0434\u0435 \u043a\u043e\u0442\u043e\u0440\u043e\u0433\u043e \u043e\u0441\u0432\u0435\u0449\u0430\u0435\u0442\u0441\u044f \u0438\u043d\u0444\u043e\u0440\u043c\u0430\u0446\u0438\u044f \u043e\u0431 \u0443\u0441\u0442\u0440\u043e\u0439\u0441\u0442\u0432\u0435 \u043e\u0431\u043e\u0440\u0443\u0434\u043e\u0432\u0430\u043d\u0438\u044f. \u0422\u0430\u043a\u0436\u0435 \u043d\u0430\u0448 <a href=\"https:\/\/szkolenia-udt.pl\/ru\/kursy\/suwnice\/\">\u043a\u0440\u0430\u043d\u043e\u0432\u044b\u0439 \u043a\u0443\u0440\u0441<\/a> \u0412 \u043d\u0435\u043c \u0441\u043e\u0434\u0435\u0440\u0436\u0438\u0442\u0441\u044f \u0442\u043e\u0447\u043d\u0430\u044f \u0438\u043d\u0444\u043e\u0440\u043c\u0430\u0446\u0438\u044f \u043e\u0431 \u043e\u0431\u043e\u0440\u0443\u0434\u043e\u0432\u0430\u043d\u0438\u0438 \u0438 \u0435\u0433\u043e \u043a\u043e\u043d\u0441\u0442\u0440\u0443\u043a\u0446\u0438\u0438. \u042d\u043b\u0435\u043c\u0435\u043d\u0442\u044b \u043a\u043e\u043d\u0441\u0442\u0440\u0443\u043a\u0446\u0438\u0438 \u043e\u0431\u043e\u0440\u0443\u0434\u043e\u0432\u0430\u043d\u0438\u044f \u043c\u043e\u0436\u043d\u043e \u0440\u0430\u0437\u0434\u0435\u043b\u0438\u0442\u044c \u043d\u0430 \u043c\u0435\u0445\u0430\u043d\u0438\u0447\u0435\u0441\u043a\u0438\u0435 \u0438 \u044d\u043b\u0435\u043a\u0442\u0440\u0438\u0447\u0435\u0441\u043a\u0438\u0435. \u041d\u0438\u0436\u0435 \u043c\u044b \u043f\u0440\u0438\u0432\u0435\u043b\u0438 \u0441\u043f\u0438\u0441\u043e\u043a \u043a\u043e\u043c\u043f\u043e\u043d\u0435\u043d\u0442\u043e\u0432.<\/p>\n<h2><strong>\u041c\u0435\u0445\u0430\u043d\u0438\u0447\u0435\u0441\u043a\u0438\u0435 \u044d\u043b\u0435\u043c\u0435\u043d\u0442\u044b:<\/strong><\/h2>\n<ul>\n<li>\u0442\u0440\u0435\u043a - \u0431\u0443\u0444\u0435\u0440\u044b \u0438 \u043a\u0443\u043b\u0430\u0447\u043a\u0438<\/li>\n<li>\u043a\u043e\u043d\u0441\u0442\u0440\u0443\u043a\u0446\u0438\u044f - \u0445\u043e\u0434\u043e\u0432\u044b\u0435 \u043a\u043e\u043b\u0435\u0441\u0430, \u043f\u0440\u043e\u043f\u0435\u043b\u043b\u0435\u0440\u044b, \u043c\u0435\u0445\u0430\u043d\u0438\u0437\u043c\u044b \u043f\u0435\u0440\u0435\u0434\u0432\u0438\u0436\u0435\u043d\u0438\u044f, \u0432\u0435\u0442\u0440\u043e\u0437\u0430\u0449\u0438\u0442\u0430, \u0431\u0443\u0444\u0435\u0440\u044b, \u043a\u043e\u043d\u0446\u0435\u0432\u044b\u0435 \u0432\u044b\u043a\u043b\u044e\u0447\u0430\u0442\u0435\u043b\u0438, \u0441\u0442\u043e\u043f-\u043b\u0430\u043f\u044b<\/li>\n<li>\u041c\u043e\u0441\u0442 - \u0434\u0432\u0443\u0442\u0430\u0432\u0440\u043e\u0432\u0430\u044f \u0431\u0430\u043b\u043a\u0430 \u0441 \u0431\u0443\u0444\u0435\u0440\u0430\u043c\u0438<\/li>\n<li>\u0442\u0435\u043b\u0435\u0436\u043a\u0430 - \u0441\u0438\u043d\u0443\u0441\u043e\u0438\u0434\u0430\u043b\u044c\u043d\u044b\u0435 \u0438 \u0448\u0435\u0441\u0442\u0435\u0440\u0435\u043d\u0447\u0430\u0442\u044b\u0435 \u043f\u0435\u0440\u0435\u0434\u0430\u0447\u0438<\/li>\n<li>\u043c\u0435\u0445\u0430\u043d\u0438\u0437\u043c \u043f\u043e\u0434\u044a\u0435\u043c\u0430 - \u043a\u043e\u0440\u043f\u0443\u0441, \u043f\u0440\u0438\u0432\u043e\u0434\u043d\u043e\u0439 \u0434\u0432\u0438\u0433\u0430\u0442\u0435\u043b\u044c, \u0442\u044f\u0433\u0430, \u0437\u0443\u0431\u0447\u0430\u0442\u0430\u044f \u043f\u0435\u0440\u0435\u0434\u0430\u0447\u0430, \u043d\u0430\u043f\u0440\u0430\u0432\u043b\u044f\u044e\u0449\u0435\u0435 \u043a\u043e\u043b\u044c\u0446\u043e \u043a\u0430\u043d\u0430\u0442\u0430, \u0431\u0430\u0440\u0430\u0431\u0430\u043d \u0441 \u043a\u0430\u043d\u0430\u0442\u043e\u043c \u0438\u043b\u0438 \u0446\u0435\u043f\u044c\u044e, \u0448\u0442\u0430\u043d\u0433\u0438 \u0438 \u0431\u0443\u0444\u0435\u0440\u044b \u0441 \u043a\u043e\u043d\u0446\u0435\u0432\u044b\u043c\u0438 \u0432\u044b\u043a\u043b\u044e\u0447\u0430\u0442\u0435\u043b\u044f\u043c\u0438, \u043a\u0440\u044e\u043a\u0438 \u0438 \u043a\u0440\u044e\u043a\u043e\u0432\u0430\u044f \u0441\u043d\u0430\u0441\u0442\u044c<\/li>\n<\/ul>\n<h2><strong>\u042d\u043b\u0435\u043a\u0442\u0440\u0438\u0447\u0435\u0441\u043a\u0438\u0435 \u043a\u043e\u043c\u043f\u043e\u043d\u0435\u043d\u0442\u044b:<\/strong><\/h2>\n<ul>\n<li>\u043f\u043e\u0434\u043a\u043b\u044e\u0447\u0435\u043d\u0438\u0435 \u043a\u0440\u0430\u043d\u0430 \u0438 \u044d\u043b\u0435\u043a\u0442\u0440\u043e\u043f\u0438\u0442\u0430\u043d\u0438\u044f<\/li>\n<li>\u0440\u0430\u0441\u043f\u0440\u0435\u0434\u0435\u043b\u0438\u0442\u0435\u043b\u044c\u043d\u044b\u0435 \u0448\u043a\u0430\u0444\u044b \u0438 \u0448\u043a\u0430\u0444\u044b \u0443\u043f\u0440\u0430\u0432\u043b\u0435\u043d\u0438\u044f<\/li>\n<li>\u043f\u0443\u043b\u044c\u0442 \u0443\u043f\u0440\u0430\u0432\u043b\u0435\u043d\u0438\u044f<\/li>\n<li>\u0422\u0440\u043e\u043b\u043b\u0438<\/li>\n<li>\u043a\u043e\u043d\u0446\u0435\u0432\u044b\u0435 \u0432\u044b\u043a\u043b\u044e\u0447\u0430\u0442\u0435\u043b\u0438<\/li>\n<\/ul>\n<p>\u041d\u0430\u043f\u0440\u0438\u043c\u0435\u0440, \u043f\u043e\u043f\u0443\u043b\u044f\u0440\u043d\u0430\u044f \u043f\u043e\u0440\u0442\u0430\u043b\u044c\u043d\u0430\u044f \u043c\u043e\u0434\u0435\u043b\u044c \u043f\u043e\u0441\u0442\u0440\u043e\u0435\u043d\u0430 \u0441 \u043f\u0430\u043b\u0443\u0431\u043e\u0439, \u0440\u0430\u0441\u043f\u043e\u043b\u043e\u0436\u0435\u043d\u043d\u043e\u0439 \u043d\u0430 \u0431\u043e\u043a\u043e\u0432\u044b\u0445 \u043c\u043e\u0441\u0442\u0430\u0445, \u0438 \u0434\u0432\u0443\u043c\u044f \u0438\u043b\u0438 \u0431\u043e\u043b\u0435\u0435 \u0432\u043e\u0440\u043e\u0442\u0430\u043c\u0438. \u0412 \u043e\u0441\u043d\u043e\u0432\u0435 \u043f\u043e\u0440\u0442\u0430\u043b\u044c\u043d\u044b\u0445 \u043c\u043e\u0434\u0435\u043b\u0435\u0439 \u043b\u0435\u0436\u0430\u0442 \u0444\u0435\u0440\u043c\u044b, \u043f\u0430\u043b\u0443\u0431\u0430 \u043a\u043e\u0442\u043e\u0440\u044b\u0445 \u0440\u0430\u0441\u043f\u043e\u043b\u043e\u0436\u0435\u043d\u0430 \u043d\u0430 \u0440\u0435\u043b\u044c\u0441\u0430\u0445, \u043f\u043e\u0434\u0432\u0435\u0448\u0435\u043d\u043d\u044b\u0445 \u043a \u043f\u043e\u0442\u043e\u043b\u043a\u0443 \u0437\u0430\u0432\u043e\u0434\u0430. \u0422\u0435\u043d\u0434\u043e\u043d\u044b \u043f\u0435\u0440\u0435\u043c\u0435\u0449\u0430\u044e\u0442\u0441\u044f \u043f\u043e \u043f\u043b\u0430\u0442\u0444\u043e\u0440\u043c\u0430\u043c.<\/p>\n<p>\u0423\u043f\u0440\u0430\u0432\u043b\u0435\u043d\u0438\u0435 \u043e\u0431\u043e\u0440\u0443\u0434\u043e\u0432\u0430\u043d\u0438\u0435\u043c \u043e\u0441\u0443\u0449\u0435\u0441\u0442\u0432\u043b\u044f\u0435\u0442\u0441\u044f \u0441 \u0442\u0440\u043e\u0442\u0443\u0430\u0440\u0430 \u0438\u043b\u0438 \u0438\u0437 \u043a\u0430\u0431\u0438\u043d\u044b \u043e\u043f\u0435\u0440\u0430\u0442\u043e\u0440\u0430 \u043f\u043e \u0431\u0435\u0441\u043f\u0440\u043e\u0432\u043e\u0434\u043d\u043e\u0439 \u0438\u043b\u0438 \u043f\u0440\u043e\u0432\u043e\u0434\u043d\u043e\u0439 \u0441\u0432\u044f\u0437\u0438. \u041e\u043f\u0435\u0440\u0430\u0442\u043e\u0440 \u043c\u043e\u0436\u0435\u0442 \u043f\u0435\u0440\u0435\u043c\u0435\u0449\u0430\u0442\u044c \u043f\u043b\u0430\u0442\u0444\u043e\u0440\u043c\u0443, \u043d\u0430\u0432\u0435\u0441\u043a\u0443 \u0438 \u0437\u0430\u043f\u0443\u0441\u043a\u0430\u0442\u044c \u0434\u0432\u0438\u0436\u0435\u043d\u0438\u0435 \u0441\u0442\u0440\u043e\u043f\u0430 \u0441 \u0433\u0440\u0443\u0437\u043e\u043c, \u043f\u043e\u0434\u043d\u0438\u043c\u0430\u044f \u0435\u0433\u043e \u043d\u0430 \u043d\u0443\u0436\u043d\u0443\u044e \u0432\u044b\u0441\u043e\u0442\u0443 \u0438 \u043f\u0435\u0440\u0435\u043c\u0435\u0449\u0430\u044f \u043a \u043c\u0435\u0441\u0442\u0443 \u043d\u0430\u0437\u043d\u0430\u0447\u0435\u043d\u0438\u044f.<\/p>\n<p>\u0417\u043d\u0430\u043d\u0438\u0435 \u043a\u043e\u043d\u0441\u0442\u0440\u0443\u043a\u0446\u0438\u0438 \u043c\u043e\u0441\u0442\u043e\u0432\u044b\u0445 \u043a\u0440\u0430\u043d\u043e\u0432 \u043d\u0435\u043e\u0431\u0445\u043e\u0434\u0438\u043c\u043e \u043a\u0430\u0436\u0434\u043e\u043c\u0443, \u043a\u0442\u043e \u0445\u043e\u0447\u0435\u0442 \u0440\u0430\u0431\u043e\u0442\u0430\u0442\u044c \u043d\u0430 \u0434\u043e\u043b\u0436\u043d\u043e\u0441\u0442\u0438 \u043e\u043f\u0435\u0440\u0430\u0442\u043e\u0440\u0430 \u043c\u043e\u0441\u0442\u043e\u0432\u043e\u0433\u043e \u043a\u0440\u0430\u043d\u0430. \u0421 \u043f\u043e\u043c\u043e\u0449\u044c\u044e \u043d\u0430\u0448\u0438\u0445 \u043a\u0443\u0440\u0441\u043e\u0432 \u0432\u044b \u0441\u043c\u043e\u0436\u0435\u0442\u0435 \u043b\u0435\u0433\u043a\u043e \u043f\u043e\u043b\u0443\u0447\u0438\u0442\u044c \u043d\u0435\u043e\u0431\u0445\u043e\u0434\u0438\u043c\u044b\u0435 \u0434\u043b\u044f \u044d\u0442\u043e\u0433\u043e \u0440\u0430\u0437\u0440\u0435\u0448\u0435\u043d\u0438\u044f UDT!<\/p>\n<\/div>","protected":false},"excerpt":{"rendered":"<p>Suwnice zaliczane do d\u017awignic s\u0105 urz\u0105dzeniami u\u017cywanymi w manipulacji \u0142adunkami. S\u0142u\u017c\u0105 do podnoszenia, przenoszenia oraz opuszczania \u0142adunk\u00f3w z u\u017cyciem wci\u0105garek lub wci\u0105gnik\u00f3w. Suwnice s\u0105 urz\u0105dzeniami obs\u0142uguj\u0105cym tylko wyznaczony tor jazdy \u2013 przemieszczanie \u0142adunk\u00f3w odbywa si\u0119 do maksymalnej wysoko\u015bci i szeroko\u015bci suwnicy.Wszyscy, kt\u00f3rzy chc\u0105 otrzyma\u0107 uprawnienia na suwnice, musz\u0105 wzi\u0105\u0107 udzia\u0142 w szkoleniu, podczas kt\u00f3rego poruszane [&hellip;]<\/p>\n","protected":false},"author":3,"featured_media":1996,"parent":823,"menu_order":0,"comment_status":"closed","ping_status":"closed","template":"","meta":{"footnotes":""},"class_list":["post-847","page","type-page","status-publish","has-post-thumbnail","hentry"],"aioseo_notices":[],"_links":{"self":[{"href":"https:\/\/szkolenia-udt.pl\/ru\/wp-json\/wp\/v2\/pages\/847","targetHints":{"allow":["GET"]}}],"collection":[{"href":"https:\/\/szkolenia-udt.pl\/ru\/wp-json\/wp\/v2\/pages"}],"about":[{"href":"https:\/\/szkolenia-udt.pl\/ru\/wp-json\/wp\/v2\/types\/page"}],"author":[{"embeddable":true,"href":"https:\/\/szkolenia-udt.pl\/ru\/wp-json\/wp\/v2\/users\/3"}],"replies":[{"embeddable":true,"href":"https:\/\/szkolenia-udt.pl\/ru\/wp-json\/wp\/v2\/comments?post=847"}],"version-history":[{"count":5,"href":"https:\/\/szkolenia-udt.pl\/ru\/wp-json\/wp\/v2\/pages\/847\/revisions"}],"predecessor-version":[{"id":2384,"href":"https:\/\/szkolenia-udt.pl\/ru\/wp-json\/wp\/v2\/pages\/847\/revisions\/2384"}],"up":[{"embeddable":true,"href":"https:\/\/szkolenia-udt.pl\/ru\/wp-json\/wp\/v2\/pages\/823"}],"wp:featuredmedia":[{"embeddable":true,"href":"https:\/\/szkolenia-udt.pl\/ru\/wp-json\/wp\/v2\/media\/1996"}],"wp:attachment":[{"href":"https:\/\/szkolenia-udt.pl\/ru\/wp-json\/wp\/v2\/media?parent=847"}],"curies":[{"name":"wp","href":"https:\/\/api.w.org\/{rel}","templated":true}]}}