{"id":858,"date":"2014-11-01T23:13:52","date_gmt":"2014-11-01T23:13:52","guid":{"rendered":"http:\/\/szkolenia-udt.pl\/?page_id=858"},"modified":"2021-07-15T00:18:55","modified_gmt":"2021-07-15T00:18:55","slug":"%d0%b4%d0%b5%d0%b9%d1%81%d1%82%d0%b2%d0%b8%d1%8f-%d0%bf%d1%80%d0%b8-%d1%80%d0%b0%d0%b1%d0%be%d1%82%d0%b5-%d1%81-%d0%ba%d1%80%d0%b0%d0%bd%d0%be%d0%bc","status":"publish","type":"page","link":"https:\/\/szkolenia-udt.pl\/ru\/kursy\/suwnice\/czynnosci-podczas-pracy-z-suwnica\/","title":{"rendered":"\u0414\u0435\u0439\u0441\u0442\u0432\u0438\u044f \u043f\u0440\u0438 \u0440\u0430\u0431\u043e\u0442\u0435 \u0441 \u043a\u0440\u0430\u043d\u043e\u043c"},"content":{"rendered":"<div style=\"float: left; padding-right: 10px;\"><div id=\"metaslider-id-671\" style=\"max-width: 300px;\" class=\"ml-slider-3-107-0 metaslider metaslider-flex metaslider-671 ml-slider ms-theme-default nav-hidden\" role=\"region\" aria-label=\"\u0416\u0443\u0440\u0430\u0432\u043b\u04382\" data-height=\"225\" data-width=\"300\">\n    <div id=\"metaslider_container_671\">\n        <div id=\"metaslider_671\">\n            <ul class='slides'>\n                <li style=\"display: block; width: 100%;\" class=\"slide-1995 ms-image\" aria-roledescription=\"slide\" data-date=\"2017-12-29 10:22:17\" data-filename=\"suwnica-5-252x189.jpg\" data-slide-type=\"image\"><img loading=\"lazy\" decoding=\"async\" src=\"https:\/\/szkolenia-udt.pl\/wp-content\/uploads\/2017\/12\/suwnica-5-252x189.jpg\" height=\"225\" width=\"300\" alt=\"\" class=\"slider-671 slide-1995 msDefaultImage\" \/><\/li>\n            <\/ul>\n        <\/div>\n        \n    <\/div>\n<\/div><\/div>\n<div class=\"wyjustuj\">\n<p>\u0417\u043d\u0430\u043d\u0438\u0435 \u043f\u0440\u0430\u0432\u0438\u043b \u044d\u043a\u0441\u043f\u043b\u0443\u0430\u0442\u0430\u0446\u0438\u0438 \u043a\u0440\u0430\u043d\u043e\u0432, \u0430 \u0442\u0430\u043a\u0436\u0435 \u0442\u0435\u0445\u043d\u0438\u043a\u0438 \u0431\u0435\u0437\u043e\u043f\u0430\u0441\u043d\u043e\u0441\u0442\u0438 \u0438 \u043e\u0445\u0440\u0430\u043d\u044b \u0442\u0440\u0443\u0434\u0430 \u044f\u0432\u043b\u044f\u0435\u0442\u0441\u044f \u043e\u0431\u044f\u0437\u0430\u0442\u0435\u043b\u044c\u043d\u044b\u043c \u0434\u043b\u044f \u0434\u043e\u043b\u0436\u043d\u043e\u0441\u0442\u0438 \u043e\u043f\u0435\u0440\u0430\u0442\u043e\u0440\u0430. \u0412\u044b\u0431\u0438\u0440\u0430\u044f \u043d\u0430\u0448 <a href=\"https:\/\/szkolenia-udt.pl\/ru\/kursy\/suwnice\/\">\u043a\u0440\u0430\u043d\u043e\u0432\u044b\u0439 \u043a\u0443\u0440\u0441<\/a>\u0412\u044b \u043f\u043e\u043b\u0443\u0447\u0438\u0442\u0435 \u043d\u0435\u043e\u0431\u0445\u043e\u0434\u0438\u043c\u0443\u044e \u0438\u043d\u0444\u043e\u0440\u043c\u0430\u0446\u0438\u044e \u043e \u0442\u043e\u043c, \u043a\u0430\u043a \u0431\u0435\u0437\u043e\u043f\u0430\u0441\u043d\u043e \u044d\u043a\u0441\u043f\u043b\u0443\u0430\u0442\u0438\u0440\u043e\u0432\u0430\u0442\u044c \u043e\u0431\u043e\u0440\u0443\u0434\u043e\u0432\u0430\u043d\u0438\u0435 \u0438 \u043a\u0430\u043a \u0441\u043d\u0438\u0437\u0438\u0442\u044c \u0440\u0438\u0441\u043a \u0432\u043e\u0437\u043d\u0438\u043a\u043d\u043e\u0432\u0435\u043d\u0438\u044f \u043e\u043f\u0430\u0441\u043d\u043e\u0441\u0442\u0435\u0439 \u0438 \u043d\u0435\u0441\u0447\u0430\u0441\u0442\u043d\u044b\u0445 \u0441\u043b\u0443\u0447\u0430\u0435\u0432 \u043d\u0430 \u043f\u0440\u043e\u0438\u0437\u0432\u043e\u0434\u0441\u0442\u0432\u0435.<\/p>\n<p><strong>\u0412\u043e\u0442 \u043d\u0430\u0438\u0431\u043e\u043b\u0435\u0435 \u0432\u0430\u0436\u043d\u044b\u0435 \u043e\u0431\u044f\u0437\u0430\u043d\u043d\u043e\u0441\u0442\u0438 \u043e\u043f\u0435\u0440\u0430\u0442\u043e\u0440\u0430 \u0432\u043e \u0432\u0440\u0435\u043c\u044f \u0440\u0430\u0431\u043e\u0442\u044b:<\/strong><\/p>\n<ul>\n<li style=\"text-align: left;\">\u0432\u043e \u0432\u0440\u0435\u043c\u044f \u0440\u0430\u0431\u043e\u0442\u044b \u043e\u043f\u0435\u0440\u0430\u0442\u043e\u0440 \u0434\u043e\u043b\u0436\u0435\u043d \u043f\u043e\u0441\u0442\u043e\u044f\u043d\u043d\u043e \u043f\u0440\u043e\u0432\u0435\u0440\u044f\u0442\u044c \u043f\u0440\u0430\u0432\u0438\u043b\u044c\u043d\u043e\u0441\u0442\u044c \u0444\u0443\u043d\u043a\u0446\u0438\u043e\u043d\u0438\u0440\u043e\u0432\u0430\u043d\u0438\u044f \u043e\u0431\u043e\u0440\u0443\u0434\u043e\u0432\u0430\u043d\u0438\u044f<\/li>\n<li style=\"text-align: left;\">\u0440\u0430\u0431\u043e\u0442\u0430 \u0434\u043e\u043b\u0436\u043d\u0430 \u0432\u044b\u043f\u043e\u043b\u043d\u044f\u0442\u044c\u0441\u044f \u0441 \u0438\u0441\u043f\u043e\u043b\u044c\u0437\u043e\u0432\u0430\u043d\u0438\u0435\u043c \u0441\u0440\u0435\u0434\u0441\u0442\u0432 \u0438\u043d\u0434\u0438\u0432\u0438\u0434\u0443\u0430\u043b\u044c\u043d\u043e\u0439 \u0437\u0430\u0449\u0438\u0442\u044b, \u0435\u0441\u043b\u0438 \u044d\u0442\u043e \u043f\u0440\u0435\u0434\u043f\u0438\u0441\u0430\u043d\u043e \u0440\u0430\u0431\u043e\u0442\u043e\u0434\u0430\u0442\u0435\u043b\u0435\u043c, \u043d\u0430\u043f\u0440\u0438\u043c\u0435\u0440, \u0432 \u0437\u0430\u0449\u0438\u0442\u043d\u043e\u0439 \u043a\u0430\u0441\u043a\u0435<\/li>\n<li style=\"text-align: left;\">\u0433\u0440\u0443\u0437 \u0432\u0441\u0435\u0433\u0434\u0430 \u0434\u043e\u043b\u0436\u0435\u043d \u043d\u0430\u043f\u0440\u0430\u0432\u043b\u044f\u0442\u044c\u0441\u044f \u0442\u0430\u043a\u0438\u043c \u043e\u0431\u0440\u0430\u0437\u043e\u043c, \u0447\u0442\u043e\u0431\u044b \u0431\u044b\u043b \u0432\u0438\u0434\u0435\u043d \u0432\u0435\u0441\u044c \u0435\u0433\u043e \u043f\u0443\u0442\u044c - \u0434\u043b\u044f \u043d\u0435\u0433\u0430\u0431\u0430\u0440\u0438\u0442\u043d\u044b\u0445 \u0433\u0440\u0443\u0437\u043e\u0432 \u043d\u0435\u043e\u0431\u0445\u043e\u0434\u0438\u043c\u043e \u0438\u0441\u043f\u043e\u043b\u044c\u0437\u043e\u0432\u0430\u0442\u044c \u043a\u0440\u044e\u043a \u0441\u0438\u0433\u043d\u0430\u043b\u044c\u0449\u0438\u043a\u0430<\/li>\n<li style=\"text-align: left;\">\u043e\u043f\u0435\u0440\u0430\u0442\u043e\u0440 \u0434\u043e\u043b\u0436\u0435\u043d \u043e\u0431\u0440\u0430\u0449\u0430\u0442\u044c \u0432\u043d\u0438\u043c\u0430\u043d\u0438\u0435 \u043d\u0430 \u0441\u0438\u0433\u043d\u0430\u043b\u044b, \u043f\u043e\u0434\u0430\u0432\u0430\u0435\u043c\u044b\u0435 \u0435\u043c\u0443 \u0441\u0438\u0433\u043d\u0430\u043b\u044c\u0449\u0438\u043a\u043e\u043c \u043d\u0430 \u043a\u0440\u044e\u043a\u0435<\/li>\n<li style=\"text-align: left;\">\u0432\u0441\u0435\u0433\u0434\u0430 \u0440\u0435\u0430\u0433\u0438\u0440\u043e\u0432\u0430\u0442\u044c \u043d\u0430 \u0441\u0438\u0433\u043d\u0430\u043b \u043e\u0441\u0442\u0430\u043d\u043e\u0432\u043a\u0438 \u0438 \u043e\u0441\u0442\u0430\u043d\u0430\u0432\u043b\u0438\u0432\u0430\u0442\u044c \u0443\u0441\u0442\u0440\u043e\u0439\u0441\u0442\u0432\u043e<\/li>\n<li style=\"text-align: left;\">\u043f\u0440\u0438 \u0442\u0440\u0430\u043d\u0441\u043f\u043e\u0440\u0442\u0438\u0440\u043e\u0432\u043a\u0435 \u0433\u0440\u0443\u0437\u043e\u0432 \u043e\u0431\u0440\u0430\u0449\u0430\u0439\u0442\u0435 \u0432\u043d\u0438\u043c\u0430\u043d\u0438\u0435 \u043d\u0430 \u043c\u0430\u0440\u0448\u0440\u0443\u0442 \u0438 \u0441\u043e\u0431\u043b\u044e\u0434\u0430\u0439\u0442\u0435 \u0431\u0435\u0437\u043e\u043f\u0430\u0441\u043d\u043e\u0435 \u0440\u0430\u0441\u0441\u0442\u043e\u044f\u043d\u0438\u0435 \u043c\u0435\u0436\u0434\u0443 \u0433\u0440\u0443\u0437\u043e\u043c \u0438 \u0434\u0440\u0443\u0433\u0438\u043c\u0438 \u043f\u0440\u0435\u0434\u043c\u0435\u0442\u0430\u043c\u0438 \u0438\u043b\u0438 \u043b\u044e\u0434\u044c\u043c\u0438<\/li>\n<li style=\"text-align: left;\">\u0432\u043e \u0432\u0440\u0435\u043c\u044f \u0442\u0440\u0430\u043d\u0441\u043f\u043e\u0440\u0442\u0438\u0440\u043e\u0432\u043a\u0438 \u043f\u043e\u0434 \u0433\u0440\u0443\u0437\u043e\u043c \u0438\u043b\u0438 \u0432 \u043d\u0435\u043f\u043e\u0441\u0440\u0435\u0434\u0441\u0442\u0432\u0435\u043d\u043d\u043e\u0439 \u0431\u043b\u0438\u0437\u043e\u0441\u0442\u0438 \u043e\u0442 \u043d\u0435\u0433\u043e \u043d\u0435 \u0434\u043e\u043b\u0436\u043d\u043e \u0431\u044b\u0442\u044c \u043b\u044e\u0434\u0435\u0439<\/li>\n<li style=\"text-align: left;\">\u041f\u0440\u0438 \u043e\u0431\u0440\u0430\u0449\u0435\u043d\u0438\u0438 \u0441 \u0433\u0440\u0443\u0437\u043e\u043c - \u0442\u043e\u0440\u043c\u043e\u0436\u0435\u043d\u0438\u0438, \u0437\u0430\u043f\u0443\u0441\u043a\u0435, \u043f\u043e\u0434\u044a\u0435\u043c\u0435 \u0438 \u043e\u043f\u0443\u0441\u043a\u0430\u043d\u0438\u0438 - \u0434\u0432\u0438\u0436\u0435\u043d\u0438\u044f \u0434\u043e\u043b\u0436\u043d\u044b \u0431\u044b\u0442\u044c \u043f\u043b\u0430\u0432\u043d\u044b\u043c\u0438<\/li>\n<li style=\"text-align: left;\">\u043d\u0435 \u043f\u0440\u0435\u0432\u044b\u0448\u0430\u0439\u0442\u0435 \u0441\u043a\u043e\u0440\u043e\u0441\u0442\u044c, \u0443\u0441\u0442\u0430\u043d\u043e\u0432\u043b\u0435\u043d\u043d\u0443\u044e \u0434\u043b\u044f \u0434\u0430\u043d\u043d\u043e\u0433\u043e \u043e\u0431\u043e\u0440\u0443\u0434\u043e\u0432\u0430\u043d\u0438\u044f, \u0438, \u0435\u0441\u043b\u0438 \u043d\u0435\u043e\u0431\u0445\u043e\u0434\u0438\u043c\u043e, \u0430\u0434\u0430\u043f\u0442\u0438\u0440\u0443\u0439\u0442\u0435 \u0435\u0435 \u043a \u0441\u0438\u0442\u0443\u0430\u0446\u0438\u0438 \u043d\u0430 \u043c\u0435\u0441\u0442\u0435<\/li>\n<li style=\"text-align: left;\">\u043f\u043e\u0434\u0430\u0432\u0430\u0442\u044c \u0441\u0438\u0433\u043d\u0430\u043b \u0434\u0440\u0443\u0433\u0438\u043c \u043a\u043e\u043b\u043b\u0435\u0433\u0430\u043c \u043f\u0435\u0440\u0435\u0434 \u043d\u0430\u0447\u0430\u043b\u043e\u043c \u0437\u0430\u0433\u0440\u0443\u0437\u043a\u0438 \u0438 \u043f\u043e\u0432\u0442\u043e\u0440\u044f\u0442\u044c \u0435\u0433\u043e, \u0435\u0441\u043b\u0438 \u043d\u0430 \u043f\u0443\u0442\u0438 \u0435\u0441\u0442\u044c \u043b\u044e\u0434\u0438<\/li>\n<li style=\"text-align: left;\">\u043f\u0440\u043e\u0432\u0435\u0440\u044c\u0442\u0435 \u0432\u0435\u0441 \u0433\u0440\u0443\u0437\u0430 \u0438 \u043d\u043e\u043c\u0438\u043d\u0430\u043b\u044c\u043d\u0443\u044e \u0433\u0440\u0443\u0437\u043e\u043f\u043e\u0434\u044a\u0435\u043c\u043d\u043e\u0441\u0442\u044c \u043e\u0431\u043e\u0440\u0443\u0434\u043e\u0432\u0430\u043d\u0438\u044f<\/li>\n<li style=\"text-align: left;\">\u0433\u0440\u0443\u0437\u044b \u0432\u0441\u0435\u0433\u0434\u0430 \u0434\u043e\u043b\u0436\u043d\u044b \u0431\u044b\u0442\u044c \u0437\u0430\u043a\u0440\u0435\u043f\u043b\u0435\u043d\u044b \u043f\u0440\u0430\u0432\u0438\u043b\u044c\u043d\u043e \u0438 \u0432 \u0441\u043e\u043e\u0442\u0432\u0435\u0442\u0441\u0442\u0432\u0438\u0438 \u0441 \u043f\u0440\u0430\u0432\u0438\u043b\u0430\u043c\u0438<\/li>\n<li style=\"text-align: left;\">\u0433\u0440\u0443\u0437\u044b \u0434\u043e\u043b\u0436\u043d\u044b \u0431\u044b\u0442\u044c \u0437\u0430\u043a\u0440\u0435\u043f\u043b\u0435\u043d\u044b \u043a\u0430\u043a \u0441\u0431\u0430\u043b\u0430\u043d\u0441\u0438\u0440\u043e\u0432\u0430\u043d\u043d\u044b\u0435<\/li>\n<li style=\"text-align: left;\">\u0433\u0440\u0443\u0437\u044b \u0434\u043e\u043b\u0436\u043d\u044b \u043f\u0435\u0440\u0435\u043d\u043e\u0441\u0438\u0442\u044c\u0441\u044f \u0432 \u0432\u0435\u0440\u0442\u0438\u043a\u0430\u043b\u044c\u043d\u043e\u043c \u043f\u043e\u043b\u043e\u0436\u0435\u043d\u0438\u0438<\/li>\n<li style=\"text-align: left;\">\u043f\u0440\u0438 \u043f\u0435\u0440\u0435\u043c\u0435\u0449\u0435\u043d\u0438\u0438 \u0433\u0440\u0443\u0437\u043e\u0432 \u0440\u0430\u0441\u0441\u0442\u043e\u044f\u043d\u0438\u0435 \u043c\u0435\u0436\u0434\u0443 \u043d\u0438\u043c\u0438 \u0438 \u043f\u0440\u0435\u043f\u044f\u0442\u0441\u0442\u0432\u0438\u044f\u043c\u0438 \u0434\u043e\u043b\u0436\u043d\u043e \u0441\u043e\u0441\u0442\u0430\u0432\u043b\u044f\u0442\u044c \u043d\u0435 \u043c\u0435\u043d\u0435\u0435 0,5 \u043c\u0435\u0442\u0440\u0430<\/li>\n<li style=\"text-align: left;\">\u0433\u0440\u0443\u0437\u044b \u0434\u043e\u043b\u0436\u043d\u044b \u0445\u0440\u0430\u043d\u0438\u0442\u044c\u0441\u044f \u0432 \u0441\u043f\u0435\u0446\u0438\u0430\u043b\u044c\u043d\u043e \u043e\u0442\u0432\u0435\u0434\u0435\u043d\u043d\u043e\u043c \u043c\u0435\u0441\u0442\u0435 \u0438 \u0432 \u0441\u043e\u043e\u0442\u0432\u0435\u0442\u0441\u0442\u0432\u0438\u0438 \u0441 \u043f\u0440\u0430\u0432\u0438\u043b\u0430\u043c\u0438 \u0431\u0435\u0437\u043e\u043f\u0430\u0441\u043d\u043e\u0433\u043e \u0445\u0440\u0430\u043d\u0435\u043d\u0438\u044f<\/li>\n<li style=\"text-align: left;\">\u0435\u0441\u043b\u0438 \u043e\u0431\u043e\u0440\u0443\u0434\u043e\u0432\u0430\u043d\u0438\u0435 \u043d\u0430\u0445\u043e\u0434\u0438\u0442\u0441\u044f \u043d\u0430 \u043e\u0442\u043a\u0440\u044b\u0442\u043e\u043c \u0432\u043e\u0437\u0434\u0443\u0445\u0435, \u043e\u043f\u0435\u0440\u0430\u0442\u043e\u0440 \u0434\u043e\u043b\u0436\u0435\u043d \u043e\u0431\u0440\u0430\u0449\u0430\u0442\u044c \u0432\u043d\u0438\u043c\u0430\u043d\u0438\u0435 \u043d\u0430 \u043f\u043e\u0433\u043e\u0434\u043d\u044b\u0435 \u0443\u0441\u043b\u043e\u0432\u0438\u044f \u0438 \u043f\u0440\u0435\u043a\u0440\u0430\u0449\u0430\u0442\u044c \u0440\u0430\u0431\u043e\u0442\u0443, \u0435\u0441\u043b\u0438 \u043e\u043d\u0438 \u0443\u0433\u0440\u043e\u0436\u0430\u044e\u0442 \u0431\u0435\u0437\u043e\u043f\u0430\u0441\u043d\u043e\u0441\u0442\u0438<\/li>\n<\/ul>\n<p><strong>\u0417\u0430\u043f\u0440\u0435\u0449\u0435\u043d\u043d\u044b\u0435 \u0434\u0435\u0439\u0441\u0442\u0432\u0438\u044f \u043f\u0440\u0438 \u0440\u0430\u0431\u043e\u0442\u0435 \u0441 \u043a\u0440\u0430\u043d\u0430\u043c\u0438:<\/strong><\/p>\n<ul>\n<li style=\"text-align: left;\">\u043e\u0431\u043e\u0440\u0443\u0434\u043e\u0432\u0430\u043d\u0438\u0435 \u043d\u0435 \u0434\u043e\u043b\u0436\u043d\u043e \u044d\u043a\u0441\u043f\u043b\u0443\u0430\u0442\u0438\u0440\u043e\u0432\u0430\u0442\u044c\u0441\u044f \u043b\u0438\u0446\u043e\u043c, \u043d\u0435 \u0438\u043c\u0435\u044e\u0449\u0438\u043c \u043a\u0432\u0430\u043b\u0438\u0444\u0438\u043a\u0430\u0446\u0438\u0438 \u0434\u043b\u044f \u0443\u043f\u0440\u0430\u0432\u043b\u0435\u043d\u0438\u044f \u043a\u0440\u0430\u043d\u0430\u043c\u0438<\/li>\n<li style=\"text-align: left;\">\u043e\u0431\u043e\u0440\u0443\u0434\u043e\u0432\u0430\u043d\u0438\u0435 \u043d\u0435 \u0434\u043e\u043b\u0436\u043d\u043e \u044d\u043a\u0441\u043f\u043b\u0443\u0430\u0442\u0438\u0440\u043e\u0432\u0430\u0442\u044c\u0441\u044f \u043b\u0438\u0446\u0430\u043c\u0438, \u0443\u043f\u043e\u0442\u0440\u0435\u0431\u043b\u044f\u044e\u0449\u0438\u043c\u0438 \u0430\u043b\u043a\u043e\u0433\u043e\u043b\u044c \u0438\u043b\u0438 \u043d\u0430\u0440\u043a\u043e\u0442\u0438\u043a\u0438<\/li>\n<li style=\"text-align: left;\">\u0437\u0430\u043f\u0440\u0435\u0449\u0430\u0435\u0442\u0441\u044f \u0438\u0441\u043f\u043e\u043b\u044c\u0437\u043e\u0432\u0430\u0442\u044c \u043d\u0435\u0441\u043e\u0432\u043f\u0430\u0434\u0430\u044e\u0449\u0438\u0435 \u0438\u043b\u0438 \u043f\u043e\u0432\u0440\u0435\u0436\u0434\u0435\u043d\u043d\u044b\u0435 \u0441\u0442\u0440\u043e\u043f\u044b<\/li>\n<li style=\"text-align: left;\">\u0437\u0430\u043f\u0440\u0435\u0449\u0430\u0435\u0442\u0441\u044f \u043f\u0440\u043e\u0432\u043e\u0434\u0438\u0442\u044c \u0442\u0435\u0445\u043d\u0438\u0447\u0435\u0441\u043a\u043e\u0435 \u043e\u0431\u0441\u043b\u0443\u0436\u0438\u0432\u0430\u043d\u0438\u0435 \u0438 \u0440\u0435\u043c\u043e\u043d\u0442 \u043f\u0440\u0438 \u0432\u043a\u043b\u044e\u0447\u0435\u043d\u043d\u043e\u043c \u043f\u0440\u0438\u0431\u043e\u0440\u0435<\/li>\n<li style=\"text-align: left;\">\u0437\u0430\u043f\u0440\u0435\u0449\u0430\u0435\u0442\u0441\u044f \u043e\u0441\u0442\u0430\u0432\u043b\u044f\u0442\u044c \u0433\u0440\u0443\u0437\u044b \u043d\u0430 \u043e\u0431\u043e\u0440\u0443\u0434\u043e\u0432\u0430\u043d\u0438\u0438 \u0431\u0435\u0437 \u0431\u0435\u0437\u043e\u043f\u0430\u0441\u043d\u043e\u0433\u043e \u0441\u043f\u0443\u0441\u043a\u0430<\/li>\n<li style=\"text-align: left;\">\u0437\u0430\u043f\u0440\u0435\u0449\u0430\u0435\u0442\u0441\u044f \u043f\u043e\u0434\u043d\u0438\u043c\u0430\u0442\u044c \u0433\u0440\u0443\u0437\u044b, \u043f\u0440\u0438\u043a\u0440\u0435\u043f\u043b\u0435\u043d\u043d\u044b\u0435 \u043a \u043f\u043e\u0432\u0435\u0440\u0445\u043d\u043e\u0441\u0442\u0438 \u0438 \u043d\u0430\u0445\u043e\u0434\u044f\u0449\u0438\u0435\u0441\u044f \u0432\u043d\u0435 \u0437\u043e\u043d\u044b \u0434\u0435\u0439\u0441\u0442\u0432\u0438\u044f \u0443\u0441\u0442\u0440\u043e\u0439\u0441\u0442\u0432\u0430<\/li>\n<\/ul>\n<\/div>","protected":false},"excerpt":{"rendered":"<p>Znajomo\u015b\u0107 zasad obs\u0142ugi suwnic oraz zasad BHP jest niezb\u0119dna na stanowisku operatora. Wybieraj\u0105c nasz kurs na suwnice, otrzymasz niezb\u0119dne informacje o tym, jak bezpiecznie obs\u0142ugiwa\u0107 urz\u0105dzenie i jak zmniejszy\u0107 ryzyko zagro\u017ce\u0144 i wypadk\u00f3w przy pracy. Oto najwa\u017cniejsze obowi\u0105zki operatora podczas pracy: przez ca\u0142y czas pracy operator powinien sprawdza\u0107 prawid\u0142owo\u015b\u0107 dzia\u0142ania mechanizm\u00f3w urz\u0105dzenia prac\u0119 nale\u017cy wykonywa\u0107 [&hellip;]<\/p>\n","protected":false},"author":3,"featured_media":0,"parent":823,"menu_order":5,"comment_status":"closed","ping_status":"closed","template":"","meta":{"footnotes":""},"class_list":["post-858","page","type-page","status-publish","hentry"],"aioseo_notices":[],"_links":{"self":[{"href":"https:\/\/szkolenia-udt.pl\/ru\/wp-json\/wp\/v2\/pages\/858","targetHints":{"allow":["GET"]}}],"collection":[{"href":"https:\/\/szkolenia-udt.pl\/ru\/wp-json\/wp\/v2\/pages"}],"about":[{"href":"https:\/\/szkolenia-udt.pl\/ru\/wp-json\/wp\/v2\/types\/page"}],"author":[{"embeddable":true,"href":"https:\/\/szkolenia-udt.pl\/ru\/wp-json\/wp\/v2\/users\/3"}],"replies":[{"embeddable":true,"href":"https:\/\/szkolenia-udt.pl\/ru\/wp-json\/wp\/v2\/comments?post=858"}],"version-history":[{"count":6,"href":"https:\/\/szkolenia-udt.pl\/ru\/wp-json\/wp\/v2\/pages\/858\/revisions"}],"predecessor-version":[{"id":2251,"href":"https:\/\/szkolenia-udt.pl\/ru\/wp-json\/wp\/v2\/pages\/858\/revisions\/2251"}],"up":[{"embeddable":true,"href":"https:\/\/szkolenia-udt.pl\/ru\/wp-json\/wp\/v2\/pages\/823"}],"wp:attachment":[{"href":"https:\/\/szkolenia-udt.pl\/ru\/wp-json\/wp\/v2\/media?parent=858"}],"curies":[{"name":"wp","href":"https:\/\/api.w.org\/{rel}","templated":true}]}}