{"id":1053,"date":"2014-11-06T22:19:52","date_gmt":"2014-11-06T22:19:52","guid":{"rendered":"http:\/\/szkolenia-udt.pl\/?page_id=1053"},"modified":"2020-05-13T06:44:58","modified_gmt":"2020-05-13T06:44:58","slug":"erbjuda","status":"publish","type":"page","link":"https:\/\/szkolenia-udt.pl\/sv\/oferta\/","title":{"rendered":"Prislista"},"content":{"rendered":"<table border=\"1\" width=\"698\" cellspacing=\"0\" cellpadding=\"7\">\n<colgroup>\n<col width=\"470\" \/>\n<col width=\"51\" \/> <\/colgroup>\n<tbody>\n<tr>\n<td bgcolor=\"#bae8ff\" width=\"470\"><span style=\"color: #000000;\"><span style=\"text-decoration: underline;\">Kurs f\u00f6r gaffeltruckar<\/span> med byte av gasolflaskor - kategori IIWJO<\/span><\/td>\n<td bgcolor=\"#bae8ff\" width=\"51\" rowspan=\"15\" style=\"vertical-align: middle;\">\n<p align=\"CENTER\">1) <a href=\"https:\/\/platformaedukacji.pl\/panel\/login\/registered.php\" rel=\"nofollow\">registrera dig \/ betala on-lin <\/a><\/p>\n<p align=\"CENTER\">2) <a href=\"tel:48504477077\">Fr\u00e5ga efter pris p\u00e5 tel<\/a><\/p>\n<p align=\"CENTER\">3) <span class=\"kontakttel\">Be om telefonkontakt<\/span><\/p>\n<\/td>\n<\/tr>\n<tr>\n<td width=\"470\"><span style=\"color: #000000;\"><span style=\"text-decoration: underline;\">Specialkurs f\u00f6r gaffeltruckar <\/span>- gaffeltruckar med f\u00f6rarhytt med f\u00f6rh\u00f6jning - cat IWJO<\/span><\/td>\n<\/tr>\n<tr>\n<td bgcolor=\"#bae8ff\" width=\"470\"><span style=\"color: #000000;\"><span style=\"text-decoration: underline;\"><a href=\"https:\/\/szkolenia-udt.pl\/sv\/kursy\/uprawnienia-udt-tdt-wdt\/ladowarki-teleskopowe\/\">Kurs f\u00f6r teleskoplastare<\/a><\/span> - kvalifikationer som f\u00f6rare av teleskoplastare (specialiserad gaffeltruck med variabel r\u00e4ckvidd) - kat.<\/span><\/td>\n<\/tr>\n<tr>\n<td width=\"470\"><span style=\"color: #000000;\"><span style=\"text-decoration: underline;\"><a href=\"https:\/\/szkolenia-udt.pl\/sv\/kursy\/podesty-ruchome\/\">Kurs om drift av mobila plattformar<\/a><\/span> - mobila fritt r\u00f6rliga: saxar, ledade, teleskopiska, mobila - kat IP<\/span><\/td>\n<\/tr>\n<tr>\n<td bgcolor=\"#bae8ff\" width=\"470\"><span style=\"color: #000000;\"><span style=\"text-decoration: underline;\">Kurs f\u00f6r operat\u00f6rer av arbetsplattformar<\/span> \u2013 <a href=\"https:\/\/szkolenia-udt.pl\/sv\/kursy\/podesty-ruchome\/obsluga-podestow-ruchomych\/\">Drift av mobila plattformar.<\/a> fordonsmonterad - kat. IP<\/span><\/td>\n<\/tr>\n<tr>\n<td width=\"470\"><span style=\"color: #000000;\"><span style=\"text-decoration: underline;\">H\u00e4ngande, mast, station\u00e4ra plattformar kurs<\/span> - inte utg\u00f6r en processlinje - CAT IIP<\/span><\/td>\n<\/tr>\n<tr>\n<td bgcolor=\"#bae8ff\" width=\"470\"><span style=\"color: #000000;\"><span style=\"text-decoration: underline;\">HDS-kranf\u00f6rarkurs<\/span> - drift av mobila kranar och mobilkranar monterade p\u00e5 chassi av HDS-typ - Cat II\u00af<\/span><\/td>\n<\/tr>\n<tr>\n<td width=\"470\"><span style=\"color: #000000;\"><span style=\"text-decoration: underline;\"><a href=\"https:\/\/szkolenia-udt.pl\/sv\/kursy\/suwnice\/\">Kurs i drift av lyftkran<\/a> samt lyftanordningar och vinschar.<\/span> - kontrollerad fr\u00e5n arbetsniv\u00e5n - kategori IIS<\/span><\/td>\n<\/tr>\n<tr>\n<td bgcolor=\"#bae8ff\" width=\"470\"><span style=\"color: #000000;\"><span style=\"text-decoration: underline;\">Kurs i anv\u00e4ndning av hiss och vinsch<\/span> - Operat\u00f6rscertifikat f\u00f6r hissar och vinschar som styrs fr\u00e5n arbetsniv\u00e5n, inklusive tr\u00e5dl\u00f6s cat IIW.<\/span><\/td>\n<\/tr>\n<tr>\n<td width=\"470\"><span style=\"color: #000000;\"><span style=\"text-decoration: underline;\">Kurs i drift av station\u00e4r kran<\/span> - r\u00e4tt till station\u00e4r kranf\u00f6rare - verkstadskategori II\u00af<\/span><\/td>\n<\/tr>\n<tr>\n<td bgcolor=\"#bae8ff\" width=\"470\"><span style=\"color: #000000;\"><span style=\"text-decoration: underline;\">Kurs f\u00f6r gods- och passagerarkranar<\/span> - Drift av varuhissar med intern kontroll och kranar f\u00f6r sjukhus eller byggnadsverksamhet med kontroll f\u00f6re UDT - ID- och IID-r\u00e4ttigheter.<\/span><\/td>\n<\/tr>\n<tr>\n<td width=\"470\"><span style=\"color: #000000;\"><span style=\"text-decoration: underline;\">Kurs f\u00f6r f\u00f6rare av mobilkranar<\/span> - Drift av lastbilsmonterade mobilkranar.<\/span><\/td>\n<\/tr>\n<tr>\n<td bgcolor=\"#bae8ff\" width=\"470\"><span style=\"color: #000000;\"><span style=\"text-decoration: underline;\">Kurs f\u00f6r f\u00f6rare av h\u00f6ghastighetskranar <\/span>- IZ-klassificering f\u00f6r operat\u00f6rer av tr\u00e5dl\u00f6st styrda kranar<\/span><\/td>\n<\/tr>\n<tr>\n<td width=\"470\"><span style=\"color: #000000;\"><span style=\"text-decoration: underline;\">Kurs f\u00f6r f\u00f6rare av tornkranar<\/span> - IZ-beh\u00f6righet f\u00f6r operat\u00f6rer av alla typer av tornkranar (f\u00f6rs\u00e4kringskostnader ing\u00e5r i priset f\u00f6r de praktiska kurserna).<\/span><\/td>\n<\/tr>\n<tr>\n<td bgcolor=\"#bae8ff\" width=\"470\"><span style=\"color: #000000;\"><span style=\"text-decoration: underline;\">Underh\u00e5llskurs<\/span> - UDT-tillst\u00e5nd f\u00f6r underh\u00e5ll, reparation och service av materialhanteringsutrustning som omfattas av teknisk inspektion, t.ex. gaffeltruckar, kranar, lyftkranar, mobila plattformar och andra.<\/span><\/td>\n<\/tr>\n<\/tbody>\n<\/table>","protected":false},"excerpt":{"rendered":"<p>Kurs na w\u00f3zki wid\u0142owe podno\u015bnikowe z wymian\u0105 butli gazowych LPG &#8211; kat. IIWJO 1) zapisz si\u0119 \/ zap\u0142a\u0107 on-lin 2) zapytaj o cen\u0119 tel na infolinii 3) Popro\u015b o kontakt telefoniczny Kurs na w\u00f3zki wid\u0142owe specjalizowane &#8211; w\u00f3zki wid\u0142owe z kabin\u0105 unosz\u0105c\u0105 operatora &#8211; kat. IWJO Kurs na \u0142adowarki teleskopowe &#8211; uprawnienia na operatora \u0142adowarek [&hellip;]<\/p>\n","protected":false},"author":3,"featured_media":0,"parent":0,"menu_order":4,"comment_status":"closed","ping_status":"closed","template":"","meta":{"footnotes":""},"class_list":["post-1053","page","type-page","status-publish","hentry"],"aioseo_notices":[],"_links":{"self":[{"href":"https:\/\/szkolenia-udt.pl\/sv\/wp-json\/wp\/v2\/pages\/1053","targetHints":{"allow":["GET"]}}],"collection":[{"href":"https:\/\/szkolenia-udt.pl\/sv\/wp-json\/wp\/v2\/pages"}],"about":[{"href":"https:\/\/szkolenia-udt.pl\/sv\/wp-json\/wp\/v2\/types\/page"}],"author":[{"embeddable":true,"href":"https:\/\/szkolenia-udt.pl\/sv\/wp-json\/wp\/v2\/users\/3"}],"replies":[{"embeddable":true,"href":"https:\/\/szkolenia-udt.pl\/sv\/wp-json\/wp\/v2\/comments?post=1053"}],"version-history":[{"count":18,"href":"https:\/\/szkolenia-udt.pl\/sv\/wp-json\/wp\/v2\/pages\/1053\/revisions"}],"predecessor-version":[{"id":2162,"href":"https:\/\/szkolenia-udt.pl\/sv\/wp-json\/wp\/v2\/pages\/1053\/revisions\/2162"}],"wp:attachment":[{"href":"https:\/\/szkolenia-udt.pl\/sv\/wp-json\/wp\/v2\/media?parent=1053"}],"curies":[{"name":"wp","href":"https:\/\/api.w.org\/{rel}","templated":true}]}}