{"id":1116,"date":"2014-11-12T14:32:56","date_gmt":"2014-11-12T14:32:56","guid":{"rendered":"http:\/\/szkolenia-udt.pl\/?page_id=1116"},"modified":"2023-03-13T16:19:25","modified_gmt":"2023-03-13T15:19:25","slug":"hds","status":"publish","type":"page","link":"https:\/\/szkolenia-udt.pl\/sv\/kursy\/hds\/","title":{"rendered":"HDS kranar"},"content":{"rendered":"<h2>HDS lyftkurser - Warszawa och hela Polen<\/h2>\n<div style=\"float: left; padding-right: 10px;\"><div id=\"metaslider-id-1367\" style=\"max-width: 300px;\" class=\"ml-slider-3-108-0 metaslider metaslider-flex metaslider-1367 ml-slider ms-theme-default nav-hidden\" role=\"region\" aria-label=\"kranar hds2\" data-height=\"225\" data-width=\"300\">\n    <div id=\"metaslider_container_1367\">\n        <div id=\"metaslider_1367\">\n            <ul class='slides'>\n                <li style=\"display: block; width: 100%;\" class=\"slide-1362 ms-image\" aria-roledescription=\"slide\" data-date=\"2015-07-10 10:33:37\" data-filename=\"reshds_wywrotka-dwustronna-zuraw.jpg\" data-slide-type=\"image\"><img loading=\"lazy\" decoding=\"async\" src=\"https:\/\/szkolenia-udt.pl\/wp-content\/uploads\/2015\/07\/reshds_wywrotka-dwustronna-zuraw.jpg\" height=\"225\" width=\"300\" alt=\"\" class=\"slider-1367 slide-1362 msDefaultImage\" \/><\/li>\n                <li style=\"display: none; width: 100%;\" class=\"slide-1364 ms-image\" aria-roledescription=\"slide\" data-date=\"2015-07-10 10:33:40\" data-filename=\"reshds_wywrotka-trojstronna-zuraw.jpg\" data-slide-type=\"image\"><img loading=\"lazy\" decoding=\"async\" src=\"https:\/\/szkolenia-udt.pl\/wp-content\/uploads\/2015\/07\/reshds_wywrotka-trojstronna-zuraw.jpg\" height=\"225\" width=\"300\" alt=\"\" class=\"slider-1367 slide-1364 msDefaultImage\" \/><\/li>\n                <li style=\"display: none; width: 100%;\" class=\"slide-1365 ms-image\" aria-roledescription=\"slide\" data-date=\"2015-07-10 10:33:41\" data-filename=\"reshds_zabudowa_skrzyniowa_z_zurawiem_hydraulicznym_VOLVO_6x2_2.jpg\" data-slide-type=\"image\"><img loading=\"lazy\" decoding=\"async\" src=\"https:\/\/szkolenia-udt.pl\/wp-content\/uploads\/2015\/07\/reshds_zabudowa_skrzyniowa_z_zurawiem_hydraulicznym_VOLVO_6x2_2.jpg\" height=\"225\" width=\"300\" alt=\"\" class=\"slider-1367 slide-1365 msDefaultImage\" \/><\/li>\n                <li style=\"display: none; width: 100%;\" class=\"slide-1363 ms-image\" aria-roledescription=\"slide\" data-date=\"2015-07-10 10:33:39\" data-filename=\"reshds_wywrotka-trojstronna-boczna-burta-zuraw.jpg\" data-slide-type=\"image\"><img loading=\"lazy\" decoding=\"async\" src=\"https:\/\/szkolenia-udt.pl\/wp-content\/uploads\/2015\/07\/reshds_wywrotka-trojstronna-boczna-burta-zuraw.jpg\" height=\"225\" width=\"300\" alt=\"\" class=\"slider-1367 slide-1363 msDefaultImage\" \/><\/li>\n                <li style=\"display: none; width: 100%;\" class=\"slide-1361 ms-image\" aria-roledescription=\"slide\" data-date=\"2015-07-10 10:33:36\" data-filename=\"reshds_wywrotka_trojstronna_W3F_Volvo_6x4_2.jpg\" data-slide-type=\"image\"><img loading=\"lazy\" decoding=\"async\" src=\"https:\/\/szkolenia-udt.pl\/wp-content\/uploads\/2015\/07\/reshds_wywrotka_trojstronna_W3F_Volvo_6x4_2.jpg\" height=\"225\" width=\"300\" alt=\"\" class=\"slider-1367 slide-1361 msDefaultImage\" \/><\/li>\n            <\/ul>\n        <\/div>\n        \n    <\/div>\n<\/div><\/div>\n<div class=\"wyjustuj\">\n<p><a href=\"https:\/\/szkolenia-udt.pl\/sv\/o-firmie\/\">OSO Operat\u00f6rsutbildningscenter<\/a> bjuder in dig till en HDS-kurs - om den hydrauliska lastbilskranen. Med den h\u00e4r kursen kan du f\u00e5 den HDS-licens du beh\u00f6ver f\u00f6r att arbeta som f\u00f6rare av hydrauliska lastbilskranar. I v\u00e5rt center kan du f\u00e5 f\u00e4rdigheter och kunskaper fr\u00e5n specialister inom ditt omr\u00e5de. V\u00e5ra HDS-kurser h\u00e5lls \u00f6ver hela Polen - p\u00e5 huvudkontoret i Warszawa, p\u00e5 f\u00e4ltkontor och med drive-in till kunder i \u00f6ppen och sluten form. Genom att v\u00e4lja v\u00e5r HDS-kurs, <a href=\"https:\/\/szkolenia-udt.pl\/sv\/oferta\/\">pris<\/a> kommer s\u00e4kert att tillfredsst\u00e4lla dig ocks\u00e5! Hydrauliska lastbilskranar anv\u00e4nds ofta f\u00f6r lastning och lossning. Eftersom de \u00e4r monterade p\u00e5 fordonstrailers kan laster hanteras med dem utan n\u00e5gon extra utrustning. Lastbilskranar lyfter laster p\u00e5 upp till flera tiotals ton. F\u00f6r att f\u00e5 anv\u00e4nda utrustningen kr\u00e4vs en HDS-licens, som utf\u00e4rdas av Office of Technical Inspection efter godk\u00e4nt prov.<br \/>\n<div style=\"width: 640px;\" class=\"wp-video\"><video id=\"video-1116-1\" width=\"640\" height=\"360\" poster=\"https:\/\/szkolenia-udt.pl\/wp-content\/uploads\/2023\/03\/okladka-hds-SZKOLENIA-UDT.PL-OSO-1.jpg\" preload=\"metadata\" controls=\"controls\"><source type=\"video\/mp4\" src=\"https:\/\/szkolenia-udt.pl\/wp-content\/uploads\/2023\/03\/ZURAW-PRZENOSNY-SZKOLENIA-UDT.pl-OSO.mp4?_=1\" \/><a href=\"https:\/\/szkolenia-udt.pl\/wp-content\/uploads\/2023\/03\/ZURAW-PRZENOSNY-SZKOLENIA-UDT.pl-OSO.mp4\">https:\/\/szkolenia-udt.pl\/wp-content\/uploads\/2023\/03\/ZURAW-PRZENOSNY-SZKOLENIA-UDT.pl-OSO.mp4<\/a><\/video><\/div>\n<h2 class=\"boldnagl\"><strong>Syftet med utbildningen<\/strong><\/h2>\n<p>Utbildningen ger deltagaren m\u00f6jlighet att erh\u00e5lla en HDS-licens. Detta ger honom r\u00e4tt att bland annat k\u00f6ra HDS - hydrauliska lastbilskranar. P\u00e5 v\u00e5rt center s\u00e4kerst\u00e4ller vi h\u00f6gsta kvalitet p\u00e5 utbildningen och genom att v\u00e4lja v\u00e5r HDS-kurs (Warszawa och \u00f6ver hela landet) kan du enkelt f\u00e5 de n\u00f6dv\u00e4ndiga HDS-tillst\u00e5nden f\u00f6r att arbeta som operat\u00f6r.<\/p>\n<h3 class=\"boldnagl\"><strong>Program<\/strong><\/h3>\n<p>Varje HDS-kurs utformas p\u00e5 grundval av kraven fr\u00e5n Office of Technical Inspection och g\u00e4llande lagstiftning. Vi \u00e4r fast beslutna att introducera v\u00e5ra deltagare under kursen inte bara till de viktigaste f\u00f6reskrifterna och reglerna f\u00f6r krandrift, utan ocks\u00e5 att f\u00f6rbereda dem f\u00f6r deras arbete p\u00e5 jobbet - f\u00f6r vardagliga uppgifter och ov\u00e4ntade situationer.<\/p>\n<p>Aktivitetsprogrammet omfattar bland annat f\u00f6ljande<\/p>\n<ul>\n<li>Information om teknisk \u00f6vervakning.<\/li>\n<li>konstruktion av hydrauliska lastbilskranar<\/li>\n<li>grundl\u00e4ggande information om hur utrustningen fungerar<\/li>\n<li>utrustningsoperat\u00f6rens ansvar<\/li>\n<li>H\u00e4lsa och s\u00e4kerhet f\u00f6r HDS-operat\u00f6ren<\/li>\n<li>praktiska lektioner om utrustning<\/li>\n<\/ul>\n<p>Studenter som g\u00e5r kursen f\u00e5r allt n\u00f6dv\u00e4ndigt studiematerial med en lista \u00f6ver \u00e4mnen som f\u00f6rekommer p\u00e5 provet inf\u00f6r UDT-styrelsen.<\/p>\n<div class=\"filmw\">\n<div class=\"responsive-youtube\"><iframe loading=\"lazy\" title=\"YouTube-videospelare\" src=\"https:\/\/www.youtube.com\/embed\/UuGP6OQhl40\" width=\"560\" height=\"315\" frameborder=\"0\" allowfullscreen=\"allowfullscreen\"><\/iframe><\/div>\n<\/div>\n<h3 class=\"boldnagl\"><strong>HDS - R\u00e4ttigheter<\/strong><\/h3>\n<p>Det prov genom vilket UDT-licensen utf\u00e4rdas genomf\u00f6rs av inspekt\u00f6rer som delegerats av kontoret f\u00f6r teknisk inspektion. Det \u00e4r ett prov som testar b\u00e5de kunskaper och f\u00e4rdigheter i att anv\u00e4nda utrustningen. Efter godk\u00e4nt prov erh\u00e5ller den provanst\u00e4llde ett certifikat och beh\u00f6righeter. De ger beh\u00f6righet att anv\u00e4nda alla typer av HDS-mobilkranar f\u00f6r alla fabrikat och anv\u00e4ndningsomr\u00e5den. Det \u00e4r ocks\u00e5 m\u00f6jligt att utf\u00e4rda dokument p\u00e5 fr\u00e4mmande spr\u00e5k.<\/p>\n<h2 class=\"boldnagl\"><strong>Krav<\/strong><\/h2>\n<p>Den framtida HDS-operat\u00f6ren b\u00f6r uppfylla f\u00f6ljande krav:<\/p>\n<ul>\n<li>vara minst 18 \u00e5r gammal<\/li>\n<li>Minst grundskoleutbildning.<\/li>\n<li>ingen kontraindikation f\u00f6r arbete som operat\u00f6r, intygad av l\u00e4kare<\/li>\n<\/ul>\n<div style=\"float: right; padding-left: 10px;\"><div id=\"metaslider-id-1366\" style=\"max-width: 300px;\" class=\"ml-slider-3-108-0 metaslider metaslider-flex metaslider-1366 ml-slider ms-theme-default nav-hidden nav-hidden\" role=\"region\" aria-label=\"kranar hds1\" data-height=\"225\" data-width=\"300\">\n    <div id=\"metaslider_container_1366\">\n        <div id=\"metaslider_1366\">\n            <ul class='slides'>\n                <li style=\"display: block; width: 100%;\" class=\"slide-1358 ms-image\" aria-roledescription=\"slide\" data-date=\"2015-07-10 10:33:34\" data-filename=\"reshds_wywrotka_trojstronna_W3F_4x2_1.jpg\" data-slide-type=\"image\"><img loading=\"lazy\" decoding=\"async\" src=\"https:\/\/szkolenia-udt.pl\/wp-content\/uploads\/2015\/07\/reshds_wywrotka_trojstronna_W3F_4x2_1.jpg\" height=\"225\" width=\"300\" alt=\"\" class=\"slider-1366 slide-1358 msDefaultImage\" \/><\/li>\n                <li style=\"display: none; width: 100%;\" class=\"slide-1356 ms-image\" aria-roledescription=\"slide\" data-date=\"2015-07-10 10:33:31\" data-filename=\"reshds_kipper_zuraw_hydrauliczny_10.jpg\" data-slide-type=\"image\"><img loading=\"lazy\" decoding=\"async\" src=\"https:\/\/szkolenia-udt.pl\/wp-content\/uploads\/2015\/07\/reshds_kipper_zuraw_hydrauliczny_10.jpg\" height=\"225\" width=\"300\" alt=\"\" class=\"slider-1366 slide-1356 msDefaultImage\" \/><\/li>\n                <li style=\"display: none; width: 100%;\" class=\"slide-1357 ms-image\" aria-roledescription=\"slide\" data-date=\"2015-07-10 10:33:32\" data-filename=\"reshds_man__crane_hiab_071_14_224_hds_2001_1_lgw.jpg\" data-slide-type=\"image\"><img loading=\"lazy\" decoding=\"async\" src=\"https:\/\/szkolenia-udt.pl\/wp-content\/uploads\/2015\/07\/reshds_man__crane_hiab_071_14_224_hds_2001_1_lgw.jpg\" height=\"225\" width=\"300\" alt=\"\" class=\"slider-1366 slide-1357 msDefaultImage\" \/><\/li>\n                <li style=\"display: none; width: 100%;\" class=\"slide-1359 ms-image\" aria-roledescription=\"slide\" data-date=\"2015-07-10 10:33:34\" data-filename=\"reshds_Wywrotka_trojstronna_W3F_IVECO_4x2.jpg\" data-slide-type=\"image\"><img loading=\"lazy\" decoding=\"async\" src=\"https:\/\/szkolenia-udt.pl\/wp-content\/uploads\/2015\/07\/reshds_Wywrotka_trojstronna_W3F_IVECO_4x2.jpg\" height=\"225\" width=\"300\" alt=\"\" class=\"slider-1366 slide-1359 msDefaultImage\" \/><\/li>\n                <li style=\"display: none; width: 100%;\" class=\"slide-1360 ms-image\" aria-roledescription=\"slide\" data-date=\"2015-07-10 10:33:35\" data-filename=\"reshds_Wywrotka_trojstronna_W3F_Mercedes_4x2_zuraw_2.jpg\" data-slide-type=\"image\"><img loading=\"lazy\" decoding=\"async\" src=\"https:\/\/szkolenia-udt.pl\/wp-content\/uploads\/2015\/07\/reshds_Wywrotka_trojstronna_W3F_Mercedes_4x2_zuraw_2.jpg\" height=\"225\" width=\"300\" alt=\"\" class=\"slider-1366 slide-1360 msDefaultImage\" \/><\/li>\n            <\/ul>\n        <\/div>\n        \n    <\/div>\n<\/div><\/div>\n<h2 class=\"boldnagl\"><strong>Pris<\/strong><\/h2>\n<p>Om du vill anm\u00e4la dig till en HDS-kurs kommer priset p\u00e5 v\u00e5rt center s\u00e4kert att tillfredsst\u00e4lla dig. Du kan se de aktuella kostnaderna p\u00e5 v\u00e5r webbplats. Utbildningspriset beror p\u00e5 antalet deltagare. Vi har attraktiva rabatter f\u00f6r st\u00f6rre grupper.<\/p>\n<h3 class=\"boldnagl\"><strong>Plats f\u00f6r undervisning<\/strong><\/h3>\n<p>Vi genomf\u00f6r kurser p\u00e5 f\u00f6ljande platser: Warszawa, 8 Kr\u00f3l\u00f3w Polskich Street, v\u00e5ra regionala filialer och i hela Polen med resor till kunden. P\u00e5 v\u00e5r webbplats hittar du redan nu information om de \u00f6ppna kurser som f\u00f6r n\u00e4rvarande genomf\u00f6rs - tillg\u00e4ngliga f\u00f6r alla intresserade. N\u00e4r det g\u00e4ller slutna utbildningar <a href=\"https:\/\/szkolenia-udt.pl\/sv\/kontakt\/\">v\u00e4nligen kontakta<\/a> kontakta v\u00e5rt centrum - vi kommer att f\u00f6rbereda en individuell offert f\u00f6r dig.<\/p>\n<p>Om du har n\u00e5gra fr\u00e5gor om v\u00e5ra kurser finns vi alltid tillg\u00e4ngliga. Om du har n\u00e5gra fr\u00e5gor, tveka inte att kontakta oss via telefon eller e-post, eller kom till v\u00e5rt centrum, d\u00e4r v\u00e5r personal kommer att presentera dig med en offert och f\u00f6rbereda en utbildningsoffert.<\/p>\n<p>OSO Operator Training Centre inbjuder dig att delta i HDS-utbildningar i Warszawa och i hela Polen!<\/p>\n<\/div>","protected":false},"excerpt":{"rendered":"<p>Kursy podno\u015bniki HDS &#8211; Warszawa i ca\u0142a Polska O\u015brodek Szkolenia Operator\u00f3w OSO zaprasza na kurs HDS \u2013 na hydrauliczny d\u017awig samochodowy. Dzi\u0119ki niemu mog\u0105 uzyska\u0107 Pa\u0144stwo uprawnienia HDS potrzebne do pracy na stanowisku operatora hydraulicznych d\u017awig\u00f3w samochodowych. W naszym O\u015brodku mog\u0105 Pa\u0144stwo zdoby\u0107 umiej\u0119tno\u015bci i wiedz\u0119 od specjalist\u00f3w w swojej dziedzinie. Nasze kursy HDS prowadzimy [&hellip;]<\/p>\n","protected":false},"author":3,"featured_media":3425,"parent":22,"menu_order":20,"comment_status":"closed","ping_status":"closed","template":"","meta":{"footnotes":""},"class_list":["post-1116","page","type-page","status-publish","has-post-thumbnail","hentry"],"aioseo_notices":[],"_links":{"self":[{"href":"https:\/\/szkolenia-udt.pl\/sv\/wp-json\/wp\/v2\/pages\/1116","targetHints":{"allow":["GET"]}}],"collection":[{"href":"https:\/\/szkolenia-udt.pl\/sv\/wp-json\/wp\/v2\/pages"}],"about":[{"href":"https:\/\/szkolenia-udt.pl\/sv\/wp-json\/wp\/v2\/types\/page"}],"author":[{"embeddable":true,"href":"https:\/\/szkolenia-udt.pl\/sv\/wp-json\/wp\/v2\/users\/3"}],"replies":[{"embeddable":true,"href":"https:\/\/szkolenia-udt.pl\/sv\/wp-json\/wp\/v2\/comments?post=1116"}],"version-history":[{"count":11,"href":"https:\/\/szkolenia-udt.pl\/sv\/wp-json\/wp\/v2\/pages\/1116\/revisions"}],"predecessor-version":[{"id":4513,"href":"https:\/\/szkolenia-udt.pl\/sv\/wp-json\/wp\/v2\/pages\/1116\/revisions\/4513"}],"up":[{"embeddable":true,"href":"https:\/\/szkolenia-udt.pl\/sv\/wp-json\/wp\/v2\/pages\/22"}],"wp:featuredmedia":[{"embeddable":true,"href":"https:\/\/szkolenia-udt.pl\/sv\/wp-json\/wp\/v2\/media\/3425"}],"wp:attachment":[{"href":"https:\/\/szkolenia-udt.pl\/sv\/wp-json\/wp\/v2\/media?parent=1116"}],"curies":[{"name":"wp","href":"https:\/\/api.w.org\/{rel}","templated":true}]}}