{"id":1120,"date":"2014-11-12T14:41:09","date_gmt":"2014-11-12T14:41:09","guid":{"rendered":"http:\/\/szkolenia-udt.pl\/?page_id=1120"},"modified":"2021-06-27T22:22:51","modified_gmt":"2021-06-27T22:22:51","slug":"grundlaggande-information-om-hds-kranar","status":"publish","type":"page","link":"https:\/\/szkolenia-udt.pl\/sv\/kursy\/hds\/podstawowe-informacje-o-zurawiach-hds\/","title":{"rendered":"Grundl\u00e4ggande information om HDS-kranar"},"content":{"rendered":"<div style=\"float: right; padding-right: 10px;\"><div id=\"metaslider-id-419\" style=\"max-width: 300px;\" class=\"ml-slider-3-108-0 metaslider metaslider-flex metaslider-419 ml-slider ms-theme-default nav-hidden\" role=\"region\" aria-label=\"Mobila plattformar2\" data-height=\"225\" data-width=\"300\">\n    <div id=\"metaslider_container_419\">\n        <div id=\"metaslider_419\">\n            <ul class='slides'>\n                <li style=\"display: block; width: 100%;\" class=\"slide-1191 ms-image\" aria-roledescription=\"slide\" data-date=\"2014-11-17 19:52:58\" data-filename=\"podesty4a.jpg\" data-slide-type=\"image\"><img loading=\"lazy\" decoding=\"async\" src=\"https:\/\/szkolenia-udt.pl\/wp-content\/uploads\/2014\/11\/podesty4a.jpg\" height=\"225\" width=\"300\" alt=\"mobila plattformar\" class=\"slider-419 slide-1191 msDefaultImage\" \/><\/li>\n                <li style=\"display: none; width: 100%;\" class=\"slide-1192 ms-image\" aria-roledescription=\"slide\" data-date=\"2014-11-17 19:52:59\" data-filename=\"podesty5a.jpg\" data-slide-type=\"image\"><img loading=\"lazy\" decoding=\"async\" src=\"https:\/\/szkolenia-udt.pl\/wp-content\/uploads\/2014\/11\/podesty5a.jpg\" height=\"225\" width=\"300\" alt=\"udt-utbildning\" class=\"slider-419 slide-1192 msDefaultImage\" \/><\/li>\n                <li style=\"display: none; width: 100%;\" class=\"slide-1189 ms-image\" aria-roledescription=\"slide\" data-date=\"2014-11-17 19:52:57\" data-filename=\"podesty2a.jpg\" data-slide-type=\"image\"><img loading=\"lazy\" decoding=\"async\" src=\"https:\/\/szkolenia-udt.pl\/wp-content\/uploads\/2014\/11\/podesty2a.jpg\" height=\"225\" width=\"300\" alt=\"korglyftor warszawa\" class=\"slider-419 slide-1189 msDefaultImage\" \/><\/li>\n                <li style=\"display: none; width: 100%;\" class=\"slide-1190 ms-image\" aria-roledescription=\"slide\" data-date=\"2014-11-17 19:52:57\" data-filename=\"podesty3a.jpg\" data-slide-type=\"image\"><img loading=\"lazy\" decoding=\"async\" src=\"https:\/\/szkolenia-udt.pl\/wp-content\/uploads\/2014\/11\/podesty3a.jpg\" height=\"225\" width=\"300\" alt=\"utbildning warszawa\" class=\"slider-419 slide-1190 msDefaultImage\" \/><\/li>\n                <li style=\"display: none; width: 100%;\" class=\"slide-1188 ms-image\" aria-roledescription=\"slide\" data-date=\"2014-11-17 19:52:56\" data-filename=\"podesty1a.jpg\" data-slide-type=\"image\"><img loading=\"lazy\" decoding=\"async\" src=\"https:\/\/szkolenia-udt.pl\/wp-content\/uploads\/2014\/11\/podesty1a.jpg\" height=\"225\" width=\"300\" alt=\"\" class=\"slider-419 slide-1188 msDefaultImage\" \/><\/li>\n            <\/ul>\n        <\/div>\n        \n    <\/div>\n<\/div><\/div>\n<div class=\"wyjustuj\">\n<p>Kranar \u00e4r anordningar som \u00e4r utformade f\u00f6r att lasta och lossa material. De omfattar, men \u00e4r inte begr\u00e4nsade till: vinschar, lyftanordningar, kranar, lyftkranar och annan utrustning. En viktig grupp av kranar \u00e4r kranar, som ocks\u00e5 omfattar kranar av HDS-typ - hydrauliska lastbilskranar - hanteringskranar, vars drift kr\u00e4ver registrering i en <a href=\"https:\/\/szkolenia-udt.pl\/sv\/kursy\/hds\/\">HDS-kurs<\/a>. N\u00e4r du har klarat provet inf\u00f6r UDT-kommissionen f\u00e5r du HDS-certifikatet.<\/p>\n<h2 class=\"boldnagl\"><strong>Vad \u00e4r en hanteringskran?<\/strong><\/h2>\n<p>En HDS-kran \u00e4r en kraftdriven kran som best\u00e5r av en pelare som roterar p\u00e5 en bas och ett jibsystem som sitter ovanp\u00e5 pelaren. Omlastningskranar \u00e4r monterade p\u00e5 fordon eller sl\u00e4pvagnar och \u00e4r utformade f\u00f6r att utf\u00f6ra lastning och hantering.<\/p>\n<p>HDS-hanteringskranar klassificeras som mobilkranar och omfattas av best\u00e4mmelserna fr\u00e5n tekniska kontrollbyr\u00e5n.<\/p>\n<h2 class=\"boldnagl\"><strong>F\u00f6rdelning av HDS strukturella dockningskranar<\/strong><\/h2>\n<p>HDS-hanteringskranar \u00e4r indelade i f\u00f6ljande kategorier:<\/p>\n<ul>\n<li>Kranar f\u00f6r allm\u00e4nna \u00e4ndam\u00e5l, d\u00e4r strukturen \u00e4r fast monterad p\u00e5 fordonets chassi och d\u00e4r kranarmen fungerar horisontellt, roterar och varierar sin r\u00e4ckvidd, och vertikalt, lyfter och s\u00e4nker laster.<\/li>\n<li>Tr\u00e4lastkranar - \u00e4r utrustade med speciella gripdon i st\u00e4llet f\u00f6r krokar, vilket g\u00f6r det m\u00f6jligt att lyfta virke.<\/li>\n<li>Fordonsmonterade lastkranar bakom f\u00f6rarhytten<\/li>\n<li>Fordonsmonterade bakmonterade lastkranar med lastb\u00e4rare<\/li>\n<li>Lastkranar monterade i fordonets mitt.<\/li>\n<\/ul>\n<div style=\"float: left; padding-right: 10px;\"><div id=\"metaslider-id-684\" style=\"max-width: 300px;\" class=\"ml-slider-3-108-0 metaslider metaslider-flex metaslider-684 ml-slider ms-theme-default nav-hidden nav-hidden\" role=\"region\" aria-label=\"Manipuleringsanordningar\" data-height=\"225\" data-width=\"300\">\n    <div id=\"metaslider_container_684\">\n        <div id=\"metaslider_684\">\n            <ul class='slides'>\n                <li style=\"display: block; width: 100%;\" class=\"slide-686 ms-image\" aria-roledescription=\"slide\" data-date=\"2014-10-12 11:03:24\" data-filename=\"O\u015brodek-szkolenia-operator\u00f3w.jpg\" data-slide-type=\"image\"><img loading=\"lazy\" decoding=\"async\" src=\"https:\/\/szkolenia-udt.pl\/wp-content\/uploads\/2014\/10\/O\u015brodek-szkolenia-operator\u00f3w.jpg\" height=\"225\" width=\"300\" alt=\"\" class=\"slider-684 slide-686 msDefaultImage\" \/><div class=\"caption-wrap\"><div class=\"caption\">etikett<\/div><\/div><\/li>\n                <li style=\"display: none; width: 100%;\" class=\"slide-687 ms-image\" aria-roledescription=\"slide\" data-date=\"2014-10-12 11:03:26\" data-filename=\"szkolenia-urz\u0105dzenia-manipulacji-kontenerami.jpg\" data-slide-type=\"image\"><img loading=\"lazy\" decoding=\"async\" src=\"https:\/\/szkolenia-udt.pl\/wp-content\/uploads\/2014\/10\/szkolenia-urz\u0105dzenia-manipulacji-kontenerami.jpg\" height=\"225\" width=\"300\" alt=\"Kurs om utrustning f\u00f6r containerhantering\" class=\"slider-684 slide-687 msDefaultImage\" \/><\/li>\n                <li style=\"display: none; width: 100%;\" class=\"slide-685 ms-image\" aria-roledescription=\"slide\" data-date=\"2014-10-12 11:03:23\" data-filename=\"Kursy-urz\u0105dzenia-manipulacji-kontenerami.jpg\" data-slide-type=\"image\"><img loading=\"lazy\" decoding=\"async\" src=\"https:\/\/szkolenia-udt.pl\/wp-content\/uploads\/2014\/10\/Kursy-urz\u0105dzenia-manipulacji-kontenerami.jpg\" height=\"225\" width=\"300\" alt=\"Utbildningscenter f\u00f6r operat\u00f6rer Warszawa\" class=\"slider-684 slide-685 msDefaultImage\" \/><\/li>\n                <li style=\"display: none; width: 100%;\" class=\"slide-688 ms-image\" aria-roledescription=\"slide\" data-date=\"2014-10-12 11:03:26\" data-filename=\"Zdj\u0119cie-manipulacja-kontenerami.jpg\" data-slide-type=\"image\"><img loading=\"lazy\" decoding=\"async\" src=\"https:\/\/szkolenia-udt.pl\/wp-content\/uploads\/2014\/10\/Zdj\u0119cie-manipulacja-kontenerami.jpg\" height=\"225\" width=\"300\" alt=\"Utrustning f\u00f6r hantering av containrar\" class=\"slider-684 slide-688 msDefaultImage\" \/><\/li>\n                <li style=\"display: none; width: 100%;\" class=\"slide-689 ms-image\" aria-roledescription=\"slide\" data-date=\"2014-10-12 11:03:44\" data-filename=\"Szkolenia-oraz-kursy-zdj\u0119cie.jpg\" data-slide-type=\"image\"><img loading=\"lazy\" decoding=\"async\" src=\"https:\/\/szkolenia-udt.pl\/wp-content\/uploads\/2014\/10\/Szkolenia-oraz-kursy-zdj\u0119cie.jpg\" height=\"225\" width=\"300\" alt=\"\" class=\"slider-684 slide-689 msDefaultImage\" \/><\/li>\n            <\/ul>\n        <\/div>\n        \n    <\/div>\n<\/div><\/div>\n<p><strong>Strukturella komponenter i en HDS-mobilkran<\/strong><br \/>\nDockkranar tillverkas av m\u00e5nga olika m\u00e4rken och skiljer sig d\u00e4rf\u00f6r \u00e5t n\u00e4r det g\u00e4ller de konstruktionsdelar som anv\u00e4nds. Alla komponenter styrs med hj\u00e4lp av ett hydraulsystem. De standardiserade konstruktionselementen f\u00f6r varje dockningskran \u00e4r f\u00f6ljande:<\/p>\n<ul>\n<li>en upps\u00e4ttning st\u00f6d - f\u00f6r att stabilisera enheten<\/li>\n<li>basupps\u00e4ttning - placerad vid kranens bas.<\/li>\n<li>kolonnupps\u00e4ttning - kranens vertikala komponent som \u00e4r monterad p\u00e5 basen.<\/li>\n<li>en upps\u00e4ttning lyftkrafter - ett justerbart element som lasten \u00e4r f\u00e4st vid.<\/li>\n<\/ul>\n<p>Om du \u00e4r intresserad av att f\u00e5 ett HDS-certifikat, bes\u00f6k v\u00e5r <a href=\"https:\/\/szkolenia-udt.pl\/sv\/o-firmie\/\">centrum<\/a> f\u00f6r HDS-kursen!<\/p>\n<\/div>","protected":false},"excerpt":{"rendered":"<p>D\u017awignice to urz\u0105dzenia, kt\u00f3re przeznaczone s\u0105 do za\u0142adunku i roz\u0142adunku materia\u0142\u00f3w. Zalicza si\u0119 do nich mi\u0119dzy innymi: wci\u0105garki, wci\u0105gniki, d\u017awigi, suwnice i inne urz\u0105dzenia. Wa\u017cn\u0105 grup\u0105 d\u017awignic s\u0105 \u017curawie, do kt\u00f3rych zalicza si\u0119 r\u00f3wnie\u017c \u017curawie typu HDS \u2013 hydrauliczne d\u017awigi samochodowe \u2013 \u017curawie prze\u0142adunkowe, do kt\u00f3rych obs\u0142ugi potrzebne jest zapisanie si\u0119 na kurs HDS. Po [&hellip;]<\/p>\n","protected":false},"author":3,"featured_media":0,"parent":1116,"menu_order":0,"comment_status":"closed","ping_status":"closed","template":"","meta":{"footnotes":""},"class_list":["post-1120","page","type-page","status-publish","hentry"],"aioseo_notices":[],"_links":{"self":[{"href":"https:\/\/szkolenia-udt.pl\/sv\/wp-json\/wp\/v2\/pages\/1120","targetHints":{"allow":["GET"]}}],"collection":[{"href":"https:\/\/szkolenia-udt.pl\/sv\/wp-json\/wp\/v2\/pages"}],"about":[{"href":"https:\/\/szkolenia-udt.pl\/sv\/wp-json\/wp\/v2\/types\/page"}],"author":[{"embeddable":true,"href":"https:\/\/szkolenia-udt.pl\/sv\/wp-json\/wp\/v2\/users\/3"}],"replies":[{"embeddable":true,"href":"https:\/\/szkolenia-udt.pl\/sv\/wp-json\/wp\/v2\/comments?post=1120"}],"version-history":[{"count":4,"href":"https:\/\/szkolenia-udt.pl\/sv\/wp-json\/wp\/v2\/pages\/1120\/revisions"}],"predecessor-version":[{"id":2238,"href":"https:\/\/szkolenia-udt.pl\/sv\/wp-json\/wp\/v2\/pages\/1120\/revisions\/2238"}],"up":[{"embeddable":true,"href":"https:\/\/szkolenia-udt.pl\/sv\/wp-json\/wp\/v2\/pages\/1116"}],"wp:attachment":[{"href":"https:\/\/szkolenia-udt.pl\/sv\/wp-json\/wp\/v2\/media?parent=1120"}],"curies":[{"name":"wp","href":"https:\/\/api.w.org\/{rel}","templated":true}]}}