{"id":1124,"date":"2014-11-12T14:43:34","date_gmt":"2014-11-12T14:43:34","guid":{"rendered":"http:\/\/szkolenia-udt.pl\/?page_id=1124"},"modified":"2021-06-27T22:23:56","modified_gmt":"2021-06-27T22:23:56","slug":"sling-rep-och-krokar-for-anvandning-med-hds","status":"publish","type":"page","link":"https:\/\/szkolenia-udt.pl\/sv\/kursy\/hds\/zawiesia-liny-i-haki-stosowane-w-hds-ach\/","title":{"rendered":"Sling, rep och krokar som anv\u00e4nds i HDS"},"content":{"rendered":"<div style=\"float: left; padding-right: 10px;\"><div id=\"metaslider-id-684\" style=\"max-width: 300px;\" class=\"ml-slider-3-107-0 metaslider metaslider-flex metaslider-684 ml-slider ms-theme-default nav-hidden\" role=\"region\" aria-label=\"Manipuleringsanordningar\" data-height=\"225\" data-width=\"300\">\n    <div id=\"metaslider_container_684\">\n        <div id=\"metaslider_684\">\n            <ul class='slides'>\n                <li style=\"display: block; width: 100%;\" class=\"slide-686 ms-image\" aria-roledescription=\"slide\" data-date=\"2014-10-12 11:03:24\" data-filename=\"O\u015brodek-szkolenia-operator\u00f3w.jpg\" data-slide-type=\"image\"><img loading=\"lazy\" decoding=\"async\" src=\"https:\/\/szkolenia-udt.pl\/wp-content\/uploads\/2014\/10\/O\u015brodek-szkolenia-operator\u00f3w.jpg\" height=\"225\" width=\"300\" alt=\"\" class=\"slider-684 slide-686 msDefaultImage\" \/><div class=\"caption-wrap\"><div class=\"caption\">etikett<\/div><\/div><\/li>\n                <li style=\"display: none; width: 100%;\" class=\"slide-687 ms-image\" aria-roledescription=\"slide\" data-date=\"2014-10-12 11:03:26\" data-filename=\"szkolenia-urz\u0105dzenia-manipulacji-kontenerami.jpg\" data-slide-type=\"image\"><img loading=\"lazy\" decoding=\"async\" src=\"https:\/\/szkolenia-udt.pl\/wp-content\/uploads\/2014\/10\/szkolenia-urz\u0105dzenia-manipulacji-kontenerami.jpg\" height=\"225\" width=\"300\" alt=\"Kurs om utrustning f\u00f6r containerhantering\" class=\"slider-684 slide-687 msDefaultImage\" \/><\/li>\n                <li style=\"display: none; width: 100%;\" class=\"slide-685 ms-image\" aria-roledescription=\"slide\" data-date=\"2014-10-12 11:03:23\" data-filename=\"Kursy-urz\u0105dzenia-manipulacji-kontenerami.jpg\" data-slide-type=\"image\"><img loading=\"lazy\" decoding=\"async\" src=\"https:\/\/szkolenia-udt.pl\/wp-content\/uploads\/2014\/10\/Kursy-urz\u0105dzenia-manipulacji-kontenerami.jpg\" height=\"225\" width=\"300\" alt=\"Utbildningscenter f\u00f6r operat\u00f6rer Warszawa\" class=\"slider-684 slide-685 msDefaultImage\" \/><\/li>\n                <li style=\"display: none; width: 100%;\" class=\"slide-688 ms-image\" aria-roledescription=\"slide\" data-date=\"2014-10-12 11:03:26\" data-filename=\"Zdj\u0119cie-manipulacja-kontenerami.jpg\" data-slide-type=\"image\"><img loading=\"lazy\" decoding=\"async\" src=\"https:\/\/szkolenia-udt.pl\/wp-content\/uploads\/2014\/10\/Zdj\u0119cie-manipulacja-kontenerami.jpg\" height=\"225\" width=\"300\" alt=\"Utrustning f\u00f6r hantering av containrar\" class=\"slider-684 slide-688 msDefaultImage\" \/><\/li>\n                <li style=\"display: none; width: 100%;\" class=\"slide-689 ms-image\" aria-roledescription=\"slide\" data-date=\"2014-10-12 11:03:44\" data-filename=\"Szkolenia-oraz-kursy-zdj\u0119cie.jpg\" data-slide-type=\"image\"><img loading=\"lazy\" decoding=\"async\" src=\"https:\/\/szkolenia-udt.pl\/wp-content\/uploads\/2014\/10\/Szkolenia-oraz-kursy-zdj\u0119cie.jpg\" height=\"225\" width=\"300\" alt=\"\" class=\"slider-684 slide-689 msDefaultImage\" \/><\/li>\n            <\/ul>\n        <\/div>\n        \n    <\/div>\n<\/div><\/div>\n<div class=\"wyjustuj\">\n<p>Varje <a href=\"https:\/\/szkolenia-udt.pl\/sv\/kursy\/hds\/\">HDS-kurs<\/a> Inneh\u00e5ller information om sling, rep och krokar som anv\u00e4nds p\u00e5 HDS:er. Det h\u00e4r \u00e4r viktig kunskap att beh\u00e4rska, eftersom den efterfr\u00e5gas av UTD-instrukt\u00f6rer under HDS-beh\u00f6righetsprovet. Om du \u00e4r intresserad av att f\u00e5 ditt HDS-certifikat, v\u00e4nligen bes\u00f6k <a href=\"https:\/\/szkolenia-udt.pl\/sv\/oferta\/\">Anv\u00e4ndning av tj\u00e4nster.<\/a> v\u00e5r <a href=\"https:\/\/szkolenia-udt.pl\/sv\/o-firmie\/\">Centrum<\/a>!\"HDS-utrustning anv\u00e4nder olika typer av sling, rep och krokar f\u00f6r att hantera laster. Det \u00e4r p\u00e5 dessa som lasterna s\u00e4kras p\u00e5 l\u00e4mpligt s\u00e4tt och sedan kan placeras p\u00e5 andra st\u00e4llen med hj\u00e4lp av kranen. N\u00e4r man anv\u00e4nder sling, rep och krokar i HDS-kranar \u00e4r det viktigt att se till att de \u00e4r i gott skick, eftersom de annars kan orsaka en olycka.<\/p>\n<h2 class=\"boldnagl\"><strong>Rep<\/strong><\/h2>\n<p>HDS:er kan vara utrustade med vinschar och anv\u00e4nda rep och stroppar f\u00f6r att s\u00e4kra lasten. De rep som anv\u00e4nds i HDS:er m\u00e5ste uppfylla vissa krav - endast godk\u00e4nda rep som \u00e4r godk\u00e4nda f\u00f6r anv\u00e4ndning av tillverkaren f\u00e5r anv\u00e4ndas. N\u00e4r repet \u00e4r upprullat ska det vara rakt, inte v\u00e5gigt och utan m\u00e4rkbara skador. Det \u00e4r f\u00f6rbjudet att anv\u00e4nda rep som inte \u00e4r testade eller som \u00e4r skadade.<\/p>\n<h2 class=\"boldnagl\"><strong>Slingor<\/strong><\/h2>\n<p>Det \u00e4r i allm\u00e4nhet inte tekniskt m\u00f6jligt att f\u00e4sta en last direkt p\u00e5 en krankrok. D\u00e4rf\u00f6r anv\u00e4nds hj\u00e4lpredskap - sling \u00e4r den viktigaste komponenten som anv\u00e4nds f\u00f6r att s\u00e4kra lasten. HDS-kursen omfattar \u00e4ven fr\u00e5gor som val av l\u00e4mpliga sling. Sling kan best\u00e5 av st\u00e5lrep, fiberrep, kedjor eller band. Man skiljer mellan enkelstr\u00e4ngade, dubbelstr\u00e4ngade, trestr\u00e4ngade, fyrstr\u00e4ngade eller slutna sling. Det s\u00e4tt p\u00e5 vilket lasten s\u00e4kras i stropparna beror p\u00e5 lastens vikt, tyngdpunktens l\u00e4ge samt lastens m\u00e5tt, form och l\u00e4ge. Operat\u00f6ren m\u00e5ste se till att stropparna \u00e4r i gott skick.<\/p>\n<h2 class=\"boldnagl\"><strong>Krokar<\/strong><\/h2>\n<p>Krokar \u00e4r arbetskomponenter som ing\u00e5r i konstruktionen av en hamnplanskran och som \u00e4r avsedda f\u00f6r att h\u00e4nga laster direkt p\u00e5 dem eller f\u00f6r att f\u00e4sta laster indirekt med hj\u00e4lp av stroppar. Krokarna m\u00e5ste kontrolleras av operat\u00f6ren f\u00f6re anv\u00e4ndning.<\/p>\n<\/div>","protected":false},"excerpt":{"rendered":"<p>Ka\u017cdy kurs HDS obejmuje informacje na temat stosowanych w HDS-ach zawiesi, lin oraz hak\u00f3w. To niezb\u0119dna wiedza do opanowania, poniewa\u017c pytaj\u0105 o ni\u0105 instruktorzy UTD podczas egzaminu na uprawnienia HDS. Zainteresowanych uzyskaniem uprawnienia HDS zapraszamy do skorzystania z us\u0142ug naszego O\u015brodka!W urz\u0105dzeniach HDS w celu manipulacji \u0142adunkami wykorzystuje si\u0119 r\u00f3\u017cnego rodzaju zawiesia, liny i haki. [&hellip;]<\/p>\n","protected":false},"author":3,"featured_media":0,"parent":1116,"menu_order":0,"comment_status":"closed","ping_status":"closed","template":"","meta":{"footnotes":""},"class_list":["post-1124","page","type-page","status-publish","hentry"],"aioseo_notices":[],"_links":{"self":[{"href":"https:\/\/szkolenia-udt.pl\/sv\/wp-json\/wp\/v2\/pages\/1124","targetHints":{"allow":["GET"]}}],"collection":[{"href":"https:\/\/szkolenia-udt.pl\/sv\/wp-json\/wp\/v2\/pages"}],"about":[{"href":"https:\/\/szkolenia-udt.pl\/sv\/wp-json\/wp\/v2\/types\/page"}],"author":[{"embeddable":true,"href":"https:\/\/szkolenia-udt.pl\/sv\/wp-json\/wp\/v2\/users\/3"}],"replies":[{"embeddable":true,"href":"https:\/\/szkolenia-udt.pl\/sv\/wp-json\/wp\/v2\/comments?post=1124"}],"version-history":[{"count":4,"href":"https:\/\/szkolenia-udt.pl\/sv\/wp-json\/wp\/v2\/pages\/1124\/revisions"}],"predecessor-version":[{"id":2239,"href":"https:\/\/szkolenia-udt.pl\/sv\/wp-json\/wp\/v2\/pages\/1124\/revisions\/2239"}],"up":[{"embeddable":true,"href":"https:\/\/szkolenia-udt.pl\/sv\/wp-json\/wp\/v2\/pages\/1116"}],"wp:attachment":[{"href":"https:\/\/szkolenia-udt.pl\/sv\/wp-json\/wp\/v2\/media?parent=1124"}],"curies":[{"name":"wp","href":"https:\/\/api.w.org\/{rel}","templated":true}]}}