{"id":1127,"date":"2014-11-12T14:46:28","date_gmt":"2014-11-12T14:46:28","guid":{"rendered":"http:\/\/szkolenia-udt.pl\/?page_id=1127"},"modified":"2021-06-27T22:18:37","modified_gmt":"2021-06-27T22:18:37","slug":"forbjudna-aktiviteter-vid-manovrering-av-en-hd-lift-kran","status":"publish","type":"page","link":"https:\/\/szkolenia-udt.pl\/sv\/kursy\/hds\/czynnosci-zabronione-podczas-pracy-zurawiem-przeladunkowym-hds\/","title":{"rendered":"F\u00f6rbjudna aktiviteter vid arbete med HDS-kranar"},"content":{"rendered":"<div style=\"float: left; padding-right: 10px;\"><div id=\"metaslider-id-408\" style=\"max-width: 300px;\" class=\"ml-slider-3-107-0 metaslider metaslider-flex metaslider-408 ml-slider ms-theme-default nav-hidden\" role=\"region\" aria-label=\"Mobila plattformar1\" data-height=\"225\" data-width=\"300\">\n    <div id=\"metaslider_container_408\">\n        <div id=\"metaslider_408\">\n            <ul class='slides'>\n                <li style=\"display: block; width: 100%;\" class=\"slide-540 ms-image\" aria-roledescription=\"slide\" data-date=\"2014-10-11 16:42:06\" data-filename=\"170AETJL_BI_NRJ_045.jpg\" data-slide-type=\"image\"><img loading=\"lazy\" decoding=\"async\" src=\"https:\/\/szkolenia-udt.pl\/wp-content\/uploads\/2014\/10\/170AETJL_BI_NRJ_045.jpg\" height=\"225\" width=\"300\" alt=\"Kurser och utbildning \" class=\"slider-408 slide-540 msDefaultImage\" \/><\/li>\n                <li style=\"display: none; width: 100%;\" class=\"slide-537 ms-image\" aria-roledescription=\"slide\" data-date=\"2014-10-11 16:38:05\" data-filename=\"3219.jpg\" data-slide-type=\"image\"><img loading=\"lazy\" decoding=\"async\" src=\"https:\/\/szkolenia-udt.pl\/wp-content\/uploads\/2014\/10\/3219.jpg\" height=\"225\" width=\"300\" alt=\"Kurs f\u00f6r mobil plattform\" class=\"slider-408 slide-537 msDefaultImage\" \/><\/li>\n                <li style=\"display: none; width: 100%;\" class=\"slide-1172 ms-image\" aria-roledescription=\"slide\" data-date=\"2014-11-17 19:01:41\" data-filename=\"78XE_003a.jpg\" data-slide-type=\"image\"><img loading=\"lazy\" decoding=\"async\" src=\"https:\/\/szkolenia-udt.pl\/wp-content\/uploads\/2014\/11\/78XE_003a.jpg\" height=\"225\" width=\"300\" alt=\"utbildning warszawa\" class=\"slider-408 slide-1172 msDefaultImage\" \/><\/li>\n                <li style=\"display: none; width: 100%;\" class=\"slide-1173 ms-image\" aria-roledescription=\"slide\" data-date=\"2014-11-17 19:01:41\" data-filename=\"80VJR_Evo_002a.jpg\" data-slide-type=\"image\"><img loading=\"lazy\" decoding=\"async\" src=\"https:\/\/szkolenia-udt.pl\/wp-content\/uploads\/2014\/11\/80VJR_Evo_002a.jpg\" height=\"225\" width=\"300\" alt=\"\" class=\"slider-408 slide-1173 msDefaultImage\" \/><\/li>\n                <li style=\"display: none; width: 100%;\" class=\"slide-1187 ms-image\" aria-roledescription=\"slide\" data-date=\"2014-11-17 19:45:05\" data-filename=\"60V_005a.jpg\" data-slide-type=\"image\"><img loading=\"lazy\" decoding=\"async\" src=\"https:\/\/szkolenia-udt.pl\/wp-content\/uploads\/2014\/11\/60V_005a.jpg\" height=\"225\" width=\"300\" alt=\"hissar\" class=\"slider-408 slide-1187 msDefaultImage\" \/><\/li>\n            <\/ul>\n        <\/div>\n        \n    <\/div>\n<\/div><\/div>\n<div class=\"wyjustuj\">\n<p>Under arbetet b\u00f6r f\u00f6raren av en HDS-handlingskran vara uppm\u00e4rksam p\u00e5 s\u00e4kerhetskrav och arbetsmilj\u00f6best\u00e4mmelser. P\u00e5 s\u00e5 s\u00e4tt kan han eller hon f\u00f6rhindra olyckor under arbetet, vilket kan inneb\u00e4ra en risk b\u00e5de f\u00f6r honom eller henne sj\u00e4lv och f\u00f6r omgivningen - laster, byggnader, andra personer i utrustningens arbetsomr\u00e5de. Genom att bes\u00f6ka <a href=\"https:\/\/szkolenia-udt.pl\/sv\/kursy\/hds\/\">HDS-kurs<\/a>Deltagaren f\u00e5r alltid tillr\u00e4cklig kunskap om s\u00e4ker anv\u00e4ndning av kranen, vilket \u00e4r grunden f\u00f6r att erh\u00e5lla HDS-licensen vid examinationen inf\u00f6r UDT-kommissionen.<\/p>\n<p><strong>Aktiviteter som inte f\u00e5r utf\u00f6ras n\u00e4r man arbetar med en lastkran:<\/strong><\/p>\n<ul>\n<li>lyft av laster med ok\u00e4nda parametrar, inklusive lyft av laster utan k\u00e4nnedom om deras vikt och laster som \u00f6verskrider utrustningens till\u00e5tna lastkapacitet<\/li>\n<li>lyft av laster som \u00e4r fast f\u00f6rankrade i marken eller frusna i marken<\/li>\n<li>Utf\u00f6ra lastningsoperationer utan att lastkranens st\u00f6dben \u00e4r utf\u00e4llda<\/li>\n<li>Arbete med en icke-fungerande HDS-kran<\/li>\n<li>anv\u00e4ndning av felaktig utrustning - rep, slingor, krokar<\/li>\n<li>arbeta med en kran som inte har ett giltigt UDT-beslut som godk\u00e4nner dess anv\u00e4ndning<\/li>\n<li>arbeta med en kran som inte har en aktuell notering i underh\u00e5llsloggboken<\/li>\n<li>\u00f6verf\u00f6ring av laster direkt \u00f6ver arbetsstationer eller m\u00e4nniskor<\/li>\n<li>last\u00f6verf\u00f6ring \u00f6ver f\u00f6rarhytten<\/li>\n<li>arbete p\u00e5 ol\u00e4mplig terr\u00e4ng - f\u00f6r sluttande eller p\u00e5 mark med l\u00e5g b\u00e4righet<\/li>\n<li>Arbete i n\u00e4rheten av oanslutna och ojordade kraftledningar.<\/li>\n<li>och andra aktiviteter som inneb\u00e4r risk f\u00f6r olyckor<\/li>\n<\/ul>\n<p>Om utrustningen inte \u00e4r ordentligt f\u00f6rberedd f\u00f6r drift har operat\u00f6ren r\u00e4tt att v\u00e4gra att forts\u00e4tta. Han eller hon ska omedelbart meddela sin \u00f6verordnade om sk\u00e4let till v\u00e4gran.<\/p>\n<p>Om du vill skaffa en HDS-licens, <a href=\"https:\/\/szkolenia-udt.pl\/sv\/kontakt\/\">varmt v\u00e4lkomna<\/a> att dra nytta av <a href=\"https:\/\/szkolenia-udt.pl\/sv\/oferta\/\">v\u00e5rt erbjudande<\/a>. HDS-kurs i v\u00e5rt <a href=\"https:\/\/szkolenia-udt.pl\/sv\/o-firmie\/\">Centrum<\/a> \u00e4r omfattande kunskaper inom s\u00e4kerhetsomr\u00e5det, s\u00e5 du kommer att kunna arbeta s\u00e4kert som lastkranf\u00f6rare efter att ha avslutat den.<\/p>\n<\/div>","protected":false},"excerpt":{"rendered":"<p>Podczas pracy operator \u017curawia prze\u0142adunkowego HDS powinien pami\u0119ta\u0107 o wymogach bezpiecze\u0144stwa i przepisach BHP. W ten spos\u00f3b jest w stanie zapobiega\u0107 wypadkom podczas pracy, kt\u00f3re mog\u0105 nie\u015b\u0107 zagro\u017cenie zar\u00f3wno dla niego samego, jak i dla otoczenia \u2013 \u0142adunk\u00f3w, budynk\u00f3w, innych os\u00f3b przebywaj\u0105cych w strefie pracy urz\u0105dzenia. Odbywaj\u0105c kurs HDS, jego uczestnik otrzymuje zawsze odpowiedni\u0105 wiedz\u0119 [&hellip;]<\/p>\n","protected":false},"author":3,"featured_media":0,"parent":1116,"menu_order":0,"comment_status":"closed","ping_status":"closed","template":"","meta":{"footnotes":""},"class_list":["post-1127","page","type-page","status-publish","hentry"],"aioseo_notices":[],"_links":{"self":[{"href":"https:\/\/szkolenia-udt.pl\/sv\/wp-json\/wp\/v2\/pages\/1127","targetHints":{"allow":["GET"]}}],"collection":[{"href":"https:\/\/szkolenia-udt.pl\/sv\/wp-json\/wp\/v2\/pages"}],"about":[{"href":"https:\/\/szkolenia-udt.pl\/sv\/wp-json\/wp\/v2\/types\/page"}],"author":[{"embeddable":true,"href":"https:\/\/szkolenia-udt.pl\/sv\/wp-json\/wp\/v2\/users\/3"}],"replies":[{"embeddable":true,"href":"https:\/\/szkolenia-udt.pl\/sv\/wp-json\/wp\/v2\/comments?post=1127"}],"version-history":[{"count":4,"href":"https:\/\/szkolenia-udt.pl\/sv\/wp-json\/wp\/v2\/pages\/1127\/revisions"}],"predecessor-version":[{"id":2235,"href":"https:\/\/szkolenia-udt.pl\/sv\/wp-json\/wp\/v2\/pages\/1127\/revisions\/2235"}],"up":[{"embeddable":true,"href":"https:\/\/szkolenia-udt.pl\/sv\/wp-json\/wp\/v2\/pages\/1116"}],"wp:attachment":[{"href":"https:\/\/szkolenia-udt.pl\/sv\/wp-json\/wp\/v2\/media?parent=1127"}],"curies":[{"name":"wp","href":"https:\/\/api.w.org\/{rel}","templated":true}]}}