{"id":1131,"date":"2014-11-12T14:51:53","date_gmt":"2014-11-12T14:51:53","guid":{"rendered":"http:\/\/szkolenia-udt.pl\/?page_id=1131"},"modified":"2021-06-27T22:20:50","modified_gmt":"2021-06-27T22:20:50","slug":"arbetsuppgifter-for-operator-av-hd-lift","status":"publish","type":"page","link":"https:\/\/szkolenia-udt.pl\/sv\/kursy\/hds\/obowiazki-operatora-zurawia-przeladunkowego-hds\/","title":{"rendered":"Ansvarsomr\u00e5den f\u00f6r f\u00f6rare av HDS-handlingskran"},"content":{"rendered":"<div style=\"float: left; padding-right: 10px;\"><div id=\"metaslider-id-642\" style=\"max-width: 300px;\" class=\"ml-slider-3-107-0 metaslider metaslider-flex metaslider-642 ml-slider ms-theme-default nav-hidden\" role=\"region\" aria-label=\"Kranar\" data-height=\"225\" data-width=\"300\">\n    <div id=\"metaslider_container_642\">\n        <div id=\"metaslider_642\">\n            <ul class='slides'>\n                <li style=\"display: block; width: 100%;\" class=\"slide-647 ms-image\" aria-roledescription=\"slide\" data-date=\"2014-10-12 09:52:02\" data-filename=\"O\u015brodek-Szkolenia-Operator\u00f3w.jpg\" data-slide-type=\"image\"><img loading=\"lazy\" decoding=\"async\" src=\"https:\/\/szkolenia-udt.pl\/wp-content\/uploads\/2014\/10\/O\u015brodek-Szkolenia-Operator\u00f3w.jpg\" height=\"225\" width=\"300\" alt=\"\" class=\"slider-642 slide-647 msDefaultImage\" \/><\/li>\n                <li style=\"display: none; width: 100%;\" class=\"slide-649 ms-image\" aria-roledescription=\"slide\" data-date=\"2014-10-12 09:52:03\" data-filename=\"Szkolenie-d\u017awigi.jpg\" data-slide-type=\"image\"><img loading=\"lazy\" decoding=\"async\" src=\"https:\/\/szkolenia-udt.pl\/wp-content\/uploads\/2014\/10\/Szkolenie-d\u017awigi.jpg\" height=\"225\" width=\"300\" alt=\"Kranbana\" class=\"slider-642 slide-649 msDefaultImage\" \/><\/li>\n                <li style=\"display: none; width: 100%;\" class=\"slide-650 ms-image\" aria-roledescription=\"slide\" data-date=\"2014-10-12 09:52:03\" data-filename=\"Uprawnienia-UDT1.jpg\" data-slide-type=\"image\"><img loading=\"lazy\" decoding=\"async\" src=\"https:\/\/szkolenia-udt.pl\/wp-content\/uploads\/2014\/10\/Uprawnienia-UDT1.jpg\" height=\"225\" width=\"300\" alt=\"\" class=\"slider-642 slide-650 msDefaultImage\" \/><\/li>\n                <li style=\"display: none; width: 100%;\" class=\"slide-648 ms-image\" aria-roledescription=\"slide\" data-date=\"2014-10-12 09:52:02\" data-filename=\"szkolenia-d\u017awigi.jpg\" data-slide-type=\"image\"><img loading=\"lazy\" decoding=\"async\" src=\"https:\/\/szkolenia-udt.pl\/wp-content\/uploads\/2014\/10\/szkolenia-d\u017awigi.jpg\" height=\"225\" width=\"300\" alt=\"Utbildningscentrum f\u00f6r operat\u00f6rer\" class=\"slider-642 slide-648 msDefaultImage\" \/><\/li>\n                <li style=\"display: none; width: 100%;\" class=\"slide-651 ms-image\" aria-roledescription=\"slide\" data-date=\"2014-10-12 09:52:04\" data-filename=\"zdj\u0119cie-d\u017awig.jpg\" data-slide-type=\"image\"><img loading=\"lazy\" decoding=\"async\" src=\"https:\/\/szkolenia-udt.pl\/wp-content\/uploads\/2014\/10\/zdj\u0119cie-d\u017awig.jpg\" height=\"225\" width=\"300\" alt=\"Kranutbildning. UDT-auktorisationer\" class=\"slider-642 slide-651 msDefaultImage\" \/><\/li>\n            <\/ul>\n        <\/div>\n        \n    <\/div>\n<\/div><\/div>\n<div class=\"wyjustuj\">\n<p>F\u00f6raren av en hanteringskran m\u00e5ste inneha relevant HDS-licens. De utf\u00e4rdas till personer som har slutf\u00f6rt <a href=\"https:\/\/szkolenia-udt.pl\/sv\/kursy\/hds\/\">HDS-kurs<\/a> och har framg\u00e5ngsrikt klarat provet inf\u00f6r UDT-kommissionen.Operat\u00f6ren av utrustningen kan inte b\u00f6rja arbeta omedelbart. Hans eller hennes arbetsuppgifter \u00e4r indelade i de som ska utf\u00f6ras f\u00f6re, under och efter arbetet - dessa l\u00e4rs ut i varje HDS-kurs.<\/p>\n<h2 class=\"boldnagl\"><strong>Arbetsuppgifter f\u00f6re arbetets b\u00f6rjan<\/strong><\/h2>\n<ul>\n<li>Bekanta dig med dokumentationen - kranens tekniska och operativa dokumentation och instruktionsbok, kranens certifikat f\u00f6r frisl\u00e4ppande f\u00f6r service och underh\u00e5llsbok, avsaknad av minst ett av dessa dokument inneb\u00e4r att arbetet inte kan p\u00e5b\u00f6rjas<\/li>\n<li>utf\u00f6ra daglig service av utrustningen i enlighet med tillverkarens anvisningar - visuellt inspektera utrustningen och kontrollera komponenternas t\u00e4thet, hydrauliska l\u00e5s, f\u00f6rl\u00e4ngning av st\u00f6d, kontrollera s\u00e4kerhetsanordningar och f\u00f6rreglingar<\/li>\n<li>alla oegentligheter som uppt\u00e4cks ska rapporteras till en \u00f6verordnad<\/li>\n<\/ul>\n<h2 class=\"boldnagl\"><strong>Ansvar under arbetets g\u00e5ng<\/strong><\/h2>\n<ul>\n<li>kontroll av platsen och fastst\u00e4llande av kranens arbetsomr\u00e5de<\/li>\n<li>f\u00f6rbereda kranen f\u00f6r lastningsarbete<\/li>\n<li>korrekt lastkoppling och lasts\u00e4kring<\/li>\n<li>h\u00e5lla st\u00e4ndig uppsikt \u00f6ver lasten och kranen under arbetet samt \u00f6ver omgivningen<\/li>\n<li>h\u00e5lla ett \u00f6ga p\u00e5 kranens till\u00e5tna belastning<\/li>\n<li>iakttagande av signaler och skyltar<\/li>\n<li>reagera omedelbart i h\u00e4ndelse av en n\u00f6dsituation eller hot om en olycka<\/li>\n<\/ul>\n<div style=\"float: right; padding-left: 10px;\"><div id=\"metaslider-id-584\" style=\"max-width: 300px;\" class=\"ml-slider-3-107-0 metaslider metaslider-flex metaslider-584 ml-slider ms-theme-default nav-hidden nav-hidden\" role=\"region\" aria-label=\"Konstruktion av vagnen\" data-height=\"225\" data-width=\"300\">\n    <div id=\"metaslider_container_584\">\n        <div id=\"metaslider_584\">\n            <ul class='slides'>\n                <li style=\"display: block; width: 100%;\" class=\"slide-586 ms-image\" aria-roledescription=\"slide\" data-date=\"2014-10-12 05:43:37\" data-filename=\"Kurs-na-w\u00f3zki-wid\u0142owe.jpg\" data-slide-type=\"image\"><img loading=\"lazy\" decoding=\"async\" src=\"https:\/\/szkolenia-udt.pl\/wp-content\/uploads\/2014\/10\/Kurs-na-w\u00f3zki-wid\u0142owe.jpg\" height=\"225\" width=\"300\" alt=\"Kurs f\u00f6r gaffeltruckar\" class=\"slider-584 slide-586 msDefaultImage\" \/><\/li>\n                <li style=\"display: none; width: 100%;\" class=\"slide-591 ms-image\" aria-roledescription=\"slide\" data-date=\"2014-10-12 05:43:41\" data-filename=\"Kursy-W\u00f3zki-wid\u0142owe.jpg\" data-slide-type=\"image\"><img loading=\"lazy\" decoding=\"async\" src=\"https:\/\/szkolenia-udt.pl\/wp-content\/uploads\/2014\/10\/Kursy-W\u00f3zki-wid\u0142owe.jpg\" height=\"225\" width=\"300\" alt=\"Kurs f\u00f6r f\u00f6rare av gaffeltruckar\" class=\"slider-584 slide-591 msDefaultImage\" \/><\/li>\n                <li style=\"display: none; width: 100%;\" class=\"slide-596 ms-image\" aria-roledescription=\"slide\" data-date=\"2014-10-12 05:43:44\" data-filename=\"Szkolenie-W\u00f3zki-wid\u0142owe1.jpg\" data-slide-type=\"image\"><img loading=\"lazy\" decoding=\"async\" src=\"https:\/\/szkolenia-udt.pl\/wp-content\/uploads\/2014\/10\/Szkolenie-W\u00f3zki-wid\u0142owe1.jpg\" height=\"225\" width=\"300\" alt=\"\" class=\"slider-584 slide-596 msDefaultImage\" \/><\/li>\n                <li style=\"display: none; width: 100%;\" class=\"slide-685 ms-image\" aria-roledescription=\"slide\" data-date=\"2014-10-12 11:03:23\" data-filename=\"Kursy-urz\u0105dzenia-manipulacji-kontenerami.jpg\" data-slide-type=\"image\"><img loading=\"lazy\" decoding=\"async\" src=\"https:\/\/szkolenia-udt.pl\/wp-content\/uploads\/2014\/10\/Kursy-urz\u0105dzenia-manipulacji-kontenerami.jpg\" height=\"225\" width=\"300\" alt=\"Utbildningscenter f\u00f6r operat\u00f6rer Warszawa\" class=\"slider-584 slide-685 msDefaultImage\" \/><\/li>\n                <li style=\"display: none; width: 100%;\" class=\"slide-679 ms-image\" aria-roledescription=\"slide\" data-date=\"2014-10-12 10:48:10\" data-filename=\"OSO-Warszawa2.jpg\" data-slide-type=\"image\"><img loading=\"lazy\" decoding=\"async\" src=\"https:\/\/szkolenia-udt.pl\/wp-content\/uploads\/2014\/10\/OSO-Warszawa2.jpg\" height=\"225\" width=\"300\" alt=\"\" class=\"slider-584 slide-679 msDefaultImage\" \/><\/li>\n            <\/ul>\n        <\/div>\n        \n    <\/div>\n<\/div><\/div>\n<h2 class=\"boldnagl\"><strong>Arbetsuppgifter efter arbetstid<\/strong><\/h2>\n<ul>\n<li>f\u00e4lla kranen till transportl\u00e4ge<\/li>\n<li>f\u00e4lla upp st\u00f6den i transportl\u00e4ge och s\u00e4kra dem<\/li>\n<li>kontroll av att lasten inte utg\u00f6r n\u00e5gon fara<\/li>\n<li>eskortera fordonet till garaget<\/li>\n<li>reng\u00f6ring av arbetselement fr\u00e5n smuts<\/li>\n<li>s\u00e4kra utrustningen mot anv\u00e4ndning av ol\u00e4mpliga personer som inte \u00e4r HDS-beh\u00f6riga<\/li>\n<li>\u00f6verl\u00e4mnande av handlingar till en beh\u00f6rig person<\/li>\n<\/ul>\n<p>Under den kontinuerliga driften av kranen b\u00f6r operat\u00f6ren st\u00e4ndigt \u00f6vervaka dess skick. N\u00e4r faror uppst\u00e5r \u00e4r det n\u00f6dv\u00e4ndigt att reagera omedelbart f\u00f6r att f\u00f6rhindra en olycka. Genom att f\u00f6lja de regler som anges ovan kan operat\u00f6ren arbeta p\u00e5 ett s\u00e4kert s\u00e4tt och d\u00e4rmed inte utg\u00f6ra n\u00e5gon risk f\u00f6r sig sj\u00e4lv, andra arbetare eller milj\u00f6n.<\/p>\n<\/div>","protected":false},"excerpt":{"rendered":"<p>Operator \u017curawia prze\u0142adunkowego musi posiada\u0107 odpowiednie uprawnienia HDS. Nadawane s\u0105 one osobom, kt\u00f3re zako\u0144czy\u0142y kurs HDS i pozytywnie zaliczy\u0142y egzamin przed komisj\u0105 UDT.Operator urz\u0105dzenia nie mo\u017ce przyst\u0105pi\u0107 do pracy od razu. Jego obowi\u0105zki dzieli si\u0119 na te do wykonania przed, w trakcie oraz po zako\u0144czeniu pracy \u2013 uczy o nich ka\u017cdy kurs HDS. Obowi\u0105zki przed [&hellip;]<\/p>\n","protected":false},"author":3,"featured_media":0,"parent":1116,"menu_order":0,"comment_status":"closed","ping_status":"closed","template":"","meta":{"footnotes":""},"class_list":["post-1131","page","type-page","status-publish","hentry"],"aioseo_notices":[],"_links":{"self":[{"href":"https:\/\/szkolenia-udt.pl\/sv\/wp-json\/wp\/v2\/pages\/1131","targetHints":{"allow":["GET"]}}],"collection":[{"href":"https:\/\/szkolenia-udt.pl\/sv\/wp-json\/wp\/v2\/pages"}],"about":[{"href":"https:\/\/szkolenia-udt.pl\/sv\/wp-json\/wp\/v2\/types\/page"}],"author":[{"embeddable":true,"href":"https:\/\/szkolenia-udt.pl\/sv\/wp-json\/wp\/v2\/users\/3"}],"replies":[{"embeddable":true,"href":"https:\/\/szkolenia-udt.pl\/sv\/wp-json\/wp\/v2\/comments?post=1131"}],"version-history":[{"count":7,"href":"https:\/\/szkolenia-udt.pl\/sv\/wp-json\/wp\/v2\/pages\/1131\/revisions"}],"predecessor-version":[{"id":2237,"href":"https:\/\/szkolenia-udt.pl\/sv\/wp-json\/wp\/v2\/pages\/1131\/revisions\/2237"}],"up":[{"embeddable":true,"href":"https:\/\/szkolenia-udt.pl\/sv\/wp-json\/wp\/v2\/pages\/1116"}],"wp:attachment":[{"href":"https:\/\/szkolenia-udt.pl\/sv\/wp-json\/wp\/v2\/media?parent=1131"}],"curies":[{"name":"wp","href":"https:\/\/api.w.org\/{rel}","templated":true}]}}