{"id":1136,"date":"2014-11-12T14:56:24","date_gmt":"2014-11-12T14:56:24","guid":{"rendered":"http:\/\/szkolenia-udt.pl\/?page_id=1136"},"modified":"2021-07-19T22:12:56","modified_gmt":"2021-07-19T22:12:56","slug":"kranar-hds-2","status":"publish","type":"page","link":"https:\/\/szkolenia-udt.pl\/sv\/dzwignice\/zurawie-hds\/","title":{"rendered":"HDS kranar"},"content":{"rendered":"<div style=\"float: left; padding-right: 10px;\"><div id=\"metaslider-id-642\" style=\"max-width: 300px;\" class=\"ml-slider-3-107-0 metaslider metaslider-flex metaslider-642 ml-slider ms-theme-default nav-hidden\" role=\"region\" aria-label=\"Kranar\" data-height=\"225\" data-width=\"300\">\n    <div id=\"metaslider_container_642\">\n        <div id=\"metaslider_642\">\n            <ul class='slides'>\n                <li style=\"display: block; width: 100%;\" class=\"slide-647 ms-image\" aria-roledescription=\"slide\" data-date=\"2014-10-12 09:52:02\" data-filename=\"O\u015brodek-Szkolenia-Operator\u00f3w.jpg\" data-slide-type=\"image\"><img loading=\"lazy\" decoding=\"async\" src=\"https:\/\/szkolenia-udt.pl\/wp-content\/uploads\/2014\/10\/O\u015brodek-Szkolenia-Operator\u00f3w.jpg\" height=\"225\" width=\"300\" alt=\"\" class=\"slider-642 slide-647 msDefaultImage\" \/><\/li>\n                <li style=\"display: none; width: 100%;\" class=\"slide-649 ms-image\" aria-roledescription=\"slide\" data-date=\"2014-10-12 09:52:03\" data-filename=\"Szkolenie-d\u017awigi.jpg\" data-slide-type=\"image\"><img loading=\"lazy\" decoding=\"async\" src=\"https:\/\/szkolenia-udt.pl\/wp-content\/uploads\/2014\/10\/Szkolenie-d\u017awigi.jpg\" height=\"225\" width=\"300\" alt=\"Kranbana\" class=\"slider-642 slide-649 msDefaultImage\" \/><\/li>\n                <li style=\"display: none; width: 100%;\" class=\"slide-650 ms-image\" aria-roledescription=\"slide\" data-date=\"2014-10-12 09:52:03\" data-filename=\"Uprawnienia-UDT1.jpg\" data-slide-type=\"image\"><img loading=\"lazy\" decoding=\"async\" src=\"https:\/\/szkolenia-udt.pl\/wp-content\/uploads\/2014\/10\/Uprawnienia-UDT1.jpg\" height=\"225\" width=\"300\" alt=\"\" class=\"slider-642 slide-650 msDefaultImage\" \/><\/li>\n                <li style=\"display: none; width: 100%;\" class=\"slide-648 ms-image\" aria-roledescription=\"slide\" data-date=\"2014-10-12 09:52:02\" data-filename=\"szkolenia-d\u017awigi.jpg\" data-slide-type=\"image\"><img loading=\"lazy\" decoding=\"async\" src=\"https:\/\/szkolenia-udt.pl\/wp-content\/uploads\/2014\/10\/szkolenia-d\u017awigi.jpg\" height=\"225\" width=\"300\" alt=\"Utbildningscentrum f\u00f6r operat\u00f6rer\" class=\"slider-642 slide-648 msDefaultImage\" \/><\/li>\n                <li style=\"display: none; width: 100%;\" class=\"slide-651 ms-image\" aria-roledescription=\"slide\" data-date=\"2014-10-12 09:52:04\" data-filename=\"zdj\u0119cie-d\u017awig.jpg\" data-slide-type=\"image\"><img loading=\"lazy\" decoding=\"async\" src=\"https:\/\/szkolenia-udt.pl\/wp-content\/uploads\/2014\/10\/zdj\u0119cie-d\u017awig.jpg\" height=\"225\" width=\"300\" alt=\"Kranutbildning. UDT-auktorisationer\" class=\"slider-642 slide-651 msDefaultImage\" \/><\/li>\n            <\/ul>\n        <\/div>\n        \n    <\/div>\n<\/div><\/div>\n<div class=\"wyjustuj\">\n<p>HDS - en hydraulisk lastbilskran \u00e4r en anordning som vanligtvis anv\u00e4nds vid hanteringsarbete. HDS \u00e4r en hanteringskran som ing\u00e5r i kategorin kranar. Enligt standarden PN-EN 12999 \u00e4r en kran en kran utrustad med en lastb\u00e4rande konstruktion som r\u00f6r sig vertikalt f\u00f6r att lyfta och s\u00e4nka lasten och horisontellt f\u00f6r att rotera konstruktionen och \u00e4ndra dess r\u00e4ckvidd. Omlastningskranar - HDS-kranar \u00e4r mekaniskt drivna enheter som best\u00e5r av en pelare som roterar p\u00e5 en bas och ett jibbsystem som sitter ovanp\u00e5 pelaren. Hanteringskranarna \u00e4r monterade p\u00e5 sl\u00e4pvagnar eller direkt p\u00e5 fordon. Dessa kranar ing\u00e5r i gruppen mobilkranar och omfattas av Byr\u00e5n f\u00f6r teknisk inspektion.<\/p>\n<h2><strong>Kranar delas in i f\u00f6ljande kategorier:<\/strong><\/h2>\n<ul>\n<li>kranar f\u00f6r allm\u00e4nt bruk som \u00e4r fast monterade p\u00e5 fordonet<\/li>\n<li>Virkeslastningskranar, som \u00e4ven kallas \"skogskranar\".<\/li>\n<li>kranar monterade p\u00e5 fordonet bakom f\u00f6rarhytten<\/li>\n<li>kranar monterade p\u00e5 fordonet bakom lastflaket, vid fordonets bakre del<\/li>\n<li>kranar monterade i mitten av fordonets lastutrymme<\/li>\n<li>kranar monterade p\u00e5 sl\u00e4pvagnar<\/li>\n<li>kranar monterade p\u00e5 traktorer<\/li>\n<\/ul>\n<h2><strong>De grundl\u00e4ggande elementen i konstruktionen av en dockningskran \u00e4r<\/strong><\/h2>\n<ul>\n<li>st\u00f6dmontering - st\u00f6den \u00e4r utformade f\u00f6r att stabilisera utrustningen och skydda den mot olyckor<\/li>\n<li>basmontering - basen \u00e4r den komponent p\u00e5 vilken apparatens pelare \u00e4r placerad<\/li>\n<li>pelarmontering - kranens jibbsystem \u00e4r f\u00e4st vid pelaren och horisontella r\u00f6relser utf\u00f6rs genom den - rotation av jibbsystemet<\/li>\n<li>jibbenhet - en komponent som f\u00f6rl\u00e4ngs manuellt eller hydrauliskt, vilket \u00e4ndrar r\u00e4ckviddens l\u00e4ngd<\/li>\n<li>Tillbeh\u00f6r - sling, rep, krokar f\u00f6r lasts\u00e4kring.<\/li>\n<\/ul>\n<p>F\u00f6r att f\u00e5 k\u00f6ra en lyftkran m\u00e5ste operat\u00f6ren ha genomg\u00e5tt en <a href=\"https:\/\/szkolenia-udt.pl\/sv\/kursy\/hds\/\">HDS-kurs<\/a> och HDS-tillst\u00e5nd, som utf\u00e4rdas efter godk\u00e4nt prov inf\u00f6r en n\u00e4mnd inom Office of Technical Inspection. En person som inte har ett HDS-tillst\u00e5nd f\u00e5r inte anv\u00e4nda utrustningen. HDS-kursen best\u00e5r av en teoretisk del och en praktisk del, som tillsammans l\u00e4r deltagaren hur man anv\u00e4nder enheten p\u00e5 r\u00e4tt s\u00e4tt.<\/p>\n<\/div>","protected":false},"excerpt":{"rendered":"<p>HDS \u2013 hydrauliczny d\u017awig samochodowy to urz\u0105dzenie wykorzystywane powszechnie w pracach prze\u0142adunkowych. HDS to \u017curaw prze\u0142adunkowi zaliczany do kategorii d\u017awignic. Zgodnie z norm\u0105 PN-EN 12999 \u017curaw to d\u017awignica, kt\u00f3ra jest wyposa\u017cona w ustr\u00f3j no\u015bny wykonuj\u0105cy ruchy na p\u0142aszczy\u017anie pionowej jako ruchy podnoszenia i opuszczania \u0142adunku i poziomej jako ruchy obracania konstrukcji i zmiany wysi\u0119gu. \u017burawiami [&hellip;]<\/p>\n","protected":false},"author":3,"featured_media":647,"parent":69,"menu_order":0,"comment_status":"closed","ping_status":"closed","template":"","meta":{"footnotes":""},"class_list":["post-1136","page","type-page","status-publish","has-post-thumbnail","hentry"],"aioseo_notices":[],"_links":{"self":[{"href":"https:\/\/szkolenia-udt.pl\/sv\/wp-json\/wp\/v2\/pages\/1136","targetHints":{"allow":["GET"]}}],"collection":[{"href":"https:\/\/szkolenia-udt.pl\/sv\/wp-json\/wp\/v2\/pages"}],"about":[{"href":"https:\/\/szkolenia-udt.pl\/sv\/wp-json\/wp\/v2\/types\/page"}],"author":[{"embeddable":true,"href":"https:\/\/szkolenia-udt.pl\/sv\/wp-json\/wp\/v2\/users\/3"}],"replies":[{"embeddable":true,"href":"https:\/\/szkolenia-udt.pl\/sv\/wp-json\/wp\/v2\/comments?post=1136"}],"version-history":[{"count":5,"href":"https:\/\/szkolenia-udt.pl\/sv\/wp-json\/wp\/v2\/pages\/1136\/revisions"}],"predecessor-version":[{"id":2385,"href":"https:\/\/szkolenia-udt.pl\/sv\/wp-json\/wp\/v2\/pages\/1136\/revisions\/2385"}],"up":[{"embeddable":true,"href":"https:\/\/szkolenia-udt.pl\/sv\/wp-json\/wp\/v2\/pages\/69"}],"wp:featuredmedia":[{"embeddable":true,"href":"https:\/\/szkolenia-udt.pl\/sv\/wp-json\/wp\/v2\/media\/647"}],"wp:attachment":[{"href":"https:\/\/szkolenia-udt.pl\/sv\/wp-json\/wp\/v2\/media?parent=1136"}],"curies":[{"name":"wp","href":"https:\/\/api.w.org\/{rel}","templated":true}]}}