{"id":1148,"date":"2014-11-12T19:22:01","date_gmt":"2014-11-12T19:22:01","guid":{"rendered":"http:\/\/szkolenia-udt.pl\/?page_id=1148"},"modified":"2021-06-27T22:04:15","modified_gmt":"2021-06-27T22:04:15","slug":"utbildning-i-revision-av-udt","status":"publish","type":"page","link":"https:\/\/szkolenia-udt.pl\/sv\/kursy\/szkolenie-audytorskie-udt\/","title":{"rendered":"Revisionsutbildning av Office of Technical Inspection"},"content":{"rendered":"<div style=\"float: left; padding-right: 10px;\"><div id=\"metaslider-id-373\" style=\"max-width: 300px;\" class=\"ml-slider-3-108-0 metaslider metaslider-flex metaslider-373 ml-slider ms-theme-default nav-hidden\" role=\"region\" aria-label=\"Om f\u00f6retaget 2\" data-height=\"225\" data-width=\"300\">\n    <div id=\"metaslider_container_373\">\n        <div id=\"metaslider_373\">\n            <ul class='slides'>\n                <li style=\"display: block; width: 100%;\" class=\"slide-1109 ms-image\" aria-roledescription=\"slide\" data-date=\"2014-11-12 13:56:05\" data-filename=\"bizness3a.jpg\" data-slide-type=\"image\"><img loading=\"lazy\" decoding=\"async\" src=\"https:\/\/szkolenia-udt.pl\/wp-content\/uploads\/2014\/11\/bizness3a.jpg\" height=\"225\" width=\"300\" alt=\"utbildning\" class=\"slider-373 slide-1109 msDefaultImage\" \/><\/li>\n                <li style=\"display: none; width: 100%;\" class=\"slide-1106 ms-image\" aria-roledescription=\"slide\" data-date=\"2014-11-12 13:56:03\" data-filename=\"biznes5a.jpg\" data-slide-type=\"image\"><img loading=\"lazy\" decoding=\"async\" src=\"https:\/\/szkolenia-udt.pl\/wp-content\/uploads\/2014\/11\/biznes5a.jpg\" height=\"225\" width=\"300\" alt=\"Myndighet f\u00f6r teknisk kontroll.\" class=\"slider-373 slide-1106 msDefaultImage\" \/><\/li>\n                <li style=\"display: none; width: 100%;\" class=\"slide-1110 ms-image\" aria-roledescription=\"slide\" data-date=\"2014-11-12 14:04:12\" data-filename=\"meeting-2a.jpg\" data-slide-type=\"image\"><img loading=\"lazy\" decoding=\"async\" src=\"https:\/\/szkolenia-udt.pl\/wp-content\/uploads\/2014\/11\/meeting-2a.jpg\" height=\"225\" width=\"300\" alt=\"udt-kurser\" class=\"slider-373 slide-1110 msDefaultImage\" \/><\/li>\n                <li style=\"display: none; width: 100%;\" class=\"slide-1199 ms-image\" aria-roledescription=\"slide\" data-date=\"2014-11-17 21:17:06\" data-filename=\"firma-5a.jpg\" data-slide-type=\"image\"><img loading=\"lazy\" decoding=\"async\" src=\"https:\/\/szkolenia-udt.pl\/wp-content\/uploads\/2014\/11\/firma-5a.jpg\" height=\"225\" width=\"300\" alt=\"warsaw lyftvagnar\" class=\"slider-373 slide-1199 msDefaultImage\" \/><\/li>\n                <li style=\"display: none; width: 100%;\" class=\"slide-1196 ms-image\" aria-roledescription=\"slide\" data-date=\"2014-11-17 21:17:04\" data-filename=\"Firma-2a.jpg\" data-slide-type=\"image\"><img loading=\"lazy\" decoding=\"async\" src=\"https:\/\/szkolenia-udt.pl\/wp-content\/uploads\/2014\/11\/Firma-2a.jpg\" height=\"225\" width=\"300\" alt=\"\" class=\"slider-373 slide-1196 msDefaultImage\" \/><\/li>\n            <\/ul>\n        <\/div>\n        \n    <\/div>\n<\/div><\/div>\n<div class=\"wyjustuj\">\n<p>Vi vill bjuda in dig till att granska UDT-utbildningar som \u00e4r utformade f\u00f6r personer som arbetar med \u00f6vervakning av teknisk utrustning som \u00e4r f\u00f6rem\u00e5l f\u00f6r teknisk \u00f6vervakning - alla kontroll-, underh\u00e5lls- och s\u00e4kerhetsspecialister och andra tekniska enheter. Genom att v\u00e4lja v\u00e5rt erbjudande kan du vara s\u00e4ker p\u00e5 att klasserna kommer att ledas av instrukt\u00f6rer med m\u00e5nga \u00e5rs erfarenhet inom sitt yrke och kommer att t\u00e4cka den fullst\u00e4ndiga kunskap som beh\u00f6vs f\u00f6r att arbeta p\u00e5 positionen.<\/p>\n<h2 class=\"boldnagl\"><strong>Syftet med utbildningen<\/strong><\/h2>\n<p>Utbildningen syftar till att uppdatera kunskaper och f\u00e4rdigheter om aktuella nationella tekniska tillsynsf\u00f6reskrifter, direktiv och utrustningsstandarder i linje med den senaste utvecklingen.<\/p>\n<h2 class=\"boldnagl\"><strong>F\u00f6r vem?<\/strong><\/h2>\n<p>Utbildningen riktar sig till personer med ansvar f\u00f6r teknisk utrustning som anv\u00e4nds i arbets-, service- och produktionsprocesser, bearbetning och lagring, inklusive kontroll- och underh\u00e5llspersonal samt specialister p\u00e5 teknik- och s\u00e4kerhetsceller.<\/p>\n<h2 class=\"boldnagl\"><strong>Utbildningsprogram<\/strong><\/h2>\n<p>Det utbildningsprogram som vi har tagit fram inneh\u00e5ller alla viktiga delar som beh\u00f6vs f\u00f6r att uppdatera dina kunskaper om underh\u00e5ll av utrustning som omfattas av UDT. Vi visar dig hur du anv\u00e4nder informationen effektivt i ditt dagliga arbete.<\/p>\n<p>Ramverk f\u00f6r utbildning:<\/p>\n<ul>\n<li>den aktuella lagstiftningen (standarder, direktiv och sektorsspecifika f\u00f6rordningar)<\/li>\n<li>tolkning av reglerna<\/li>\n<li>f\u00f6rfaranden som anv\u00e4nds p\u00e5 arbetsplatsen<\/li>\n<li>organisatoriska och tekniska \u00e5tg\u00e4rder f\u00f6r att minimera riskerna<\/li>\n<li>metod f\u00f6r bed\u00f6mning av risken f\u00f6r en farlig skada eller olycka<\/li>\n<li>uppr\u00e4tth\u00e5lla den tekniska utrustningens kontinuerliga drift och tillf\u00f6rlitlighet<\/li>\n<li>Analys av olyckor och tillbud<\/li>\n<li>praktiska \u00f6vningar i form av workshops<\/li>\n<li>paneldiskussion med experter<\/li>\n<\/ul>\n<p>Utbildningarna \u00e4r modulbaserade s\u00e5 att programmet kan skr\u00e4ddarsys individuellt efter kundens behov. I workshopparna finns det m\u00f6jlighet att l\u00f6sa problem relaterade till kundens arbetsplatser och att skapa procedurbeskrivningar och checklistor.<\/p>\n<h2 class=\"boldnagl\"><strong>Pris f\u00f6r utbildning<\/strong><\/h2>\n<p>Priset f\u00f6r utbildningen fastst\u00e4lls individuellt - kontakta oss f\u00f6r en individuell offert. Utbildningen anordnas p\u00e5 en plats som \u00f6verenskommits med kunden.<\/p>\n<h2 class=\"boldnagl\"><strong>Om oss<\/strong><\/h2>\n<p>Vi \u00e4r ett utbildningsf\u00f6retag med m\u00e5nga \u00e5rs erfarenhet inom v\u00e5rt omr\u00e5de. Vi har redan utbildat tusentals personer och \u00e5tnjuter ett stort f\u00f6rtroende bland v\u00e5ra kunder. Vi \u00e4r fast beslutna att erbjuda den h\u00f6gsta serviceniv\u00e5n, s\u00e5 vi hoppas att den ocks\u00e5 uppfyller dina f\u00f6rv\u00e4ntningar.<\/p>\n<p>Om du har n\u00e5gra fr\u00e5gor om v\u00e5rt erbjudande, <a href=\"https:\/\/szkolenia-udt.pl\/sv\/kontakt\/\">Du \u00e4r v\u00e4lkommen att kontakta oss<\/a> - vi kommer att klarg\u00f6ra alla dina tvivel.<\/p>\n<p>Vi inbjuder dig att anv\u00e4nda dig av <a href=\"https:\/\/szkolenia-udt.pl\/sv\/oferta\/\">v\u00e5ra tj\u00e4nster<\/a>!<\/p>\n<\/div>","protected":false},"excerpt":{"rendered":"<p>Zapraszamy na szkolenia audytorskie UDT przeznaczone dla os\u00f3b zajmuj\u0105cych si\u0119 nadzorem urz\u0105dze\u0144 technicznych, kt\u00f3re podlegaj\u0105 pod doz\u00f3r techniczny \u2013 wszystkich pracownik\u00f3w kontroli, utrzymania ruchu oraz specjalist\u00f3w bezpiecze\u0144stwa i innych kom\u00f3rek technicznych. Wybieraj\u0105c nasz\u0105 ofert\u0119, maj\u0105 Pa\u0144stwo pewno\u015b\u0107, \u017ce zaj\u0119cia b\u0119d\u0105 prowadzone przez instruktor\u00f3w z wieloletnim do\u015bwiadczeniem w swoim zawodzie i b\u0119d\u0105 obejmowa\u0142y kompletn\u0105 wiedz\u0119 potrzebn\u0105 [&hellip;]<\/p>\n","protected":false},"author":3,"featured_media":0,"parent":22,"menu_order":30,"comment_status":"closed","ping_status":"closed","template":"","meta":{"footnotes":""},"class_list":["post-1148","page","type-page","status-publish","hentry"],"aioseo_notices":[],"_links":{"self":[{"href":"https:\/\/szkolenia-udt.pl\/sv\/wp-json\/wp\/v2\/pages\/1148","targetHints":{"allow":["GET"]}}],"collection":[{"href":"https:\/\/szkolenia-udt.pl\/sv\/wp-json\/wp\/v2\/pages"}],"about":[{"href":"https:\/\/szkolenia-udt.pl\/sv\/wp-json\/wp\/v2\/types\/page"}],"author":[{"embeddable":true,"href":"https:\/\/szkolenia-udt.pl\/sv\/wp-json\/wp\/v2\/users\/3"}],"replies":[{"embeddable":true,"href":"https:\/\/szkolenia-udt.pl\/sv\/wp-json\/wp\/v2\/comments?post=1148"}],"version-history":[{"count":11,"href":"https:\/\/szkolenia-udt.pl\/sv\/wp-json\/wp\/v2\/pages\/1148\/revisions"}],"predecessor-version":[{"id":2224,"href":"https:\/\/szkolenia-udt.pl\/sv\/wp-json\/wp\/v2\/pages\/1148\/revisions\/2224"}],"up":[{"embeddable":true,"href":"https:\/\/szkolenia-udt.pl\/sv\/wp-json\/wp\/v2\/pages\/22"}],"wp:attachment":[{"href":"https:\/\/szkolenia-udt.pl\/sv\/wp-json\/wp\/v2\/media?parent=1148"}],"curies":[{"name":"wp","href":"https:\/\/api.w.org\/{rel}","templated":true}]}}