{"id":1153,"date":"2014-11-12T19:25:11","date_gmt":"2014-11-12T19:25:11","guid":{"rendered":"http:\/\/szkolenia-udt.pl\/?page_id=1153"},"modified":"2022-10-21T15:46:08","modified_gmt":"2022-10-21T13:46:08","slug":"ambulifty","status":"publish","type":"page","link":"https:\/\/szkolenia-udt.pl\/sv\/kursy\/lotnictwo\/ambulifty\/","title":{"rendered":"Ambuliftutbildning"},"content":{"rendered":"<div style=\"float: left; padding-right: 10px;\"><div id=\"metaslider-id-1328\" style=\"max-width: 300px;\" class=\"ml-slider-3-107-0 metaslider metaslider-flex metaslider-1328 ml-slider ms-theme-default nav-hidden\" role=\"region\" aria-label=\"Ambu\" data-height=\"225\" data-width=\"300\">\n    <div id=\"metaslider_container_1328\">\n        <div id=\"metaslider_1328\">\n            <ul class='slides'>\n                <li style=\"display: block; width: 100%;\" class=\"slide-1350 ms-image\" aria-roledescription=\"slide\" data-date=\"2015-07-10 09:17:39\" data-filename=\"resSideBull-PRM_Ambulift_docked_7252.jpg\" data-slide-type=\"image\"><img loading=\"lazy\" decoding=\"async\" src=\"https:\/\/szkolenia-udt.pl\/wp-content\/uploads\/2015\/07\/resSideBull-PRM_Ambulift_docked_7252.jpg\" height=\"225\" width=\"300\" alt=\"\" class=\"slider-1328 slide-1350 msDefaultImage\" \/><\/li>\n                <li style=\"display: none; width: 100%;\" class=\"slide-1348 ms-image\" aria-roledescription=\"slide\" data-date=\"2015-07-10 09:17:38\" data-filename=\"resambulift-DSCN0928.jpg\" data-slide-type=\"image\"><img loading=\"lazy\" decoding=\"async\" src=\"https:\/\/szkolenia-udt.pl\/wp-content\/uploads\/2015\/07\/resambulift-DSCN0928.jpg\" height=\"225\" width=\"300\" alt=\"\" class=\"slider-1328 slide-1348 msDefaultImage\" \/><\/li>\n                <li style=\"display: none; width: 100%;\" class=\"slide-1349 ms-image\" aria-roledescription=\"slide\" data-date=\"2015-07-10 09:17:38\" data-filename=\"resAviogei_Ambulift_EAU_1500.jpg\" data-slide-type=\"image\"><img loading=\"lazy\" decoding=\"async\" src=\"https:\/\/szkolenia-udt.pl\/wp-content\/uploads\/2015\/07\/resAviogei_Ambulift_EAU_1500.jpg\" height=\"225\" width=\"300\" alt=\"\" class=\"slider-1328 slide-1349 msDefaultImage\" \/><\/li>\n                <li style=\"display: none; width: 100%;\" class=\"slide-1347 ms-image\" aria-roledescription=\"slide\" data-date=\"2015-07-10 09:17:37\" data-filename=\"resambulift-DSC_0332.jpg\" data-slide-type=\"image\"><img loading=\"lazy\" decoding=\"async\" src=\"https:\/\/szkolenia-udt.pl\/wp-content\/uploads\/2015\/07\/resambulift-DSC_0332.jpg\" height=\"225\" width=\"300\" alt=\"\" class=\"slider-1328 slide-1347 msDefaultImage\" \/><\/li>\n            <\/ul>\n        <\/div>\n        \n    <\/div>\n<\/div><\/div>\n<div class=\"wyjustuj\">\n<p>Vi bjuder in dig till v\u00e5ra kurser f\u00f6r ambuliftoperat\u00f6rer - v\u00e5r utbildning omfattar ett brett spektrum av kunskaper och f\u00e4rdigheter som syftar till att l\u00e4ra dig hur man s\u00e4kert hanterar personer med funktionsneds\u00e4ttning vid ombordstigning och avstigning fr\u00e5n flygplan.<\/p>\n<h2 class=\"boldnagl\"><strong>Syftet med utbildningen<\/strong><\/h2>\n<p>Flygbolagen \u00e4r skyldiga att f\u00f6lja EU:s f\u00f6rordning 1107\/2006 av den 5 juli 2006 om r\u00e4ttigheter f\u00f6r passagerare med funktionshinder och nedsatt r\u00f6rlighet. Flygplatspersonalen b\u00f6r vara beredd att hj\u00e4lpa personer med funktionshinder.<\/p>\n<p>Huvudsyftet med utbildningen \u00e4r att l\u00e4ra sig hur man korrekt hj\u00e4lper funktionshindrade personer som anv\u00e4nder rullstol vid ombordstigning och avstigning, och hur man placerar rullstolar och andra mobilitetshj\u00e4lpmedel p\u00e5 ett s\u00e4kert s\u00e4tt ombord p\u00e5 flygplan.<\/p>\n<h3 class=\"boldnagl\"><strong>Program<\/strong><\/h3>\n<p>Utbildningen till ambuliftf\u00f6rare omfattar teoretiska kunskaper och praktiska \u00f6vningar. Under kursen f\u00e5r deltagarna information om hur man p\u00e5 ett s\u00e4kert och lagligt s\u00e4tt hj\u00e4lper personer med funktionsneds\u00e4ttning vid ombordstigning och avstigning. Utbildningen avslutas med en examination inf\u00f6r en kommission fr\u00e5n Office of Technical Inspection.<\/p>\n<h3 class=\"boldnagl\"><strong>Pris f\u00f6r utbildning<\/strong><\/h3>\n<p>Priset f\u00f6r utbildning av ambuliftf\u00f6rare fastst\u00e4lls individuellt - kontakta oss f\u00f6r en individuell offert. Vi genomf\u00f6r utbildningar p\u00e5 en plats som \u00f6verenskommits med kunden.<\/p>\n<h3 class=\"boldnagl\"><strong>Om oss<\/strong><\/h3>\n<p>Vi \u00e4r ett utbildningsf\u00f6retag med m\u00e5nga \u00e5rs erfarenhet inom v\u00e5rt omr\u00e5de. Vi har redan utbildat tusentals personer och \u00e5tnjuter ett stort f\u00f6rtroende bland v\u00e5ra kunder. Vi \u00e4r fast beslutna att erbjuda den h\u00f6gsta serviceniv\u00e5n, s\u00e5 vi hoppas att den ocks\u00e5 uppfyller dina f\u00f6rv\u00e4ntningar.<\/p>\n<p>Om du har n\u00e5gra fr\u00e5gor om v\u00e5rt erbjudande, <a href=\"https:\/\/szkolenia-udt.pl\/sv\/kontakt\/\">Du \u00e4r v\u00e4lkommen att kontakta oss<\/a> - vi kommer att klarg\u00f6ra alla dina tvivel.<\/p>\n<p>Vi inbjuder dig att anv\u00e4nda dig av <a href=\"https:\/\/szkolenia-udt.pl\/sv\/oferta\/\">v\u00e5ra tj\u00e4nster<\/a>!<\/p>\n<\/div>","protected":false},"excerpt":{"rendered":"<p>Zapraszamy Pa\u0144stwa na szkolenia dla operator\u00f3w ambulift\u00f3w \u2013 nasze szkolenie obejmuje szerok\u0105 wiedz\u0119 i umiej\u0119tno\u015bci, kt\u00f3rych celem jest nauka bezpiecznej obs\u0142ugi os\u00f3b niepe\u0142nosprawnych przy wsiadaniu i wysiadaniu z samolot\u00f3w. Cel szkolenia Przewo\u017anicy lotniczy s\u0105 zobowi\u0105zani do stosowania si\u0119 do rozporz\u0105dzenia UE nr 1107\/2006 z dnia 5 lipca 2006 o prawach pasa\u017cer\u00f3w niepe\u0142nosprawnych i o ograniczonej [&hellip;]<\/p>\n","protected":false},"author":3,"featured_media":3418,"parent":1288,"menu_order":40,"comment_status":"closed","ping_status":"closed","template":"","meta":{"footnotes":""},"class_list":["post-1153","page","type-page","status-publish","has-post-thumbnail","hentry"],"aioseo_notices":[],"_links":{"self":[{"href":"https:\/\/szkolenia-udt.pl\/sv\/wp-json\/wp\/v2\/pages\/1153","targetHints":{"allow":["GET"]}}],"collection":[{"href":"https:\/\/szkolenia-udt.pl\/sv\/wp-json\/wp\/v2\/pages"}],"about":[{"href":"https:\/\/szkolenia-udt.pl\/sv\/wp-json\/wp\/v2\/types\/page"}],"author":[{"embeddable":true,"href":"https:\/\/szkolenia-udt.pl\/sv\/wp-json\/wp\/v2\/users\/3"}],"replies":[{"embeddable":true,"href":"https:\/\/szkolenia-udt.pl\/sv\/wp-json\/wp\/v2\/comments?post=1153"}],"version-history":[{"count":9,"href":"https:\/\/szkolenia-udt.pl\/sv\/wp-json\/wp\/v2\/pages\/1153\/revisions"}],"predecessor-version":[{"id":2376,"href":"https:\/\/szkolenia-udt.pl\/sv\/wp-json\/wp\/v2\/pages\/1153\/revisions\/2376"}],"up":[{"embeddable":true,"href":"https:\/\/szkolenia-udt.pl\/sv\/wp-json\/wp\/v2\/pages\/1288"}],"wp:featuredmedia":[{"embeddable":true,"href":"https:\/\/szkolenia-udt.pl\/sv\/wp-json\/wp\/v2\/media\/3418"}],"wp:attachment":[{"href":"https:\/\/szkolenia-udt.pl\/sv\/wp-json\/wp\/v2\/media?parent=1153"}],"curies":[{"name":"wp","href":"https:\/\/api.w.org\/{rel}","templated":true}]}}