{"id":1305,"date":"2015-03-30T19:50:34","date_gmt":"2015-03-30T19:50:34","guid":{"rendered":"http:\/\/szkolenia-udt.pl\/?page_id=1305"},"modified":"2022-10-21T15:42:55","modified_gmt":"2022-10-21T13:42:55","slug":"avisningsmaskiner","status":"publish","type":"page","link":"https:\/\/szkolenia-udt.pl\/sv\/kursy\/lotnictwo\/odladzarki\/","title":{"rendered":"Kurser om avisningsmedel"},"content":{"rendered":"<div style=\"float: left; padding-right: 10px;\"><div id=\"metaslider-id-1321\" style=\"max-width: 300px;\" class=\"ml-slider-3-108-0 metaslider metaslider-flex metaslider-1321 ml-slider ms-theme-default nav-hidden\" role=\"region\" aria-label=\"Maskiner f\u00f6r avisning\" data-height=\"225\" data-width=\"300\">\n    <div id=\"metaslider_container_1321\">\n        <div id=\"metaslider_1321\">\n            <ul class='slides'>\n                <li style=\"display: block; width: 100%;\" class=\"slide-1375 ms-image\" aria-roledescription=\"slide\" data-date=\"2015-07-10 13:24:51\" data-filename=\"resodladzarki_spraying-on-wing-of-plane.jpg\" data-slide-type=\"image\"><img loading=\"lazy\" decoding=\"async\" src=\"https:\/\/szkolenia-udt.pl\/wp-content\/uploads\/2015\/07\/resodladzarki_spraying-on-wing-of-plane.jpg\" height=\"225\" width=\"300\" alt=\"\" class=\"slider-1321 slide-1375 msDefaultImage\" \/><\/li>\n                <li style=\"display: none; width: 100%;\" class=\"slide-1374 ms-image\" aria-roledescription=\"slide\" data-date=\"2015-07-10 13:24:50\" data-filename=\"resodladzarki_KLM-deicing.jpg\" data-slide-type=\"image\"><img loading=\"lazy\" decoding=\"async\" src=\"https:\/\/szkolenia-udt.pl\/wp-content\/uploads\/2015\/07\/resodladzarki_KLM-deicing.jpg\" height=\"225\" width=\"300\" alt=\"\" class=\"slider-1321 slide-1374 msDefaultImage\" \/><\/li>\n                <li style=\"display: none; width: 100%;\" class=\"slide-1372 ms-image\" aria-roledescription=\"slide\" data-date=\"2015-07-10 13:24:49\" data-filename=\"resodladzarki_8465882939_2d4d48b966_b.jpg\" data-slide-type=\"image\"><img loading=\"lazy\" decoding=\"async\" src=\"https:\/\/szkolenia-udt.pl\/wp-content\/uploads\/2015\/07\/resodladzarki_8465882939_2d4d48b966_b.jpg\" height=\"225\" width=\"300\" alt=\"\" class=\"slider-1321 slide-1372 msDefaultImage\" \/><\/li>\n                <li style=\"display: none; width: 100%;\" class=\"slide-1373 ms-image\" aria-roledescription=\"slide\" data-date=\"2015-07-10 13:24:49\" data-filename=\"resodladzarki_Delicing__3__23.jpg\" data-slide-type=\"image\"><img loading=\"lazy\" decoding=\"async\" src=\"https:\/\/szkolenia-udt.pl\/wp-content\/uploads\/2015\/07\/resodladzarki_Delicing__3__23.jpg\" height=\"225\" width=\"300\" alt=\"\" class=\"slider-1321 slide-1373 msDefaultImage\" \/><\/li>\n                <li style=\"display: none; width: 100%;\" class=\"slide-1371 ms-image\" aria-roledescription=\"slide\" data-date=\"2015-07-10 13:24:48\" data-filename=\"resodladzarki_101217-airplane-deicing-hmed-901a.jpg\" data-slide-type=\"image\"><img loading=\"lazy\" decoding=\"async\" src=\"https:\/\/szkolenia-udt.pl\/wp-content\/uploads\/2015\/07\/resodladzarki_101217-airplane-deicing-hmed-901a.jpg\" height=\"225\" width=\"300\" alt=\"\" class=\"slider-1321 slide-1371 msDefaultImage\" \/><\/li>\n                <li style=\"display: none; width: 100%;\" class=\"slide-1370 ms-image\" aria-roledescription=\"slide\" data-date=\"2015-07-10 13:24:46\" data-filename=\"resodladzarki_34t9vl0.jpg\" data-slide-type=\"image\"><img loading=\"lazy\" decoding=\"async\" src=\"https:\/\/szkolenia-udt.pl\/wp-content\/uploads\/2015\/07\/resodladzarki_34t9vl0.jpg\" height=\"225\" width=\"300\" alt=\"\" class=\"slider-1321 slide-1370 msDefaultImage\" \/><\/li>\n            <\/ul>\n        <\/div>\n        \n    <\/div>\n<\/div><\/div>\n<div class=\"wyjustuj\">\n<p><a href=\"https:\/\/szkolenia-udt.pl\/sv\/o-firmie\/\">OSO Operat\u00f6rsutbildningscenter<\/a> bjuder in dig till de avisningskurser som vi erbjuder f\u00f6r dem som vill erh\u00e5lla l\u00e4mplig certifiering f\u00f6r att anv\u00e4nda denna typ av utrustning p\u00e5 flygplatser.Avisningsmaskiner \u00e4r anordningar som \u00e4r utformade f\u00f6r att avisa flygplan. Deras syfte \u00e4r att avl\u00e4gsna det lager som skapats av frusen is fr\u00e5n flygplanens yta och sedan skydda dem mot ytterligare isbildning. Avisning utf\u00f6rs innan flygplanet startar p\u00e5 taxibanorna p\u00e5 asfalten. Det best\u00e5r av att en anst\u00e4lld i en flygplanslift sprutar en blandning av glykol och vatten vid l\u00e4mplig temperatur p\u00e5 luftfartygets yta. Det \u00e4r kvalificerade operat\u00f6rer som ansvarar f\u00f6r driften av lufthissarna och som m\u00e5ste ha r\u00e4tt tillst\u00e5nd f\u00f6r detta.<\/p>\n<p>Under kurserna f\u00e5r deltagarna omfattande kunskaper om teorin bakom driften av avisningsutrustning, principerna f\u00f6r h\u00e4lsa och s\u00e4kerhet och deltar \u00e4ven i praktiska aktiviteter.<\/p>\n<p>Tillg\u00e4nglig p\u00e5 v\u00e5rt center <a href=\"https:\/\/szkolenia-udt.pl\/sv\/kursy\/lotnictwo\/\">Utbildning f\u00f6r flygbes\u00e4ttning.<\/a> flygplatsens marktj\u00e4nster har utvecklats med hj\u00e4lp av erfarna specialister p\u00e5 omr\u00e5det och p\u00e5 grundval av g\u00e4llande lagstiftning.<\/p>\n<p>Vi inbjuder dig att anv\u00e4nda dig av <a href=\"https:\/\/szkolenia-udt.pl\/sv\/oferta\/\">v\u00e5rt erbjudande<\/a>!<\/p>\n<\/div>","protected":false},"excerpt":{"rendered":"<p>O\u015brodek Szkolenia Operator\u00f3w OSO zaprasza na kursy na odladzarki oferowane przez nas dla os\u00f3b chc\u0105cych uzyska\u0107 odpowiednie uprawnienia do obs\u0142ugi urz\u0105dze\u0144 tego rodzaju na portach lotniczych.Odladzarki to urz\u0105dzenia przeznaczone do odladzania samolot\u00f3w. Ich celem jest usuwanie z powierzchni samolotu warstwy stworzonej przez przymarzni\u0119ty l\u00f3d, a nast\u0119pnie ich zabezpieczenie przed powstaniem kolejnego oblodzenia. Odladzanie jest prowadzone [&hellip;]<\/p>\n","protected":false},"author":3,"featured_media":3416,"parent":1288,"menu_order":0,"comment_status":"closed","ping_status":"closed","template":"","meta":{"footnotes":""},"class_list":["post-1305","page","type-page","status-publish","has-post-thumbnail","hentry"],"aioseo_notices":[],"_links":{"self":[{"href":"https:\/\/szkolenia-udt.pl\/sv\/wp-json\/wp\/v2\/pages\/1305","targetHints":{"allow":["GET"]}}],"collection":[{"href":"https:\/\/szkolenia-udt.pl\/sv\/wp-json\/wp\/v2\/pages"}],"about":[{"href":"https:\/\/szkolenia-udt.pl\/sv\/wp-json\/wp\/v2\/types\/page"}],"author":[{"embeddable":true,"href":"https:\/\/szkolenia-udt.pl\/sv\/wp-json\/wp\/v2\/users\/3"}],"replies":[{"embeddable":true,"href":"https:\/\/szkolenia-udt.pl\/sv\/wp-json\/wp\/v2\/comments?post=1305"}],"version-history":[{"count":6,"href":"https:\/\/szkolenia-udt.pl\/sv\/wp-json\/wp\/v2\/pages\/1305\/revisions"}],"predecessor-version":[{"id":3417,"href":"https:\/\/szkolenia-udt.pl\/sv\/wp-json\/wp\/v2\/pages\/1305\/revisions\/3417"}],"up":[{"embeddable":true,"href":"https:\/\/szkolenia-udt.pl\/sv\/wp-json\/wp\/v2\/pages\/1288"}],"wp:featuredmedia":[{"embeddable":true,"href":"https:\/\/szkolenia-udt.pl\/sv\/wp-json\/wp\/v2\/media\/3416"}],"wp:attachment":[{"href":"https:\/\/szkolenia-udt.pl\/sv\/wp-json\/wp\/v2\/media?parent=1305"}],"curies":[{"name":"wp","href":"https:\/\/api.w.org\/{rel}","templated":true}]}}