{"id":1558,"date":"2016-07-04T19:26:40","date_gmt":"2016-07-04T19:26:40","guid":{"rendered":"http:\/\/szkolenia-udt.pl\/?page_id=1558"},"modified":"2023-12-11T00:53:55","modified_gmt":"2023-12-10T23:53:55","slug":"om-foretaget","status":"publish","type":"page","link":"https:\/\/szkolenia-udt.pl\/sv\/o-firmie\/","title":{"rendered":"Om oss"},"content":{"rendered":"<div style=\"float: left; padding-right: 10px;\"><div id=\"metaslider-id-373\" style=\"max-width: 300px;\" class=\"ml-slider-3-107-0 metaslider metaslider-flex metaslider-373 ml-slider ms-theme-default nav-hidden\" role=\"region\" aria-label=\"Om f\u00f6retaget 2\" data-height=\"225\" data-width=\"300\">\n    <div id=\"metaslider_container_373\">\n        <div id=\"metaslider_373\">\n            <ul class='slides'>\n                <li style=\"display: block; width: 100%;\" class=\"slide-1109 ms-image\" aria-roledescription=\"slide\" data-date=\"2014-11-12 13:56:05\" data-filename=\"bizness3a.jpg\" data-slide-type=\"image\"><img loading=\"lazy\" decoding=\"async\" src=\"https:\/\/szkolenia-udt.pl\/wp-content\/uploads\/2014\/11\/bizness3a.jpg\" height=\"225\" width=\"300\" alt=\"utbildning\" class=\"slider-373 slide-1109 msDefaultImage\" \/><\/li>\n                <li style=\"display: none; width: 100%;\" class=\"slide-1106 ms-image\" aria-roledescription=\"slide\" data-date=\"2014-11-12 13:56:03\" data-filename=\"biznes5a.jpg\" data-slide-type=\"image\"><img loading=\"lazy\" decoding=\"async\" src=\"https:\/\/szkolenia-udt.pl\/wp-content\/uploads\/2014\/11\/biznes5a.jpg\" height=\"225\" width=\"300\" alt=\"Myndighet f\u00f6r teknisk kontroll.\" class=\"slider-373 slide-1106 msDefaultImage\" \/><\/li>\n                <li style=\"display: none; width: 100%;\" class=\"slide-1110 ms-image\" aria-roledescription=\"slide\" data-date=\"2014-11-12 14:04:12\" data-filename=\"meeting-2a.jpg\" data-slide-type=\"image\"><img loading=\"lazy\" decoding=\"async\" src=\"https:\/\/szkolenia-udt.pl\/wp-content\/uploads\/2014\/11\/meeting-2a.jpg\" height=\"225\" width=\"300\" alt=\"udt-kurser\" class=\"slider-373 slide-1110 msDefaultImage\" \/><\/li>\n                <li style=\"display: none; width: 100%;\" class=\"slide-1199 ms-image\" aria-roledescription=\"slide\" data-date=\"2014-11-17 21:17:06\" data-filename=\"firma-5a.jpg\" data-slide-type=\"image\"><img loading=\"lazy\" decoding=\"async\" src=\"https:\/\/szkolenia-udt.pl\/wp-content\/uploads\/2014\/11\/firma-5a.jpg\" height=\"225\" width=\"300\" alt=\"warsaw lyftvagnar\" class=\"slider-373 slide-1199 msDefaultImage\" \/><\/li>\n                <li style=\"display: none; width: 100%;\" class=\"slide-1196 ms-image\" aria-roledescription=\"slide\" data-date=\"2014-11-17 21:17:04\" data-filename=\"Firma-2a.jpg\" data-slide-type=\"image\"><img loading=\"lazy\" decoding=\"async\" src=\"https:\/\/szkolenia-udt.pl\/wp-content\/uploads\/2014\/11\/Firma-2a.jpg\" height=\"225\" width=\"300\" alt=\"\" class=\"slider-373 slide-1196 msDefaultImage\" \/><\/li>\n            <\/ul>\n        <\/div>\n        \n    <\/div>\n<\/div><\/div>\n<div class=\"wyjustuj\">\n<p>OSO Operator Training Centre har varit i drift i \u00f6ver 15 \u00e5r, men v\u00e5r erfarenhet str\u00e4cker sig \u00f6ver 20 \u00e5r bak\u00e5t i tiden. Vi tillhandah\u00e5ller omfattande utbildningstj\u00e4nster f\u00f6r olika yrkesgrupper. V\u00e5rt erbjudande omfattar bland annat f\u00f6ljande <a href=\"https:\/\/szkolenia-udt.pl\/sv\/kursy\/szkolenie-audytorskie-udt\/\">UDT-utbildning<\/a>, <a href=\"https:\/\/szkolenia-udt.pl\/sv\/kursy\/sep-g1-g2-g3\/g1\/\">G1<\/a>, <a href=\"https:\/\/szkolenia-udt.pl\/sv\/kursy\/sep-g1-g2-g3\/g2\/\">G2<\/a>, <a href=\"https:\/\/szkolenia-udt.pl\/sv\/kursy\/sep-g1-g2-g3\/g3\/\">G3<\/a>, HDS, samt utbildning i h\u00e4lsa och s\u00e4kerhet p\u00e5 arbetsplatsen, brandbek\u00e4mpning och f\u00f6rsta hj\u00e4lpen. Dessutom \u00e4r v\u00e5r specialitet h\u00e4lsa, s\u00e4kerhet och brands\u00e4kerhetstj\u00e4nster f\u00f6r f\u00f6retag.<\/p>\n<p>V\u00e5rt fr\u00e4msta m\u00e5l \u00e4r att erbjuda v\u00e5ra kunder utbildningstj\u00e4nster av h\u00f6gsta kvalitet. V\u00e5rt center best\u00e5r av instrukt\u00f6rer med m\u00e5nga \u00e5rs erfarenhet, kvalificerade metodologer och andra personer som bryr sig om utbildningens kvalitet och deltagarnas tillfredsst\u00e4llelse i alla v\u00e5ra center. Enligt v\u00e5ra unders\u00f6kningar skulle 98%-deltagare som deltagit i v\u00e5ra kurser definitivt rekommendera dem till andra.<\/p>\n<p>Vi samarbetar med institutioner som t.ex. kontoret f\u00f6r teknisk inspektion och det polska elektrikerf\u00f6rbundet. Tillsammans med deras experter utarbetar vi l\u00e4roplaner och genomf\u00f6r prov f\u00f6r licenser. Vi har \u00e5tagit oss att undervisa p\u00e5 h\u00f6g niv\u00e5, vilket \u00e4r anledningen till att vi ocks\u00e5 tar hand om utrustningen i v\u00e5ra tr\u00e4ningslokaler, moderna faciliteter och l\u00e4gger tonvikten p\u00e5 praktiken - b\u00e5de v\u00e5ra teoretiska lektioner och \u00f6vningar utf\u00f6rs med aktiverande metoder.<\/p>\n<h2 class=\"boldnagl\"><strong>Varf\u00f6r CSO:s?<\/strong><\/h2>\n<p>Vi har m\u00e5nga \u00e5rs erfarenhet och samarbetar med de b\u00e4sta instrukt\u00f6rerna i hela landet. Under lektionerna anv\u00e4nder vi innovativa och aktiverande undervisningsmetoder. Programmen f\u00f6r v\u00e5ra kurser baseras p\u00e5 de senaste best\u00e4mmelserna, inklusive de som utf\u00e4rdats av Office of Technical Inspection, Association of Polish Electricians och andra branschorgan. Vi utbildar effektivt - vi utm\u00e4rker oss genom att vi klarar de flesta examina. Vi erbjuder ocks\u00e5 \u00f6verkomliga priser.<\/p>\n<h2 class=\"boldnagl\"><strong>Var tr\u00e4nar vi?<\/strong><\/h2>\n<p>Vi bedriver v\u00e5r utbildning fr\u00e4mst i Warszawa, d\u00e4r v\u00e5r huvudkontor ligger, men vi finns \u00e4ven p\u00e5 andra platser i Polen. Vi erbjuder utbildning i st\u00e4der som Krak\u00f3w, \u0141\u00f3d\u017a, Wroc\u0142aw, Pozna\u0144, Gda\u0144sk, Gdynia, Szczecin, Bydgoszcz, Lublin, Katowice och Bielsko-Bia\u0142a. Dessutom erbjuder vi utbildning inom st\u00e4ngda d\u00f6rrar, som \u00e4ger rum p\u00e5 en plats som vi kommer \u00f6verens om i f\u00f6rv\u00e4g med kunden.<\/p>\n<p>V\u00e5rt huvudkontor ligger i Warszawa, d\u00e4r professionellt inredda klassrum v\u00e4ntar p\u00e5 deltagarna. Du \u00e4r ocks\u00e5 v\u00e4lkommen att bes\u00f6ka v\u00e5ra filialer i Krakow, Katowice och Bielsko-Biala.<\/p>\n<div style=\"float: left; padding-right: 10px;\"><div id=\"metaslider-id-372\" style=\"max-width: 300px;\" class=\"ml-slider-3-107-0 metaslider metaslider-flex metaslider-372 ml-slider ms-theme-default nav-hidden nav-hidden\" role=\"region\" aria-label=\"om f\u00f6retaget\" data-height=\"225\" data-width=\"300\">\n    <div id=\"metaslider_container_372\">\n        <div id=\"metaslider_372\">\n            <ul class='slides'>\n                <li style=\"display: block; width: 100%;\" class=\"slide-1108 ms-image\" aria-roledescription=\"slide\" data-date=\"2014-11-12 13:56:05\" data-filename=\"bizness2a.jpg\" data-slide-type=\"image\"><img loading=\"lazy\" decoding=\"async\" src=\"https:\/\/szkolenia-udt.pl\/wp-content\/uploads\/2014\/11\/bizness2a.jpg\" height=\"225\" width=\"300\" alt=\"kurser i warszawa udt\" class=\"slider-372 slide-1108 msDefaultImage\" \/><\/li>\n                <li style=\"display: none; width: 100%;\" class=\"slide-1111 ms-image\" aria-roledescription=\"slide\" data-date=\"2014-11-12 14:04:13\" data-filename=\"meeting2.jpg\" data-slide-type=\"image\"><img loading=\"lazy\" decoding=\"async\" src=\"https:\/\/szkolenia-udt.pl\/wp-content\/uploads\/2014\/11\/meeting2.jpg\" height=\"225\" width=\"300\" alt=\"oso warszawa\" class=\"slider-372 slide-1111 msDefaultImage\" \/><\/li>\n                <li style=\"display: none; width: 100%;\" class=\"slide-1198 ms-image\" aria-roledescription=\"slide\" data-date=\"2014-11-17 21:17:05\" data-filename=\"firma-4a.jpg\" data-slide-type=\"image\"><img loading=\"lazy\" decoding=\"async\" src=\"https:\/\/szkolenia-udt.pl\/wp-content\/uploads\/2014\/11\/firma-4a.jpg\" height=\"225\" width=\"300\" alt=\"utbildning\" class=\"slider-372 slide-1198 msDefaultImage\" \/><\/li>\n                <li style=\"display: none; width: 100%;\" class=\"slide-1197 ms-image\" aria-roledescription=\"slide\" data-date=\"2014-11-17 21:17:05\" data-filename=\"firma-3a.jpg\" data-slide-type=\"image\"><img loading=\"lazy\" decoding=\"async\" src=\"https:\/\/szkolenia-udt.pl\/wp-content\/uploads\/2014\/11\/firma-3a.jpg\" height=\"225\" width=\"300\" alt=\"F\u00f6rare av gaffeltruckar.\" class=\"slider-372 slide-1197 msDefaultImage\" \/><\/li>\n                <li style=\"display: none; width: 100%;\" class=\"slide-1195 ms-image\" aria-roledescription=\"slide\" data-date=\"2014-11-17 21:17:03\" data-filename=\"firma-1a.jpg\" data-slide-type=\"image\"><img loading=\"lazy\" decoding=\"async\" src=\"https:\/\/szkolenia-udt.pl\/wp-content\/uploads\/2014\/11\/firma-1a.jpg\" height=\"225\" width=\"300\" alt=\"\" class=\"slider-372 slide-1195 msDefaultImage\" \/><\/li>\n            <\/ul>\n        <\/div>\n        \n    <\/div>\n<\/div><\/div>\n<div class=\"wyjustuj\">\n<p>Vi fokuserar p\u00e5 v\u00e5ra kunders behov, s\u00e5 om du beh\u00f6ver professionell hj\u00e4lp med att utbilda ditt f\u00f6retags anst\u00e4llda eller om du helt enkelt vill f\u00f6rb\u00e4ttra din st\u00e4llning p\u00e5 arbetsmarknaden kan du kolla in v\u00e5rt erbjudande nu, v\u00e4lja ett l\u00e4mpligt datum och anm\u00e4la dig sj\u00e4lv eller dina anst\u00e4llda till kurserna. Om du har n\u00e5gra fr\u00e5gor st\u00e5r vi alltid till ditt f\u00f6rfogande - ring, skriv ett e-postmeddelande eller bes\u00f6k n\u00e5gon av v\u00e5ra filialer.V\u00e5rt OSO Operator Training Centre \u00e4r en icke-offentlig utbildningsinstitution som bedriver utbildningsverksamhet i registret \u00f6ver icke-offentliga skolor och inr\u00e4ttningar i Warszawa.<\/p>\n<p>Om du har n\u00e5gra fr\u00e5gor om v\u00e5ra tj\u00e4nster \u00e4r vi alltid tillg\u00e4ngliga - tveka inte att kontakta oss. Ta en titt p\u00e5 v\u00e5rt fullst\u00e4ndiga utbildningsutbud p\u00e5 v\u00e5r webbplats och v\u00e4lj g\u00e4rna v\u00e5ra tj\u00e4nster!<\/p>\n<p>Vi bjuder dig varmt in att v\u00e4lja v\u00e5ra tj\u00e4nster!<br \/>\nCSO Operator Training Centre Team<\/p>\n<\/div>\n<\/div>","protected":false},"excerpt":{"rendered":"<p>O\u015brodek Szkolenia Operator\u00f3w OSO dzia\u0142a od ponad 15 lat, ale nasze do\u015bwiadczenie si\u0119ga ponad 20 lat wstecz. Zajmujemy si\u0119 \u015bwiadczeniem kompleksowych us\u0142ug szkoleniowych dla r\u00f3\u017cnych grup zawodowych. W naszej ofercie znajduj\u0105 si\u0119 mi\u0119dzy innymi szkolenia UDT, G1, G2, G3, HDS, tak\u017ce szkolenia BHP, PPO\u017b oraz pierwszej pomocy przedmedycznej. Dodatkowo nasz\u0105 specjalno\u015bci\u0105 s\u0105 us\u0142ugi BHP i [&hellip;]<\/p>\n","protected":false},"author":3,"featured_media":0,"parent":0,"menu_order":0,"comment_status":"closed","ping_status":"closed","template":"","meta":{"footnotes":""},"class_list":["post-1558","page","type-page","status-publish","hentry"],"aioseo_notices":[],"_links":{"self":[{"href":"https:\/\/szkolenia-udt.pl\/sv\/wp-json\/wp\/v2\/pages\/1558","targetHints":{"allow":["GET"]}}],"collection":[{"href":"https:\/\/szkolenia-udt.pl\/sv\/wp-json\/wp\/v2\/pages"}],"about":[{"href":"https:\/\/szkolenia-udt.pl\/sv\/wp-json\/wp\/v2\/types\/page"}],"author":[{"embeddable":true,"href":"https:\/\/szkolenia-udt.pl\/sv\/wp-json\/wp\/v2\/users\/3"}],"replies":[{"embeddable":true,"href":"https:\/\/szkolenia-udt.pl\/sv\/wp-json\/wp\/v2\/comments?post=1558"}],"version-history":[{"count":5,"href":"https:\/\/szkolenia-udt.pl\/sv\/wp-json\/wp\/v2\/pages\/1558\/revisions"}],"predecessor-version":[{"id":2901,"href":"https:\/\/szkolenia-udt.pl\/sv\/wp-json\/wp\/v2\/pages\/1558\/revisions\/2901"}],"wp:attachment":[{"href":"https:\/\/szkolenia-udt.pl\/sv\/wp-json\/wp\/v2\/media?parent=1558"}],"curies":[{"name":"wp","href":"https:\/\/api.w.org\/{rel}","templated":true}]}}