{"id":1841,"date":"2016-10-11T20:42:45","date_gmt":"2016-10-11T20:42:45","guid":{"rendered":"http:\/\/szkolenia-udt.pl\/?page_id=1841"},"modified":"2021-07-19T21:57:05","modified_gmt":"2021-07-19T21:57:05","slug":"kompressorer","status":"publish","type":"page","link":"https:\/\/szkolenia-udt.pl\/sv\/kursy\/sprezarki\/","title":{"rendered":"Kompressorer"},"content":{"rendered":"<h2 class=\"boldnagl\">UTBILDNING F\u00d6R KOMPRESSORER<\/h2>\n<p>Vi uppmuntrar dig att anm\u00e4la dig till professionell kompressorutbildning. V\u00e5r <a href=\"https:\/\/szkolenia-udt.pl\/sv\/o-firmie\/\">centrum<\/a> \u00e4r en kombination av f\u00f6rstklassig service och specialiserad utbildning som hj\u00e4lper dig att f\u00e5 de yrkeskvalifikationer du \u00f6nskar.<\/p>\n<h3 class=\"boldnagl\">UTBILDNINGENS SYFTE<\/h3>\n<p>Som en del av yrkesutbildningsprocessen erbjuder vi professionella klasser d\u00e4r varje deltagare kan l\u00e4ra sig att anv\u00e4nda f\u00f6ljande utrustning:<\/p>\n<ul>\n<li>kompressorer,<\/li>\n<li>kompressorer,<\/li>\n<li>...nollor,<\/li>\n<li>bl\u00e5smaskiner,<\/li>\n<li>Tryckluftssystem.<\/li>\n<\/ul>\n<p>Vi erbjuder praktiska och teoretiska kurser d\u00e4r du kan f\u00f6rv\u00e4rva f\u00e4rdigheter relaterade till drift och \u00f6vervakning av utrustning.<br \/>\nI slutet av kursen har varje deltagare m\u00f6jlighet att g\u00f6ra en yrkesexamen inf\u00f6r en kvalifikationsn\u00e4mnd. Det erh\u00e5llna intyget \u00e4r giltigt i 5 \u00e5r, varefter kvalifikationen m\u00e5ste f\u00f6rnyas.<\/p>\n<h3 class=\"boldnagl\">DELTAGARE<\/h3>\n<p>Alla som \u00e4r \u00f6ver 18 \u00e5r och har minst grundskoleutbildning kan delta.<\/p>\n<h3 class=\"boldnagl\">F\u00d6RDELAR MED YRKESUTBILDNING<\/h3>\n<p>Under kursen kan varje deltagare l\u00e4ra sig om den viktigaste lagstiftningen som reglerar driften av utrustning och installationer i detalj, samt uppdelningen av kompressorer och deras olika typer. Detta inkluderar \u00e4ven kunskaper och f\u00e4rdigheter f\u00f6r att anv\u00e4nda utrustningen i start- och avst\u00e4ngningsfasen, samt kunskap om dess design och driftsprinciper. Kursen inneh\u00e5ller ocks\u00e5 lektioner i arbetsmilj\u00f6 och s\u00e4kerhet samt brands\u00e4kerhet.<br \/>\nVi uppmuntrar dig att anm\u00e4la dig till <a href=\"https:\/\/szkolenia-udt.pl\/sv\/kursy\/\">v\u00e5ra utbildningar<\/a> p\u00e5 kompressorer och till <a href=\"https:\/\/szkolenia-udt.pl\/sv\/kontakt\/\">Telefon- eller e-postkontakt<\/a>.<\/p>","protected":false},"excerpt":{"rendered":"<p>SZKOLENIA NA SPR\u0118\u017bARKI Zach\u0119camy do zapisania si\u0119 na profesjonalne szkolenie obs\u0142ugi spr\u0119\u017carek. Nasz o\u015brodek to po\u0142\u0105czenie najwy\u017cszej jako\u015bci obs\u0142ugi oraz specjalistyczna edukacja, dzi\u0119ki kt\u00f3rej mo\u017cna zyska\u0107 upragnione uprawnienia zawodowe. CEL SZKOLENIA W ramach procesu edukacji zawodowej zapewniamy profesjonalne zaj\u0119cia, na kt\u00f3rych ka\u017cdy uczestnik mo\u017ce si\u0119 nauczy\u0107 obs\u0142ugiwa\u0107 nast\u0119puj\u0105ce urz\u0105dzenia: spr\u0119\u017carki, kompresory, ssawy, dmuchawy, instalacje spr\u0119\u017conego [&hellip;]<\/p>\n","protected":false},"author":3,"featured_media":0,"parent":22,"menu_order":0,"comment_status":"closed","ping_status":"closed","template":"","meta":{"footnotes":""},"class_list":["post-1841","page","type-page","status-publish","hentry"],"aioseo_notices":[],"_links":{"self":[{"href":"https:\/\/szkolenia-udt.pl\/sv\/wp-json\/wp\/v2\/pages\/1841","targetHints":{"allow":["GET"]}}],"collection":[{"href":"https:\/\/szkolenia-udt.pl\/sv\/wp-json\/wp\/v2\/pages"}],"about":[{"href":"https:\/\/szkolenia-udt.pl\/sv\/wp-json\/wp\/v2\/types\/page"}],"author":[{"embeddable":true,"href":"https:\/\/szkolenia-udt.pl\/sv\/wp-json\/wp\/v2\/users\/3"}],"replies":[{"embeddable":true,"href":"https:\/\/szkolenia-udt.pl\/sv\/wp-json\/wp\/v2\/comments?post=1841"}],"version-history":[{"count":6,"href":"https:\/\/szkolenia-udt.pl\/sv\/wp-json\/wp\/v2\/pages\/1841\/revisions"}],"predecessor-version":[{"id":2379,"href":"https:\/\/szkolenia-udt.pl\/sv\/wp-json\/wp\/v2\/pages\/1841\/revisions\/2379"}],"up":[{"embeddable":true,"href":"https:\/\/szkolenia-udt.pl\/sv\/wp-json\/wp\/v2\/pages\/22"}],"wp:attachment":[{"href":"https:\/\/szkolenia-udt.pl\/sv\/wp-json\/wp\/v2\/media?parent=1841"}],"curies":[{"name":"wp","href":"https:\/\/api.w.org\/{rel}","templated":true}]}}