{"id":1853,"date":"2017-06-15T17:03:26","date_gmt":"2017-06-15T17:03:26","guid":{"rendered":"http:\/\/szkolenia-udt.pl\/?page_id=1853"},"modified":"2026-03-04T12:10:29","modified_gmt":"2026-03-04T11:10:29","slug":"svetsning-med-fiberoptik","status":"publish","type":"page","link":"https:\/\/szkolenia-udt.pl\/sv\/kursy\/spawanie-swiatlowodow\/","title":{"rendered":"Svetsning av optiska fibrer"},"content":{"rendered":"<h2>Kurs i fiberoptisk svetsning<\/h2>\n<div class=\"wyjustuj\">\n<p><a href=\"https:\/\/szkolenia-udt.pl\/wp-content\/uploads\/2021\/07\/Projekt-bez-tytulu-34.jpg\"><img loading=\"lazy\" decoding=\"async\" class=\"wp-image-2386 size-medium alignleft\" src=\"https:\/\/szkolenia-udt.pl\/wp-content\/uploads\/2021\/07\/Projekt-bez-tytulu-34-300x251.jpg\" alt=\"\" width=\"300\" height=\"251\" srcset=\"https:\/\/szkolenia-udt.pl\/wp-content\/uploads\/2021\/07\/Projekt-bez-tytulu-34-300x251.jpg 300w, https:\/\/szkolenia-udt.pl\/wp-content\/uploads\/2021\/07\/Projekt-bez-tytulu-34-768x644.jpg 768w, https:\/\/szkolenia-udt.pl\/wp-content\/uploads\/2021\/07\/Projekt-bez-tytulu-34.jpg 940w\" sizes=\"auto, (max-width: 300px) 100vw, 300px\" \/><\/a>Du \u00e4r hj\u00e4rtligt v\u00e4lkommen att anm\u00e4la dig till en kurs i fiberoptisk svetsning hos OSO!Vi bjuder in dig att anm\u00e4la dig till en kurs i fiberoptisk svetsning p\u00e5 v\u00e5rt Operator Training Centre. Vi \u00e4r ett utbildningsf\u00f6retag med m\u00e5nga \u00e5rs erfarenhet som ger sina kunder professionella tj\u00e4nster till \u00f6verkomliga priser!<\/p>\n<p>Yrken som fiberoptiksvetsning kr\u00e4ver adekvat teoretisk och praktisk utbildning. Nuf\u00f6rtiden, n\u00e4r fiberoptiska kablar l\u00e4ggs allt oftare, \u00e4r det till stor hj\u00e4lp att kunna hantera en svetsmaskin f\u00f6r fiberoptiska kablar n\u00e4r man s\u00f6ker jobb.<\/p>\n<h3><strong>Syftet med utbildningen<\/strong><\/h3>\n<p>F\u00f6r den som vill b\u00f6rja svetsa fiberoptik \u00e4r en kurs inom detta omr\u00e5de det b\u00e4sta valet. Utbildningen behandlar teori och praktik f\u00f6r att anv\u00e4nda en apparat som en fiberoptiksvetsmaskin och g\u00f6ra skarvar. Du f\u00e5r l\u00e4ra dig hur en svetsmaskin f\u00f6r fiberoptik fungerar, hur den ska anv\u00e4ndas samt hur du f\u00f6rbereder och f\u00e4rdigst\u00e4ller fiberoptiska kablar.<\/p>\n<h3><strong>Utbildnings\u00e4mnena omfattar huvudsakligen:<\/strong><\/h3>\n<ul>\n<li>typer av optiska fibrer och deras parametrar<\/li>\n<li>fiberoptiska kontaktdon och deras typer och till\u00e4mpningar<\/li>\n<li>f\u00f6rberedelse av fiberoptiska kablar och tillbeh\u00f6r f\u00f6r svetsning<\/li>\n<li>drift av fiberoptisk svetsmaskin<\/li>\n<li>Svetsning med fiberoptik<\/li>\n<li>kontrollm\u00e4tningar<\/li>\n<li>regler f\u00f6r h\u00e4lsa och s\u00e4kerhet p\u00e5 arbetsplatsen<\/li>\n<\/ul>\n<div style=\"width: 640px;\" class=\"wp-video\"><video id=\"video-1853-1\" width=\"640\" height=\"360\" poster=\"https:\/\/szkolenia-udt.pl\/wp-content\/uploads\/2023\/03\/okladka-spawacz-swiatlowodow-OSO.jpg\" preload=\"metadata\" controls=\"controls\"><source type=\"video\/mp4\" src=\"https:\/\/szkolenia-udt.pl\/wp-content\/uploads\/2023\/03\/spawacz-swiatlowodow-SZKOLENIA-UDT.PL-OSO.mp4?_=1\" \/><a href=\"https:\/\/szkolenia-udt.pl\/wp-content\/uploads\/2023\/03\/spawacz-swiatlowodow-SZKOLENIA-UDT.PL-OSO.mp4\">https:\/\/szkolenia-udt.pl\/wp-content\/uploads\/2023\/03\/spawacz-swiatlowodow-SZKOLENIA-UDT.PL-OSO.mp4<\/a><\/video><\/div>\n<p>\u00a0<\/p>\n<\/div>\n\n\n<h2 class=\"wp-block-heading\"><strong>R\u00e4ttigheter<\/strong><\/h2>\n\n\n\n<p>Efter utbildningen kan du f\u00e5 en svetslicens som bekr\u00e4ftas av ett relevant certifikat.<\/p>\n\n\n\n<h2 class=\"wp-block-heading\"><strong>Pris<\/strong><\/h2>\n\n\n\n<p>Om du \u00e4r intresserad av en kurs i svetsning av fiberoptik \u00e4r priset hos oss mycket attraktivt. Vi erbjuder ocks\u00e5 attraktiva rabatter f\u00f6r st\u00f6rre grupper. F\u00f6r priser, v\u00e4nligen se prislistan eller kontakta oss.<\/p>\n\n\n\n<h2 class=\"wp-block-heading\"><strong>Var \u00e4r vi verksamma?<\/strong><\/h2>\n\n\n\n<p>F\u00f6r svetskurser bjuder vi in dig till v\u00e5ra center som \u00e4r verksamma \u00f6ver hela landet. Vi kan ocks\u00e5 resa ut till kunder i hela landet f\u00f6r slutna utbildningar.<\/p>\n\n\n\n<p>Om du har n\u00e5gra ytterligare fr\u00e5gor, tveka inte att kontakta oss. V\u00e5r personal kommer att besvara dem utf\u00f6rligt.<\/p>\n\n\n\n<h2 class=\"wp-block-heading\">Internationella certifikat<\/h2>\n\n\n\n<p>Kursen CFOS\/S Fibre Optic Welding \u00e4r en del av en internationell certifieringsv\u00e4g f\u00f6r att f\u00e5 praktiska f\u00e4rdigheter och ett prestigefyllt certifikat inom fiberoptikindustrin.<\/p>\n\n\n\n<h3 class=\"wp-block-heading\">CFOT - Certifierad fiberoptisk tekniker<\/h3>\n\n\n\n<p>Grundl\u00e4ggande certifikat f\u00f6r fiberoptiker - installation, grundl\u00e4ggande svetsning och m\u00e4tning.<\/p>\n\n\n\n<h3 class=\"wp-block-heading\">CFOS\/O - Utanf\u00f6r anl\u00e4ggningen<\/h3>\n\n\n\n<p>Specialiserade p\u00e5 konstruktion och underh\u00e5ll av utomhusn\u00e4tverk i mark, avlopp och p\u00e5 stolpar.<\/p>\n\n\n\n<h3 class=\"wp-block-heading\">CFOS\/S - Skarvning<\/h3>\n\n\n\n<p>Praktisk fibersvetsning, f\u00f6rberedelse och skydd av fogar, kvalitetskontroll av svetsar.<\/p>\n\n\n\n<h3 class=\"wp-block-heading\">CFOS\/T - provning<\/h3>\n\n\n\n<p>M\u00e4tning och diagnostik av fiberoptiska n\u00e4tverk, OTDR-drift och rapportering av resultat.<\/p>","protected":false},"excerpt":{"rendered":"<p>Kurs spawania \u015bwiat\u0142owod\u00f3w Zapraszamy serdecznie na kurs spawacza \u015bwiat\u0142owod\u00f3w do OSO!Zapraszamy do zapisania si\u0119 na kurs spawania \u015bwiat\u0142owod\u00f3w w naszym O\u015brodku Szkolenia Operator\u00f3w. Jeste\u015bmy firm\u0105 szkoleniow\u0105 z wieloletnim do\u015bwiadczeniem, kt\u00f3ra zapewnia swoim klientom profesjonalne us\u0142ugi w przyst\u0119pnych cenach! Prace takie jak spawanie \u015bwiat\u0142owod\u00f3w wymaga odpowiedniego przygotowania teoretycznego i praktycznego. Obecnie, gdy kable \u015bwiat\u0142owodowe k\u0142adzione s\u0105 [&hellip;]<\/p>\n","protected":false},"author":3,"featured_media":2386,"parent":22,"menu_order":0,"comment_status":"closed","ping_status":"closed","template":"","meta":{"footnotes":""},"class_list":["post-1853","page","type-page","status-publish","has-post-thumbnail","hentry"],"aioseo_notices":[],"_links":{"self":[{"href":"https:\/\/szkolenia-udt.pl\/sv\/wp-json\/wp\/v2\/pages\/1853","targetHints":{"allow":["GET"]}}],"collection":[{"href":"https:\/\/szkolenia-udt.pl\/sv\/wp-json\/wp\/v2\/pages"}],"about":[{"href":"https:\/\/szkolenia-udt.pl\/sv\/wp-json\/wp\/v2\/types\/page"}],"author":[{"embeddable":true,"href":"https:\/\/szkolenia-udt.pl\/sv\/wp-json\/wp\/v2\/users\/3"}],"replies":[{"embeddable":true,"href":"https:\/\/szkolenia-udt.pl\/sv\/wp-json\/wp\/v2\/comments?post=1853"}],"version-history":[{"count":10,"href":"https:\/\/szkolenia-udt.pl\/sv\/wp-json\/wp\/v2\/pages\/1853\/revisions"}],"predecessor-version":[{"id":5792,"href":"https:\/\/szkolenia-udt.pl\/sv\/wp-json\/wp\/v2\/pages\/1853\/revisions\/5792"}],"up":[{"embeddable":true,"href":"https:\/\/szkolenia-udt.pl\/sv\/wp-json\/wp\/v2\/pages\/22"}],"wp:featuredmedia":[{"embeddable":true,"href":"https:\/\/szkolenia-udt.pl\/sv\/wp-json\/wp\/v2\/media\/2386"}],"wp:attachment":[{"href":"https:\/\/szkolenia-udt.pl\/sv\/wp-json\/wp\/v2\/media?parent=1853"}],"curies":[{"name":"wp","href":"https:\/\/api.w.org\/{rel}","templated":true}]}}