{"id":1874,"date":"2017-10-02T23:22:55","date_gmt":"2017-10-02T23:22:55","guid":{"rendered":"http:\/\/szkolenia-udt.pl\/?page_id=1874"},"modified":"2023-03-13T16:11:09","modified_gmt":"2023-03-13T15:11:09","slug":"arbete-pa-hog-hojd","status":"publish","type":"page","link":"https:\/\/szkolenia-udt.pl\/sv\/kursy\/prace-wysokosciowe\/","title":{"rendered":"Arbeta p\u00e5 h\u00f6jden"},"content":{"rendered":"<h2 class=\"\"><img loading=\"lazy\" decoding=\"async\" class=\"size-medium wp-image-2578 alignleft\" src=\"https:\/\/szkolenia-udt.pl\/wp-content\/uploads\/2021\/11\/pracawysok-300x200.jpg\" alt=\"\" width=\"300\" height=\"200\" srcset=\"https:\/\/szkolenia-udt.pl\/wp-content\/uploads\/2021\/11\/pracawysok-300x200.jpg 300w, https:\/\/szkolenia-udt.pl\/wp-content\/uploads\/2021\/11\/pracawysok-1024x681.jpg 1024w, https:\/\/szkolenia-udt.pl\/wp-content\/uploads\/2021\/11\/pracawysok-768x511.jpg 768w, https:\/\/szkolenia-udt.pl\/wp-content\/uploads\/2021\/11\/pracawysok-1536x1022.jpg 1536w, https:\/\/szkolenia-udt.pl\/wp-content\/uploads\/2021\/11\/pracawysok.jpg 1551w\" sizes=\"auto, (max-width: 300px) 100vw, 300px\" \/>Kurs i bergskl\u00e4ttring - arbete p\u00e5 h\u00f6g h\u00f6jd<\/h2>\n<div class=\"wyjustuj\">\n<p>Delta i en kurs om bergskl\u00e4ttring - h\u00f6jdarbete vid Operators Training Centre! V\u00e5rt center driver en kurs i h\u00f6jdarbete som \u00e4r avsedd f\u00f6r personer som vill utf\u00f6ra arbete p\u00e5 h\u00f6g h\u00f6jd, f\u00f6r vilket du beh\u00f6ver l\u00e4mpliga h\u00f6jdkvalifikationer. Genom att bli certifierad f\u00f6r arbete p\u00e5 h\u00f6g h\u00f6jd kan du ta ett jobb som industrikl\u00e4ttrare.<\/p>\n<h3 class=\"boldnagl\"><strong>Vi erbjuder h\u00f6jdkurser i tv\u00e5 kategorier:<\/strong><\/h3>\n<ul>\n<li>rep\u00e5tkomst - till\u00e5ter anv\u00e4ndning av rep f\u00f6r s\u00e4kring och f\u00f6r uppstigning och nedstigning fr\u00e5n en arbetsplats, inklusive traverser.<\/li>\n<li>Tilltr\u00e4de till byggnadsverk - g\u00f6r att du kan arbeta s\u00e4kert p\u00e5 st\u00e4llningar, stegar, plattformar och andra konstruktionselement n\u00e4r du m\u00e5ste kl\u00e4ttra f\u00f6r att komma till en arbetsstation.<\/li>\n<\/ul>\n<p>Genom att delta i v\u00e5r utbildning \u00e4r det m\u00f6jligt att f\u00e5 tillst\u00e5nd att utf\u00f6ra arbeten som tr\u00e4df\u00e4llning p\u00e5 h\u00f6g h\u00f6jd, tr\u00e4dbesk\u00e4rning, takreparation, takm\u00e5lning, f\u00f6nsterputsning p\u00e5 h\u00f6g h\u00f6jd, sn\u00f6r\u00f6jning fr\u00e5n tak, installationsarbete, till exempel montering av reklam och andra arbeten. <a href=\"https:\/\/szkolenia-udt.pl\/sv\/kursy\/prace-wysokosciowe\/ochrona-przed-upadkiem\/\">Arbete p\u00e5 h\u00f6jder.<\/a>.<\/p>\n<h3 class=\"boldnagl\"><strong>Under kursen f\u00e5r deltagarna information om f\u00f6ljande omr\u00e5den:<\/strong><\/h3>\n<ul>\n<li>H\u00e4lso- och s\u00e4kerhetskrav och r\u00e4ttsliga krav f\u00f6r arbete p\u00e5 h\u00f6g h\u00f6jd.<\/li>\n<li>egenskaper f\u00f6r arbete p\u00e5 h\u00f6g h\u00f6jd<\/li>\n<li>Risker i samband med bergsarbete.<\/li>\n<li>Principer f\u00f6r val, anv\u00e4ndning och kontroll av utrustning.<\/li>\n<li>Principer f\u00f6r individuell och kollektiv s\u00e4kring.<\/li>\n<li>praktiska f\u00e4rdigheter f\u00f6r arbete p\u00e5 h\u00f6g h\u00f6jd<\/li>\n<li>r\u00e4ddningstekniker<\/li>\n<\/ul>\n<p>Efter avslutad kurs f\u00e5r deltagarna ett relevant certifikat som ger ett tillst\u00e5nd att arbeta p\u00e5 h\u00f6g h\u00f6jd i tre \u00e5r. Efter denna tid \u00e4r det n\u00f6dv\u00e4ndigt att g\u00e5 en repetitionskurs.<\/p>\n<div class=\"filmw\">\n<div class=\"responsive-youtube\"><iframe loading=\"lazy\" title=\"YouTube-videospelare\" src=\"https:\/\/www.youtube.com\/embed\/QcT4h2Z50M0\" width=\"560\" height=\"315\" frameborder=\"0\" allowfullscreen=\"allowfullscreen\"><\/iframe><\/div>\n<\/div>\n<h2 class=\"boldnagl\"><strong>Krav<\/strong><\/h2>\n<p>Du m\u00e5ste uppfylla f\u00f6ljande krav f\u00f6r att kunna anm\u00e4la dig till en h\u00f6jdkurs:<\/p>\n<ul>\n<li>vara minst 18 \u00e5r gammal<\/li>\n<li>Minst grundskoleutbildning.<\/li>\n<li>inga kontraindikationer f\u00f6r att arbeta i denna position<\/li>\n<\/ul>\n<div style=\"width: 640px;\" class=\"wp-video\"><video id=\"video-1874-1\" width=\"640\" height=\"360\" poster=\"https:\/\/szkolenia-udt.pl\/wp-content\/uploads\/2023\/03\/okladka-alpinista-OSO.jpg\" preload=\"metadata\" controls=\"controls\"><source type=\"video\/mp4\" src=\"https:\/\/szkolenia-udt.pl\/wp-content\/uploads\/2023\/03\/wspinacz-SZKOLENIA-UDT.PL-OSO.mp4?_=1\" \/><a href=\"https:\/\/szkolenia-udt.pl\/wp-content\/uploads\/2023\/03\/wspinacz-SZKOLENIA-UDT.PL-OSO.mp4\">https:\/\/szkolenia-udt.pl\/wp-content\/uploads\/2023\/03\/wspinacz-SZKOLENIA-UDT.PL-OSO.mp4<\/a><\/video><\/div>\n<h2 class=\"boldnagl\"><strong>Pris<\/strong><\/h2>\n<p>Pris per <a href=\"https:\/\/szkolenia-udt.pl\/sv\/kursy\/prace-wysokosciowe\/prace-alpinistyczne-szkolenie-praktyczne\/\">bergskl\u00e4ttringskurs<\/a> i v\u00e5rt centrum \u00e4r mycket attraktivt - du betalar mindre hos oss \u00e4n hos v\u00e5ra konkurrenter. Vi erbjuder attraktiva rabatter f\u00f6r grupper. Vi uppmanar dig att kontrollera prislistan p\u00e5 v\u00e5r webbplats eller fr\u00e5ga efter <a href=\"https:\/\/szkolenia-udt.pl\/sv\/kontakt\/\">kontakta oss<\/a> via formul\u00e4ret.<\/p>\n<h2 class=\"boldnagl\"><strong>Var \u00e4r vi verksamma?<\/strong><\/h2>\n<p>Exakt information om de platser d\u00e4r undervisningen \u00e4ger rum finns i schemat p\u00e5 v\u00e5r webbplats.<\/p>\n<p>Om du har ytterligare fr\u00e5gor om v\u00e5ra tj\u00e4nster, tveka inte att kontakta oss. Vi svarar s\u00e5 snabbt som m\u00f6jligt.<\/p>\n<p>Vi uppmuntrar anv\u00e4ndning av <a href=\"https:\/\/szkolenia-udt.pl\/sv\/oferta\/\">v\u00e5rt erbjudande<\/a> tr\u00e4ning!<\/p>\n<\/div>","protected":false},"excerpt":{"rendered":"<p>Kurs na prace alpinistyczne \u2013 wysoko\u015bciowe Zach\u0119camy do wzi\u0119cia udzia\u0142u w kursie na prace alpinistyczne \u2013 wysoko\u015bciowe w O\u015brodku Szkolenia Operator\u00f3w! Nasz O\u015brodek prowadzi kurs wysoko\u015bciowy przeznaczony dla os\u00f3b chc\u0105cych wykonywa\u0107 prace na wysoko\u015bci, do czego potrzebne s\u0105 odpowiednie uprawnienia wysoko\u015bciowe. Poprzez uprawnienia do prac na wysoko\u015bci mo\u017cna podj\u0105\u0107 prac\u0119 w charakterze alpinisty przemys\u0142owego. Prowadzimy [&hellip;]<\/p>\n","protected":false},"author":3,"featured_media":2578,"parent":22,"menu_order":0,"comment_status":"closed","ping_status":"closed","template":"","meta":{"footnotes":""},"class_list":["post-1874","page","type-page","status-publish","has-post-thumbnail","hentry"],"aioseo_notices":[],"_links":{"self":[{"href":"https:\/\/szkolenia-udt.pl\/sv\/wp-json\/wp\/v2\/pages\/1874","targetHints":{"allow":["GET"]}}],"collection":[{"href":"https:\/\/szkolenia-udt.pl\/sv\/wp-json\/wp\/v2\/pages"}],"about":[{"href":"https:\/\/szkolenia-udt.pl\/sv\/wp-json\/wp\/v2\/types\/page"}],"author":[{"embeddable":true,"href":"https:\/\/szkolenia-udt.pl\/sv\/wp-json\/wp\/v2\/users\/3"}],"replies":[{"embeddable":true,"href":"https:\/\/szkolenia-udt.pl\/sv\/wp-json\/wp\/v2\/comments?post=1874"}],"version-history":[{"count":13,"href":"https:\/\/szkolenia-udt.pl\/sv\/wp-json\/wp\/v2\/pages\/1874\/revisions"}],"predecessor-version":[{"id":4507,"href":"https:\/\/szkolenia-udt.pl\/sv\/wp-json\/wp\/v2\/pages\/1874\/revisions\/4507"}],"up":[{"embeddable":true,"href":"https:\/\/szkolenia-udt.pl\/sv\/wp-json\/wp\/v2\/pages\/22"}],"wp:featuredmedia":[{"embeddable":true,"href":"https:\/\/szkolenia-udt.pl\/sv\/wp-json\/wp\/v2\/media\/2578"}],"wp:attachment":[{"href":"https:\/\/szkolenia-udt.pl\/sv\/wp-json\/wp\/v2\/media?parent=1874"}],"curies":[{"name":"wp","href":"https:\/\/api.w.org\/{rel}","templated":true}]}}