{"id":1895,"date":"2017-12-06T15:39:54","date_gmt":"2017-12-06T15:39:54","guid":{"rendered":"http:\/\/szkolenia-udt.pl\/?page_id=1895"},"modified":"2023-12-11T01:01:39","modified_gmt":"2023-12-11T00:01:39","slug":"sep-g1-g2-g3","status":"publish","type":"page","link":"https:\/\/szkolenia-udt.pl\/sv\/kursy\/sep-g1-g2-g3\/","title":{"rendered":"V\u00e4lkommen till G1-, G2- och G3-utbildningar - Warszawa"},"content":{"rendered":"<h2 class=\"boldnagl\">G1-, G2- och G3-utbildningar - Warszawa och hela Polen<\/h2>\n<div class=\"sliderpage\"><div id=\"metaslider-id-1940\" style=\"max-width: 300px;\" class=\"ml-slider-3-107-0 metaslider metaslider-flex metaslider-1940 ml-slider ms-theme-default nav-hidden\" role=\"region\" aria-label=\"sep\" data-height=\"225\" data-width=\"300\">\n    <div id=\"metaslider_container_1940\">\n        <div id=\"metaslider_1940\">\n            <ul class='slides'>\n                <li style=\"display: block; width: 100%;\" class=\"slide-2001 ms-image\" aria-roledescription=\"slide\" data-date=\"2017-12-29 10:30:02\" data-filename=\"SEP_blog2-1-1030x686-300x225.jpg\" data-slide-type=\"image\"><img loading=\"lazy\" decoding=\"async\" src=\"https:\/\/szkolenia-udt.pl\/wp-content\/uploads\/2017\/12\/SEP_blog2-1-1030x686-300x225.jpg\" height=\"225\" width=\"300\" alt=\"\" class=\"slider-1940 slide-2001 msDefaultImage\" \/><\/li>\n            <\/ul>\n        <\/div>\n        \n    <\/div>\n<\/div><\/div>\n<p>Du \u00e4r v\u00e4lkommen att delta i utbildningar f\u00f6r att f\u00f6rbereda dig f\u00f6r prov inf\u00f6r en valfri n\u00e4mnd, t.ex: <a href=\"https:\/\/szkolenia-udt.pl\/sv\/kursy\/sep-g1-g2-g3\/komisje-certyfikujace-sep-pse-simp-sitps\/\">SEP<\/a>PSE, SIMP, SITPS p\u00e5 Operator Training Centre! Vi erbjuder omfattande och professionella kurser i Warszawa och andra st\u00e4der i Polen. Om du vill arbeta som elektriker med installationer, n\u00e4tverk och apparater f\u00f6r gas eller v\u00e4rme m\u00e5ste du ha en l\u00e4mplig kvalifikation.<\/p>\n<h3 class=\"boldnagl\">Vi erbjuder undervisning i f\u00f6ljande kategorier:<\/h3>\n<ul>\n<li><a href=\"https:\/\/szkolenia-udt.pl\/sv\/kursy\/sep-g1-g2-g3\/g1\/\">elektrisk utbildning - G1<\/a> - Elektrisk utrustning, installationer och n\u00e4tverk.<\/li>\n<li><a href=\"https:\/\/szkolenia-udt.pl\/sv\/kursy\/sep-g1-g2-g3\/g2\/\">termisk utbildning - G2<\/a> - V\u00e4rmeutrustning, installationer och n\u00e4tverk.<\/li>\n<li><a href=\"https:\/\/szkolenia-udt.pl\/sv\/kursy\/sep-g1-g2-g3\/g3\/\">gasutbildning - G3<\/a> - gasutrustning, gasinstallationer och gasn\u00e4t.<\/li>\n<\/ul>\n<p>Kurserna riktar sig till \u00f6vervaknings- och driftspersonal som under kursen f\u00e5r tillr\u00e4cklig kunskap om best\u00e4mmelser och krav f\u00f6r elektrisk, termisk och gasutrustning och installationer.<\/p>\n<h3 class=\"boldnagl\">Syftet med utbildningen<\/h3>\n<p>Den h\u00e4r kursen, som f\u00f6rbereder dig f\u00f6r G1-, G2- och G3-examen, g\u00f6r det m\u00f6jligt f\u00f6r dig att bli kvalificerad f\u00f6r att arbeta med elektrisk, termisk eller gasutrustning, installationer och n\u00e4tverk, antingen som \u00f6vervakare eller som operat\u00f6r.<\/p>\n<h3 class=\"boldnagl\">R\u00e4ttigheter<\/h3>\n<p>Varje kurs avslutas med en tentamen. Om deltagaren klarar provet f\u00e5r han\/hon de relevanta dokumenten som intygar att han\/hon \u00e4r kvalificerad f\u00f6r tj\u00e4nsten i fr\u00e5ga. Kvalifikationerna \u00e4r giltiga i fem \u00e5r fr\u00e5n och med dagen f\u00f6r utf\u00e4rdandet. De kallas ocks\u00e5 f\u00f6r elkonstruktionsbeh\u00f6righet eller beh\u00f6righet upp till 1kV.<\/p>\n<h3 class=\"boldnagl\">Krav<\/h3>\n<p>De som vill delta i utbildningen b\u00f6r uppfylla f\u00f6ljande krav:<\/p>\n<ul>\n<li>vara minst 18 \u00e5r gammal<\/li>\n<li>Minsta grundskoleutbildning.<\/li>\n<\/ul>\n<h3 class=\"boldnagl\">Pris<\/h3>\n<p>N\u00e4r du vill anm\u00e4la dig till en kurs p\u00e5 v\u00e5rt center erbjuder vi mycket attraktiva priser. Du hittar en aktuell prislista p\u00e5 v\u00e5r webbplats eller genom att ringa det angivna telefonnumret. Vi har f\u00f6rberett attraktiva rabatter f\u00f6r st\u00f6rre grupper.<\/p>\n<h3 class=\"boldnagl\">Plats f\u00f6r undervisning<\/h3>\n<p>Vi erbjuder utbildning i hela Polen, bland annat i Warszawa och p\u00e5 v\u00e5ra regionala filialer. Vi erbjuder ocks\u00e5 slutna kurser f\u00f6r organiserade grupper, och i s\u00e5 fall kan vi resa till den \u00f6verenskomna platsen.<\/p>\n<p>Om du har ytterligare fr\u00e5gor, tveka inte att kontakta oss. Vi ger dig all n\u00f6dv\u00e4ndig information.<\/p>\n<p>OSO Operator Training Centre bjuder in dig till kurser - i Warszawa och i hela Polen!<\/p>","protected":false},"excerpt":{"rendered":"<p>Szkolenia G1, G2, G3 \u2013 Warszawa i ca\u0142a Polska Zapraszamy na szkolenia przygotowuj\u0105ce do egzamin\u00f3w przed komisj\u0105 wybran\u0105 przez kursanta np.: SEP, PSE, SIMP, SITPS w O\u015brodku Szkolenia Operator\u00f3w! Zajmujemy si\u0119 kompleksowym i profesjonalnym prowadzeniem kurs\u00f3w w Warszawie oraz w innych miastach w Polsce. Gdy chcesz pracowa\u0107 w zawodzie elektryka, zajmowa\u0107 si\u0119 prac\u0105 z instalacjami, [&hellip;]<\/p>\n","protected":false},"author":3,"featured_media":5320,"parent":22,"menu_order":0,"comment_status":"closed","ping_status":"closed","template":"","meta":{"footnotes":""},"class_list":["post-1895","page","type-page","status-publish","has-post-thumbnail","hentry"],"aioseo_notices":[],"_links":{"self":[{"href":"https:\/\/szkolenia-udt.pl\/sv\/wp-json\/wp\/v2\/pages\/1895","targetHints":{"allow":["GET"]}}],"collection":[{"href":"https:\/\/szkolenia-udt.pl\/sv\/wp-json\/wp\/v2\/pages"}],"about":[{"href":"https:\/\/szkolenia-udt.pl\/sv\/wp-json\/wp\/v2\/types\/page"}],"author":[{"embeddable":true,"href":"https:\/\/szkolenia-udt.pl\/sv\/wp-json\/wp\/v2\/users\/3"}],"replies":[{"embeddable":true,"href":"https:\/\/szkolenia-udt.pl\/sv\/wp-json\/wp\/v2\/comments?post=1895"}],"version-history":[{"count":10,"href":"https:\/\/szkolenia-udt.pl\/sv\/wp-json\/wp\/v2\/pages\/1895\/revisions"}],"predecessor-version":[{"id":2899,"href":"https:\/\/szkolenia-udt.pl\/sv\/wp-json\/wp\/v2\/pages\/1895\/revisions\/2899"}],"up":[{"embeddable":true,"href":"https:\/\/szkolenia-udt.pl\/sv\/wp-json\/wp\/v2\/pages\/22"}],"wp:featuredmedia":[{"embeddable":true,"href":"https:\/\/szkolenia-udt.pl\/sv\/wp-json\/wp\/v2\/media\/5320"}],"wp:attachment":[{"href":"https:\/\/szkolenia-udt.pl\/sv\/wp-json\/wp\/v2\/media?parent=1895"}],"curies":[{"name":"wp","href":"https:\/\/api.w.org\/{rel}","templated":true}]}}