{"id":1897,"date":"2017-12-06T15:44:11","date_gmt":"2017-12-06T15:44:11","guid":{"rendered":"http:\/\/szkolenia-udt.pl\/?page_id=1897"},"modified":"2022-06-13T12:07:08","modified_gmt":"2022-06-13T10:07:08","slug":"g1","status":"publish","type":"page","link":"https:\/\/szkolenia-udt.pl\/sv\/kursy\/sep-g1-g2-g3\/g1\/","title":{"rendered":"V\u00e4lkommen till G1-kursen - Warszawa"},"content":{"rendered":"<h2 class=\"boldnagl\">G1-utbildningar - Warszawa och hela Polen<\/h2>\n<div class=\"sliderpage\"><div id=\"metaslider-id-1951\" style=\"max-width: 300px;\" class=\"ml-slider-3-108-0 metaslider metaslider-flex metaslider-1951 ml-slider ms-theme-default nav-hidden\" role=\"region\" aria-label=\"sep-g1\" data-height=\"225\" data-width=\"300\">\n    <div id=\"metaslider_container_1951\">\n        <div id=\"metaslider_1951\">\n            <ul class='slides'>\n                <li style=\"display: block; width: 100%;\" class=\"slide-2003 ms-image\" aria-roledescription=\"slide\" data-date=\"2017-12-29 10:31:03\" data-filename=\"SEP_4-1030x687-300x225.jpg\" data-slide-type=\"image\"><img loading=\"lazy\" decoding=\"async\" src=\"https:\/\/szkolenia-udt.pl\/wp-content\/uploads\/2017\/12\/SEP_4-1030x687-300x225.jpg\" height=\"225\" width=\"300\" alt=\"\" class=\"slider-1951 slide-2003 msDefaultImage\" \/><\/li>\n            <\/ul>\n        <\/div>\n        \n    <\/div>\n<\/div><\/div>\n<p><a href=\"https:\/\/szkolenia-udt.pl\/sv\/o-firmie\/\">OSO Operat\u00f6rsutbildningscenter<\/a> bjuder in dig att delta i en kurs som f\u00f6rbereder dig f\u00f6r prov i kategori G1 f\u00f6r elektrisk utrustning, installationer och n\u00e4tverk. Kursen f\u00f6rbereder dig f\u00f6r provet och f\u00f6r ditt arbete som elektriker med \u00f6vervakning och drift av utrustning, installationer och n\u00e4t som klassificeras i grupp 1 upp till och \u00f6ver 1 kV.<\/p>\n<h2 class=\"boldnagl\">Syftet med utbildningen<\/h2>\n<p>Syftet med utbildningen \u00e4r att f\u00f6rbereda deltagarna f\u00f6r att avl\u00e4gga examen och erh\u00e5lla ett examensbevis inom det omr\u00e5de de valt. De olika verksamheter som erbjuds \u00e4r: drift, underh\u00e5ll, reparation, montering och <a href=\"https:\/\/szkolenia-udt.pl\/sv\/kursy\/sep-g1-g2-g3\/prace-kontrolno-pomiarowe\/\">Kontroll- och m\u00e4tningsarbete.<\/a>.<\/p>\n<h2 class=\"boldnagl\">G1-innehavare kan utf\u00f6ra arbete inom f\u00f6ljande omr\u00e5den:<\/h2>\n<ul>\n<li>Produktionsutrustning som \u00e4r ansluten till det nationella eln\u00e4tet, oavsett sp\u00e4nningsniv\u00e5.<\/li>\n<li>Elektrisk utrustning, installationer och n\u00e4t med en sp\u00e4nning p\u00e5 h\u00f6gst 1 kV.<\/li>\n<li>Utrustning, installationer och n\u00e4t med en m\u00e4rksp\u00e4nning \u00f6ver 1 kV.<\/li>\n<li>Generatoraggregat med en kapacitet p\u00e5 mer \u00e4n 50 kW.<\/li>\n<li>elektrotermisk utrustning<\/li>\n<li>utrustning f\u00f6r elektrolys<\/li>\n<li>N\u00e4tverk f\u00f6r elektrisk gatubelysning.<\/li>\n<li>elektrisk kontaktledning<\/li>\n<li>explosionsskyddad elektrisk utrustning<\/li>\n<li>Kontroll- och m\u00e4tutrustning samt utrustning och installationer f\u00f6r automatisk kontroll och skydd f\u00f6r den utrustning och de installationer som anges ovan.<\/li>\n<\/ul>\n<h2 class=\"boldnagl\">R\u00e4ttigheter<\/h2>\n<p>Beh\u00f6righetsbeviset, den s\u00e5 kallade elektriska beh\u00f6righeten, utf\u00e4rdas efter ett godk\u00e4nt prov inf\u00f6r en n\u00e4mnd som praktikanten v\u00e4ljer, t.ex: <a href=\"https:\/\/szkolenia-udt.pl\/sv\/kursy\/sep-g1-g2-g3\/komisje-certyfikujace-sep-pse-simp-sitps\/\">SEP<\/a>, PSE, SIMP, SITPS. Examensbeviset \u00e4r giltigt i 5 \u00e5r.<\/p>\n<h2 class=\"boldnagl\">Krav<\/h2>\n<p>G1-utbildningen riktar sig till dem som uppfyller f\u00f6ljande krav:<\/p>\n<ul>\n<li>vara minst 18 \u00e5r gammal<\/li>\n<li>Minsta grundskoleutbildning.<\/li>\n<\/ul>\n<h2 class=\"boldnagl\">Pris<\/h2>\n<ul>\n<li>kurser som ges dagligen<\/li>\n<li>Kostnaden f\u00f6r utbildningen \u00e4r 90 PLN,<\/li>\n<li>Kostnad f\u00f6r utbildning med prov PLN 303<\/li>\n<\/ul>\n<h2 class=\"boldnagl\">Plats f\u00f6r undervisning<\/h2>\n<p>Kurserna h\u00e5lls i Warszawa och p\u00e5 andra platser i Polen vid regionala CSO-anl\u00e4ggningar. Vi erbjuder \u00e4ven utbildning f\u00f6r slutna d\u00f6rrar enligt kundens \u00f6nskem\u00e5l.<\/p>\n<p>Om du har ytterligare fr\u00e5gor \u00e4r du v\u00e4lkommen att kontakta oss. <a href=\"https:\/\/szkolenia-udt.pl\/sv\/kontakt\/\">kontakta oss<\/a> f\u00f6r att f\u00e5 svar.<\/p>\n<p>OSO Operator Training Centre bjuder in dig till utbildningar f\u00f6r elektriska kvalifikationer upp till 1kV - Warszawa och hela Polen!<\/p>","protected":false},"excerpt":{"rendered":"<p>Szkolenia G1 \u2013 Warszawa i ca\u0142a Polska O\u015brodek Szkolenia Operator\u00f3w OSO zaprasza do skorzystania z kursu przygotowuj\u0105ce do egzamin\u00f3w w kategorii G1 na urz\u0105dzenia, instalacje i sieci elektroenergetyczne. Zaj\u0119cia przygotowuj\u0105 do egzaminu oraz pracy na stanowisku elektryka w zakresie dozoru i eksploatacji urz\u0105dze\u0144, instalacji oraz sieci zaliczanych do grupy 1 do i powy\u017cej 1 kV. [&hellip;]<\/p>\n","protected":false},"author":3,"featured_media":2002,"parent":1895,"menu_order":0,"comment_status":"closed","ping_status":"closed","template":"","meta":{"footnotes":""},"class_list":["post-1897","page","type-page","status-publish","has-post-thumbnail","hentry"],"aioseo_notices":[],"_links":{"self":[{"href":"https:\/\/szkolenia-udt.pl\/sv\/wp-json\/wp\/v2\/pages\/1897","targetHints":{"allow":["GET"]}}],"collection":[{"href":"https:\/\/szkolenia-udt.pl\/sv\/wp-json\/wp\/v2\/pages"}],"about":[{"href":"https:\/\/szkolenia-udt.pl\/sv\/wp-json\/wp\/v2\/types\/page"}],"author":[{"embeddable":true,"href":"https:\/\/szkolenia-udt.pl\/sv\/wp-json\/wp\/v2\/users\/3"}],"replies":[{"embeddable":true,"href":"https:\/\/szkolenia-udt.pl\/sv\/wp-json\/wp\/v2\/comments?post=1897"}],"version-history":[{"count":9,"href":"https:\/\/szkolenia-udt.pl\/sv\/wp-json\/wp\/v2\/pages\/1897\/revisions"}],"predecessor-version":[{"id":2897,"href":"https:\/\/szkolenia-udt.pl\/sv\/wp-json\/wp\/v2\/pages\/1897\/revisions\/2897"}],"up":[{"embeddable":true,"href":"https:\/\/szkolenia-udt.pl\/sv\/wp-json\/wp\/v2\/pages\/1895"}],"wp:featuredmedia":[{"embeddable":true,"href":"https:\/\/szkolenia-udt.pl\/sv\/wp-json\/wp\/v2\/media\/2002"}],"wp:attachment":[{"href":"https:\/\/szkolenia-udt.pl\/sv\/wp-json\/wp\/v2\/media?parent=1897"}],"curies":[{"name":"wp","href":"https:\/\/api.w.org\/{rel}","templated":true}]}}