{"id":1899,"date":"2017-12-06T15:46:28","date_gmt":"2017-12-06T15:46:28","guid":{"rendered":"http:\/\/szkolenia-udt.pl\/?page_id=1899"},"modified":"2022-06-13T12:07:25","modified_gmt":"2022-06-13T10:07:25","slug":"g2","status":"publish","type":"page","link":"https:\/\/szkolenia-udt.pl\/sv\/kursy\/sep-g1-g2-g3\/g2\/","title":{"rendered":"Anm\u00e4l dig till G2-kursen - Warszawa"},"content":{"rendered":"<div style=\"float: left; padding-right: 10px;\"><div id=\"metaslider-id-1958\" style=\"max-width: 300px;\" class=\"ml-slider-3-107-0 metaslider metaslider-flex metaslider-1958 ml-slider ms-theme-default nav-hidden\" role=\"region\" aria-label=\"sep-g2\" data-height=\"225\" data-width=\"300\">\n    <div id=\"metaslider_container_1958\">\n        <div id=\"metaslider_1958\">\n            <ul class='slides'>\n                <li style=\"display: block; width: 100%;\" class=\"slide-2005 ms-image\" aria-roledescription=\"slide\" data-date=\"2017-12-29 10:39:49\" data-filename=\"GAZ1-236x177.jpg\" data-slide-type=\"image\"><img loading=\"lazy\" decoding=\"async\" src=\"https:\/\/szkolenia-udt.pl\/wp-content\/uploads\/2017\/12\/GAZ1-236x177.jpg\" height=\"225\" width=\"300\" alt=\"\" class=\"slider-1958 slide-2005 msDefaultImage\" \/><\/li>\n            <\/ul>\n        <\/div>\n        \n    <\/div>\n<\/div><\/div>\n<h2 class=\"boldnagl\"><strong>G2-utbildningar - Warszawa och hela Polen <\/strong><\/h2>\n<p><a href=\"https:\/\/szkolenia-udt.pl\/sv\/o-firmie\/\">OSO Operat\u00f6rsutbildningscenter<\/a> inbjuder dig att anm\u00e4la dig till G2-utbildningen om termisk utrustning, installationer och n\u00e4tverk f\u00f6r termisk utrustning. Kursen f\u00f6rbereder dig f\u00f6r grupp 2-examen i \u00f6vervakning och drift av utrustning, installationer och n\u00e4tverk.<\/p>\n<p class=\"boldnagl\"><strong>Syftet med utbildningen<\/strong><br \/>\nKursen riktar sig till dem som vill skaffa sig kvalifikationer f\u00f6r att arbeta med drift och \u00f6vervakning av utrustning av kategori G2. Kursen f\u00f6rbereder f\u00f6r prov inf\u00f6r en kommission som den studerande sj\u00e4lv v\u00e4ljer, t.ex: <a href=\"https:\/\/szkolenia-udt.pl\/sv\/kursy\/sep-g1-g2-g3\/komisje-certyfikujace-sep-pse-simp-sitps\/\">SEP<\/a>, PSE, SIMP, SITPS inneh\u00e5ller information om konstruktion och drift av utrustning, kontroll- och m\u00e4tutrustning, regler f\u00f6r h\u00e4lsa och s\u00e4kerhet p\u00e5 arbetsplatsen samt r\u00e4ttsliga best\u00e4mmelser.<\/p>\n<p><strong>Innehavare av G2 kan utf\u00f6ra arbete inom f\u00f6ljande omr\u00e5den: <\/strong><\/p>\n<ul>\n<li>\u00e5ng- och vattenpannor som eldas med fasta, flytande och gasformiga br\u00e4nslen med en effekt p\u00e5 \u00f6ver 50 kW, inklusive hj\u00e4lputrustning.<\/li>\n<li>Ventilations-, luftkonditionerings- och kylanl\u00e4ggningar \u00f6ver 50 kW.<\/li>\n<li>Anl\u00e4ggningar f\u00f6r lagring, f\u00f6rvaring och lossning av br\u00e4nsle med en lagringskapacitet som \u00f6verstiger 100 Mg.<\/li>\n<li>\u00c5ng- och vattenturbiner p\u00e5 \u00f6ver 50 kW, inklusive hj\u00e4lputrustning.<\/li>\n<li>Kompressorer p\u00e5 \u00f6ver 20 kW samt trycklufts- och industrigasanl\u00e4ggningar.<\/li>\n<li>V\u00e4rmen\u00e4t och installationer, inklusive tillh\u00f6rande utrustning, med en v\u00e4rme\u00f6verf\u00f6ring p\u00e5 mer \u00e4n 50 kW.<\/li>\n<li>F\u00f6rbrukningsenheter f\u00f6r industriell \u00e5nga och varmvatten med en kapacitet p\u00e5 mer \u00e4n 50 kW.<\/li>\n<li>pumpar, extraktorer, fl\u00e4ktar och bl\u00e5smaskiner med en effekt p\u00e5 mer \u00e4n 50 kW<\/li>\n<li>industriugnar p\u00e5 \u00f6ver 50 kW<\/li>\n<li>Kontroll- och m\u00e4tutrustning samt utrustning och installationer f\u00f6r automatisk kontroll och skydd f\u00f6r den utrustning och de installationer som anges ovan.<\/li>\n<\/ul>\n<h2 class=\"boldnagl\"><strong>R\u00e4ttigheter <\/strong><\/h2>\n<p>Ett kvalifikationsbevis, dvs. ett grupp G2-certifikat, erh\u00e5lls efter ett godk\u00e4nt prov. K\u00f6rkortet \u00e4r giltigt i fem \u00e5r.<\/p>\n<h2 class=\"boldnagl\"><strong>Krav <\/strong><\/h2>\n<p>G2-kursen riktar sig till dig som uppfyller f\u00f6ljande krav:<\/p>\n<ul>\n<li>vara minst 18 \u00e5r gammal<\/li>\n<li>Minsta grundskoleutbildning.<\/li>\n<\/ul>\n<h3 class=\"boldnagl\"><strong>Pris <\/strong><\/h3>\n<p>N\u00e4r det g\u00e4ller f\u00f6rm\u00e5ner, <a href=\"https:\/\/szkolenia-udt.pl\/sv\/oferta\/\">pris<\/a> vid v\u00e5rt CSO-center \u00e4r konkurrenskraftig. Bes\u00f6k v\u00e5r webbplats f\u00f6r exakt kostnadsinformation. Vi uppmanar dig ocks\u00e5 att kontakta oss f\u00f6r ytterligare information.<\/p>\n<h3 class=\"boldnagl\"><strong>Plats f\u00f6r undervisning <\/strong><\/h3>\n<p>Vi genomf\u00f6r utbildningar i Warszawa och p\u00e5 OSO:s f\u00e4ltplatser i Polen. Vi erbjuder \u00e4ven utbildning f\u00f6r slutna d\u00f6rrar p\u00e5 en tid och plats som \u00f6verenskommits med kunden.<\/p>\n<p>Om du har n\u00e5gra ytterligare fr\u00e5gor, v\u00e4nligen kontakta <a href=\"https:\/\/szkolenia-udt.pl\/sv\/kontakt\/\">kontakta oss<\/a> via e-post eller telefon. Vi besvarar alla fr\u00e5gor p\u00e5 ett utf\u00f6rligt s\u00e4tt.<\/p>\n<p>OSO Operator Training Centre bjuder in dig till kurser - i Warszawa och i hela Polen!<\/p>","protected":false},"excerpt":{"rendered":"<p>Szkolenia G2 \u2013 Warszawa i ca\u0142a Polska O\u015brodek Szkolenia Operator\u00f3w OSO zaprasza do zapisania si\u0119 na szkolenie cieplne G2 dla urz\u0105dze\u0144, instalacji i sieci cieplnych. Zaj\u0119cia przygotowuj\u0105 do podej\u015bcia do egzaminu w zakresie dozoru i eksploatacji urz\u0105dze\u0144, instalacji oraz sieci w grupie 2. Cel szkolenia Zaj\u0119cia skierowane s\u0105 do os\u00f3b pragn\u0105cych uzyska\u0107 kwalifikacje do pracy [&hellip;]<\/p>\n","protected":false},"author":3,"featured_media":2004,"parent":1895,"menu_order":0,"comment_status":"closed","ping_status":"closed","template":"","meta":{"footnotes":""},"class_list":["post-1899","page","type-page","status-publish","has-post-thumbnail","hentry"],"aioseo_notices":[],"_links":{"self":[{"href":"https:\/\/szkolenia-udt.pl\/sv\/wp-json\/wp\/v2\/pages\/1899","targetHints":{"allow":["GET"]}}],"collection":[{"href":"https:\/\/szkolenia-udt.pl\/sv\/wp-json\/wp\/v2\/pages"}],"about":[{"href":"https:\/\/szkolenia-udt.pl\/sv\/wp-json\/wp\/v2\/types\/page"}],"author":[{"embeddable":true,"href":"https:\/\/szkolenia-udt.pl\/sv\/wp-json\/wp\/v2\/users\/3"}],"replies":[{"embeddable":true,"href":"https:\/\/szkolenia-udt.pl\/sv\/wp-json\/wp\/v2\/comments?post=1899"}],"version-history":[{"count":7,"href":"https:\/\/szkolenia-udt.pl\/sv\/wp-json\/wp\/v2\/pages\/1899\/revisions"}],"predecessor-version":[{"id":2895,"href":"https:\/\/szkolenia-udt.pl\/sv\/wp-json\/wp\/v2\/pages\/1899\/revisions\/2895"}],"up":[{"embeddable":true,"href":"https:\/\/szkolenia-udt.pl\/sv\/wp-json\/wp\/v2\/pages\/1895"}],"wp:featuredmedia":[{"embeddable":true,"href":"https:\/\/szkolenia-udt.pl\/sv\/wp-json\/wp\/v2\/media\/2004"}],"wp:attachment":[{"href":"https:\/\/szkolenia-udt.pl\/sv\/wp-json\/wp\/v2\/media?parent=1899"}],"curies":[{"name":"wp","href":"https:\/\/api.w.org\/{rel}","templated":true}]}}