{"id":1901,"date":"2017-12-06T15:49:02","date_gmt":"2017-12-06T15:49:02","guid":{"rendered":"http:\/\/szkolenia-udt.pl\/?page_id=1901"},"modified":"2022-06-13T11:46:13","modified_gmt":"2022-06-13T09:46:13","slug":"g3","status":"publish","type":"page","link":"https:\/\/szkolenia-udt.pl\/sv\/kursy\/sep-g1-g2-g3\/g3\/","title":{"rendered":"V\u00e4lkommen till G3 training - Warszawa"},"content":{"rendered":"<div style=\"float: left; padding-right: 10px;\"><div id=\"metaslider-id-1966\" style=\"max-width: 300px;\" class=\"ml-slider-3-107-0 metaslider metaslider-flex metaslider-1966 ml-slider ms-theme-default nav-hidden\" role=\"region\" aria-label=\"sep-g3\" data-height=\"325\" data-width=\"300\">\n    <div id=\"metaslider_container_1966\">\n        <div id=\"metaslider_1966\">\n            <ul class='slides'>\n                <li style=\"display: block; width: 100%;\" class=\"slide-2007 ms-image\" aria-roledescription=\"slide\" data-date=\"2017-12-29 11:07:03\" data-filename=\"g3-5-213x230.jpg\" data-slide-type=\"image\"><img loading=\"lazy\" decoding=\"async\" src=\"https:\/\/szkolenia-udt.pl\/wp-content\/uploads\/2017\/12\/g3-5-213x230.jpg\" height=\"325\" width=\"300\" alt=\"\" class=\"slider-1966 slide-2007 msDefaultImage\" \/><\/li>\n            <\/ul>\n        <\/div>\n        \n    <\/div>\n<\/div><\/div>\n<h2 class=\"boldnagl\"><strong>G3-utbildningar - Warszawa och hela Polen <\/strong><\/h2>\n<p>Du uppmanas att anm\u00e4la dig till en kurs f\u00f6r att f\u00f6rbereda dig f\u00f6r proven inf\u00f6r kommitt\u00e9erna <a href=\"https:\/\/szkolenia-udt.pl\/sv\/kursy\/sep-g1-g2-g3\/komisje-certyfikujace-sep-pse-simp-sitps\/\">SEP<\/a>PSE, SIMP, SITPS i G3-kategorin p\u00e5 CSO Operator Training Centre! Kurser som leds av v\u00e5ra experter f\u00f6rbereder dig f\u00f6r arbete inom \u00f6vervakning och drift av utrustning, installationer och n\u00e4tverk i grupp 3.<\/p>\n<h2 class=\"boldnagl\"><strong>Syftet med utbildningen <\/strong><\/h2>\n<p>Syftet med kursen <a href=\"https:\/\/szkolenia-udt.pl\/sv\/kursy\/sep-g1-g2-g3\/g1\/\">G1<\/a> \u00e4r att p\u00e5 ett helt\u00e4ckande s\u00e4tt f\u00f6rbereda deltagarna f\u00f6r att ta provet f\u00f6r att erh\u00e5lla sina gastillst\u00e5nd f\u00f6r drift och \u00f6vervakning, beroende p\u00e5 vilket alternativ som valts.<\/p>\n<p><strong>G3-innehavare f\u00e5r utf\u00f6ra <\/strong><\/p>\n<ul>\n<li>arbeta inom f\u00f6ljande omr\u00e5den:<\/li>\n<li>utrustning f\u00f6r produktion av gasformiga br\u00e4nslen, gasgeneratorer<\/li>\n<li>gasapparater och gasinstallationer med ett tryck \u00f6ver 5 kPa<\/li>\n<li>Gasapparater och gasinstallationer med ett tryck p\u00e5 h\u00f6gst 5 kPa.<\/li>\n<li>Anl\u00e4ggningar f\u00f6r bearbetning och behandling av gasbr\u00e4nsle, anl\u00e4ggningar f\u00f6r nedbrytning av gasbr\u00e4nsle, anl\u00e4ggningar f\u00f6r bearbetning av naturgas, gasreningsanl\u00e4ggningar, anl\u00e4ggningar f\u00f6r expansion och tappning av flytande petroleumgas (LPG), denitrifikation, blandningsanl\u00e4ggningar.<\/li>\n<li>lagringsanl\u00e4ggningar f\u00f6r gasformiga br\u00e4nslen<\/li>\n<li>gasturbiner<\/li>\n<li>Gasdistributionsn\u00e4t med ett tryck som inte \u00f6verstiger 0,5 MPa (gasledningar och tryckreduceringspunkter, bensinstationer).<\/li>\n<li>gas\u00f6verf\u00f6ringsn\u00e4t med ett tryck \u00f6ver 0,5 MPa (gasledningar, bensinstationer, gaskompressorstationer)<\/li>\n<li>industriella f\u00f6rbrukare av gasformiga br\u00e4nslen med en effekt \u00f6ver 50 kW<\/li>\n<li>Kontroll- och m\u00e4tutrustning samt utrustning och installationer f\u00f6r automatisk kontroll och skydd f\u00f6r den utrustning och de installationer som anges ovan.<\/li>\n<\/ul>\n<h2 class=\"boldnagl\"><strong>R\u00e4ttigheter <\/strong><\/h2>\n<p>En gasollicens, kvalifikationsbeviset f\u00f6r grupp G3, erh\u00e5lls efter godk\u00e4nt prov. Certifikatet \u00e4r giltigt i 5 \u00e5r.<\/p>\n<h2 class=\"boldnagl\"><strong>Krav <\/strong><\/h2>\n<p>G3-kursen \u00e4r \u00f6ppen f\u00f6r dig som har:<\/p>\n<ul>\n<li>vara minst 18 \u00e5r gammal<\/li>\n<li>Minsta grundskoleutbildning.<\/li>\n<\/ul>\n<h3 class=\"boldnagl\"><strong>Pris <\/strong><\/h3>\n<p>N\u00e4r du vill vara handlingskraftig , <a href=\"https:\/\/szkolenia-udt.pl\/sv\/oferta\/\">pris<\/a> vid v\u00e5rt centrum \u00e4r mycket attraktiv och konkurrenskraftig. Information om kostnader finns p\u00e5 v\u00e5r webbplats eller kan erh\u00e5llas genom att ringa det angivna numret. Det tillkommer en avgift f\u00f6r unders\u00f6kningen.<\/p>\n<h3 class=\"boldnagl\"><strong>Plats f\u00f6r undervisning <\/strong><\/h3>\n<p>Kurserna anordnas i Warszawa och p\u00e5 andra platser i Polen d\u00e4r det finns regionala CSO-center. Vi kan ocks\u00e5 anordna slutna kurser p\u00e5 en i f\u00f6rv\u00e4g best\u00e4md plats och ett i f\u00f6rv\u00e4g best\u00e4mt datum.<\/p>\n<p>Om du har n\u00e5gra ytterligare fr\u00e5gor <a href=\"https:\/\/szkolenia-udt.pl\/sv\/kontakt\/\">v\u00e4nligen kontakta oss<\/a> med v\u00e5ra specialister.<\/p>\n<p>OSO Operator Training Centre bjuder in dig till en kurs i G3-kategorin - Warszawa och hela Polen!<\/p>","protected":false},"excerpt":{"rendered":"<p>Szkolenia G3 \u2013 Warszawa i ca\u0142a Polska Zach\u0119camy do zapisania si\u0119 na kurs przygotowuj\u0105ce do egzamin\u00f3w przed komisjami SEP, PSE, SIMP, SITPS w kategorii G3 w O\u015brodku Szkolenia Operator\u00f3w OSO! Prowadzone przez naszych ekspert\u00f3w zaj\u0119cia przygotowuj\u0105 do podj\u0119cia pracy w zakresie dozoru i eksploatacji urz\u0105dze\u0144, instalacji oraz sieci w grupie 3. Cel szkolenia Celem kursu [&hellip;]<\/p>\n","protected":false},"author":3,"featured_media":2006,"parent":1895,"menu_order":0,"comment_status":"closed","ping_status":"closed","template":"","meta":{"footnotes":""},"class_list":["post-1901","page","type-page","status-publish","has-post-thumbnail","hentry"],"aioseo_notices":[],"_links":{"self":[{"href":"https:\/\/szkolenia-udt.pl\/sv\/wp-json\/wp\/v2\/pages\/1901","targetHints":{"allow":["GET"]}}],"collection":[{"href":"https:\/\/szkolenia-udt.pl\/sv\/wp-json\/wp\/v2\/pages"}],"about":[{"href":"https:\/\/szkolenia-udt.pl\/sv\/wp-json\/wp\/v2\/types\/page"}],"author":[{"embeddable":true,"href":"https:\/\/szkolenia-udt.pl\/sv\/wp-json\/wp\/v2\/users\/3"}],"replies":[{"embeddable":true,"href":"https:\/\/szkolenia-udt.pl\/sv\/wp-json\/wp\/v2\/comments?post=1901"}],"version-history":[{"count":7,"href":"https:\/\/szkolenia-udt.pl\/sv\/wp-json\/wp\/v2\/pages\/1901\/revisions"}],"predecessor-version":[{"id":2892,"href":"https:\/\/szkolenia-udt.pl\/sv\/wp-json\/wp\/v2\/pages\/1901\/revisions\/2892"}],"up":[{"embeddable":true,"href":"https:\/\/szkolenia-udt.pl\/sv\/wp-json\/wp\/v2\/pages\/1895"}],"wp:featuredmedia":[{"embeddable":true,"href":"https:\/\/szkolenia-udt.pl\/sv\/wp-json\/wp\/v2\/media\/2006"}],"wp:attachment":[{"href":"https:\/\/szkolenia-udt.pl\/sv\/wp-json\/wp\/v2\/media?parent=1901"}],"curies":[{"name":"wp","href":"https:\/\/api.w.org\/{rel}","templated":true}]}}