{"id":1905,"date":"2017-12-06T15:51:23","date_gmt":"2017-12-06T15:51:23","guid":{"rendered":"http:\/\/szkolenia-udt.pl\/?page_id=1905"},"modified":"2022-06-13T11:20:39","modified_gmt":"2022-06-13T09:20:39","slug":"sep-pse-simp-sitps-examen","status":"publish","type":"page","link":"https:\/\/szkolenia-udt.pl\/sv\/kursy\/sep-g1-g2-g3\/egzamin-sep-pse-simp-sitps\/","title":{"rendered":"Hur fungerar G1, G2, G3, PSE, SIMP, SITPS examen?"},"content":{"rendered":"<div style=\"float: left; padding-right: 10px;\"><div id=\"metaslider-id-1940\" style=\"max-width: 300px;\" class=\"ml-slider-3-107-0 metaslider metaslider-flex metaslider-1940 ml-slider ms-theme-default nav-hidden\" role=\"region\" aria-label=\"sep\" data-height=\"225\" data-width=\"300\">\n    <div id=\"metaslider_container_1940\">\n        <div id=\"metaslider_1940\">\n            <ul class='slides'>\n                <li style=\"display: block; width: 100%;\" class=\"slide-2001 ms-image\" aria-roledescription=\"slide\" data-date=\"2017-12-29 10:30:02\" data-filename=\"SEP_blog2-1-1030x686-300x225.jpg\" data-slide-type=\"image\"><img loading=\"lazy\" decoding=\"async\" src=\"https:\/\/szkolenia-udt.pl\/wp-content\/uploads\/2017\/12\/SEP_blog2-1-1030x686-300x225.jpg\" height=\"225\" width=\"300\" alt=\"\" class=\"slider-1940 slide-2001 msDefaultImage\" \/><\/li>\n            <\/ul>\n        <\/div>\n        \n    <\/div>\n<\/div><\/div>\n<h2 class=\"boldnagl\"><strong>Examen G1, G2, G3, PSE, SIMP, SITPS <\/strong><\/h2>\n<p>F\u00f6r att vara tillr\u00e4ckligt kvalificerad f\u00f6r att utf\u00f6ra arbete med drift och \u00f6vervakning av elektrisk, termisk och gasutrustning, installationer och n\u00e4tverk m\u00e5ste man avl\u00e4gga ett prov.<\/p>\n<h3 class=\"boldnagl\"><strong>Certifieringskommitt\u00e9er<\/strong><\/h3>\n<p>Detta prov, som ocks\u00e5 kallas \"SEP-examen\", genomf\u00f6rs dock inte bara inf\u00f6r den mest popul\u00e4ra sammanslutningen av polska elektriker.<\/p>\n<p>Certifiering utf\u00f6rs ocks\u00e5 av andra kommitt\u00e9er som godk\u00e4nts av Energitillsynsmyndigheten, bland annat Polska elinstallationsf\u00f6reningen (PSE), Polska mekaniska ingenj\u00f6rsf\u00f6reningen (SIMP) och f\u00f6reningen f\u00f6r ingenj\u00f6rer och tekniker inom livsmedelsindustrin (SITPS eller SITSpo\u017c).<\/p>\n<h2 class=\"boldnagl\"><strong>Hur g\u00e5r det med unders\u00f6kningen?<\/strong><\/h2>\n<p>Den r\u00e4ttsliga grunden f\u00f6r att genomf\u00f6ra unders\u00f6kningen f\u00f6r att erh\u00e5lla licensen \u00e4r f\u00f6rordningen fr\u00e5n ministern f\u00f6r ekonomi, arbete och socialpolitik av den 28 april 2003, beroende p\u00e5 installationer, utrustning och n\u00e4t f\u00f6r el, energi eller gas.<\/p>\n<p>D\u00e4r anges att granskningen genomf\u00f6rs av en granskningsgrupp som best\u00e5r av minst tre personer som utses av styrelsens ordf\u00f6rande. Examinationen \u00e4r muntlig och testar kandidatens kunskaper inom det valda omr\u00e5det - antingen tillsyns- eller driftspositioner.<\/p>\n<p>Fr\u00e5gorna under provet g\u00e4ller bland annat best\u00e4mmelser, principer f\u00f6r s\u00e4ker drift av utrustning, anl\u00e4ggningar och n\u00e4t, principer f\u00f6r utf\u00f6rande av inspektions- och m\u00e4tningsarbete, n\u00f6dinstruktioner, principer f\u00f6r bortskaffande av str\u00f6m fr\u00e5n utrustning som \u00e4r ansluten till n\u00e4tet.<\/p>","protected":false},"excerpt":{"rendered":"<p>Egzamin G1, G2, G3, PSE, SIMP, SITPS W celu uzyskania odpowiednich uprawnie\u0144 do prowadzenia prac dotycz\u0105cych eksploatacji i dozoru urz\u0105dze\u0144, instalacji oraz sieci elektroenergetycznych, cieplnych i gazowych konieczne jest pozytywne zaliczenie egzaminu. Komisje certyfikuj\u0105ce Egzamin ten, kt\u00f3ry okre\u015blany jest te\u017c jako &#8222;egzamin SEP&#8221;, prowadzony jest jednak nie tylko przed Stowarzyszeniem Elektryk\u00f3w Polskich, kt\u00f3re jest najbardziej [&hellip;]<\/p>\n","protected":false},"author":3,"featured_media":2000,"parent":1895,"menu_order":0,"comment_status":"closed","ping_status":"closed","template":"","meta":{"footnotes":""},"class_list":["post-1905","page","type-page","status-publish","has-post-thumbnail","hentry"],"aioseo_notices":[],"_links":{"self":[{"href":"https:\/\/szkolenia-udt.pl\/sv\/wp-json\/wp\/v2\/pages\/1905","targetHints":{"allow":["GET"]}}],"collection":[{"href":"https:\/\/szkolenia-udt.pl\/sv\/wp-json\/wp\/v2\/pages"}],"about":[{"href":"https:\/\/szkolenia-udt.pl\/sv\/wp-json\/wp\/v2\/types\/page"}],"author":[{"embeddable":true,"href":"https:\/\/szkolenia-udt.pl\/sv\/wp-json\/wp\/v2\/users\/3"}],"replies":[{"embeddable":true,"href":"https:\/\/szkolenia-udt.pl\/sv\/wp-json\/wp\/v2\/comments?post=1905"}],"version-history":[{"count":5,"href":"https:\/\/szkolenia-udt.pl\/sv\/wp-json\/wp\/v2\/pages\/1905\/revisions"}],"predecessor-version":[{"id":2887,"href":"https:\/\/szkolenia-udt.pl\/sv\/wp-json\/wp\/v2\/pages\/1905\/revisions\/2887"}],"up":[{"embeddable":true,"href":"https:\/\/szkolenia-udt.pl\/sv\/wp-json\/wp\/v2\/pages\/1895"}],"wp:featuredmedia":[{"embeddable":true,"href":"https:\/\/szkolenia-udt.pl\/sv\/wp-json\/wp\/v2\/media\/2000"}],"wp:attachment":[{"href":"https:\/\/szkolenia-udt.pl\/sv\/wp-json\/wp\/v2\/media?parent=1905"}],"curies":[{"name":"wp","href":"https:\/\/api.w.org\/{rel}","templated":true}]}}