{"id":2087,"date":"2019-12-18T15:52:31","date_gmt":"2019-12-18T15:52:31","guid":{"rendered":"https:\/\/szkolenia-udt.pl\/?page_id=2087"},"modified":"2022-06-20T21:59:44","modified_gmt":"2022-06-20T19:59:44","slug":"kategorier-av-udt-licenser","status":"publish","type":"page","link":"https:\/\/szkolenia-udt.pl\/sv\/uprawnienia-udt\/kategorie-uprawnien-udt\/","title":{"rendered":"Tillst\u00e5ndskategorier"},"content":{"rendered":"<div style=\"float: left; padding-right: 10px;\"><div id=\"metaslider-id-373\" style=\"max-width: 300px;\" class=\"ml-slider-3-108-0 metaslider metaslider-flex metaslider-373 ml-slider ms-theme-default nav-hidden\" role=\"region\" aria-label=\"Om f\u00f6retaget 2\" data-height=\"225\" data-width=\"300\">\n    <div id=\"metaslider_container_373\">\n        <div id=\"metaslider_373\">\n            <ul class='slides'>\n                <li style=\"display: block; width: 100%;\" class=\"slide-1109 ms-image\" aria-roledescription=\"slide\" data-date=\"2014-11-12 13:56:05\" data-filename=\"bizness3a.jpg\" data-slide-type=\"image\"><img loading=\"lazy\" decoding=\"async\" src=\"https:\/\/szkolenia-udt.pl\/wp-content\/uploads\/2014\/11\/bizness3a.jpg\" height=\"225\" width=\"300\" alt=\"utbildning\" class=\"slider-373 slide-1109 msDefaultImage\" \/><\/li>\n                <li style=\"display: none; width: 100%;\" class=\"slide-1106 ms-image\" aria-roledescription=\"slide\" data-date=\"2014-11-12 13:56:03\" data-filename=\"biznes5a.jpg\" data-slide-type=\"image\"><img loading=\"lazy\" decoding=\"async\" src=\"https:\/\/szkolenia-udt.pl\/wp-content\/uploads\/2014\/11\/biznes5a.jpg\" height=\"225\" width=\"300\" alt=\"Myndighet f\u00f6r teknisk kontroll.\" class=\"slider-373 slide-1106 msDefaultImage\" \/><\/li>\n                <li style=\"display: none; width: 100%;\" class=\"slide-1110 ms-image\" aria-roledescription=\"slide\" data-date=\"2014-11-12 14:04:12\" data-filename=\"meeting-2a.jpg\" data-slide-type=\"image\"><img loading=\"lazy\" decoding=\"async\" src=\"https:\/\/szkolenia-udt.pl\/wp-content\/uploads\/2014\/11\/meeting-2a.jpg\" height=\"225\" width=\"300\" alt=\"udt-kurser\" class=\"slider-373 slide-1110 msDefaultImage\" \/><\/li>\n                <li style=\"display: none; width: 100%;\" class=\"slide-1199 ms-image\" aria-roledescription=\"slide\" data-date=\"2014-11-17 21:17:06\" data-filename=\"firma-5a.jpg\" data-slide-type=\"image\"><img loading=\"lazy\" decoding=\"async\" src=\"https:\/\/szkolenia-udt.pl\/wp-content\/uploads\/2014\/11\/firma-5a.jpg\" height=\"225\" width=\"300\" alt=\"warsaw lyftvagnar\" class=\"slider-373 slide-1199 msDefaultImage\" \/><\/li>\n                <li style=\"display: none; width: 100%;\" class=\"slide-1196 ms-image\" aria-roledescription=\"slide\" data-date=\"2014-11-17 21:17:04\" data-filename=\"Firma-2a.jpg\" data-slide-type=\"image\"><img loading=\"lazy\" decoding=\"async\" src=\"https:\/\/szkolenia-udt.pl\/wp-content\/uploads\/2014\/11\/Firma-2a.jpg\" height=\"225\" width=\"300\" alt=\"\" class=\"slider-373 slide-1196 msDefaultImage\" \/><\/li>\n            <\/ul>\n        <\/div>\n        \n    <\/div>\n<\/div><\/div>\n<div class=\"wyjustuj\">\n<p>P\u00e5 den h\u00e4r sidan hittar du en detaljerad lista \u00f6ver utrustning f\u00f6r vilken en UDT-licens kr\u00e4vs. Detta \u00e4r utrustning som \u00e4r f\u00f6rem\u00e5l f\u00f6r teknisk \u00f6vervakning och som kr\u00e4ver grundutbildning f\u00f6r att f\u00e5 anv\u00e4ndas samt ett godk\u00e4nt prov inf\u00f6r en n\u00e4mnd inom kontoret f\u00f6r teknisk inspektion. Genom att v\u00e4lja v\u00e5rt centrum f\u00f6r personalf\u00f6rb\u00e4ttring kan du f\u00e5 UDT-tillst\u00e5nd inom det omr\u00e5de du v\u00e4ljer. Vi erbjuder omfattande utbildning till \u00f6verkomliga priser, och v\u00e5ra undervisningsmetoder resulterar i att praktiskt taget alla kursdeltagare klarar sina prov p\u00e5 f\u00f6rsta f\u00f6rs\u00f6ket. Vi erbjuder \u00f6verkomliga kurspriser, och eftersom vi samarbetar med byr\u00e5n anordnas proven p\u00e5 tider som passar v\u00e5ra kunder.F\u00f6r mer information om UDT-r\u00e4ttigheter och tekniska anordningar som omfattas av teknisk \u00f6vervakning, kan du bes\u00f6ka v\u00e5r webbplats p\u00e5 <a href=\"http:\/\/www.udt.gov.pl\" target=\"_blank\" rel=\"noopener noreferrer\">http:\/\/www.udt.gov.pl<\/a>. N\u00e4r du har fr\u00e5gor om <a href=\"https:\/\/szkolenia-udt.pl\/sv\/oferta\/\">v\u00e5ra tj\u00e4nster<\/a> utbildning eller om du vill boka en utbildning, bes\u00f6k f\u00f6ljande webbplats <a href=\"https:\/\/szkolenia-udt.pl\/sv\/kontakt\/\">kontakta oss<\/a> - Vi svarar s\u00e5 snart som m\u00f6jligt!<\/p>\n<\/div>\n<div style=\"width: 100%;overflow: auto;\">\n<table>\n<tbody>\n<tr>\n<th style=\"text-align: center;\" colspan=\"3\">SERVICE<\/th>\n<\/tr>\n<tr>\n<td colspan=\"2\">Typer av teknisk utrustning f\u00f6r vars drift det kr\u00e4vs en kvalifikation som intygas av ett kvalifikationsbevis.<\/td>\n<td>Giltighetstid f\u00f6r kvalifikationsbevis (i \u00e5r)<\/td>\n<\/tr>\n<tr>\n<td rowspan=\"2\">Vinschar och lyftanordningar<\/td>\n<td>Hissar och vinschar f\u00f6r allm\u00e4nna \u00e4ndam\u00e5l<\/td>\n<td>10<\/td>\n<\/tr>\n<tr>\n<td>Allm\u00e4nna och specialanpassade hissar och vinschar<\/td>\n<td>5<\/td>\n<\/tr>\n<tr>\n<td rowspan=\"2\">Kranar<\/td>\n<td>Kranar, hissar och vinschar f\u00f6r allm\u00e4nna \u00e4ndam\u00e5l<\/td>\n<td>10<\/td>\n<\/tr>\n<tr>\n<td>Kranar, lyftanordningar och vinschar f\u00f6r allm\u00e4nna och s\u00e4rskilda \u00e4ndam\u00e5l<\/td>\n<td>5<\/td>\n<\/tr>\n<tr>\n<td rowspan=\"8\">Kranar<\/td>\n<td>Station\u00e4ra kranar<\/td>\n<td>10<\/td>\n<\/tr>\n<tr>\n<td>Mobila och portabla kranar<br \/>\n(ger r\u00e4tt att anv\u00e4nda mobila och portabla kranar samt station\u00e4ra kranar)<\/td>\n<td>10<\/td>\n<\/tr>\n<tr>\n<td>Mobilkranar<br \/>\n(tillst\u00e5nd f\u00f6r anv\u00e4ndning av mobila, mobila och b\u00e4rbara kranar samt station\u00e4ra kranar)<\/td>\n<td>5<\/td>\n<\/tr>\n<tr>\n<td>R\u00e4lsmonterade kranar<\/td>\n<td>5<\/td>\n<\/tr>\n<tr>\n<td>Tornkranar och h\u00f6ghastighetskranar<br \/>\n(Tillst\u00e5nd att anv\u00e4nda tornkranar, h\u00f6ghastighetskranar och r\u00e4lsburna kranar)<\/td>\n<td>5<\/td>\n<\/tr>\n<tr>\n<td>J\u00e4rnv\u00e4gskranar och ombordkranar<\/td>\n<td>5<\/td>\n<\/tr>\n<tr>\n<td>D\u00e4ckskranar<\/td>\n<td>5<\/td>\n<\/tr>\n<tr>\n<td>Flytande kranar<br \/>\n(ber\u00e4ttigar till drift av flytande kranar och d\u00e4ckskranar).<\/td>\n<td>5<\/td>\n<\/tr>\n<tr>\n<td>Staplingskranar<\/td>\n<td>Staplingskranar<\/td>\n<td>10<\/td>\n<\/tr>\n<tr>\n<td>Varuhissar<\/td>\n<td>Varuhissar<\/td>\n<td>10<\/td>\n<\/tr>\n<tr>\n<td>Fartygshissar<\/td>\n<td>Fartygshissar<\/td>\n<td>10<\/td>\n<\/tr>\n<tr>\n<td rowspan=\"5\">Mobila plattformar<\/td>\n<td>Station\u00e4ra mobila plattformar<\/td>\n<td>10<\/td>\n<\/tr>\n<tr>\n<td>Uppskjutna mobila plattformar<br \/>\n(tillst\u00e5nd att driva h\u00e4ngande och fasta plattformar)<\/td>\n<td>10<\/td>\n<\/tr>\n<tr>\n<td>Mastmonterade mobila plattformar<br \/>\n(ber\u00e4ttigar till drift av mast och fasta plattformar)<\/td>\n<td>10<\/td>\n<\/tr>\n<tr>\n<td>Mobila lyftplattformar<\/td>\n<td>5<\/td>\n<\/tr>\n<tr>\n<td>Plattformar p\u00e5 j\u00e4rnv\u00e4gsfordon<\/td>\n<td>10<\/td>\n<\/tr>\n<tr>\n<td rowspan=\"2\">Lyftvagnar<\/td>\n<td>Motoriserade truckar med bom och motoriserade truckar med f\u00f6rare som lyfts med lasten.<br \/>\n(ger dig ocks\u00e5 r\u00e4tt att anv\u00e4nda alla andra <a href=\"https:\/\/szkolenia-udt.pl\/sv\/kursy\/wozki-widlowe\/budowa-wozka-jezdniowego\/\">gaffeltruckar<\/a> kraftdrivna lyftanordningar)<\/td>\n<td>5<\/td>\n<\/tr>\n<tr>\n<td>Motordrivna staplare med mekanisk lyftmekanism, med undantag av r\u00e4ckvagnar och gaffelvagnar.<\/td>\n<td>10<\/td>\n<\/tr>\n<tr>\n<td rowspan=\"2\">Kranar<\/td>\n<td>Byggnadskranar<br \/>\n(tillst\u00e5nd f\u00f6r drift av byggnadshissar samt varu- och personhissar).<\/td>\n<td>10<\/td>\n<\/tr>\n<tr>\n<td>Kranar och personlyftar f\u00f6r interna och sjukhus<br \/>\n(till\u00e5ter drift av varu- och personhissar med intern styrning och sjukhushissar utan styrning av kabinlast).<\/td>\n<td>10<\/td>\n<\/tr>\n<tr>\n<td>Rep rep kranar<\/td>\n<td>Rep rep kranar<\/td>\n<td>10<\/td>\n<\/tr>\n<tr>\n<td>Utrustning f\u00f6r containerhantering<\/td>\n<td>Teknisk utrustning f\u00f6r flyttning av containrar vid omlastning<\/td>\n<td>10<\/td>\n<\/tr>\n<tr>\n<td>Staplare<\/td>\n<td>Sp\u00e5rl\u00e4ggningsmaskiner<\/td>\n<td>10<\/td>\n<\/tr>\n<tr>\n<td rowspan=\"6\">Linbanor<\/td>\n<td>Linbanor f\u00f6r godstransporter<\/td>\n<td>10<\/td>\n<\/tr>\n<tr>\n<td>Passagerart\u00e5g med enkelrep ovanp\u00e5 t\u00e5g med okopplade stolar.<\/td>\n<td>5<\/td>\n<\/tr>\n<tr>\n<td>Luftsp\u00e5rv\u00e4gar med enkeltr\u00e5diga linbanor med stolliftar eller gondoler med kopplade fordon.<\/td>\n<td>5<\/td>\n<\/tr>\n<tr>\n<td>Passagerarfartygslinbanor med flera linor och gondoler med dragna fordon.<\/td>\n<td>5<\/td>\n<\/tr>\n<tr>\n<td>Antennbanor med en eller tv\u00e5 kablar.<\/td>\n<td>5<\/td>\n<\/tr>\n<tr>\n<td>Passagerarlinbanor<\/td>\n<td>5<\/td>\n<\/tr>\n<tr>\n<td rowspan=\"4\">Hissar f\u00f6r f\u00f6rflyttning av personer f\u00f6r turist- och idrotts\u00e4ndam\u00e5l.<\/td>\n<td>F\u00f6r skid\u00e5kare som r\u00f6r sig p\u00e5 sn\u00f6 eller fast mark med h\u00f6g eller l\u00e5g kabelstyrning, med eller utan st\u00f6d, styrd fr\u00e5n plattformen eller fr\u00e5n maskinrummet.<\/td>\n<td>5<\/td>\n<\/tr>\n<tr>\n<td>Multirep f\u00f6r vattenburna skid\u00e5kare med h\u00f6g repstyrning med cirkul\u00e4r r\u00f6relse<\/td>\n<td>5<\/td>\n<\/tr>\n<tr>\n<td>Dubbelst\u00f6dd f\u00f6r vattenburna skid\u00e5kare med h\u00f6g eller l\u00e5g repstyrning med reversibel eller cirkul\u00e4r r\u00f6relse.<\/td>\n<td>5<\/td>\n<\/tr>\n<tr>\n<td>Gravitationsrutschbanor fordonshissar rodelhissar inklusive infrastruktur f\u00f6r nedf\u00f6rsbacke.<\/td>\n<td>5<\/td>\n<\/tr>\n<tr>\n<td rowspan=\"2\">Plattformar och mobila plattformar med drivaggregat i f\u00e4rjehamnar<\/td>\n<td>Mobila plattformar med framdrivningsenheter i f\u00e4rjehamnar till sj\u00f6ss<\/td>\n<td>10<\/td>\n<\/tr>\n<tr>\n<td>R\u00f6rliga plattformar med framdrivningsenheter i inlandsf\u00e4rjehamnar<\/td>\n<td>10<\/td>\n<\/tr>\n<tr>\n<td>B\u00e4rbara tankar<\/td>\n<td>Fyllning av b\u00e4rbara tryckk\u00e4rl \u00f6ver 350 cm3<\/td>\n<td>10<\/td>\n<\/tr>\n<tr>\n<td rowspan=\"3\"><a href=\"https:\/\/szkolenia-udt.pl\/sv\/kursy\/uprawnienia-udt-tdt-wdt\/uno-tdt\/\">Utrustning f\u00f6r fyllning och t\u00f6mning av tankar<\/a> transport av farligt material<\/td>\n<td>Utrustning f\u00f6r fyllning och t\u00f6mning av transporttankar f\u00f6r farliga \u00e4mnen av klass....... enligt ADR \/ RID \/ ADN<\/td>\n<td>5<\/td>\n<\/tr>\n<tr>\n<td>Utrustning f\u00f6r fyllning och t\u00f6mning av transporttankar f\u00f6r farliga \u00e4mnen av klasser........ enligt ADR \/ RID \/ ADN<\/td>\n<td><\/td>\n<\/tr>\n<tr>\n<td>IMDG-lastningsarmar f\u00f6r farligt gods i hamn<\/td>\n<td>5<\/td>\n<\/tr>\n<tr>\n<td rowspan=\"2\">Utrustning f\u00f6r fyllning och t\u00f6mning av transporttankar f\u00f6r icke-farliga \u00e4mnen<\/td>\n<td>Utrustning f\u00f6r fyllning och t\u00f6mning av transporttankar f\u00f6r icke-farliga \u00e4mnen som fylls, t\u00f6ms eller transporteras under tryck.<\/td>\n<td>10<\/td>\n<\/tr>\n<tr>\n<td>Laddningsarmar f\u00f6r icke-farligt gods i hamnar<\/td>\n<td>10<\/td>\n<\/tr>\n<tr>\n<td rowspan=\"4\">Tankar f\u00f6r flytande eller komprimerad gas f\u00f6r f\u00f6rs\u00f6rjning av f\u00f6rbr\u00e4nningsmotorer i fordon<\/td>\n<td>Fyllning av gasolbeh\u00e5llare som \u00e4r installerade i br\u00e4nslef\u00f6rs\u00f6rjningssystem f\u00f6r fordon och fartyg p\u00e5 inre vattenv\u00e4gar.<\/td>\n<td>10<\/td>\n<\/tr>\n<tr>\n<td>P\u00e5fyllning av CNG-tankar som \u00e4r installerade i f\u00f6rs\u00f6rjningssystem f\u00f6r fordon och fartyg f\u00f6r inlandssj\u00f6fart.<\/td>\n<td>10<\/td>\n<\/tr>\n<tr>\n<td>Fyllning av LNG-tankar som \u00e4r utrustade f\u00f6r att driva fordon och fartyg p\u00e5 inre vattenv\u00e4gar.<\/td>\n<td>10<\/td>\n<\/tr>\n<tr>\n<td>P\u00e5fyllning av v\u00e4tgasbeh\u00e5llare som \u00e4r installerade i kraftf\u00f6rs\u00f6rjningen av fordon och fartyg f\u00f6r inlandssj\u00f6fart.<\/td>\n<td>10<\/td>\n<\/tr>\n<tr>\n<td>\u00c5ngpannor med en volym st\u00f6rre \u00e4n 2 dm3 som \u00e4r konstruerade f\u00f6r att generera \u00e5nga fr\u00e5n v\u00e4tskor med hj\u00e4lp av v\u00e4rme fr\u00e5n br\u00e4nslet genom en exoterm reaktion.<\/td>\n<td>\u00c5ngpannor<\/td>\n<td>5<\/td>\n<\/tr>\n<tr>\n<td>Vinschar f\u00f6r att f\u00f6rflytta vagnar p\u00e5 r\u00e4ls<\/td>\n<td>Vinschar f\u00f6r att f\u00f6rflytta vagnar p\u00e5 r\u00e4ls<\/td>\n<td>10<\/td>\n<\/tr>\n<tr>\n<td rowspan=\"12\">Lastning, lossning eller f\u00f6rflyttning av utrustning p\u00e5 hanteringslinjer.<\/td>\n<td>Avlastare f\u00f6r vagnar<\/td>\n<td>10<\/td>\n<\/tr>\n<tr>\n<td>Lossningsmaskiner f\u00f6r fartyg<\/td>\n<td>10<\/td>\n<\/tr>\n<tr>\n<td>Tippare f\u00f6r j\u00e4rnv\u00e4gsvagnar<\/td>\n<td>10<\/td>\n<\/tr>\n<tr>\n<td>Lastare, inbegripet fartygsladdare<\/td>\n<td>10<\/td>\n<\/tr>\n<tr>\n<td>Heavers<\/td>\n<td>10<\/td>\n<\/tr>\n<tr>\n<td>Lastare f\u00f6r h\u00f6gar<\/td>\n<td>10<\/td>\n<\/tr>\n<tr>\n<td>Upph\u00e4ngda bandtransport\u00f6rer<\/td>\n<td>10<\/td>\n<\/tr>\n<tr>\n<td>Matare<\/td>\n<td>10<\/td>\n<\/tr>\n<tr>\n<td>Transport\u00f6rer<\/td>\n<td>10<\/td>\n<\/tr>\n<tr>\n<td>Skidliftar<\/td>\n<td>10<\/td>\n<\/tr>\n<tr>\n<td>Pneumatisk transportutrustning f\u00f6r bulkmaterial<\/td>\n<td>10<\/td>\n<\/tr>\n<tr>\n<td>Lastare och matare f\u00f6r h\u00f6gar<\/td>\n<td>10<\/td>\n<\/tr>\n<tr>\n<td rowspan=\"8\">Specialiserad utrustning som \u00e4r f\u00f6rem\u00e5l f\u00f6r milit\u00e4r teknisk \u00f6vervakning<\/td>\n<td>B\u00e4rbara tryckk\u00e4rl f\u00f6r luftfartyg, fartyg och stridsfordon som tillh\u00f6r Republiken Polens v\u00e4pnade styrkor - med avseende p\u00e5 deras fyllning.<\/td>\n<td>10<\/td>\n<\/tr>\n<tr>\n<td>Fyllningsutrustning f\u00f6r vapen och milit\u00e4r utrustning<\/td>\n<td>10<\/td>\n<\/tr>\n<tr>\n<td>R\u00f6rledningar p\u00e5 f\u00e4ltet f\u00f6r transport av flytande br\u00e4nslen.<\/td>\n<td>10<\/td>\n<\/tr>\n<tr>\n<td>Utrustning f\u00f6r lastning och lossning av milit\u00e4ra broar<\/td>\n<td>10<\/td>\n<\/tr>\n<tr>\n<td>Mekanisk utrustning f\u00f6r lastning och lossning av raketer.<\/td>\n<td>10<\/td>\n<\/tr>\n<tr>\n<td>Mekaniska laddningsanordningar f\u00f6r torpeder<\/td>\n<td>10<\/td>\n<\/tr>\n<tr>\n<td>Utrustning f\u00f6r tr\u00e4ning av fallsk\u00e4rmshopp<\/td>\n<td>10<\/td>\n<\/tr>\n<tr>\n<td>Vinschar som anv\u00e4nds f\u00f6r att f\u00f6rflytta personer eller farliga laster och som anv\u00e4nds p\u00e5 luftfartyg, fartyg, stridsfordon och fordon som tillh\u00f6r Republiken Polens v\u00e4pnade styrkor.<\/td>\n<td>10<\/td>\n<\/tr>\n<\/tbody>\n<\/table>\n<\/div>","protected":false},"excerpt":{"rendered":"<p>Na tej stronie znajdziesz szczeg\u00f3\u0142owy wykaz urz\u0105dze\u0144, do kt\u00f3rych obs\u0142ugi potrzebne s\u0105 uprawnienia UDT. S\u0105 to urz\u0105dzenia podlegaj\u0105ce dozorowi technicznemu i wymagaj\u0105ce pocz\u0105tkowego przeszkolenia do obs\u0142ugi oraz zdania egzaminu przed komisj\u0105 Urz\u0119du Dozoru Technicznego. Wybieraj\u0105c nasz O\u015brodek Doskonalenia Kadr, mo\u017cesz uzyska\u0107 uprawnienia UDT w wybranym przez siebie zakresie. Zapewniamy kompleksowe przeszkolenie w przyst\u0119pnych cenach, a [&hellip;]<\/p>\n","protected":false},"author":3,"featured_media":0,"parent":37,"menu_order":0,"comment_status":"closed","ping_status":"closed","template":"","meta":{"footnotes":""},"class_list":["post-2087","page","type-page","status-publish","hentry"],"aioseo_notices":[],"_links":{"self":[{"href":"https:\/\/szkolenia-udt.pl\/sv\/wp-json\/wp\/v2\/pages\/2087","targetHints":{"allow":["GET"]}}],"collection":[{"href":"https:\/\/szkolenia-udt.pl\/sv\/wp-json\/wp\/v2\/pages"}],"about":[{"href":"https:\/\/szkolenia-udt.pl\/sv\/wp-json\/wp\/v2\/types\/page"}],"author":[{"embeddable":true,"href":"https:\/\/szkolenia-udt.pl\/sv\/wp-json\/wp\/v2\/users\/3"}],"replies":[{"embeddable":true,"href":"https:\/\/szkolenia-udt.pl\/sv\/wp-json\/wp\/v2\/comments?post=2087"}],"version-history":[{"count":8,"href":"https:\/\/szkolenia-udt.pl\/sv\/wp-json\/wp\/v2\/pages\/2087\/revisions"}],"predecessor-version":[{"id":2911,"href":"https:\/\/szkolenia-udt.pl\/sv\/wp-json\/wp\/v2\/pages\/2087\/revisions\/2911"}],"up":[{"embeddable":true,"href":"https:\/\/szkolenia-udt.pl\/sv\/wp-json\/wp\/v2\/pages\/37"}],"wp:attachment":[{"href":"https:\/\/szkolenia-udt.pl\/sv\/wp-json\/wp\/v2\/media?parent=2087"}],"curies":[{"name":"wp","href":"https:\/\/api.w.org\/{rel}","templated":true}]}}