{"id":2102,"date":"2020-01-05T22:13:44","date_gmt":"2020-01-05T22:13:44","guid":{"rendered":"https:\/\/szkolenia-udt.pl\/?page_id=2102"},"modified":"2020-01-05T22:17:00","modified_gmt":"2020-01-05T22:17:00","slug":"utbildning-om-skydd-av-personuppgifter-rodo-warsaw","status":"publish","type":"page","link":"https:\/\/szkolenia-udt.pl\/sv\/kursy\/szkolenie-z-ochrony-danych-osobowych-rodo-warszawa\/","title":{"rendered":"Utbildning i dataskydd RODO - Warszawa och hela Polen"},"content":{"rendered":"<p>Den 25 maj 2018 tr\u00e4der RODO, EU:s nya dataskyddsf\u00f6rordning, i kraft. Det ligger d\u00e4rf\u00f6r i varje personuppgiftsansvarigs intresse att skicka den medarbetare som ansvarar f\u00f6r dataskyddsfr\u00e5gor p\u00e5 RODO-utbildning.<\/p>\n<p>Enligt den senaste lagstiftningen har personuppgiftsansvariga bara 72 timmar p\u00e5 sig att rapportera en personuppgiftsincident. Ett antal institutioner och f\u00f6retag kommer ocks\u00e5 att beh\u00f6va utse en IDO - Data Protection Officer. Best\u00e4mmelserna om behandling av personuppgifter h\u00e5ller ocks\u00e5 p\u00e5 att uppdateras. Personuppgiftsansvariga som inte f\u00f6ljer best\u00e4mmelserna riskerar kraftiga ekonomiska p\u00e5f\u00f6ljder.<\/p>\n<p>Under ledning av v\u00e5r <a href=\"https:\/\/szkolenia-udt.pl\/sv\/o-firmie\/\">Utbildningscenter f\u00f6r operat\u00f6rer<\/a> RODO-kursen inneh\u00e5ller en omfattande upps\u00e4ttning teoretisk information och praktik i enlighet med den senaste EU-f\u00f6rordningen.<\/p>\n<p><strong>Under utbildningen kommer information som t.ex:<\/strong><\/p>\n<ul>\n<li>r\u00e4ttsliga grunder f\u00f6r behandling av personuppgifter<\/li>\n<li>grundl\u00e4ggande definitioner av dataskydd<\/li>\n<li>organisatorisk struktur f\u00f6r skydd av personuppgifter<\/li>\n<li>principer f\u00f6r behandling av personuppgifter<\/li>\n<li>villkor f\u00f6r att ge samtycke till behandling av personuppgifter<\/li>\n<li>behandling av s\u00e4rskilda kategorier av personuppgifter<\/li>\n<li>den registrerades r\u00e4tt till tillg\u00e5ng<\/li>\n<li>registeransvarig och registeransvarigas uppgifter<\/li>\n<li>personuppgiftsbitr\u00e4de<\/li>\n<li>dataskyddsombudets st\u00e4llning och uppgifter<\/li>\n<li>Registrering av bearbetnings\u00e5tg\u00e4rder.<\/li>\n<li>allm\u00e4nna villkor f\u00f6r utd\u00f6mande av administrativa sanktionsavgifter<\/li>\n<\/ul>\n<p>I kurspriset ing\u00e5r \u00e4ven catering och lunchpaus.<\/p>\n<p><strong>Pris<\/strong><\/p>\n<p>V\u00e5r datautbildning \u00e4r tillg\u00e4nglig till ett \u00f6verkomligt pris - ytterligare information finns p\u00e5 webbplatsen och kan erh\u00e5llas fr\u00e5n v\u00e5ra specialister via telefon och e-post<\/p>\n<p><strong>Var \u00e4r vi verksamma?<\/strong><\/p>\n<p>Undervisningen sker p\u00e5 v\u00e5rt center i staden Warszawa.<\/p>\n<p>Om du har ytterligare fr\u00e5gor om <a href=\"https:\/\/szkolenia-udt.pl\/sv\/oferta\/\">v\u00e5rt erbjudande<\/a> st\u00e5r vi till ert f\u00f6rfogande.<\/p>\n<p>Vi v\u00e4lkomnar alla som vill veta hur dataskyddet kommer att se ut i praktiken enligt den senaste EU-lagstiftningen!<\/p>","protected":false},"excerpt":{"rendered":"<p>25 maja 2018 roku wchodzi w \u017cycie RODO, czyli nowe unijne rozporz\u0105dzenie dotycz\u0105ce ochrony danych osobowych. W zwi\u0105zku z tym w interesie ka\u017cdego administratora danych jest wys\u0142anie pracownika odpowiedzialnego za kwestie ochrony danych na szkolenie RODO. Zgodnie z najnowszymi przepisami administratorzy danych b\u0119d\u0105 mieli tylko 72 godziny na zg\u0142oszenie faktu naruszenia danych osobowych. W szeregu [&hellip;]<\/p>\n","protected":false},"author":3,"featured_media":0,"parent":22,"menu_order":0,"comment_status":"closed","ping_status":"closed","template":"","meta":{"footnotes":""},"class_list":["post-2102","page","type-page","status-publish","hentry"],"aioseo_notices":[],"_links":{"self":[{"href":"https:\/\/szkolenia-udt.pl\/sv\/wp-json\/wp\/v2\/pages\/2102","targetHints":{"allow":["GET"]}}],"collection":[{"href":"https:\/\/szkolenia-udt.pl\/sv\/wp-json\/wp\/v2\/pages"}],"about":[{"href":"https:\/\/szkolenia-udt.pl\/sv\/wp-json\/wp\/v2\/types\/page"}],"author":[{"embeddable":true,"href":"https:\/\/szkolenia-udt.pl\/sv\/wp-json\/wp\/v2\/users\/3"}],"replies":[{"embeddable":true,"href":"https:\/\/szkolenia-udt.pl\/sv\/wp-json\/wp\/v2\/comments?post=2102"}],"version-history":[{"count":2,"href":"https:\/\/szkolenia-udt.pl\/sv\/wp-json\/wp\/v2\/pages\/2102\/revisions"}],"predecessor-version":[{"id":2105,"href":"https:\/\/szkolenia-udt.pl\/sv\/wp-json\/wp\/v2\/pages\/2102\/revisions\/2105"}],"up":[{"embeddable":true,"href":"https:\/\/szkolenia-udt.pl\/sv\/wp-json\/wp\/v2\/pages\/22"}],"wp:attachment":[{"href":"https:\/\/szkolenia-udt.pl\/sv\/wp-json\/wp\/v2\/media?parent=2102"}],"curies":[{"name":"wp","href":"https:\/\/api.w.org\/{rel}","templated":true}]}}