{"id":2115,"date":"2020-03-20T19:24:15","date_gmt":"2020-03-20T19:24:15","guid":{"rendered":"https:\/\/szkolenia-udt.pl\/?page_id=2115"},"modified":"2024-10-23T12:39:19","modified_gmt":"2024-10-23T10:39:19","slug":"e-priser","status":"publish","type":"page","link":"https:\/\/szkolenia-udt.pl\/sv\/e-kursy\/","title":{"rendered":"UDT \/ G1, G2, G3 \/ BHP-licenser och coronaviruset? - MED OSS JA! Onlinekurser OSO!"},"content":{"rendered":"<p style=\"text-align: center;\"><strong>K\u00e4ra herrar,<\/strong><\/p>\n<p>CSO genomf\u00f6r utbildning #BHP #UDT #TDT #G1, <a href=\"https:\/\/szkolenia-udt.pl\/sv\/kursy\/sep-g1-g2-g3\/g2\/\">G2<\/a>, <a href=\"https:\/\/szkolenia-udt.pl\/sv\/kursy\/sep-g1-g2-g3\/g3\/\">G3<\/a> Med hj\u00e4lp av modern teknik och Internet, i form av e-l\u00e4rande och webbseminarier - ljud- och bild\u00f6verf\u00f6ring i realtid.<\/p>\n<p>V\u00e5ra E-kurser #UDT #TDT #G1, G2, G3 #BHP och #Heights inom byggnadstilltr\u00e4de, samt f\u00f6r #Hooks eller #Sygnalister finns tillg\u00e4ngliga p\u00e5 f\u00f6ljande adress<\/p>\n<p>N\u00e4r utbildningen har best\u00e4llts:<\/p>\n<ol>\n<li>Du kommer att f\u00e5 tillg\u00e5ng i form av en inloggning och ett l\u00f6senord f\u00f6r att logga in i konferensrummet p\u00e5 <a href=\"\/\/testy-udt.edu.pl\/\" rel=\"nofollow\">strefa.edu.pl.<\/a><\/li>\n<li>F\u00f6rel\u00e4saren h\u00e5ller kurser p\u00e5 distans \"live\" med hj\u00e4lp av aktivitetsbaserade metoder och utbildar deltagarna, bland annat genom: f\u00f6rel\u00e4sningar, uppgifter, fr\u00e5gesporter och diskussioner samt enk\u00e4ter\/tester.<\/li>\n<li>Efter utbildningen testar han deltagarnas kunskaper, antingen muntligt eller genom ett elektroniskt test.<\/li>\n<\/ol>\n<div>\n<div style=\"float: right;\"><\/div>\n<div><img loading=\"lazy\" decoding=\"async\" width=\"300\" height=\"168\" class=\"alignnone size-medium wp-image-2126\" style=\"max-width: 250px;\" src=\"https:\/\/szkolenia-udt.pl\/wp-content\/uploads\/2020\/03\/foto2-300x168.jpg\" alt=\"&quot;\/\" srcset=\"https:\/\/szkolenia-udt.pl\/wp-content\/uploads\/2020\/03\/foto2-300x168.jpg 300w, https:\/\/szkolenia-udt.pl\/wp-content\/uploads\/2020\/03\/foto2.jpg 656w\" sizes=\"auto, (max-width: 300px) 100vw, 300px\" \/><\/div>\n<\/div>\n<p><a href=\"\/\/testy-udt.edu.pl\/\" rel=\"nofollow\">zone.edu.pl<\/a>\u00a0\u00e4r inte bara tillg\u00e5ng till material, utbildningsvideor och UDT-testgeneratorn, utan ocks\u00e5 virtuella rum f\u00f6r att ansluta till utbildaren. Varje deltagare f\u00e5r tillg\u00e5ng till utbildningen vid en \u00f6verenskommen tidpunkt genom att logga in p\u00e5 v\u00e5rt system med hj\u00e4lp av till exempel en surfplatta eller b\u00e4rbar dator p\u00e5 jobbet eller hemma.<\/p>\n<p>Systemet g\u00f6r det m\u00f6jligt f\u00f6r utbildare att tillhandah\u00e5lla PPTX\/PDF multimedia presentationer, film projektioner och realtids audio\/video \u00f6verf\u00f6ring - webinars.<\/p>\n<div>Centret erbjuder \u00e4ven onlineutbildning i form av ett webbinarium f\u00f6r en organiserad grupp av personer p\u00e5 deras kontor och i rum i kundens lokaler. Minimikravet \u00e4r en stabil Internetanslutning, en projektor eller TV och en dator, t.ex. en b\u00e4rbar dator med externa h\u00f6gtalare (ett videokonferensset kan hyras\/skickas).<\/div>\n<div style=\"float: right;\"><img loading=\"lazy\" decoding=\"async\" class=\"alignnone size-medium wp-image-2123\" src=\"https:\/\/szkolenia-udt.pl\/wp-content\/uploads\/2020\/03\/ekurs-300x169.jpg\" alt=\"\" width=\"300\" height=\"169\" srcset=\"https:\/\/szkolenia-udt.pl\/wp-content\/uploads\/2020\/03\/ekurs-300x169.jpg 300w, https:\/\/szkolenia-udt.pl\/wp-content\/uploads\/2020\/03\/ekurs.jpg 622w\" sizes=\"auto, (max-width: 300px) 100vw, 300px\" \/><\/div>\n<p>Om det finns behov av att anordna praktiska kurser, anordnar centrumet s\u00e5dana kurser och UDT-, TDT-examinationer. <a href=\"https:\/\/szkolenia-udt.pl\/sv\/kursy\/sep-g1-g2-g3\/komisje-certyfikujace-sep-pse-simp-sitps\/\">SEP<\/a>som genomf\u00f6rs av externa kvalifikationskommitt\u00e9er i centrumets undervisnings- och utbildningslokaler och i kundens lokaler. Kurserna kan planeras individuellt f\u00f6r varje deltagare eller i sm\u00e5 grupper om 3 till 8 personer.<\/p>\n<p>Ovanst\u00e5ende l\u00f6sningar bygger p\u00e5 undervisning baserad p\u00e5 aktiveringsmetoder, samtidigt som en s\u00e5dan form minskar utbildningstiden genom bland annat pendling till gruppteoretiska utbildningstillf\u00e4llen. De metoder som presenteras ovan minimerar ocks\u00e5 effektivt aff\u00e4rs- och yrkesrisker.<\/p>\n<p>Vi ser fram emot att arbeta med dig.<\/p>\n<div class=\"kontakt-txt\">ANM\u00c4LNING: <span style=\"font-size: 28px;\">+48 504 477 077<\/span><\/div>\n<p><span style=\"font-size: 26px;\">VI ERBJUDER UTBILDNING I:<\/span><\/p>\n<ul>\n<li>SEP:\n<ul>\n<li>G-1 (elektroteknik)<\/li>\n<li>G-2 (v\u00e4rme, kompressorer)<\/li>\n<li>G-3 (gaser)<\/li>\n<li>Inspektions- och m\u00e4tningsarbete p\u00e5 elektrisk utrustning och elektriska anl\u00e4ggningar.<\/li>\n<\/ul>\n<\/li>\n<li>gaffeltruckar\n<ul>\n<li>lyft (hantering)<\/li>\n<li>H\u00f6gsp\u00e4nningsf\u00e4lt \/ Elektriskt<\/li>\n<li>f\u00f6rbr\u00e4nningsmotorer med LPG-cylinderbyte (service)<\/li>\n<li>Lyfta operat\u00f6ren med lasten (hantering)<\/li>\n<li>med variabelt \u00f6verh\u00e4ng (drift)<\/li>\n<li>Gaffeltruckar (underh\u00e5ll)<\/li>\n<\/ul>\n<\/li>\n<li>teleskoplastare, Manitou, (drift)<\/li>\n<li>mobila plattformar (drift)\n<ul>\n<li>saxliftar och bomliftar med frihjul (drift)<\/li>\n<li>Spindlar f\u00f6r mobila plattformar (operat\u00f6r)<\/li>\n<li>arbetsplattformar, lastbilsmonterade plattformar (service)<\/li>\n<li>saxlift, bomlift MEWP ISO 18878 (hantering)<\/li>\n<li>Upph\u00e4ngning (service)<\/li>\n<li>station\u00e4r<\/li>\n<li>mast<\/li>\n<li>Underh\u00e5llare av UDT-utrustning<\/li>\n<li>Arbetsplattformar (underh\u00e5ll)<\/li>\n<li>lastning, inklusive passagerartransport (underh\u00e5ll)<\/li>\n<li>station\u00e4r, h\u00e4ngande och mast (underh\u00e5ll)<\/li>\n<li>p\u00e5 j\u00e4rnv\u00e4gsfordon (underh\u00e5ll)<\/li>\n<li>p\u00e5 j\u00e4rnv\u00e4gsfordon (drift)<\/li>\n<\/ul>\n<\/li>\n<li>utrustning f\u00f6r funktionshindrade (underh\u00e5ll)<\/li>\n<li><a href=\"https:\/\/szkolenia-udt.pl\/sv\/kursy\/prace-wysokosciowe\/\">kurs p\u00e5 h\u00f6g h\u00f6jd<\/a> (bergskl\u00e4ttring), inklusive: industriell kl\u00e4ttrare; h\u00f6jdutbildning p\u00e5 niv\u00e5 1; utbildning i reptilltr\u00e4de ; <span style=\"display:none;\">IRATA-r\u00e4ttigheter<\/span><\/li>\n<li>h\u00f6jdutbildning: hantering av sele\/ sele\/ arbete p\u00e5 h\u00f6g h\u00f6jd hantering av personlig skyddsutrustning<\/li>\n<li>kranar:\n<ul>\n<li>styrd fr\u00e5n arbetsniv\u00e5 och fr\u00e5n hytt f\u00f6r allm\u00e4n\/speciell anv\u00e4ndning (drift)<\/li>\n<li>allm\u00e4nt och\/eller s\u00e4rskilt \u00e4ndam\u00e5l (underh\u00e5ll)<\/li>\n<\/ul>\n<\/li>\n<li>Vinschar f\u00f6r allm\u00e4nna och\/eller s\u00e4rskilda \u00e4ndam\u00e5l och vinschar som styrs fr\u00e5n arbetsniv\u00e5 och hytt (hantering)<\/li>\n<li>Vinschar och lyftanordningar f\u00f6r allm\u00e4nna och\/eller speciella \u00e4ndam\u00e5l (underh\u00e5ll)<\/li>\n<li>kranar:\n<ul>\n<li>torn (service)<\/li>\n<li>torn (underh\u00e5ll)<\/li>\n<li>sj\u00e4lvg\u00e5ende \/ kranar (hantering)<\/li>\n<li>kranar (allm\u00e4nt namn) - mobilkranar (hantering)<\/li>\n<li>sj\u00e4lvg\u00e5ende \/ kranar (underh\u00e5ll)<\/li>\n<li>Mobil HDS (hantering)<\/li>\n<li>Mobil HDS (underh\u00e5ll)<\/li>\n<li>station\u00e4r (service)<\/li>\n<li>station\u00e4r (underh\u00e5ll)<\/li>\n<li>j\u00e4rnv\u00e4gar och p\u00e5 j\u00e4rnv\u00e4gsfordon (drift)<\/li>\n<li>j\u00e4rnv\u00e4g (drift)<\/li>\n<li>j\u00e4rnv\u00e4gar och j\u00e4rnv\u00e4gsfordon (underh\u00e5ll)<\/li>\n<li>skeppsbyggnad och hamn (underh\u00e5ll)<\/li>\n<li>ombord (underh\u00e5ll)<\/li>\n<li>flytande (underh\u00e5ll)<\/li>\n<li>ombord (drift)<\/li>\n<li>flytande (hantering)<\/li>\n<\/ul>\n<\/li>\n<li>UNO - Utrustning f\u00f6r fyllning och t\u00f6mning av transporttankar f\u00f6r farliga \u00e4mnen<\/li>\n<li>svetsning och svetsning av plast (enligt ISO13067, elektrofusion och stumsvetsning)<\/li>\n<li>krok, signalman (s\u00e4ker anv\u00e4ndning av slings)<\/li>\n<li>krok riggare<\/li>\n<li>Signalist\/Slingare (bankman) krok-signalist<\/li>\n<li>kranar f\u00f6r stapling av lager (underh\u00e5ll)<\/li>\n<li>kranar f\u00f6r stapling av lager (drift)<\/li>\n<li>Lasthissar (tj\u00e4nst)<\/li>\n<li>Lasthissar (underh\u00e5ll)<\/li>\n<li>Fartygslyftar<\/li>\n<li>Lyftanordningar f\u00f6r att lyfta laster, inklusive fordon (underh\u00e5ll)<\/li>\n<li>Domkrafter f\u00f6r lyft av j\u00e4rnv\u00e4gsfordon (underh\u00e5ll)<\/li>\n<li>Fordonsmonterade domkrafter, inklusive f\u00f6rskjutnings- och utj\u00e4mningsanordningar f\u00f6r upph\u00e4ngning och justering av kontaktledningen (underh\u00e5ll)<\/li>\n<li>Fartygslyftar<\/li>\n<li>utrustning f\u00f6r containerhantering - Reachstacker, Kalmry<\/li>\n<li>kranar:\n<ul>\n<li>konstruktion (hissar) (drift)<\/li>\n<li>Passagerare, gods (hissar) (service)<\/li>\n<li>Elektriskt drivna passagerar- och fraktfordon (underh\u00e5ll)<\/li>\n<li>Passagerar- och godsfordon med hydraulisk drivning (underh\u00e5ll)<\/li>\n<li>konstruktion (underh\u00e5ll)<\/li>\n<\/ul>\n<\/li>\n<li>acetylon-oxygen, plasma och sk\u00e4rning med elektrisk br\u00e4nnare<\/li>\n<li>svetsning<\/li>\n<li>l\u00f6dning (svetsmetod)<\/li>\n<li>svetsning av optiska fibrer<\/li>\n<li>sandm\u00e5lare<\/li>\n<li>byggnadsst\u00e4llning<\/li>\n<li>gr\u00e4vmaskiner<\/li>\n<li>TDT<\/li>\n<li>UDT<\/li>\n<li>Dragfordon f\u00f6r f\u00f6rflyttning av vagnar p\u00e5 sp\u00e5r<\/li>\n<li>lastning, lossning eller f\u00f6rflyttning av utrustning (drift\/underh\u00e5ll) i hanteringslinjer<\/li>\n<li>Tryckb\u00e4rande anordningar - Transportabla tankar - Cylindrar (syre, kv\u00e4ve, argon, v\u00e4te, luft)<\/li>\n<li>Inspektioner av slings, Inspektioner av slings<\/li>\n<li>Utbildning i h\u00e4lsa och s\u00e4kerhet.\n<ul>\n<li>f\u00f6r arbetstagare<\/li>\n<li>f\u00f6r ingenj\u00f6rer och teknisk personal<\/li>\n<li>f\u00f6r nyrekryterad personal<\/li>\n<li>f\u00f6r personer som utf\u00f6r riskfyllt arbete<\/li>\n<li>f\u00f6r administrativ personal och kontorspersonal<\/li>\n<li>f\u00f6r arbetsgivare och chefer<\/li>\n<li>f\u00f6r tj\u00e4nsten f\u00f6r h\u00e4lsa och s\u00e4kerhet p\u00e5 arbetsplatsen<\/li>\n<\/ul>\n<\/li>\n<li>r\u00e4ttsligt skydd f\u00f6r arbetstagare<\/li>\n<li>F\u00f6rsta hj\u00e4lpen<\/li>\n<li>brand<\/li>\n<li>HACCP<\/li>\n<\/ul>","protected":false},"excerpt":{"rendered":"<p>Szanowni Pa\u0144stwo, OSO wdra\u017ca edukacj\u0119 #BHP #UDT #TDT #G1, G2, G3 przy wykorzystaniu nowoczesnej technologii i Internetu, w formie on-line czyli e-learningu oraz webinari\u00f3w &#8211; transmisji audio-wideo w czasie rzeczywistym. Nasze E-Kursy #UDT\u00a0 #TDT #G1, G2, G3 \u00a0#BHP oraz #Wysoko\u015bciowe w dost\u0119pie budowlanym, a tak\u017ce dla #Hakowych czy #Sygnalist\u00f3w s\u0105 dost\u0119pne na stronie Po zam\u00f3wieniu [&hellip;]<\/p>\n","protected":false},"author":3,"featured_media":0,"parent":0,"menu_order":0,"comment_status":"closed","ping_status":"closed","template":"","meta":{"footnotes":""},"class_list":["post-2115","page","type-page","status-publish","hentry"],"aioseo_notices":[],"_links":{"self":[{"href":"https:\/\/szkolenia-udt.pl\/sv\/wp-json\/wp\/v2\/pages\/2115","targetHints":{"allow":["GET"]}}],"collection":[{"href":"https:\/\/szkolenia-udt.pl\/sv\/wp-json\/wp\/v2\/pages"}],"about":[{"href":"https:\/\/szkolenia-udt.pl\/sv\/wp-json\/wp\/v2\/types\/page"}],"author":[{"embeddable":true,"href":"https:\/\/szkolenia-udt.pl\/sv\/wp-json\/wp\/v2\/users\/3"}],"replies":[{"embeddable":true,"href":"https:\/\/szkolenia-udt.pl\/sv\/wp-json\/wp\/v2\/comments?post=2115"}],"version-history":[{"count":33,"href":"https:\/\/szkolenia-udt.pl\/sv\/wp-json\/wp\/v2\/pages\/2115\/revisions"}],"predecessor-version":[{"id":5634,"href":"https:\/\/szkolenia-udt.pl\/sv\/wp-json\/wp\/v2\/pages\/2115\/revisions\/5634"}],"wp:attachment":[{"href":"https:\/\/szkolenia-udt.pl\/sv\/wp-json\/wp\/v2\/media?parent=2115"}],"curies":[{"name":"wp","href":"https:\/\/api.w.org\/{rel}","templated":true}]}}