{"id":2186,"date":"2020-10-01T14:42:04","date_gmt":"2020-10-01T14:42:04","guid":{"rendered":"https:\/\/szkolenia-udt.pl\/?page_id=2186"},"modified":"2022-06-15T14:02:03","modified_gmt":"2022-06-15T12:02:03","slug":"ordning","status":"publish","type":"page","link":"https:\/\/szkolenia-udt.pl\/sv\/kursy\/sep-g1-g2-g3\/zamow\/","title":{"rendered":"Utbildning - G1, G2, G3 - ans\u00f6kningsblankett"},"content":{"rendered":"<h2 style=\"background-color: red; padding: 20px 10px; text-align: center; color: white; opacity: 0.6; font-weight: 600;\">Anm\u00e4l dig till G1-, G2- och G3-utbildning online.<\/h2>\n<div style=\"max-width: 500px; margin: auto; background-color: #d2d2d2; padding: 20px;\">\n<div class=\"wpcf7 no-js\" id=\"wpcf7-f2185-o1\" lang=\"pl-PL\" dir=\"ltr\" data-wpcf7-id=\"2185\">\n<div class=\"screen-reader-response\"><p role=\"status\" aria-live=\"polite\" aria-atomic=\"true\"><\/p> <ul><\/ul><\/div>\n<form action=\"\/sv\/wp-json\/wp\/v2\/pages\/2186#wpcf7-f2185-o1\" method=\"post\" class=\"wpcf7-form init\" aria-label=\"Formularz kontaktowy\" novalidate=\"novalidate\" data-status=\"init\" data-trp-original-action=\"\/sv\/wp-json\/wp\/v2\/pages\/2186#wpcf7-f2185-o1\">\n<fieldset class=\"hidden-fields-container\"><input type=\"hidden\" name=\"_wpcf7\" value=\"2185\" \/><input type=\"hidden\" name=\"_wpcf7_version\" value=\"6.1.5\" \/><input type=\"hidden\" name=\"_wpcf7_locale\" value=\"pl_PL\" \/><input type=\"hidden\" name=\"_wpcf7_unit_tag\" value=\"wpcf7-f2185-o1\" \/><input type=\"hidden\" name=\"_wpcf7_container_post\" value=\"0\" \/><input type=\"hidden\" name=\"_wpcf7_posted_data_hash\" value=\"\" \/>\n<\/fieldset>\n<p><label> Namn (obligatoriskt):<br \/>\n<span class=\"wpcf7-form-control-wrap\" data-name=\"your-name\"><input size=\"40\" maxlength=\"400\" class=\"wpcf7-form-control wpcf7-text wpcf7-validates-as-required\" aria-required=\"true\" aria-invalid=\"false\" value=\"\" type=\"text\" name=\"your-name\" \/><\/span> <\/label><br \/>\n<label> Din e-postadress (obligatoriskt):<br \/>\n<span class=\"wpcf7-form-control-wrap\" data-name=\"your-email\"><input size=\"40\" maxlength=\"400\" class=\"wpcf7-form-control wpcf7-email wpcf7-validates-as-required wpcf7-text wpcf7-validates-as-email\" aria-required=\"true\" aria-invalid=\"false\" value=\"\" type=\"email\" name=\"your-email\" \/><\/span> <\/label><br \/>\n<label> Telefonnummer (obligatoriskt):<br \/>\n<span class=\"wpcf7-form-control-wrap\" data-name=\"tel-966\"><input size=\"40\" maxlength=\"400\" class=\"wpcf7-form-control wpcf7-tel wpcf7-validates-as-required wpcf7-text wpcf7-validates-as-tel\" aria-required=\"true\" aria-invalid=\"false\" value=\"\" type=\"tel\" name=\"tel-966\" \/><\/span> <\/label><br \/>\n<label> Utbildningsschema (kr\u00e4vs):<br \/>\n<span class=\"wpcf7-form-control-wrap\" data-name=\"menu-453\"><select class=\"wpcf7-form-control wpcf7-select wpcf7-validates-as-required\" aria-required=\"true\" aria-invalid=\"false\" name=\"menu-453\"><option value=\"2020-10-21\">2020-10-21<\/option><option value=\"2020-10-22\">2020-10-22<\/option><option value=\"2020-10-23\">2020-10-23<\/option><option value=\"2020-10-26\">2020-10-26<\/option><option value=\"2020-10-27\">2020-10-27<\/option><option value=\"2020-10-28\">2020-10-28<\/option><option value=\"2020-10-29\">2020-10-29<\/option><option value=\"2020-11-02\">2020-11-02<\/option><option value=\"2020-11-03\">2020-11-03<\/option><option value=\"2020-11-04\">2020-11-04<\/option><option value=\"2020-11-05\">2020-11-05<\/option><option value=\"2020-11-06\">2020-11-06<\/option><\/select><\/span><\/label><br \/>\n<label>V\u00e4lj omfattning av utbildning och prov (kr\u00e4vs):<\/label><br \/>\n<span class=\"wpcf7-form-control-wrap\" data-name=\"checkbox-691\"><span class=\"wpcf7-form-control wpcf7-checkbox wpcf7-validates-as-required\"><span class=\"wpcf7-list-item first\"><input type=\"checkbox\" name=\"checkbox-691[]\" value=\"G1\" \/><span class=\"wpcf7-list-item-label\"><a href=\"https:\/\/szkolenia-udt.pl\/sv\/kursy\/sep-g1-g2-g3\/g1\/\">G1<\/a><\/span><\/span><span class=\"wpcf7-list-item\"><input type=\"checkbox\" name=\"checkbox-691[]\" value=\"G2\" \/><span class=\"wpcf7-list-item-label\"><a href=\"https:\/\/szkolenia-udt.pl\/sv\/kursy\/sep-g1-g2-g3\/g2\/\">G2<\/a><\/span><\/span><span class=\"wpcf7-list-item last\"><input type=\"checkbox\" name=\"checkbox-691[]\" value=\"G3\" \/><span class=\"wpcf7-list-item-label\"><a href=\"https:\/\/szkolenia-udt.pl\/sv\/kursy\/sep-g1-g2-g3\/g3\/\">G3<\/a><\/span><\/span><\/span><\/span><br \/>\n<label>Omfattning av unders\u00f6kningar (kr\u00e4vs):<\/label><br \/>\n<span class=\"wpcf7-form-control-wrap\" data-name=\"checkbox-154\"><span class=\"wpcf7-form-control wpcf7-checkbox wpcf7-validates-as-required\"><span class=\"wpcf7-list-item first\"><input type=\"checkbox\" name=\"checkbox-154[]\" value=\"eksploatacja\" \/><span class=\"wpcf7-list-item-label\">drift<\/span><\/span><span class=\"wpcf7-list-item last\"><input type=\"checkbox\" name=\"checkbox-154[]\" value=\"doz\u00f3r\" \/><span class=\"wpcf7-list-item-label\">\u00f6vervakning<\/span><\/span><\/span><\/span><br \/>\n<span class=\"wpcf7-form-control-wrap\" data-name=\"checkbox-218\"><span class=\"wpcf7-form-control wpcf7-checkbox wpcf7-validates-as-required\"><span class=\"wpcf7-list-item first last\"><input type=\"checkbox\" name=\"checkbox-218[]\" value=\"Wyra\u017cam zgod\u0119 na przetwarzanie moich danych osobowych z zgodnie z ustaw\u0105 o ochronie danych osobowych w zwi\u0105zku z wys\u0142aniem zapytania. Podanie danych jest dobrowolne, ale niezb\u0119dne do przetworzenia zapytania. Zosta\u0142em poinformowany, \u017ce przys\u0142uguje mi prawo dost\u0119pu do swoich danych, mo\u017cliwo\u015bci ich poprawiania, \u017c\u0105dania zaprzestania ich przetwarzania. Administratorem danych osobowych jest O\u015brodek Szkolenia Operator\u00f3w OSO z siedzib\u0105 ul. Kr\u00f3l\u00f3w Polskich 8. Odwo\u0142anie zgody nale\u017cy kierowa\u0107 na adres znajduj\u0105cy si\u0119 na stronie\" \/><span class=\"wpcf7-list-item-label\">Jag samtycker till att mina personuppgifter behandlas i enlighet med dataskyddslagen i samband med att jag skickar en f\u00f6rfr\u00e5gan. Tillhandah\u00e5llandet av uppgifter \u00e4r frivilligt, men n\u00f6dv\u00e4ndigt f\u00f6r att behandla f\u00f6rfr\u00e5gan. Jag har informerats om att jag har r\u00e4tt att f\u00e5 tillg\u00e5ng till mina uppgifter, m\u00f6jlighet att korrigera dem och beg\u00e4ra att behandlingen av dem stoppas. Administrat\u00f6r av personuppgifterna \u00e4r OSO Operator Training Centre med s\u00e4te p\u00e5 8 Kr\u00f3l\u00f3w Polskich St. \u00c5terkallande av samtycke ska skickas till adressen p\u00e5<\/span><\/span><\/span><\/span><a style=\"margin: 0 0 0 1em;\" href=\"\/sv\/kontakta\/\">kontakt.<\/a><br \/>\n<hr \/><br \/>\n<input class=\"wpcf7-form-control wpcf7-submit has-spinner\" type=\"submit\" value=\"Best\u00e4ll och betala\" \/>\n<\/p><p style=\"display: none !important;\" class=\"akismet-fields-container\" data-prefix=\"_wpcf7_ak_\"><label>\u0394<textarea name=\"_wpcf7_ak_hp_textarea\" cols=\"45\" rows=\"8\" maxlength=\"100\"><\/textarea><\/label><input type=\"hidden\" id=\"ak_js_1\" name=\"_wpcf7_ak_js\" value=\"65\"\/><script>document.getElementById( \"ak_js_1\" ).setAttribute( \"value\", ( new Date() ).getTime() );<\/script><\/p><div class=\"wpcf7-response-output\" aria-hidden=\"true\"><\/div>\n<input type=\"hidden\" name=\"trp-form-language\" value=\"sv\"\/><\/form>\n<\/div>\n<\/div>\n<p>&nbsp;<\/p>\n<h2 class=\"boldnagl\">Kurs G1, G2, G3<\/h2>\n<p>Utbildningen \u00e4r avsedd f\u00f6r dem som vill erh\u00e5lla eller f\u00f6rnya sina G1-, G2- och G3-licenser. Deltagarna f\u00e5r inte bara aktuell kunskap om utrustning, installationer och n\u00e4tverk f\u00f6r el\u00f6verf\u00f6ring, utan har ocks\u00e5 m\u00f6jlighet att g\u00f6ra ett statligt prov f\u00f6r att bekr\u00e4fta sina kvalifikationer.<br \/>\nAlla som \u00e4r 18 \u00e5r eller \u00e4ldre och har minst grundskoleutbildning kan delta i utbildningen.<br \/>\nKursen omfattar \u00e4mnen som best\u00e4mmelser om \u00f6vervakning av utrustning, installationer och n\u00e4tverk, konstruktion av elektrisk utrustning, s\u00e4kerhet under drift, instruktioner f\u00f6r hantering av haverier och olyckor.<br \/>\nUtbildningen varar i 1 dag och i slutet av kursen kan deltagarna g\u00f6ra det statliga provet inf\u00f6r en n\u00e4mnd som deltagaren v\u00e4ljer, t.ex: <a href=\"https:\/\/szkolenia-udt.pl\/sv\/kursy\/sep-g1-g2-g3\/komisje-certyfikujace-sep-pse-simp-sitps\/\">SEP<\/a>, PSE, SIMP, SITPS. Efter godk\u00e4nt prov beviljar kommissionen r\u00e4ttigheter som \u00e4r giltiga i 5 \u00e5r.<\/p>\n<h2 class=\"boldnagl\">Krav<\/h2>\n<p>G1,G2,G3-utbildningen riktar sig till personer som uppfyller f\u00f6ljande krav:<\/p>\n<ul>\n<li>vara minst 18 \u00e5r gammal<\/li>\n<li>Minsta grundskoleutbildning.<\/li>\n<\/ul>\n<h2 class=\"boldnagl\">Pris<\/h2>\n<ul>\n<li>kurser som ges dagligen<\/li>\n<li>kostnaden f\u00f6r sj\u00e4lva utbildningen <em>beg\u00e4ran om att kontakta hj\u00e4lplinjen\u00a0<\/em><\/li>\n<li>kostnader f\u00f6r utbildning i samband med examen <em>beg\u00e4ran om att kontakta hj\u00e4lplinjen\u00a0<\/em><\/li>\n<\/ul>\n<h2 class=\"boldnagl\">Plats f\u00f6r undervisning<\/h2>\n<p>Utbildning ges online<\/p>","protected":false},"excerpt":{"rendered":"<p>Zapisz si\u0119 na szkolenie G1, G2, G3 online. &nbsp; Kurs G1, G2, G3 Szkolenie jest przeznaczone dla os\u00f3b, kt\u00f3re chc\u0105 zdoby\u0107 lub odnowi\u0107 uprawnienia G1, G2, G3. Uczestnicy nie tylko zdobywaj\u0105 aktualn\u0105 wiedz\u0119 na temat urz\u0105dze\u0144, instalacji i sieci przesy\u0142aj\u0105cych energi\u0119 elektryczn\u0105, ale maj\u0105 r\u00f3wnie\u017c mo\u017cliwo\u015b\u0107 przyst\u0105pienia do egzaminu pa\u0144stwowego potwierdzaj\u0105cego ich kwalifikacje. W szkoleniu [&hellip;]<\/p>\n","protected":false},"author":3,"featured_media":0,"parent":1895,"menu_order":0,"comment_status":"closed","ping_status":"closed","template":"","meta":{"footnotes":""},"class_list":["post-2186","page","type-page","status-publish","hentry"],"aioseo_notices":[],"_links":{"self":[{"href":"https:\/\/szkolenia-udt.pl\/sv\/wp-json\/wp\/v2\/pages\/2186","targetHints":{"allow":["GET"]}}],"collection":[{"href":"https:\/\/szkolenia-udt.pl\/sv\/wp-json\/wp\/v2\/pages"}],"about":[{"href":"https:\/\/szkolenia-udt.pl\/sv\/wp-json\/wp\/v2\/types\/page"}],"author":[{"embeddable":true,"href":"https:\/\/szkolenia-udt.pl\/sv\/wp-json\/wp\/v2\/users\/3"}],"replies":[{"embeddable":true,"href":"https:\/\/szkolenia-udt.pl\/sv\/wp-json\/wp\/v2\/comments?post=2186"}],"version-history":[{"count":20,"href":"https:\/\/szkolenia-udt.pl\/sv\/wp-json\/wp\/v2\/pages\/2186\/revisions"}],"predecessor-version":[{"id":2909,"href":"https:\/\/szkolenia-udt.pl\/sv\/wp-json\/wp\/v2\/pages\/2186\/revisions\/2909"}],"up":[{"embeddable":true,"href":"https:\/\/szkolenia-udt.pl\/sv\/wp-json\/wp\/v2\/pages\/1895"}],"wp:attachment":[{"href":"https:\/\/szkolenia-udt.pl\/sv\/wp-json\/wp\/v2\/media?parent=2186"}],"curies":[{"name":"wp","href":"https:\/\/api.w.org\/{rel}","templated":true}]}}