{"id":22,"date":"2014-10-07T16:01:41","date_gmt":"2014-10-07T16:01:41","guid":{"rendered":"http:\/\/szkolenia-udt.pl\/?page_id=22"},"modified":"2023-12-11T00:58:30","modified_gmt":"2023-12-10T23:58:30","slug":"kurser","status":"publish","type":"page","link":"https:\/\/szkolenia-udt.pl\/sv\/kursy\/","title":{"rendered":"Kurser"},"content":{"rendered":"<h2>Utbildningskurser vid OSO-centret<\/h2>\n<div style=\"float: left; padding-right: 10px;\"><div id=\"metaslider-id-519\" style=\"max-width: 300px;\" class=\"ml-slider-3-107-0 metaslider metaslider-flex metaslider-519 ml-slider ms-theme-default nav-hidden\" role=\"region\" aria-label=\"Kurser\" data-height=\"225\" data-width=\"300\">\n    <div id=\"metaslider_container_519\">\n        <div id=\"metaslider_519\">\n            <ul class='slides'>\n                <li style=\"display: block; width: 100%;\" class=\"slide-521 ms-image\" aria-roledescription=\"slide\" data-date=\"2014-10-11 11:25:53\" data-filename=\"MC30_001-300x225.jpg\" data-slide-type=\"image\"><img loading=\"lazy\" decoding=\"async\" src=\"https:\/\/szkolenia-udt.pl\/wp-content\/uploads\/2014\/10\/MC30_001-300x225.jpg\" height=\"225\" width=\"300\" alt=\"Utbildningscenter f\u00f6r operat\u00f6rer\" class=\"slider-519 slide-521 msDefaultImage\" \/><\/li>\n                <li style=\"display: none; width: 100%;\" class=\"slide-524 ms-image\" aria-roledescription=\"slide\" data-date=\"2014-10-11 16:22:29\" data-filename=\"D\u017awig-kursy.jpg\" data-slide-type=\"image\"><img loading=\"lazy\" decoding=\"async\" src=\"https:\/\/szkolenia-udt.pl\/wp-content\/uploads\/2014\/10\/D\u017awig-kursy.jpg\" height=\"225\" width=\"300\" alt=\"Kran\" class=\"slider-519 slide-524 msDefaultImage\" \/><\/li>\n                <li style=\"display: none; width: 100%;\" class=\"slide-1172 ms-image\" aria-roledescription=\"slide\" data-date=\"2014-11-17 19:01:41\" data-filename=\"78XE_003a.jpg\" data-slide-type=\"image\"><img loading=\"lazy\" decoding=\"async\" src=\"https:\/\/szkolenia-udt.pl\/wp-content\/uploads\/2014\/11\/78XE_003a.jpg\" height=\"225\" width=\"300\" alt=\"utbildning warszawa\" class=\"slider-519 slide-1172 msDefaultImage\" \/><\/li>\n                <li style=\"display: none; width: 100%;\" class=\"slide-525 ms-image\" aria-roledescription=\"slide\" data-date=\"2014-10-11 16:22:32\" data-filename=\"suwnica-kursy-warszawa.jpg\" data-slide-type=\"image\"><img loading=\"lazy\" decoding=\"async\" src=\"https:\/\/szkolenia-udt.pl\/wp-content\/uploads\/2014\/10\/suwnica-kursy-warszawa.jpg\" height=\"225\" width=\"300\" alt=\"Kurser och utbildning\" class=\"slider-519 slide-525 msDefaultImage\" \/><\/li>\n                <li style=\"display: none; width: 100%;\" class=\"slide-700 ms-image\" aria-roledescription=\"slide\" data-date=\"2014-10-12 11:29:18\" data-filename=\"Kursy-oraz-szkolenia-uprawnienia-udt.jpg\" data-slide-type=\"image\"><img loading=\"lazy\" decoding=\"async\" src=\"https:\/\/szkolenia-udt.pl\/wp-content\/uploads\/2014\/10\/Kursy-oraz-szkolenia-uprawnienia-udt.jpg\" height=\"225\" width=\"300\" alt=\"udt-utbildning\" class=\"slider-519 slide-700 msDefaultImage\" \/><\/li>\n            <\/ul>\n        <\/div>\n        \n    <\/div>\n<\/div><\/div>\n<div class=\"wyjustuj\">\n<p>Vi har utbildat anst\u00e4llda i Polen p\u00e5 ett professionellt s\u00e4tt i mer \u00e4n ett dussin \u00e5r. Tack vare oss kan du f\u00e5 UDT-beh\u00f6righeter (Office of Technical Inspection) och b\u00f6rja arbeta som maskinoperat\u00f6r som kr\u00e4ver s\u00e5dana beh\u00f6righeter. V\u00e5ra kurser riktar sig till alla som s\u00f6ker omfattande hj\u00e4lp f\u00f6r att f\u00f6rb\u00e4ttra sina kvalifikationer.<\/p>\n<p><strong>V\u00e5rt produktsortiment omfattar:<\/strong><\/p>\n<ul>\n<li>kurs f\u00f6r mobila plattformar i kategorierna I P och II P<\/li>\n<li>Kurs f\u00f6r truckf\u00f6rare i kategori I WJO, II WJO, III WJO<\/li>\n<li><a href=\"https:\/\/szkolenia-udt.pl\/sv\/kursy\/suwnice\/\">Kranbana<\/a> i kategorierna I S och II S<\/li>\n<li><a href=\"https:\/\/szkolenia-udt.pl\/sv\/kursy\/hds\/\">HDS-kurs<\/a> f\u00f6r UDT-r\u00e4ttigheter<\/li>\n<\/ul>\n<p>Dessutom erbjuder v\u00e5rt OSO-center kurser i arbetsh\u00e4lsa och s\u00e4kerhet, brandbek\u00e4mpning, f\u00f6rsta hj\u00e4lpen, ADR, fordonsdiagnostik, signalman, kran och TDT-fyllningsoperat\u00f6r.<\/p>\n<p>Kurserna ges av kvalificerade l\u00e4rare och p\u00e5 grundval av program som utvecklats i samarbete med de certifieringsorgan som utf\u00e4rdar kvalifikationerna och med hj\u00e4lp av v\u00e5ra metodologer. Vi ser till att vi inte bara f\u00f6rmedlar kunskap, utan att v\u00e5ra utbildningar \u00e4r fulla av praktiska \u00f6vningar som bef\u00e4ster den inh\u00e4mtade informationen. Det \u00e4r p\u00e5 s\u00e5 s\u00e4tt som vi uppn\u00e5r en s\u00e5 h\u00f6g andel godk\u00e4nda kursdeltagare och en s\u00e5 h\u00f6g tillfredsst\u00e4llelse hos deltagarna.<\/p>\n<p>Priserna f\u00f6r utbildningstj\u00e4nster beror p\u00e5 antalet deltagare. N\u00e4r det g\u00e4ller st\u00f6rre grupper ger vi alltid attraktiva rabatter och f\u00f6rhandlingsm\u00f6jligheter, s\u00e5 fr\u00e5ga g\u00e4rna efter <a href=\"https:\/\/szkolenia-udt.pl\/sv\/kontakt\/\">kontakta oss<\/a>, f\u00f6r mer information om priser - vi kommer att f\u00f6rbereda en individuell offert.<\/p>\n<div style=\"float: left; padding-right: 10px;\"><div id=\"metaslider-id-528\" style=\"max-width: 300px;\" class=\"ml-slider-3-107-0 metaslider metaslider-flex metaslider-528 ml-slider ms-theme-default nav-hidden nav-hidden\" role=\"region\" aria-label=\"Kurser2\" data-height=\"225\" data-width=\"300\">\n    <div id=\"metaslider_container_528\">\n        <div id=\"metaslider_528\">\n            <ul class='slides'>\n                <li style=\"display: block; width: 100%;\" class=\"slide-530 ms-image\" aria-roledescription=\"slide\" data-date=\"2014-10-11 16:30:32\" data-filename=\"4678st1hjuffalicranes.jpg\" data-slide-type=\"image\"><img loading=\"lazy\" decoding=\"async\" src=\"https:\/\/szkolenia-udt.pl\/wp-content\/uploads\/2014\/10\/4678st1hjuffalicranes.jpg\" height=\"225\" width=\"300\" alt=\"Kurser och utbildning\" class=\"slider-528 slide-530 msDefaultImage\" \/><\/li>\n                <li style=\"display: none; width: 100%;\" class=\"slide-531 ms-image\" aria-roledescription=\"slide\" data-date=\"2014-10-11 16:31:01\" data-filename=\"Marketing-Image-Big-Yellow-Crane2.jpg\" data-slide-type=\"image\"><img loading=\"lazy\" decoding=\"async\" src=\"https:\/\/szkolenia-udt.pl\/wp-content\/uploads\/2014\/10\/Marketing-Image-Big-Yellow-Crane2.jpg\" height=\"225\" width=\"300\" alt=\"teleskopisk lastare\" class=\"slider-528 slide-531 msDefaultImage\" \/><\/li>\n                <li style=\"display: none; width: 100%;\" class=\"slide-1202 ms-image\" aria-roledescription=\"slide\" data-date=\"2014-11-17 21:26:13\" data-filename=\"podnosnik-kosz1a.jpg\" data-slide-type=\"image\"><img loading=\"lazy\" decoding=\"async\" src=\"https:\/\/szkolenia-udt.pl\/wp-content\/uploads\/2014\/11\/podnosnik-kosz1a.jpg\" height=\"225\" width=\"300\" alt=\"\" class=\"slider-528 slide-1202 msDefaultImage\" \/><\/li>\n                <li style=\"display: none; width: 100%;\" class=\"slide-1203 ms-image\" aria-roledescription=\"slide\" data-date=\"2014-11-17 21:31:14\" data-filename=\"wozki1a.jpg\" data-slide-type=\"image\"><img loading=\"lazy\" decoding=\"async\" src=\"https:\/\/szkolenia-udt.pl\/wp-content\/uploads\/2014\/11\/wozki1a.jpg\" height=\"225\" width=\"300\" alt=\"\" class=\"slider-528 slide-1203 msDefaultImage\" \/><\/li>\n                <li style=\"display: none; width: 100%;\" class=\"slide-1211 ms-image\" aria-roledescription=\"slide\" data-date=\"2014-11-17 21:42:16\" data-filename=\"suw3a.jpg\" data-slide-type=\"image\"><img loading=\"lazy\" decoding=\"async\" src=\"https:\/\/szkolenia-udt.pl\/wp-content\/uploads\/2014\/11\/suw3a.jpg\" height=\"225\" width=\"300\" alt=\"\" class=\"slider-528 slide-1211 msDefaultImage\" \/><\/li>\n            <\/ul>\n        <\/div>\n        \n    <\/div>\n<\/div><\/div>\n<p>Vi anordnar kurser i \u00f6ppen form - de genomf\u00f6rs enligt schemat p\u00e5 v\u00e5r webbplats - och i sluten form - f\u00f6r organiserade grupper som h\u00e4nvisas av arbetsgivare eller institutioner. Slutna klasser kan skr\u00e4ddarsys individuellt efter kundernas behov i enlighet med arbetsplatsens krav.<\/p>\n<p>Vi uppmuntrar dig att v\u00e4lja <a href=\"https:\/\/szkolenia-udt.pl\/sv\/oferta\/\">v\u00e5ra tj\u00e4nster<\/a>!<\/p>\n<\/div>","protected":false},"excerpt":{"rendered":"<p>Szkolenia UDT w O\u015brodku OSO Od kilkunastu lat zajmujemy si\u0119 profesjonalnym szkoleniem pracownik\u00f3w na terenie Polski. Dzi\u0119ki nam mo\u017cesz uzyska\u0107 uprawnienia UDT (Urz\u0119du Dozoru Technicznego) i zacz\u0105\u0107 pracowa\u0107 na stanowisku operatora maszyn wymagaj\u0105cych tego rodzaju uprawnie\u0144. Nasze zaj\u0119cia skierowane s\u0105 do wszystkich os\u00f3b, kt\u00f3re poszukuj\u0105 kompleksowej pomocy w podnoszeniu swoich kwalifikacji. W naszej ofercie znajduj\u0105 [&hellip;]<\/p>\n","protected":false},"author":3,"featured_media":0,"parent":0,"menu_order":2,"comment_status":"closed","ping_status":"closed","template":"template-podkategorie.php","meta":{"footnotes":""},"class_list":["post-22","page","type-page","status-publish","hentry"],"aioseo_notices":[],"_links":{"self":[{"href":"https:\/\/szkolenia-udt.pl\/sv\/wp-json\/wp\/v2\/pages\/22","targetHints":{"allow":["GET"]}}],"collection":[{"href":"https:\/\/szkolenia-udt.pl\/sv\/wp-json\/wp\/v2\/pages"}],"about":[{"href":"https:\/\/szkolenia-udt.pl\/sv\/wp-json\/wp\/v2\/types\/page"}],"author":[{"embeddable":true,"href":"https:\/\/szkolenia-udt.pl\/sv\/wp-json\/wp\/v2\/users\/3"}],"replies":[{"embeddable":true,"href":"https:\/\/szkolenia-udt.pl\/sv\/wp-json\/wp\/v2\/comments?post=22"}],"version-history":[{"count":37,"href":"https:\/\/szkolenia-udt.pl\/sv\/wp-json\/wp\/v2\/pages\/22\/revisions"}],"predecessor-version":[{"id":2575,"href":"https:\/\/szkolenia-udt.pl\/sv\/wp-json\/wp\/v2\/pages\/22\/revisions\/2575"}],"wp:attachment":[{"href":"https:\/\/szkolenia-udt.pl\/sv\/wp-json\/wp\/v2\/media?parent=22"}],"curies":[{"name":"wp","href":"https:\/\/api.w.org\/{rel}","templated":true}]}}