{"id":2266,"date":"2021-07-19T10:20:11","date_gmt":"2021-07-19T10:20:11","guid":{"rendered":"https:\/\/szkolenia-udt.pl\/?page_id=2266"},"modified":"2023-01-09T12:35:43","modified_gmt":"2023-01-09T11:35:43","slug":"udt-rattigheter-tdt-wdt","status":"publish","type":"page","link":"https:\/\/szkolenia-udt.pl\/sv\/kursy\/uprawnienia-udt-tdt-wdt\/","title":{"rendered":"UDT \/ TDT \/ WDT kvalifikationer"},"content":{"rendered":"\n<p>Nasz <a href=\"https:\/\/szkolenia-udt.pl\/sv\/o-firmie\/\">o\u015brodek<\/a> szkoleniowy prowadzi kompleksowe kursy na wszystkie uprawnienia UDT. W naszej ofercie znajd\u0105 Pa\u0144stwo szkolenia na urz\u0105dzenia transportu bliskiego takie jak:&nbsp;&nbsp;<\/p>\n\n\n\n<ul class=\"wp-block-list\">\n<li>w\u00f3zki wid\u0142owe,&nbsp;&nbsp;<\/li>\n\n\n\n<li>podesty ruchome,&nbsp;&nbsp;<\/li>\n\n\n\n<li>suwnice,&nbsp;<\/li>\n\n\n\n<li>\u0142adowarki teleskopowe,&nbsp;&nbsp;<\/li>\n\n\n\n<li>\u017curawie,&nbsp;&nbsp;<\/li>\n\n\n\n<li>d\u017awigi.&nbsp;&nbsp;<\/li>\n<\/ul>\n\n\n\n<p>Zapoznaj si\u0119 z nasz\u0105 ofert\u0105 na szkolenia na uprawnienia UDT! Pomagamy we wszystkich formalno\u015bciach!&nbsp;<\/p>\n\n\n\n<h2 class=\"wp-block-heading\"><\/h2>\n\n\n\n<p>Ka\u017cdy kurs na uprawnienia UDT sk\u0142ada si\u0119 z cz\u0119\u015bci teoretycznej i praktycznej. Podczas cz\u0119\u015bci teoretycznej uczestnik szkolenia zapoznaje si\u0119 z budow\u0105 urz\u0105dze\u0144, zasadami bezpiecznej eksploatacji oraz regulacjami prawnymi dotycz\u0105cymi maszyn. Podczas cz\u0119\u015bci wyk\u0142adowej, nasi specjali\u015bci przedstawi\u0105 kursantom r\u00f3wnie\u017c obowi\u0105zki operatora oraz konserwatora danego urz\u0105dzenia. Po cz\u0119\u015bci teoretycznej, uczestnicy przyst\u0119puj\u0105 do cz\u0119\u015bci praktycznej, na kt\u00f3rej pod okiem instruktor\u00f3w, szkol\u0105 swoje praktyczne umiej\u0119tno\u015bci i ucz\u0105 si\u0119 pewno\u015bci i p\u0142ynno\u015bci przy obs\u0142udze i konserwacji urz\u0105dzenia. Ka\u017cde szkolenie ko\u0144czy si\u0119 egzaminem wewn\u0119trznym w o\u015brodku. Do przyst\u0105pienia do wi\u0119kszo\u015bci szkole\u0144 nale\u017cy mie\u0107 uko\u0144czone 18 lat, posiada\u0107 wykszta\u0142cenie co najmniej podstawowe i mie\u0107 orzeczenie lekarskie potwierdzaj\u0105ce odpowiedni stan zdrowia do wykonywania zawodu operatora i konserwatora maszyn.&nbsp;&nbsp;<\/p>\n\n\n\n<h2 class=\"wp-block-heading\"><strong>Egzamin<\/strong>&nbsp;<\/h2>\n\n\n\n<p>Ka\u017cde szkolenie na uprawnienia UDT ko\u0144czy si\u0119 egzaminem pa\u0144stwowym pod nadzorem powo\u0142anego przez urz\u0105d inspektora. Egzamin dzieli si\u0119 na cz\u0119\u015b\u0107\u202ftestow\u0105 (test zawieraj\u0105cy pytania zamkni\u0119te) oraz cz\u0119\u015b\u0107\u202fpraktyczn\u0105 (sprawdzenie umiej\u0119tno\u015bci kursant\u00f3w przy obs\u0142udze i konserwacji). Po uzyskaniu pozytywnego wyniku z egzaminu, kursant otrzymuje kwalifikacje UDT. Ka\u017cde uprawnienie ma okres wa\u017cno\u015bci, dlatego warto jest o nich wiedzie\u0107 by je przed\u0142u\u017cy\u0107 po up\u0142ywie czasu.&nbsp;&nbsp;<\/p>\n\n\n\n<h2 class=\"wp-block-heading\"><strong>Cel naszych szkole\u0144&nbsp;<\/strong>&nbsp;<\/h2>\n\n\n\n<p>Celem naszych kurs\u00f3w jest przeszkolenie przysz\u0142ych specjalist\u00f3w urz\u0105dze\u0144 transportu bliskiego tak, by szybko znale\u017ali zatrudnienie dzi\u0119ki swoim wysokim umiej\u0119tno\u015bciom. Nasza do\u015bwiadczona i wykwalifikowana kadra szkoli kursant\u00f3w w taki spos\u00f3b, \u017ceby nabyli pewno\u015bci i p\u0142ynno\u015bci podczas pracy przy maszynach. Stawiamy na rozw\u00f3j umiej\u0119tno\u015bci technicznych, kt\u00f3re s\u0105 niezb\u0119dne przy pracy operatora i konserwatora z uprawnieniami UDT. Zale\u017cy nam, by ka\u017cdy nasz kursant uzyska\u0142\u202fz egzaminu UDT wynik pozytywny, dlatego przeprowadzamy egzaminy wewn\u0119trzne, by zapozna\u0107 uczestnik\u00f3w z pytaniami testowymi oraz zadaniami wymagaj\u0105cymi praktycznych umiej\u0119tno\u015bci. Dzi\u0119ki przeprowadzanym egzaminom wewn\u0119trznych nasi kursanci nie stresuj\u0105 si\u0119 przed faktycznym egzaminem pa\u0144stwowym.&nbsp;&nbsp;<\/p>\n\n\n\n<h2 class=\"wp-block-heading\"><strong>Dla kogo s\u0105 nasze szkolenia na uprawnienia UDT?&nbsp;<\/strong>&nbsp;<\/h2>\n\n\n\n<p>Na kursy na uprawnienia UDT zapraszamy wszystkich, kt\u00f3rzy chc\u0105 poszerzy\u0107 swoje umiej\u0119tno\u015bci i kwalifikacje. Szkolenia kierujemy do os\u00f3b, kt\u00f3re chc\u0105 rozpocz\u0105\u0107\u202fkarier\u0119 jako operatorzy i konserwatorzy urz\u0105dze\u0144 transportu bliskiego. Na szkolenia zapraszamy zar\u00f3wno m\u0119\u017cczyzn jak i kobiety. Gwarantujemy mi\u0142\u0105 atmosfer\u0119 podczas naszych zaj\u0119\u0107!&nbsp;&nbsp;<\/p>\n\n\n\n<h2 class=\"wp-block-heading\"><strong>Gdzie odbywaj\u0105 si\u0119 nasze szkolenia?&nbsp;<\/strong>&nbsp;<\/h2>\n\n\n\n<p>Szkolenia odbywaj\u0105 si\u0119 w naszym o\u015brodku szkoleniowym w Warszawie. Dla grup zorganizowanych i firm oferujemy dojazd kadry pod wskazany adres.&nbsp;&nbsp;<\/p>\n\n\n\n<p><strong>Co oferujemy podczas kursu?&nbsp;<\/strong>&nbsp;<\/p>\n\n\n\n<ul class=\"wp-block-list\">\n<li>pomoc przy wszystkich formalno\u015bciach,&nbsp;&nbsp;<\/li>\n\n\n\n<li>serwis kawowy,&nbsp;&nbsp;<\/li>\n\n\n\n<li>darmowe materia\u0142y szkoleniowe,&nbsp;<\/li>\n\n\n\n<li>mi\u0142\u0105 atmosfer\u0119.&nbsp;&nbsp;<\/li>\n<\/ul>\n\n\n\n<h2 class=\"wp-block-heading\"><strong>Nasza oferta&nbsp;<\/strong>&nbsp;<\/h2>\n\n\n\n<p>Opr\u00f3cz szkole\u0144 na uprawnienia UDT, w ofercie znajdziesz r\u00f3wnie\u017c serwis urz\u0105dze\u0144. Serwisujemy wszystkie urz\u0105dzenia transportu bliskiego takie jak:&nbsp;&nbsp;<\/p>\n\n\n\n<ul class=\"wp-block-list\">\n<li>suwnice,&nbsp;&nbsp;<\/li>\n\n\n\n<li>\u0142adowarki teleskopowe,&nbsp;<\/li>\n\n\n\n<li>podesty ruchome,&nbsp;<\/li>\n\n\n\n<li>w\u00f3zki wid\u0142owe,&nbsp;&nbsp;<\/li>\n\n\n\n<li>\u017curawie,&nbsp;&nbsp;<\/li>\n\n\n\n<li>d\u017awigi,&nbsp;&nbsp;<\/li>\n\n\n\n<li>i nie tylko!&nbsp;&nbsp;<\/li>\n<\/ul>\n\n\n\n<p>Du\u017cym zainteresowaniem klient\u00f3w ciesz\u0105 si\u0119 nasze kursy BHP, na kt\u00f3rych omawiane s\u0105 mo\u017cliwe zagro\u017cenia, r\u00f3wnie\u017c po\u017carowe. Zapraszamy na nie wszystkich pracownik\u00f3w na stanowiskach administracyjno-biurowych i robotniczych oraz pracodawc\u00f3w!&nbsp;<\/p>\n\n\n\n<p class=\"has-text-align-center\"><strong>Sprawd\u017a ofert\u0119 i zapisz si\u0119 na <a href=\"https:\/\/szkolenia-udt.pl\/sv\/kursy\/\">nasze szkolenia<\/a> ju\u017c teraz!<\/strong>&nbsp;<\/p>\n\n\n\n<h2 class=\"wp-block-heading\"><strong>Pytania i odpowiedzi&nbsp;<\/strong>&nbsp;<\/h2>\n\n\n\t\t<details\t\thelp class=\"sc_fs_faq sc_card    \"\n\t\topen\t\t>\n\t\t\t\t\t<summary>\n\t\t\t\t<h3>Co oferujecie podczas kurs\u00f3w?  <\/h3>\t\t\t\t\t<\/summary>\n\t\t\t\t<div>\n\t\t\t\t\t\t<div class=\"sc_fs_faq__content\">\n\t\t\t\t\n\n<p>Podczas naszych szkole\u0144 oferujemy pomoc przy wype\u0142nianiu formalno\u015bci, serwis kawowy, darmowe materia\u0142y szkoleniowe oraz mi\u0142\u0105\u202fatmosfer\u0119!&nbsp;<\/p>\n\n\t\t\t<\/div>\n\t\t<\/div>\n\t\t<\/details>\n\t\t\t\t<details\t\thelp class=\"sc_fs_faq sc_card    \"\n\t\t\t\t>\n\t\t\t\t\t<summary>\n\t\t\t\t<h3>Jakie urz\u0105dzenia serwisujecie?  <\/h3>\t\t\t\t\t<\/summary>\n\t\t\t\t<div>\n\t\t\t\t\t\t<div class=\"sc_fs_faq__content\">\n\t\t\t\t\n\n<p>Serwisujemy wszystkie urz\u0105dzenia transportu bliskiego, m.in.: suwnice, \u0142adowarki teleskopowe, podesty ruchome, w\u00f3zki wid\u0142owe, \u017curawie i d\u017awigi.&nbsp;&nbsp;<\/p>\n\n\t\t\t<\/div>\n\t\t<\/div>\n\t\t<\/details>\n\t\t\t\t<details\t\thelp class=\"sc_fs_faq sc_card    \"\n\t\t\t\t>\n\t\t\t\t\t<summary>\n\t\t\t\t<h3>Gdzie odbywaj\u0105 si\u0119 wasze kursy?  <\/h3>\t\t\t\t\t<\/summary>\n\t\t\t\t<div>\n\t\t\t\t\t\t<div class=\"sc_fs_faq__content\">\n\t\t\t\t\n\n<p>Nasze kursy odbywaj\u0105 si\u0119 w Warszawie. Dla grup zorganizowanych i firm oferujemy dojazd kadry na wskazany adres.&nbsp;&nbsp;<\/p>\n\n\t\t\t<\/div>\n\t\t<\/div>\n\t\t<\/details>\n\t\t\n<script type=\"application\/ld+json\">\n\t{\n\t\t\"@context\": \"https:\/\/schema.org\",\n\t\t\"@type\": \"FAQPage\",\n\t\t\"mainEntity\": [\n\t\t\t\t\t{\n\t\t\t\t\"@type\": \"Question\",\n\t\t\t\t\"name\": \"Co oferujecie podczas kurs\u00f3w?  \",\n\t\t\t\t\"acceptedAnswer\": {\n\t\t\t\t\t\"@type\": \"Answer\",\n\t\t\t\t\t\"text\": \"<p>Podczas naszych szkole\u0144 oferujemy pomoc przy wype\u0142nianiu formalno\u015bci, serwis kawowy, darmowe materia\u0142y szkoleniowe oraz mi\u0142\u0105\u202fatmosfer\u0119!&nbsp;<\/p>\"\n\t\t\t\t\t\t\t\t\t}\n\t\t\t}\n\t\t\t,\t\t\t\t{\n\t\t\t\t\"@type\": \"Question\",\n\t\t\t\t\"name\": \"Jakie urz\u0105dzenia serwisujecie?  \",\n\t\t\t\t\"acceptedAnswer\": {\n\t\t\t\t\t\"@type\": \"Answer\",\n\t\t\t\t\t\"text\": \"<p>Serwisujemy wszystkie urz\u0105dzenia transportu bliskiego, m.in.: suwnice, \u0142adowarki teleskopowe, podesty ruchome, w\u00f3zki wid\u0142owe, \u017curawie i d\u017awigi.&nbsp;&nbsp;<\/p>\"\n\t\t\t\t\t\t\t\t\t}\n\t\t\t}\n\t\t\t,\t\t\t\t{\n\t\t\t\t\"@type\": \"Question\",\n\t\t\t\t\"name\": \"Gdzie odbywaj\u0105 si\u0119 wasze kursy?  \",\n\t\t\t\t\"acceptedAnswer\": {\n\t\t\t\t\t\"@type\": \"Answer\",\n\t\t\t\t\t\"text\": \"<p>Nasze kursy odbywaj\u0105 si\u0119 w Warszawie. Dla grup zorganizowanych i firm oferujemy dojazd kadry na wskazany adres.&nbsp;&nbsp;<\/p>\"\n\t\t\t\t\t\t\t\t\t}\n\t\t\t}\n\t\t\t\t\t\t]\n\t}\n<\/script>\n","protected":false},"excerpt":{"rendered":"<p>Nasz o\u015brodek szkoleniowy prowadzi kompleksowe kursy na wszystkie uprawnienia UDT. W naszej ofercie znajd\u0105 Pa\u0144stwo szkolenia na urz\u0105dzenia transportu bliskiego takie jak:&nbsp;&nbsp; Zapoznaj si\u0119 z nasz\u0105 ofert\u0105 na szkolenia na uprawnienia UDT! Pomagamy we wszystkich formalno\u015bciach!&nbsp; Ka\u017cdy kurs na uprawnienia UDT sk\u0142ada si\u0119 z cz\u0119\u015bci teoretycznej i praktycznej. Podczas cz\u0119\u015bci teoretycznej uczestnik szkolenia zapoznaje si\u0119 [&hellip;]<\/p>\n","protected":false},"author":3,"featured_media":3443,"parent":22,"menu_order":0,"comment_status":"closed","ping_status":"closed","template":"template-podkategorie.php","meta":{"footnotes":""},"class_list":["post-2266","page","type-page","status-publish","has-post-thumbnail","hentry"],"aioseo_notices":[],"_links":{"self":[{"href":"https:\/\/szkolenia-udt.pl\/sv\/wp-json\/wp\/v2\/pages\/2266","targetHints":{"allow":["GET"]}}],"collection":[{"href":"https:\/\/szkolenia-udt.pl\/sv\/wp-json\/wp\/v2\/pages"}],"about":[{"href":"https:\/\/szkolenia-udt.pl\/sv\/wp-json\/wp\/v2\/types\/page"}],"author":[{"embeddable":true,"href":"https:\/\/szkolenia-udt.pl\/sv\/wp-json\/wp\/v2\/users\/3"}],"replies":[{"embeddable":true,"href":"https:\/\/szkolenia-udt.pl\/sv\/wp-json\/wp\/v2\/comments?post=2266"}],"version-history":[{"count":4,"href":"https:\/\/szkolenia-udt.pl\/sv\/wp-json\/wp\/v2\/pages\/2266\/revisions"}],"predecessor-version":[{"id":3444,"href":"https:\/\/szkolenia-udt.pl\/sv\/wp-json\/wp\/v2\/pages\/2266\/revisions\/3444"}],"up":[{"embeddable":true,"href":"https:\/\/szkolenia-udt.pl\/sv\/wp-json\/wp\/v2\/pages\/22"}],"wp:featuredmedia":[{"embeddable":true,"href":"https:\/\/szkolenia-udt.pl\/sv\/wp-json\/wp\/v2\/media\/3443"}],"wp:attachment":[{"href":"https:\/\/szkolenia-udt.pl\/sv\/wp-json\/wp\/v2\/media?parent=2266"}],"curies":[{"name":"wp","href":"https:\/\/api.w.org\/{rel}","templated":true}]}}