{"id":231,"date":"2014-10-08T17:04:53","date_gmt":"2014-10-08T17:04:53","guid":{"rendered":"http:\/\/szkolenia-udt.pl\/?page_id=231"},"modified":"2022-09-01T22:07:21","modified_gmt":"2022-09-01T20:07:21","slug":"kora-gaffeltruck","status":"publish","type":"page","link":"https:\/\/szkolenia-udt.pl\/sv\/kursy\/wozki-widlowe\/kierowanie-wozkami-jezdniowymi\/","title":{"rendered":"Lastbilsk\u00f6rning"},"content":{"rendered":"<div style=\"float: left; padding-right: 10px;\"><div id=\"metaslider-id-396\" style=\"max-width: 300px;\" class=\"ml-slider-3-107-0 metaslider metaslider-flex metaslider-396 ml-slider ms-theme-default nav-hidden\" role=\"region\" aria-label=\"Gaffeltruckar\" data-height=\"225\" data-width=\"300\">\n    <div id=\"metaslider_container_396\">\n        <div id=\"metaslider_396\">\n            <ul class='slides'>\n                <li style=\"display: block; width: 100%;\" class=\"slide-400 ms-image\" aria-roledescription=\"slide\" data-date=\"2014-10-10 12:07:59\" data-filename=\"6260676228_3a0fdacf7d_o.jpg\" data-slide-type=\"image\"><img loading=\"lazy\" decoding=\"async\" src=\"https:\/\/szkolenia-udt.pl\/wp-content\/uploads\/2014\/10\/6260676228_3a0fdacf7d_o.jpg\" height=\"225\" width=\"300\" alt=\"Gaffeltruck\" class=\"slider-396 slide-400 msDefaultImage\" \/><\/li>\n                <li style=\"display: none; width: 100%;\" class=\"slide-577 ms-image\" aria-roledescription=\"slide\" data-date=\"2014-10-12 05:27:57\" data-filename=\"Szkolenia-w\u00f3zki-wid\u0142owe.jpg\" data-slide-type=\"image\"><img loading=\"lazy\" decoding=\"async\" src=\"https:\/\/szkolenia-udt.pl\/wp-content\/uploads\/2014\/10\/Szkolenia-w\u00f3zki-wid\u0142owe.jpg\" height=\"225\" width=\"300\" alt=\"Utbildning i gaffeltruckar\" class=\"slider-396 slide-577 msDefaultImage\" \/><\/li>\n                <li style=\"display: none; width: 100%;\" class=\"slide-578 ms-image\" aria-roledescription=\"slide\" data-date=\"2014-10-12 05:34:04\" data-filename=\"W\u00f3zki-wid\u0142owe-UDT.jpg\" data-slide-type=\"image\"><img loading=\"lazy\" decoding=\"async\" src=\"https:\/\/szkolenia-udt.pl\/wp-content\/uploads\/2014\/10\/W\u00f3zki-wid\u0142owe-UDT.jpg\" height=\"225\" width=\"300\" alt=\"\" class=\"slider-396 slide-578 msDefaultImage\" \/><\/li>\n                <li style=\"display: none; width: 100%;\" class=\"slide-1205 ms-image\" aria-roledescription=\"slide\" data-date=\"2014-11-17 21:31:17\" data-filename=\"wozki3a.jpg\" data-slide-type=\"image\"><img loading=\"lazy\" decoding=\"async\" src=\"https:\/\/szkolenia-udt.pl\/wp-content\/uploads\/2014\/11\/wozki3a.jpg\" height=\"225\" width=\"300\" alt=\"\" class=\"slider-396 slide-1205 msDefaultImage\" \/><\/li>\n                <li style=\"display: none; width: 100%;\" class=\"slide-1204 ms-image\" aria-roledescription=\"slide\" data-date=\"2014-11-17 21:31:16\" data-filename=\"wozki2a.jpg\" data-slide-type=\"image\"><img loading=\"lazy\" decoding=\"async\" src=\"https:\/\/szkolenia-udt.pl\/wp-content\/uploads\/2014\/11\/wozki2a.jpg\" height=\"225\" width=\"300\" alt=\"\" class=\"slider-396 slide-1204 msDefaultImage\" \/><\/li>\n            <\/ul>\n        <\/div>\n        \n    <\/div>\n<\/div><\/div>\n<div class=\"wyjustuj\">\n<p>I dag anv\u00e4nds gaffeltruckar i stor utstr\u00e4ckning i logistikcenter, lager- och butikshallar samt i produktion och industri. De \u00e4r tillf\u00f6rlitliga och oumb\u00e4rliga inom materialhantering och g\u00f6r det m\u00f6jligt att flytta lasten snabbt och enkelt, \u00e4ven mellan smala hyllor.F\u00f6r att arbeta som truckf\u00f6rare beh\u00f6ver du en truckkurs. Den ger teoretisk information och l\u00e5ter dig delta i \u00f6vningar om hur man anv\u00e4nder maskinen, s\u00e5 att du sedan kan avl\u00e4gga examen och f\u00e5 ditt k\u00f6rkort. Kursen tar bland annat upp korrekt styrning av gaffeltruckar, vilket \u00e4r avg\u00f6rande f\u00f6r arbetss\u00e4kerheten.<\/p>\n<p><strong>P\u00e5 grund av strukturen kan flera olika typer av r\u00f6relser utf\u00f6ras n\u00e4r man anv\u00e4nder en gaffeltruck:<\/strong><\/p>\n<ul>\n<li>Sp\u00e5rkontroll av sj\u00e4lva enheten.<\/li>\n<li>Kontroll av en mast som b\u00e4r en vagn med gafflar.<\/li>\n<li>Kontroll av de gafflar som lasten placeras p\u00e5.<\/li>\n<\/ul>\n<p>Att styra gaffeltruckar liknar att styra bilar. Maskinerna \u00e4r utrustade med en ratt samt gas- och bromspedaler i de flesta modeller. Vissa typer har dessutom en koppling. V\u00e4xlarna \u00e4r i allm\u00e4nhet tv\u00e5 - snabbare och l\u00e5ngsammare. Gaffeltruckarna kan drivas med elektricitet och batterier, och kan \u00e4ven ha en vanlig f\u00f6rbr\u00e4nningsdrift. I v\u00e5r kurs f\u00f6r truckf\u00f6rare tittar vi n\u00e4rmare p\u00e5 hur utrustningen \u00e4r uppbyggd.<\/p>\n<p>N\u00e4r du styr \u00e4r det viktigt att t\u00e4nka p\u00e5 att \u00e5kbara lastbilar \u00e4r mycket mer man\u00f6vrerbara \u00e4n bilar. Den lilla v\u00e4ndradien g\u00f6r dem sv\u00e5ra att k\u00f6ra f\u00f6r oerfarna f\u00f6rare. Det g\u00f6r att gaffeltrucken kan k\u00f6ra mellan hyllor utan problem, eftersom det \u00e4r enklare att man\u00f6vrera \u00e4ven i ett litet utrymme, men samtidigt \u00e4r det ocks\u00e5 viktigt att t\u00e4nka p\u00e5 s\u00e4kerhetsreglerna f\u00f6r att inte orsaka en olycka. Den vanligaste orsaken till olyckor f\u00f6r f\u00f6raren <a href=\"https:\/\/szkolenia-udt.pl\/sv\/kursy\/wozki-widlowe\/budowa-wozka-jezdniowego\/\">gaffeltruck<\/a> \u00e4r otillr\u00e4cklig v\u00e4gledning under lastning. En vagn med h\u00f6jda gafflar och tung last \u00e4r extremt k\u00e4nslig f\u00f6r \u00f6verbelastning och v\u00e4ltning, s\u00e5 den m\u00e5ste styras extremt f\u00f6rsiktigt och med alla regler f\u00f6r h\u00e4lsa och s\u00e4kerhet och korrekt hantering.<\/p>\n<div style=\"float: left; padding-right: 10px;\"><div id=\"metaslider-id-605\" style=\"max-width: 300px;\" class=\"ml-slider-3-107-0 metaslider metaslider-flex metaslider-605 ml-slider ms-theme-default nav-hidden nav-hidden\" role=\"region\" aria-label=\"F\u00f6rbjudna aktiviteter med sp\u00e5rvagnar\" data-height=\"225\" data-width=\"300\">\n    <div id=\"metaslider_container_605\">\n        <div id=\"metaslider_605\">\n            <ul class='slides'>\n                <li style=\"display: block; width: 100%;\" class=\"slide-580 ms-image\" aria-roledescription=\"slide\" data-date=\"2014-10-12 05:36:13\" data-filename=\"Kurs-W\u00f3zek-Wid\u0142owy.jpg\" data-slide-type=\"image\"><img loading=\"lazy\" decoding=\"async\" src=\"https:\/\/szkolenia-udt.pl\/wp-content\/uploads\/2014\/10\/Kurs-W\u00f3zek-Wid\u0142owy.jpg\" height=\"225\" width=\"300\" alt=\"\" class=\"slider-605 slide-580 msDefaultImage\" \/><\/li>\n                <li style=\"display: none; width: 100%;\" class=\"slide-579 ms-image\" aria-roledescription=\"slide\" data-date=\"2014-10-12 05:36:12\" data-filename=\"Szkolenie-W\u00f3zki-wid\u0142owe.jpg\" data-slide-type=\"image\"><img loading=\"lazy\" decoding=\"async\" src=\"https:\/\/szkolenia-udt.pl\/wp-content\/uploads\/2014\/10\/Szkolenie-W\u00f3zki-wid\u0142owe.jpg\" height=\"225\" width=\"300\" alt=\"Utbildning i gaffeltruckar\" class=\"slider-605 slide-579 msDefaultImage\" \/><\/li>\n                <li style=\"display: none; width: 100%;\" class=\"slide-591 ms-image\" aria-roledescription=\"slide\" data-date=\"2014-10-12 05:43:41\" data-filename=\"Kursy-W\u00f3zki-wid\u0142owe.jpg\" data-slide-type=\"image\"><img loading=\"lazy\" decoding=\"async\" src=\"https:\/\/szkolenia-udt.pl\/wp-content\/uploads\/2014\/10\/Kursy-W\u00f3zki-wid\u0142owe.jpg\" height=\"225\" width=\"300\" alt=\"Kurs f\u00f6r f\u00f6rare av gaffeltruckar\" class=\"slider-605 slide-591 msDefaultImage\" \/><\/li>\n                <li style=\"display: none; width: 100%;\" class=\"slide-594 ms-image\" aria-roledescription=\"slide\" data-date=\"2014-10-12 05:43:43\" data-filename=\"Szkolenia-w\u00f3zki-wid\u0142owe1.jpg\" data-slide-type=\"image\"><img loading=\"lazy\" decoding=\"async\" src=\"https:\/\/szkolenia-udt.pl\/wp-content\/uploads\/2014\/10\/Szkolenia-w\u00f3zki-wid\u0142owe1.jpg\" height=\"225\" width=\"300\" alt=\"\" class=\"slider-605 slide-594 msDefaultImage\" \/><\/li>\n                <li style=\"display: none; width: 100%;\" class=\"slide-1212 ms-image\" aria-roledescription=\"slide\" data-date=\"2014-11-17 21:42:16\" data-filename=\"wozki5a.jpg\" data-slide-type=\"image\"><img loading=\"lazy\" decoding=\"async\" src=\"https:\/\/szkolenia-udt.pl\/wp-content\/uploads\/2014\/11\/wozki5a.jpg\" height=\"225\" width=\"300\" alt=\"\" class=\"slider-605 slide-1212 msDefaultImage\" \/><\/li>\n            <\/ul>\n        <\/div>\n        \n    <\/div>\n<\/div><\/div>\n<p>I v\u00e5r <a href=\"https:\/\/szkolenia-udt.pl\/sv\/o-firmie\/\">Centrum<\/a> <a href=\"https:\/\/szkolenia-udt.pl\/sv\/kursy\/uprawnienia-udt-tdt-wdt\/wozki-widlowe\/\">kurs f\u00f6r gaffeltruckar<\/a> inneh\u00e5ller detaljerade instruktioner f\u00f6r korrekt styrning. Vi f\u00f6rmedlar inte bara teori till v\u00e5ra elever, utan \u00e4ven till <a href=\"https:\/\/szkolenia-udt.pl\/sv\/kursy\/wozki-widlowe\/\">k\u00f6rkort f\u00f6r gaffeltruck<\/a> var l\u00e4ttare att l\u00e4ra sig, vi \u00e4gnar mycket tid \u00e5t praktiska \u00f6vningar. Deltagare som best\u00e4mmer sig f\u00f6r att avl\u00e4gga provet f\u00f6re UDT Warszawa eller vid v\u00e5ra f\u00e4ltcenter m\u00e5ste veta hur man anv\u00e4nder gaffeltrucken korrekt med och utan last. Det erh\u00e5llna UDT-certifikatet g\u00f6r det m\u00f6jligt att anv\u00e4nda utrustning enligt kategori.<\/p>\n<\/div>","protected":false},"excerpt":{"rendered":"<p>Aktualnie z w\u00f3zk\u00f3w wid\u0142owych korzysta si\u0119 powszechnie w centrach logistycznych, halach magazynowych, handlowych, a tak\u017ce produkcyjnych czy przemys\u0142owych. To niezawodne i niezast\u0105pione w transporcie bliskim urz\u0105dzenia, kt\u00f3re pozwalaj\u0105 na szybkie i \u0142atwe przenoszenie \u0142adunk\u00f3w, nawet pomi\u0119dzy w\u0105skimi rega\u0142ami.Aby pracowa\u0107 na stanowisku operatora w\u00f3zka wid\u0142owego, potrzebny jest kurs na w\u00f3zek wid\u0142owy. Dzi\u0119ki niemu mo\u017cna uzyska\u0107 informacje [&hellip;]<\/p>\n","protected":false},"author":3,"featured_media":400,"parent":33,"menu_order":0,"comment_status":"closed","ping_status":"closed","template":"","meta":{"footnotes":""},"class_list":["post-231","page","type-page","status-publish","has-post-thumbnail","hentry"],"aioseo_notices":[],"_links":{"self":[{"href":"https:\/\/szkolenia-udt.pl\/sv\/wp-json\/wp\/v2\/pages\/231","targetHints":{"allow":["GET"]}}],"collection":[{"href":"https:\/\/szkolenia-udt.pl\/sv\/wp-json\/wp\/v2\/pages"}],"about":[{"href":"https:\/\/szkolenia-udt.pl\/sv\/wp-json\/wp\/v2\/types\/page"}],"author":[{"embeddable":true,"href":"https:\/\/szkolenia-udt.pl\/sv\/wp-json\/wp\/v2\/users\/3"}],"replies":[{"embeddable":true,"href":"https:\/\/szkolenia-udt.pl\/sv\/wp-json\/wp\/v2\/comments?post=231"}],"version-history":[{"count":8,"href":"https:\/\/szkolenia-udt.pl\/sv\/wp-json\/wp\/v2\/pages\/231\/revisions"}],"predecessor-version":[{"id":3254,"href":"https:\/\/szkolenia-udt.pl\/sv\/wp-json\/wp\/v2\/pages\/231\/revisions\/3254"}],"up":[{"embeddable":true,"href":"https:\/\/szkolenia-udt.pl\/sv\/wp-json\/wp\/v2\/pages\/33"}],"wp:featuredmedia":[{"embeddable":true,"href":"https:\/\/szkolenia-udt.pl\/sv\/wp-json\/wp\/v2\/media\/400"}],"wp:attachment":[{"href":"https:\/\/szkolenia-udt.pl\/sv\/wp-json\/wp\/v2\/media?parent=231"}],"curies":[{"name":"wp","href":"https:\/\/api.w.org\/{rel}","templated":true}]}}