{"id":233,"date":"2014-10-08T17:05:28","date_gmt":"2014-10-08T17:05:28","guid":{"rendered":"http:\/\/szkolenia-udt.pl\/?page_id=233"},"modified":"2021-08-31T22:12:49","modified_gmt":"2021-08-31T22:12:49","slug":"lastmanipulering","status":"publish","type":"page","link":"https:\/\/szkolenia-udt.pl\/sv\/kursy\/wozki-widlowe\/manipulacja-ladunkiem\/","title":{"rendered":"Belastningsmanipulation"},"content":{"rendered":"<div style=\"float: left; padding-right: 10px;\"><div id=\"metaslider-id-584\" style=\"max-width: 300px;\" class=\"ml-slider-3-107-0 metaslider metaslider-flex metaslider-584 ml-slider ms-theme-default nav-hidden\" role=\"region\" aria-label=\"Konstruktion av vagnen\" data-height=\"225\" data-width=\"300\">\n    <div id=\"metaslider_container_584\">\n        <div id=\"metaslider_584\">\n            <ul class='slides'>\n                <li style=\"display: block; width: 100%;\" class=\"slide-586 ms-image\" aria-roledescription=\"slide\" data-date=\"2014-10-12 05:43:37\" data-filename=\"Kurs-na-w\u00f3zki-wid\u0142owe.jpg\" data-slide-type=\"image\"><img loading=\"lazy\" decoding=\"async\" src=\"https:\/\/szkolenia-udt.pl\/wp-content\/uploads\/2014\/10\/Kurs-na-w\u00f3zki-wid\u0142owe.jpg\" height=\"225\" width=\"300\" alt=\"Kurs f\u00f6r gaffeltruckar\" class=\"slider-584 slide-586 msDefaultImage\" \/><\/li>\n                <li style=\"display: none; width: 100%;\" class=\"slide-591 ms-image\" aria-roledescription=\"slide\" data-date=\"2014-10-12 05:43:41\" data-filename=\"Kursy-W\u00f3zki-wid\u0142owe.jpg\" data-slide-type=\"image\"><img loading=\"lazy\" decoding=\"async\" src=\"https:\/\/szkolenia-udt.pl\/wp-content\/uploads\/2014\/10\/Kursy-W\u00f3zki-wid\u0142owe.jpg\" height=\"225\" width=\"300\" alt=\"Kurs f\u00f6r f\u00f6rare av gaffeltruckar\" class=\"slider-584 slide-591 msDefaultImage\" \/><\/li>\n                <li style=\"display: none; width: 100%;\" class=\"slide-596 ms-image\" aria-roledescription=\"slide\" data-date=\"2014-10-12 05:43:44\" data-filename=\"Szkolenie-W\u00f3zki-wid\u0142owe1.jpg\" data-slide-type=\"image\"><img loading=\"lazy\" decoding=\"async\" src=\"https:\/\/szkolenia-udt.pl\/wp-content\/uploads\/2014\/10\/Szkolenie-W\u00f3zki-wid\u0142owe1.jpg\" height=\"225\" width=\"300\" alt=\"\" class=\"slider-584 slide-596 msDefaultImage\" \/><\/li>\n                <li style=\"display: none; width: 100%;\" class=\"slide-685 ms-image\" aria-roledescription=\"slide\" data-date=\"2014-10-12 11:03:23\" data-filename=\"Kursy-urz\u0105dzenia-manipulacji-kontenerami.jpg\" data-slide-type=\"image\"><img loading=\"lazy\" decoding=\"async\" src=\"https:\/\/szkolenia-udt.pl\/wp-content\/uploads\/2014\/10\/Kursy-urz\u0105dzenia-manipulacji-kontenerami.jpg\" height=\"225\" width=\"300\" alt=\"Utbildningscenter f\u00f6r operat\u00f6rer Warszawa\" class=\"slider-584 slide-685 msDefaultImage\" \/><\/li>\n                <li style=\"display: none; width: 100%;\" class=\"slide-679 ms-image\" aria-roledescription=\"slide\" data-date=\"2014-10-12 10:48:10\" data-filename=\"OSO-Warszawa2.jpg\" data-slide-type=\"image\"><img loading=\"lazy\" decoding=\"async\" src=\"https:\/\/szkolenia-udt.pl\/wp-content\/uploads\/2014\/10\/OSO-Warszawa2.jpg\" height=\"225\" width=\"300\" alt=\"\" class=\"slider-584 slide-679 msDefaultImage\" \/><\/li>\n            <\/ul>\n        <\/div>\n        \n    <\/div>\n<\/div><\/div>\n<div class=\"wyjustuj\">\n<p><a href=\"https:\/\/szkolenia-udt.pl\/sv\/kursy\/wozki-widlowe\/budowa-wozka-jezdniowego\/\">Mobila lastbilar<\/a> \u00e4r konstruerade f\u00f6r att flytta laster snabbt. Truckf\u00f6rarens uppgift \u00e4r att lasta r\u00e4tt, transportera pallen eller annan typ av f\u00f6rem\u00e5l till platsen och lossa den. V\u00e5rt <a href=\"https:\/\/szkolenia-udt.pl\/sv\/kursy\/uprawnienia-udt-tdt-wdt\/wozki-widlowe\/\">kurs f\u00f6r gaffeltruckar<\/a> l\u00e4r ut exakt hur man hanterar belastningen p\u00e5 r\u00e4tt s\u00e4tt.n\u00e4r du arbetar <a href=\"https:\/\/szkolenia-udt.pl\/sv\/kursy\/uprawnienia-udt-tdt-wdt\/wozki-widlowe-oso\/\">F\u00f6rare av gaffeltruck<\/a> kan utf\u00f6ra tre huvudr\u00f6relser vid lasthantering - h\u00f6ja och s\u00e4nka gafflarna, luta truckens mast fr\u00e5n sida till sida och flytta vagnen med gafflarna i sidled. Beroende p\u00e5 maskinens modell kan r\u00f6relserna ocks\u00e5 vara andra, t.ex. s\u00e5 att den kan flytta gafflarna genom att positionera dem, dvs. justera avst\u00e5ndet.<\/p>\n<p>N\u00e4r du v\u00e4ljer truckf\u00f6rarkursen f\u00e5r du all viktig information om styrning och lasthantering i v\u00e5rt center. Detta \u00e4r viktig kunskap och \u00f6vning f\u00f6r att ta provet, framg\u00e5ngsrikt slutf\u00f6rande av vilket ger dig <a href=\"https:\/\/szkolenia-udt.pl\/sv\/kursy\/wozki-widlowe\/\">k\u00f6rkort f\u00f6r gaffeltruck<\/a>. Under examinationen genomf\u00f6rs ocks\u00e5 \u00f6vningar som omfattar lastning, transport av objektet och lossning.<\/p>\n<p>F\u00f6re arbete med en last ska operat\u00f6ren alltid kontrollera dess vikt och j\u00e4mf\u00f6ra den med den maximala nominella lastkapaciteten. Lasten som placeras p\u00e5 vagnen m\u00e5ste vara stabil och s\u00e4ker. S\u00e4rskild f\u00f6rsiktighet m\u00e5ste iakttas n\u00e4r det g\u00e4ller laster med avvikande m\u00e5tt.<\/p>\n<p>OSO-kursen f\u00f6r gaffeltruckar ger teoretisk information och l\u00e4r ut hur man anv\u00e4nder gaffeltruckar korrekt i praktiken. Kunskaperna och f\u00e4rdigheterna \u00e4r till hj\u00e4lp n\u00e4r du klarar UDT-examen.<\/p>\n<p><strong>Rutiner vid hantering av gods:<\/strong><\/p>\n<ol>\n<li>K\u00f6r truckens front mot lasten i transportl\u00e4ge - gaffelh\u00f6jden ska vara 100 till 300 millimeter \u00f6ver golvytan<\/li>\n<li>Stanna vagnen framf\u00f6r lasten och placera masten i r\u00e4tt vertikalt l\u00e4ge<\/li>\n<li>Justering av gaffelavst\u00e5nd och h\u00f6jd f\u00f6r att passa lastens bredd<\/li>\n<li>K\u00f6r gaffeltrucken och placera gafflarna l\u00e5ngsamt under lasten<\/li>\n<li>Lyfta gafflarna med lasten till r\u00e4tt h\u00f6jd<\/li>\n<li>Luta masten bak\u00e5t<\/li>\n<li>Ankomst till avlastningsplatsen<\/li>\n<li>R\u00e4tning av vagnens mast<\/li>\n<li>L\u00e5ngsam s\u00e4nkning av gaffeln vid avlastning<\/li>\n<li>Bogiemastens lutning fram\u00e5t<\/li>\n<li>L\u00e4gga lasten p\u00e5 plats<\/li>\n<\/ol>\n<p>Vid hantering av laster m\u00e5ste f\u00f6raren t\u00e4nka p\u00e5 att vara extra f\u00f6rsiktig. Trucken f\u00e5r inte k\u00f6ras f\u00f6r fort, s\u00e4rskilt inte med tunga laster, vilket medf\u00f6r risk f\u00f6r att den v\u00e4lter. Genom att anm\u00e4la dig till v\u00e5r truckkurs f\u00e5r du all den viktigaste informationen om korrekt lastning och lossning s\u00e5 att ditt arbete \u00e4r f\u00f6rknippat med l\u00e4gsta m\u00f6jliga risk.<\/p>\n<\/div>","protected":false},"excerpt":{"rendered":"<p>W\u00f3zki jezdniowe s\u0105 przeznaczone do szybkiego przemieszczania \u0142adunk\u00f3w. Zadaniem operatora w\u00f3zka jest poprawny za\u0142adunek, przewiezienie palety lub innego rodzaju obiektu na miejsce oraz jego roz\u0142adowanie. Nasz kurs na w\u00f3zki wid\u0142owe dok\u0142adnie uczy, jak poprawnie manipulowa\u0107 \u0142adunkiem.Podczas pracy operator w\u00f3zka wid\u0142owego mo\u017ce wykona\u0107 trzy g\u0142\u00f3wne ruchy przy manipulacji \u0142adunkami \u2013 podnoszenie i opuszczanie wide\u0142, przechylanie masztu [&hellip;]<\/p>\n","protected":false},"author":3,"featured_media":586,"parent":33,"menu_order":0,"comment_status":"closed","ping_status":"closed","template":"","meta":{"footnotes":""},"class_list":["post-233","page","type-page","status-publish","has-post-thumbnail","hentry"],"aioseo_notices":[],"_links":{"self":[{"href":"https:\/\/szkolenia-udt.pl\/sv\/wp-json\/wp\/v2\/pages\/233","targetHints":{"allow":["GET"]}}],"collection":[{"href":"https:\/\/szkolenia-udt.pl\/sv\/wp-json\/wp\/v2\/pages"}],"about":[{"href":"https:\/\/szkolenia-udt.pl\/sv\/wp-json\/wp\/v2\/types\/page"}],"author":[{"embeddable":true,"href":"https:\/\/szkolenia-udt.pl\/sv\/wp-json\/wp\/v2\/users\/3"}],"replies":[{"embeddable":true,"href":"https:\/\/szkolenia-udt.pl\/sv\/wp-json\/wp\/v2\/comments?post=233"}],"version-history":[{"count":7,"href":"https:\/\/szkolenia-udt.pl\/sv\/wp-json\/wp\/v2\/pages\/233\/revisions"}],"predecessor-version":[{"id":2249,"href":"https:\/\/szkolenia-udt.pl\/sv\/wp-json\/wp\/v2\/pages\/233\/revisions\/2249"}],"up":[{"embeddable":true,"href":"https:\/\/szkolenia-udt.pl\/sv\/wp-json\/wp\/v2\/pages\/33"}],"wp:featuredmedia":[{"embeddable":true,"href":"https:\/\/szkolenia-udt.pl\/sv\/wp-json\/wp\/v2\/media\/586"}],"wp:attachment":[{"href":"https:\/\/szkolenia-udt.pl\/sv\/wp-json\/wp\/v2\/media?parent=233"}],"curies":[{"name":"wp","href":"https:\/\/api.w.org\/{rel}","templated":true}]}}