{"id":235,"date":"2014-10-08T17:06:42","date_gmt":"2014-10-08T17:06:42","guid":{"rendered":"http:\/\/szkolenia-udt.pl\/?page_id=235"},"modified":"2021-08-31T22:10:01","modified_gmt":"2021-08-31T22:10:01","slug":"forbjudna-aktiviteter-vid-korning-av-gaffeltruck","status":"publish","type":"page","link":"https:\/\/szkolenia-udt.pl\/sv\/kursy\/wozki-widlowe\/czynnosci-zabronione-przy-obsludze-wozka-widlowego\/","title":{"rendered":"F\u00f6rbjudna aktiviteter vid anv\u00e4ndning av en gaffeltruck"},"content":{"rendered":"<div style=\"float: left; padding-right: 10px;\"><div id=\"metaslider-id-605\" style=\"max-width: 300px;\" class=\"ml-slider-3-107-0 metaslider metaslider-flex metaslider-605 ml-slider ms-theme-default nav-hidden\" role=\"region\" aria-label=\"F\u00f6rbjudna aktiviteter med sp\u00e5rvagnar\" data-height=\"225\" data-width=\"300\">\n    <div id=\"metaslider_container_605\">\n        <div id=\"metaslider_605\">\n            <ul class='slides'>\n                <li style=\"display: block; width: 100%;\" class=\"slide-580 ms-image\" aria-roledescription=\"slide\" data-date=\"2014-10-12 05:36:13\" data-filename=\"Kurs-W\u00f3zek-Wid\u0142owy.jpg\" data-slide-type=\"image\"><img loading=\"lazy\" decoding=\"async\" src=\"https:\/\/szkolenia-udt.pl\/wp-content\/uploads\/2014\/10\/Kurs-W\u00f3zek-Wid\u0142owy.jpg\" height=\"225\" width=\"300\" alt=\"\" class=\"slider-605 slide-580 msDefaultImage\" \/><\/li>\n                <li style=\"display: none; width: 100%;\" class=\"slide-579 ms-image\" aria-roledescription=\"slide\" data-date=\"2014-10-12 05:36:12\" data-filename=\"Szkolenie-W\u00f3zki-wid\u0142owe.jpg\" data-slide-type=\"image\"><img loading=\"lazy\" decoding=\"async\" src=\"https:\/\/szkolenia-udt.pl\/wp-content\/uploads\/2014\/10\/Szkolenie-W\u00f3zki-wid\u0142owe.jpg\" height=\"225\" width=\"300\" alt=\"Utbildning i gaffeltruckar\" class=\"slider-605 slide-579 msDefaultImage\" \/><\/li>\n                <li style=\"display: none; width: 100%;\" class=\"slide-591 ms-image\" aria-roledescription=\"slide\" data-date=\"2014-10-12 05:43:41\" data-filename=\"Kursy-W\u00f3zki-wid\u0142owe.jpg\" data-slide-type=\"image\"><img loading=\"lazy\" decoding=\"async\" src=\"https:\/\/szkolenia-udt.pl\/wp-content\/uploads\/2014\/10\/Kursy-W\u00f3zki-wid\u0142owe.jpg\" height=\"225\" width=\"300\" alt=\"Kurs f\u00f6r f\u00f6rare av gaffeltruckar\" class=\"slider-605 slide-591 msDefaultImage\" \/><\/li>\n                <li style=\"display: none; width: 100%;\" class=\"slide-594 ms-image\" aria-roledescription=\"slide\" data-date=\"2014-10-12 05:43:43\" data-filename=\"Szkolenia-w\u00f3zki-wid\u0142owe1.jpg\" data-slide-type=\"image\"><img loading=\"lazy\" decoding=\"async\" src=\"https:\/\/szkolenia-udt.pl\/wp-content\/uploads\/2014\/10\/Szkolenia-w\u00f3zki-wid\u0142owe1.jpg\" height=\"225\" width=\"300\" alt=\"\" class=\"slider-605 slide-594 msDefaultImage\" \/><\/li>\n                <li style=\"display: none; width: 100%;\" class=\"slide-1212 ms-image\" aria-roledescription=\"slide\" data-date=\"2014-11-17 21:42:16\" data-filename=\"wozki5a.jpg\" data-slide-type=\"image\"><img loading=\"lazy\" decoding=\"async\" src=\"https:\/\/szkolenia-udt.pl\/wp-content\/uploads\/2014\/11\/wozki5a.jpg\" height=\"225\" width=\"300\" alt=\"\" class=\"slider-605 slide-1212 msDefaultImage\" \/><\/li>\n            <\/ul>\n        <\/div>\n        \n    <\/div>\n<\/div><\/div>\n<div class=\"wyjustuj\">De gaffeltruckar som anv\u00e4nds dagligen p\u00e5 m\u00e5nga arbetsplatser kr\u00e4ver ett k\u00f6rkort f\u00f6r att f\u00e5 k\u00f6ra dem. Dessa kan erh\u00e5llas genom att v\u00e4lja en kurs i gaffeltruckar, under vilken deltagarna l\u00e4r sig att man\u00f6vrera denna typ av utrustning p\u00e5 r\u00e4tt s\u00e4tt. V\u00e5ra kurser f\u00f6r gaffeltruckar <a href=\"https:\/\/szkolenia-udt.pl\/sv\/o-firmie\/\">Centrum<\/a> Kurserna i gaffeltruckar f\u00f6rmedlar omfattande kunskaper och f\u00e4rdigheter om utrustningens konstruktion och anv\u00e4ndning. Tyngdpunkten ligger fr\u00e4mst p\u00e5 h\u00e4lso- och s\u00e4kerhetsprinciper, eftersom det inte alls \u00e4r sv\u00e5rt att r\u00e5ka ut f\u00f6r en olycka n\u00e4r man anv\u00e4nder en gaffeltruck. D\u00e4rf\u00f6r \u00e4r gaffeltruckkursen grundl\u00e4ggande H\u00e4lso- och s\u00e4kerhetsregler g\u00e4ller f\u00f6r f\u00f6raren b\u00e5de f\u00f6re, under och efter arbetet med gaffeltrucken. Det \u00e4r bland annat viktigt att kontrollera utrustningen noggrant, k\u00e4nna till dess funktion, de tekniska parametrarna som lyftkapacitet, den maximala h\u00f6jden p\u00e5 lasten som ska lyftas eller det optimala s\u00e4ttet att placera lasten p\u00e5 gafflarna p\u00e5 gaffeltrucken. Dessutom b\u00f6r varje operat\u00f6r k\u00e4nna till listan \u00f6ver f\u00f6rbjudna aktiviteter vid anv\u00e4ndning av en gaffeltruck. Vi presenterar den nedan.<br \/>\n<strong><br \/>\nVad du b\u00f6r t\u00e4nka p\u00e5:<\/strong><\/p>\n<ul>\n<li>Anv\u00e4nd inte utrustningen under p\u00e5verkan av alkohol eller andra droger.<\/li>\n<li>Kontrollera den maximala belastningen f\u00f6r att undvika att maskinen \u00f6verbelastas.<\/li>\n<li>Rullstolen f\u00e5r inte anv\u00e4ndas f\u00f6r andra \u00e4ndam\u00e5l \u00e4n de f\u00f6r vilka den \u00e4r avsedd.<\/li>\n<li>Anordningen f\u00e5r endast anv\u00e4ndas av en person som har <a href=\"https:\/\/szkolenia-udt.pl\/sv\/kursy\/wozki-widlowe\/\">k\u00f6rkort f\u00f6r gaffeltruck<\/a><\/li>\n<li>Det \u00e4r f\u00f6rbjudet att \u00f6verskrida hastighetsgr\u00e4nsen.<\/li>\n<li>Pl\u00f6tslig acceleration och inbromsning \u00e4r f\u00f6rbjudet.<\/li>\n<li>Apparaten f\u00e5r inte l\u00e4mnas i drift.<\/li>\n<li>F\u00f6rsiktighet b\u00f6r iakttas vid passage av lutningar.<\/li>\n<li>Det \u00e4r inte m\u00f6jligt att k\u00f6ra in i andra f\u00f6rem\u00e5l med rullstolen.<\/li>\n<li>s\u00e4kerhetsskydd f\u00e5r inte avl\u00e4gsnas.<\/li>\n<li>Ingen \u00f6ppen l\u00e5ga f\u00e5r anv\u00e4ndas n\u00e4r du k\u00f6r vagnen.<\/li>\n<li>Det \u00e4r f\u00f6rbjudet att g\u00f6ra obeh\u00f6riga \u00e4ndringar p\u00e5 apparaten.<\/li>\n<li>Last f\u00e5r inte l\u00e4mnas p\u00e5 upph\u00f6jda gafflar.<\/li>\n<li>Det \u00e4r f\u00f6rbjudet att st\u00e5 eller g\u00e5 under en apparat med upph\u00f6jda gafflar.<\/li>\n<li>Gaffeltrucken f\u00e5r inte anv\u00e4ndas med hala skor eller h\u00e4nder.<\/li>\n<li>Det \u00e4r inte till\u00e5tet att g\u00e5 nedf\u00f6r sluttande ytor med avst\u00e4ngd drivning eller i neutral v\u00e4xel.<\/li>\n<li>mastens l\u00e4ge kan inte \u00e4ndras under v\u00e4ndning.<\/li>\n<li>Det \u00e4r inte till\u00e5tet att k\u00f6ra rullstolen p\u00e5 ytor som inte \u00e4r l\u00e4mpliga f\u00f6r detta \u00e4ndam\u00e5l.<\/li>\n<\/ul>\n<p>Vi vill p\u00e5minna dig om att du beh\u00f6ver ett truckkort f\u00f6r att anv\u00e4nda utrustning. Det \u00e4r m\u00f6jligt att erh\u00e5lla dessa utan att avl\u00e4gga ett prov vid kontoret f\u00f6r teknisk inspektion, men att erh\u00e5lla kvalifikationer fr\u00e5n UDT Warszawa eller andra filialer \u00e4r alltid ett framtidss\u00e4kert beslut, eftersom de uppskattas av arbetsgivarna.<\/p>\n<\/div>","protected":false},"excerpt":{"rendered":"<p>Codziennie wykorzystywane w wielu zak\u0142adach pracy w\u00f3zki wid\u0142owe wymagaj\u0105 posiadania uprawnie\u0144 do ich obs\u0142ugi. Mo\u017cna uzyska\u0107 je, wybieraj\u0105c kurs w\u00f3zka wid\u0142owego, podczas kt\u00f3rego uczestnicy dowiaduj\u0105 si\u0119, jak nale\u017cy prawid\u0142owo manewrowa\u0107 tego rodzaju urz\u0105dzeniami. Prowadzone w naszym O\u015brodku kursy na w\u00f3zki wid\u0142owe przekazuj\u0105 kompleksow\u0105 wiedz\u0119 oraz umiej\u0119tno\u015bci dotycz\u0105ce budowy urz\u0105dze\u0144 i ich eksploatacji. Nacisk k\u0142adziemy przede [&hellip;]<\/p>\n","protected":false},"author":3,"featured_media":580,"parent":33,"menu_order":0,"comment_status":"closed","ping_status":"closed","template":"","meta":{"footnotes":""},"class_list":["post-235","page","type-page","status-publish","has-post-thumbnail","hentry"],"aioseo_notices":[],"_links":{"self":[{"href":"https:\/\/szkolenia-udt.pl\/sv\/wp-json\/wp\/v2\/pages\/235","targetHints":{"allow":["GET"]}}],"collection":[{"href":"https:\/\/szkolenia-udt.pl\/sv\/wp-json\/wp\/v2\/pages"}],"about":[{"href":"https:\/\/szkolenia-udt.pl\/sv\/wp-json\/wp\/v2\/types\/page"}],"author":[{"embeddable":true,"href":"https:\/\/szkolenia-udt.pl\/sv\/wp-json\/wp\/v2\/users\/3"}],"replies":[{"embeddable":true,"href":"https:\/\/szkolenia-udt.pl\/sv\/wp-json\/wp\/v2\/comments?post=235"}],"version-history":[{"count":5,"href":"https:\/\/szkolenia-udt.pl\/sv\/wp-json\/wp\/v2\/pages\/235\/revisions"}],"predecessor-version":[{"id":1622,"href":"https:\/\/szkolenia-udt.pl\/sv\/wp-json\/wp\/v2\/pages\/235\/revisions\/1622"}],"up":[{"embeddable":true,"href":"https:\/\/szkolenia-udt.pl\/sv\/wp-json\/wp\/v2\/pages\/33"}],"wp:featuredmedia":[{"embeddable":true,"href":"https:\/\/szkolenia-udt.pl\/sv\/wp-json\/wp\/v2\/media\/580"}],"wp:attachment":[{"href":"https:\/\/szkolenia-udt.pl\/sv\/wp-json\/wp\/v2\/media?parent=235"}],"curies":[{"name":"wp","href":"https:\/\/api.w.org\/{rel}","templated":true}]}}