{"id":237,"date":"2014-10-08T17:07:15","date_gmt":"2014-10-08T17:07:15","guid":{"rendered":"http:\/\/szkolenia-udt.pl\/?page_id=237"},"modified":"2021-08-31T22:08:40","modified_gmt":"2021-08-31T22:08:40","slug":"konstruktion-av-en-mobil-lastbil","status":"publish","type":"page","link":"https:\/\/szkolenia-udt.pl\/sv\/kursy\/wozki-widlowe\/budowa-wozka-jezdniowego\/","title":{"rendered":"Konstruktion av gaffeltrucken"},"content":{"rendered":"<div class=\"wyjustuj\">\n<p><a href=\"https:\/\/szkolenia-udt.pl\/sv\/kursy\/wozki-widlowe\/\">Gaffeltruckkurser<\/a> visa vilka komponenter som dessa maskiner \u00e4r tillverkade av. Varje f\u00f6rare b\u00f6r veta vilka komponenter gaffeltruckarna \u00e4r tillverkade av, vilket ocks\u00e5 \u00e4r viktigt f\u00f6r att de ska kunna anv\u00e4ndas p\u00e5 ett s\u00e4kert och korrekt s\u00e4tt.<\/p>\n<h2><strong>F\u00f6ljande \u00e4r alla delar av konstruktionen av lyftvagnar: <\/strong><\/h2>\n<ul>\n<li>Maskinram - tillverkad av st\u00e5l, dess storlek och form beror p\u00e5 vilken typ av vagn det \u00e4r.<\/li>\n<li>Boggichassi - tre eller fyra hjul beroende p\u00e5 boggityp.<\/li>\n<li>Motor - majoriteten av lastbilarna \u00e4r utrustade med gasolmotorer, men det finns \u00e4ven el-, batteri-, bensin- eller dieseldrivna lastbilar.<\/li>\n<li>mast - \u00e4r den del i form av en vertikal ram p\u00e5 vilken vagnen och gafflarna \u00e4r fastsatta.<\/li>\n<li>vagn - frontplatta som \u00e4r ansluten till masten, gafflarna \u00e4r f\u00e4stade p\u00e5 vagnarna.<\/li>\n<li>Gafflar - \u00e4r f\u00e4sta p\u00e5 vagnen och \u00e4r avsedda att b\u00e4ra last och kan ha olika dimensioner och ytterligare tillbeh\u00f6r beroende p\u00e5 lasten, till exempel tunnor.<\/li>\n<li>Skyddsgaller - anv\u00e4nds f\u00f6r att f\u00f6rhindra att lasten r\u00f6r sig.<\/li>\n<li>Motvikt - \u00e4r placerad p\u00e5 baksidan av vagnen och dess syfte \u00e4r att belasta vagnen n\u00e4r den b\u00e4r last f\u00f6r att uppr\u00e4tth\u00e5lla stabiliteten.<\/li>\n<li>s\u00e4kerhetsbur - skyddar gaffeltruckf\u00f6raren fr\u00e5n lasten<\/li>\n<li>F\u00f6rarhytt - \u00f6ppen men sluten p\u00e5 sidorna, vilket skyddar f\u00f6raren, hytten inneh\u00e5ller verktyg f\u00f6r att styra lastbilen, inklusive pedaler, ratt och spakar.<\/li>\n<\/ul>\n<div style=\"float: left; padding-right: 10px;\"><div id=\"metaslider-id-1427\" style=\"max-width: 300px;\" class=\"ml-slider-3-107-0 metaslider metaslider-flex metaslider-1427 ml-slider ms-theme-default nav-hidden\" role=\"region\" aria-label=\"Konstruktion2\" data-height=\"225\" data-width=\"300\">\n    <div id=\"metaslider_container_1427\">\n        <div id=\"metaslider_1427\">\n            <ul class='slides'>\n                <li style=\"display: block; width: 100%;\" class=\"slide-1425 ms-image\" aria-roledescription=\"slide\" data-date=\"2015-07-11 06:23:04\" data-filename=\"resbudowa_Fork-Lift_04.jpg\" data-slide-type=\"image\"><img loading=\"lazy\" decoding=\"async\" src=\"https:\/\/szkolenia-udt.pl\/wp-content\/uploads\/2015\/07\/resbudowa_Fork-Lift_04.jpg\" height=\"225\" width=\"300\" alt=\"\" class=\"slider-1427 slide-1425 msDefaultImage\" \/><\/li>\n                <li style=\"display: none; width: 100%;\" class=\"slide-1426 ms-image\" aria-roledescription=\"slide\" data-date=\"2015-07-11 06:23:04\" data-filename=\"resbudowa_maszt_i_rezzta.jpg\" data-slide-type=\"image\"><img loading=\"lazy\" decoding=\"async\" src=\"https:\/\/szkolenia-udt.pl\/wp-content\/uploads\/2015\/07\/resbudowa_maszt_i_rezzta.jpg\" height=\"225\" width=\"300\" alt=\"\" class=\"slider-1427 slide-1426 msDefaultImage\" \/><\/li>\n                <li style=\"display: none; width: 100%;\" class=\"slide-1423 ms-image\" aria-roledescription=\"slide\" data-date=\"2015-07-11 06:23:03\" data-filename=\"resbudowa_2013-02-05-091000214875.jpg\" data-slide-type=\"image\"><img loading=\"lazy\" decoding=\"async\" src=\"https:\/\/szkolenia-udt.pl\/wp-content\/uploads\/2015\/07\/resbudowa_2013-02-05-091000214875.jpg\" height=\"225\" width=\"300\" alt=\"\" class=\"slider-1427 slide-1423 msDefaultImage\" \/><\/li>\n                <li style=\"display: none; width: 100%;\" class=\"slide-1424 ms-image\" aria-roledescription=\"slide\" data-date=\"2015-07-11 06:23:03\" data-filename=\"resbudowa_bww1.jpg\" data-slide-type=\"image\"><img loading=\"lazy\" decoding=\"async\" src=\"https:\/\/szkolenia-udt.pl\/wp-content\/uploads\/2015\/07\/resbudowa_bww1.jpg\" height=\"225\" width=\"300\" alt=\"\" class=\"slider-1427 slide-1424 msDefaultImage\" \/><\/li>\n                <li style=\"display: none; width: 100%;\" class=\"slide-1422 ms-image\" aria-roledescription=\"slide\" data-date=\"2015-07-11 06:23:02\" data-filename=\"resbudowa_2_Ton_diesel_forklift_truck_634594464567574414_1.jpg\" data-slide-type=\"image\"><img loading=\"lazy\" decoding=\"async\" src=\"https:\/\/szkolenia-udt.pl\/wp-content\/uploads\/2015\/07\/resbudowa_2_Ton_diesel_forklift_truck_634594464567574414_1.jpg\" height=\"225\" width=\"300\" alt=\"\" class=\"slider-1427 slide-1422 msDefaultImage\" \/><\/li>\n            <\/ul>\n        <\/div>\n        \n    <\/div>\n<\/div><\/div>\n<p>Gaffeltruckar \u00e4r utrustade med hydraulsystem som ansvarar f\u00f6r hastigheten n\u00e4r lasten lyfts p\u00e5 gafflarna. Beroende p\u00e5 deras utformning kan gaffeltruckar ocks\u00e5 inneh\u00e5lla andra komponenter, som n\u00e4mns i gaffeltruckkursen i v\u00e5rt erbjudande.<\/p>\n<p>Det \u00e4r till stor hj\u00e4lp att k\u00e4nna till konstruktionen av de vanligaste truckarna n\u00e4r man anv\u00e4nder utrustningen. Innan f\u00f6raren b\u00f6rjar arbeta med en ny gaffeltruck b\u00f6r han\/hon dock alltid bekanta sig med dess konstruktion och med dess driftsf\u00f6rh\u00e5llanden och tekniska parametrar f\u00f6r att undvika eventuella olyckor.<\/p>\n<\/div>","protected":false},"excerpt":{"rendered":"<p>Kursy na w\u00f3zki wid\u0142owe przedstawiaj\u0105, z jakich element\u00f3w zbudowane s\u0105 te urz\u0105dzenia. Ka\u017cdy operator powinien wiedzie\u0107, z jakich element\u00f3w zbudowane s\u0105 w\u00f3zki, co ma tak\u017ce znaczenie dla ich bezpiecznej i prawid\u0142owej obs\u0142ugi. Poni\u017cej przedstawiamy wszystkie elementy budowy w\u00f3zk\u00f3w jezdniowych podno\u015bnikowych: rama urz\u0105dzenia \u2013 wykonana ze stali, jej wielko\u015b\u0107 i kszta\u0142t zale\u017cne s\u0105 od typu w\u00f3zka [&hellip;]<\/p>\n","protected":false},"author":3,"featured_media":1425,"parent":33,"menu_order":0,"comment_status":"closed","ping_status":"closed","template":"","meta":{"footnotes":""},"class_list":["post-237","page","type-page","status-publish","has-post-thumbnail","hentry"],"aioseo_notices":[],"_links":{"self":[{"href":"https:\/\/szkolenia-udt.pl\/sv\/wp-json\/wp\/v2\/pages\/237","targetHints":{"allow":["GET"]}}],"collection":[{"href":"https:\/\/szkolenia-udt.pl\/sv\/wp-json\/wp\/v2\/pages"}],"about":[{"href":"https:\/\/szkolenia-udt.pl\/sv\/wp-json\/wp\/v2\/types\/page"}],"author":[{"embeddable":true,"href":"https:\/\/szkolenia-udt.pl\/sv\/wp-json\/wp\/v2\/users\/3"}],"replies":[{"embeddable":true,"href":"https:\/\/szkolenia-udt.pl\/sv\/wp-json\/wp\/v2\/comments?post=237"}],"version-history":[{"count":13,"href":"https:\/\/szkolenia-udt.pl\/sv\/wp-json\/wp\/v2\/pages\/237\/revisions"}],"predecessor-version":[{"id":2509,"href":"https:\/\/szkolenia-udt.pl\/sv\/wp-json\/wp\/v2\/pages\/237\/revisions\/2509"}],"up":[{"embeddable":true,"href":"https:\/\/szkolenia-udt.pl\/sv\/wp-json\/wp\/v2\/pages\/33"}],"wp:featuredmedia":[{"embeddable":true,"href":"https:\/\/szkolenia-udt.pl\/sv\/wp-json\/wp\/v2\/media\/1425"}],"wp:attachment":[{"href":"https:\/\/szkolenia-udt.pl\/sv\/wp-json\/wp\/v2\/media?parent=237"}],"curies":[{"name":"wp","href":"https:\/\/api.w.org\/{rel}","templated":true}]}}