{"id":2397,"date":"2021-08-19T12:12:22","date_gmt":"2021-08-19T12:12:22","guid":{"rendered":"https:\/\/szkolenia-udt.pl\/?page_id=2397"},"modified":"2022-08-31T21:24:14","modified_gmt":"2022-08-31T19:24:14","slug":"kurs-for-arbetsplattformar","status":"publish","type":"page","link":"https:\/\/szkolenia-udt.pl\/sv\/kursy\/uprawnienia-udt-tdt-wdt\/kurs-podnosnik-koszowy\/","title":{"rendered":"Kurs f\u00f6r arbetsplattformar"},"content":{"rendered":"<p><a href=\"https:\/\/szkolenia-udt.pl\/wp-content\/uploads\/2021\/08\/szkolenia-udt.pl-0014-OPUBLIKOWANY-v2.jpg\"><img loading=\"lazy\" decoding=\"async\" class=\"paddingleft10 wp-image-2502 size-medium alignleft\" src=\"https:\/\/szkolenia-udt.pl\/wp-content\/uploads\/2021\/08\/szkolenia-udt.pl-0014-OPUBLIKOWANY-v2-300x199.jpg\" alt=\"Bomliftar \u00e4r materialhanteringsutrustning med en plattform och bom som \u00e4r monterade p\u00e5 ett fordon\" width=\"300\" height=\"199\" srcset=\"https:\/\/szkolenia-udt.pl\/wp-content\/uploads\/2021\/08\/szkolenia-udt.pl-0014-OPUBLIKOWANY-v2-300x199.jpg 300w, https:\/\/szkolenia-udt.pl\/wp-content\/uploads\/2021\/08\/szkolenia-udt.pl-0014-OPUBLIKOWANY-v2-1024x680.jpg 1024w, https:\/\/szkolenia-udt.pl\/wp-content\/uploads\/2021\/08\/szkolenia-udt.pl-0014-OPUBLIKOWANY-v2-768x510.jpg 768w, https:\/\/szkolenia-udt.pl\/wp-content\/uploads\/2021\/08\/szkolenia-udt.pl-0014-OPUBLIKOWANY-v2-1536x1020.jpg 1536w, https:\/\/szkolenia-udt.pl\/wp-content\/uploads\/2021\/08\/szkolenia-udt.pl-0014-OPUBLIKOWANY-v2-2048x1360.jpg 2048w\" sizes=\"auto, (max-width: 300px) 100vw, 300px\" \/><\/a>Den h\u00e4r utbildningen ger deltagarna m\u00f6jlighet att l\u00e4ra sig om detaljerna i drift, konstruktion och principer f\u00f6r drift av arbetsplattformar - de popul\u00e4ra bomliftarna. Kandidater f\u00f6r operat\u00f6rer av dessa enheter l\u00e4r sig teoretiska och praktiska fr\u00e5gor som \u00e4r n\u00f6dv\u00e4ndiga f\u00f6r att klara UDT-examen. Utbildningen anordnas p\u00e5 olika niv\u00e5er, \u00e4ven f\u00f6r nyb\u00f6rjare som \u00e4nnu inte har erfarenhet av arbetsplattformar.<\/p>\n<h2>Arbetsplattformar - utrustning som omfattas av teknisk kontroll<\/h2>\n<p>Lyftplattformar (domkrafter, brantare) \u00e4r materialhanteringsutrustning, dvs. utrustning som anv\u00e4nds f\u00f6r att flytta m\u00e4nniskor, material eller verktyg till en arbetsplats p\u00e5 h\u00f6g h\u00f6jd. Enligt Tekniska inspektionskontorets klassificering klassificeras korglyftar som mobila plattformar, inom vilka de faller i kategorin sj\u00e4lvg\u00e5ende mobila plattformar. De \u00e4r f\u00f6rem\u00e5l f\u00f6r teknisk \u00f6vervakning, vilket bland annat inneb\u00e4r att de \u00e4r skyldiga att f\u00f6ra register \u00f6ver sin verksamhet, utf\u00f6ra tester och inspektioner, och f\u00f6r operat\u00f6rer \u00e4r det n\u00f6dv\u00e4ndigt att erh\u00e5lla certifikat fr\u00e5n UDT som bekr\u00e4ftar yrkeskvalifikationer.<\/p>\n<p>Egenskaper f\u00f6r uppskalning:<\/p>\n<ul>\n<li>Korgen\/plattformen placeras p\u00e5 en hydraulisk bom<\/li>\n<li>Jibben \u00e4r f\u00e4st vid pelaren p\u00e5 ett sv\u00e4ngbart band som \u00e4r f\u00e4st vid fordonschassit<\/li>\n<li>De \u00e4r utrustade med en teleskop-, sax- eller ledad bom<\/li>\n<li>Beroende p\u00e5 m\u00e5tt, typ av drivning och plattform kan de anv\u00e4ndas b\u00e5de utomhus och inomhus<\/li>\n<li>De olika modellerna skiljer sig \u00e5t i parametrar som lyftsystemets utformning (ledad, ledad-teleskopisk, sax) arbetsh\u00f6jd, lyfth\u00f6jd, maximal lyftkapacitet, maskinens vikt, rotationsvinkel, \u00f6verh\u00e4ng och arbetsomr\u00e5de, anpassning f\u00f6r elarbete<\/li>\n<\/ul>\n<h2>Vad \u00e4r kursen f\u00f6r operat\u00f6rer av arbetsplattformar?<\/h2>\n<p>Som med alla utbildningar f\u00f6r mobila plattformar, <a href=\"https:\/\/szkolenia-udt.pl\/sv\/kursy\/uprawnienia-udt-tdt-wdt\/podnosniki-koszowe\/\">kurs om arbetsplattformar<\/a> \u00e4r utformad f\u00f6r att f\u00f6rbereda deltagarna f\u00f6r UDT-examen. Instrukt\u00f6rerna f\u00f6rmedlar kunskap om hissarnas konstruktion och deras enskilda komponenter, s\u00e4kerhetsbest\u00e4mmelser, teknisk \u00f6vervakning, unders\u00f6kningar och prov. Utbildningen best\u00e5r av teoretiska f\u00f6rel\u00e4sningar och en praktisk del, under vilken deltagarna individuellt l\u00e4r sig att anv\u00e4nda hissarna och de s\u00e4kerhetsregler som g\u00e4ller f\u00f6r deras anv\u00e4ndning.<\/p>\n<h2>Kurs - arbetsplattformar: organisatoriska detaljer<\/h2>\n<ul>\n<li>Kursdatum: se schemat p\u00e5 webbplatsen f\u00f6r aktuella datum<\/li>\n<li>Plats: st\u00e4der d\u00e4r kurser i bomliftar h\u00e5lls: Warszawa, Krakow, Katowice. F\u00f6r f\u00f6retagskunder kan vi \u00e4ven anordna utbildningar p\u00e5 andra platser i Polen. Det \u00e4r ocks\u00e5 m\u00f6jligt att delta i onlinekurser<\/li>\n<li>Vad den inneh\u00e5ller <a href=\"https:\/\/szkolenia-udt.pl\/sv\/oferta\/\">pris<\/a>Praktiska och teoretiska lektioner, tillg\u00e5ng till material p\u00e5 en utbildningsplattform, tillg\u00e5ng till utrustning och anl\u00e4ggningar f\u00f6r h\u00e4lsa och s\u00e4kerhet, intyg om avslutad kurs, f\u00f6rfriskningar under kaffepauser, avl\u00e4ggande av UDT-examen.<\/li>\n<li>Kursens l\u00e4ngd: beroende p\u00e5 deltagarnas erfarenhet och behov, fr\u00e5n ca 8 timmar (f\u00f6r erfarna) till ca 20-35 timmar (f\u00f6r nyb\u00f6rjare)<\/li>\n<\/ul>\n<div class=\"filmw\">\n<div class=\"responsive-youtube\"><iframe loading=\"lazy\" title=\"YouTube-videospelare\" src=\"https:\/\/www.youtube.com\/embed\/OUKdY5V51M4\" width=\"560\" height=\"315\" frameborder=\"0\" allowfullscreen=\"allowfullscreen\"><\/iframe><\/div>\n<\/div>\n<h2>Examen f\u00f6r lyftkurs<\/h2>\n<p>Efter genomg\u00e5ngen kurs och godk\u00e4nt internt prov kan deltagarna g\u00f6ra ett externt prov. Om du blir godk\u00e4nd kommer Office of Technical Inspection att tilldela dig en kvalifikation som g\u00f6r att du kan arbeta som operat\u00f6r. Examinationen genomf\u00f6rs i form av ett prov med slutna fr\u00e5gor, varefter examinatorn tilldelar kandidaten uppgifter p\u00e5 man\u00f6veromr\u00e5det och testar hans eller hennes f\u00f6rm\u00e5ga att man\u00f6vrera bommen.<\/p>\n<h2>Tillst\u00e5nd att arbeta i bergsomr\u00e5dena - anst\u00e4llningsm\u00f6jligheter<\/h2>\n<p>En hissoperat\u00f6r kan s\u00f6ka arbete hos f\u00f6retag som bland annat arbetar med:<\/p>\n<ul>\n<li>Byggnadsarbete<\/li>\n<li>Renovering av byggnader - interi\u00f6rt och exteri\u00f6rt<\/li>\n<li>Underh\u00e5ll, installation och sk\u00f6tsel av installationer<\/li>\n<li>Reparationer av belysning, trafikljus<\/li>\n<li>Reng\u00f6ring av tak, byggnadsfasader och f\u00f6nster<\/li>\n<li>Installation av skyltar, ljusreklam och annan reklam i storformat<\/li>\n<\/ul>\n<p><a href=\"https:\/\/szkolenia-udt.pl\/wp-content\/uploads\/2021\/08\/0016-oso-podnosniki-koszowe.jpg\"><img loading=\"lazy\" decoding=\"async\" class=\"alignnone wp-image-2399 size-large\" src=\"https:\/\/szkolenia-udt.pl\/wp-content\/uploads\/2021\/08\/0016-oso-podnosniki-koszowe-1024x853.jpg\" alt=\"Arbetsplattformar kan anv\u00e4ndas f\u00f6r renovering, byggnation och monteringsarbeten\" width=\"750\" height=\"625\" srcset=\"https:\/\/szkolenia-udt.pl\/wp-content\/uploads\/2021\/08\/0016-oso-podnosniki-koszowe-1024x853.jpg 1024w, https:\/\/szkolenia-udt.pl\/wp-content\/uploads\/2021\/08\/0016-oso-podnosniki-koszowe-300x250.jpg 300w, https:\/\/szkolenia-udt.pl\/wp-content\/uploads\/2021\/08\/0016-oso-podnosniki-koszowe-768x640.jpg 768w, https:\/\/szkolenia-udt.pl\/wp-content\/uploads\/2021\/08\/0016-oso-podnosniki-koszowe.jpg 1200w\" sizes=\"auto, (max-width: 750px) 100vw, 750px\" \/><\/a><\/p>","protected":false},"excerpt":{"rendered":"<p>To szkolenie, kt\u00f3re pozwala pozna\u0107 specyfik\u0119 dzia\u0142ania, budow\u0119, zasady obs\u0142ugi podno\u015bnik\u00f3w koszowych \u2013 popularnych zwy\u017cek. Kandydaci na operator\u00f3w tych urz\u0105dze\u0144 ucz\u0105 si\u0119 zagadnie\u0144 teoretycznych i praktycznych, niezb\u0119dnych do zaliczenia egzaminu na uprawnienia UDT. Szkolenia s\u0105 organizowane na r\u00f3\u017cnych poziomach zaawansowania, tak\u017ce dla os\u00f3b pocz\u0105tkuj\u0105cych, kt\u00f3re nie mia\u0142y jeszcze do czynienia ze zwy\u017ckami. Podno\u015bniki koszowe &#8211; [&hellip;]<\/p>\n","protected":false},"author":3,"featured_media":2502,"parent":2266,"menu_order":0,"comment_status":"closed","ping_status":"closed","template":"","meta":{"footnotes":""},"class_list":["post-2397","page","type-page","status-publish","has-post-thumbnail","hentry"],"aioseo_notices":[],"_links":{"self":[{"href":"https:\/\/szkolenia-udt.pl\/sv\/wp-json\/wp\/v2\/pages\/2397","targetHints":{"allow":["GET"]}}],"collection":[{"href":"https:\/\/szkolenia-udt.pl\/sv\/wp-json\/wp\/v2\/pages"}],"about":[{"href":"https:\/\/szkolenia-udt.pl\/sv\/wp-json\/wp\/v2\/types\/page"}],"author":[{"embeddable":true,"href":"https:\/\/szkolenia-udt.pl\/sv\/wp-json\/wp\/v2\/users\/3"}],"replies":[{"embeddable":true,"href":"https:\/\/szkolenia-udt.pl\/sv\/wp-json\/wp\/v2\/comments?post=2397"}],"version-history":[{"count":4,"href":"https:\/\/szkolenia-udt.pl\/sv\/wp-json\/wp\/v2\/pages\/2397\/revisions"}],"predecessor-version":[{"id":3236,"href":"https:\/\/szkolenia-udt.pl\/sv\/wp-json\/wp\/v2\/pages\/2397\/revisions\/3236"}],"up":[{"embeddable":true,"href":"https:\/\/szkolenia-udt.pl\/sv\/wp-json\/wp\/v2\/pages\/2266"}],"wp:featuredmedia":[{"embeddable":true,"href":"https:\/\/szkolenia-udt.pl\/sv\/wp-json\/wp\/v2\/media\/2502"}],"wp:attachment":[{"href":"https:\/\/szkolenia-udt.pl\/sv\/wp-json\/wp\/v2\/media?parent=2397"}],"curies":[{"name":"wp","href":"https:\/\/api.w.org\/{rel}","templated":true}]}}