{"id":240,"date":"2014-10-08T17:08:41","date_gmt":"2014-10-08T17:08:41","guid":{"rendered":"http:\/\/szkolenia-udt.pl\/?page_id=240"},"modified":"2021-08-31T22:00:51","modified_gmt":"2021-08-31T22:00:51","slug":"drift-av-mobila-plattformar","status":"publish","type":"page","link":"https:\/\/szkolenia-udt.pl\/sv\/kursy\/podesty-ruchome\/obsluga-podestow-ruchomych\/","title":{"rendered":"Drift av mobila plattformar"},"content":{"rendered":"<div style=\"float: left; padding-right: 10px;\"><div id=\"metaslider-id-1219\" style=\"max-width: 300px;\" class=\"ml-slider-3-107-0 metaslider metaslider-flex metaslider-1219 ml-slider ms-theme-default nav-hidden\" role=\"region\" aria-label=\"Mobila plattformar 3\" data-height=\"225\" data-width=\"300\">\n    <div id=\"metaslider_container_1219\">\n        <div id=\"metaslider_1219\">\n            <ul class='slides'>\n                <li style=\"display: block; width: 100%;\" class=\"slide-1218 ms-image\" aria-roledescription=\"slide\" data-date=\"2014-11-18 10:21:09\" data-filename=\"78XE_001a.jpg\" data-slide-type=\"image\"><img loading=\"lazy\" decoding=\"async\" src=\"https:\/\/szkolenia-udt.pl\/wp-content\/uploads\/2014\/11\/78XE_001a.jpg\" height=\"225\" width=\"300\" alt=\"hissar\" class=\"slider-1219 slide-1218 msDefaultImage\" \/><\/li>\n                <li style=\"display: none; width: 100%;\" class=\"slide-1217 ms-image\" aria-roledescription=\"slide\" data-date=\"2014-11-18 10:21:08\" data-filename=\"78SEC_006a.jpg\" data-slide-type=\"image\"><img loading=\"lazy\" decoding=\"async\" src=\"https:\/\/szkolenia-udt.pl\/wp-content\/uploads\/2014\/11\/78SEC_006a.jpg\" height=\"225\" width=\"300\" alt=\"udt-utbildning\" class=\"slider-1219 slide-1217 msDefaultImage\" \/><\/li>\n                <li style=\"display: none; width: 100%;\" class=\"slide-1216 ms-image\" aria-roledescription=\"slide\" data-date=\"2014-11-18 10:21:07\" data-filename=\"78SEC_004a.jpg\" data-slide-type=\"image\"><img loading=\"lazy\" decoding=\"async\" src=\"https:\/\/szkolenia-udt.pl\/wp-content\/uploads\/2014\/11\/78SEC_004a.jpg\" height=\"225\" width=\"300\" alt=\"warsaw udt kurser\" class=\"slider-1219 slide-1216 msDefaultImage\" \/><\/li>\n                <li style=\"display: none; width: 100%;\" class=\"slide-1215 ms-image\" aria-roledescription=\"slide\" data-date=\"2014-11-18 10:21:06\" data-filename=\"60V_026a.jpg\" data-slide-type=\"image\"><img loading=\"lazy\" decoding=\"async\" src=\"https:\/\/szkolenia-udt.pl\/wp-content\/uploads\/2014\/11\/60V_026a.jpg\" height=\"225\" width=\"300\" alt=\"Udt utbildningscenter\" class=\"slider-1219 slide-1215 msDefaultImage\" \/><\/li>\n                <li style=\"display: none; width: 100%;\" class=\"slide-1214 ms-image\" aria-roledescription=\"slide\" data-date=\"2014-11-18 10:21:04\" data-filename=\"60V_007a.jpg\" data-slide-type=\"image\"><img loading=\"lazy\" decoding=\"async\" src=\"https:\/\/szkolenia-udt.pl\/wp-content\/uploads\/2014\/11\/60V_007a.jpg\" height=\"225\" width=\"300\" alt=\"\" class=\"slider-1219 slide-1214 msDefaultImage\" \/><\/li>\n            <\/ul>\n        <\/div>\n        \n    <\/div>\n<\/div><\/div>\n<div class=\"wyjustuj\">\n<p>F\u00f6r att f\u00e5 k\u00f6ra mobila plattformar m\u00e5ste man genomg\u00e5 en utbildning som ger r\u00e4tt att avl\u00e4gga ett prov inf\u00f6r Office of Technical Inspection. Efter att ha klarat provet med godk\u00e4nt resultat tilldelas deltagaren en UDT-licens. Kurserna omfattar information om konstruktion och drift av utrustning samt h\u00e4lso- och s\u00e4kerhetsregler. Nedan beskrivs reglerna f\u00f6r anv\u00e4ndning av utrustning som mobila, traverserande och l\u00e5ngsamtg\u00e5ende plattformar.<\/p>\n<h2 class=\"boldnagl\"><strong>Anv\u00e4ndning av plattformar och hantering av olyckor<\/strong><\/h2>\n<p>Mobila plattformar f\u00e5r endast anv\u00e4ndas av personer med l\u00e4mplig beh\u00f6righet. Alla som anv\u00e4nder utrustningen m\u00e5ste vara f\u00f6rtrogna med dess driftsf\u00f6rh\u00e5llanden. Det \u00e4r f\u00f6rbjudet att anv\u00e4nda plattformar om man inte k\u00e4nner till r\u00e4ddnings\u00e5tg\u00e4rderna eller om det inte finns n\u00e5gra personer i n\u00e4rheten som k\u00e4nner till hur de ska anv\u00e4ndas.<\/p>\n<h2 class=\"boldnagl\"><strong>Innan du flyttar den mobila plattformen<\/strong><\/h2>\n<p>Innan arbetet p\u00e5b\u00f6rjas m\u00e5ste den mobila plattformen kontrolleras av operat\u00f6ren med avseende p\u00e5 skador och tekniska egenskaper. Plattformens skick m\u00e5ste kontrolleras varje g\u00e5ng arbete utf\u00f6rs p\u00e5 den. Det \u00e4r f\u00f6rbjudet att anv\u00e4nda defekta eller skadade plattformar. Det \u00e4r ocks\u00e5 f\u00f6rbjudet att anv\u00e4nda plattformar p\u00e5 ol\u00e4mpligt underlag. Underlaget f\u00e5r inte ha n\u00e5gra skador eller synliga hinder i maskinens r\u00f6relseriktning.<\/p>\n<h3 class=\"boldnagl\"><strong>Manipulering av den mobila plattformen<\/strong><\/h3>\n<p>Vid anv\u00e4ndning av den mobila plattformen m\u00e5ste operat\u00f6ren st\u00e4ndigt kontrollera den yta som plattformen r\u00f6r sig p\u00e5, liksom ytan ovanf\u00f6r den i dess r\u00f6relseriktning. Om det finns hinder p\u00e5 v\u00e4gen m\u00e5ste operat\u00f6ren styra enheten s\u00e5 att den undviker hindren och iaktta st\u00f6rsta f\u00f6rsiktighet. Plattformen f\u00e5r inte \u00f6verskrida till\u00e5ten hastighet. Personer p\u00e5 plattformen f\u00e5r inte luta sig utanf\u00f6r r\u00e4ckena, det \u00e4r f\u00f6rbjudet att luta sig mot enhetens kontrollpanel eller att placera f\u00f6rem\u00e5l p\u00e5 panelen. Det \u00e4r f\u00f6rbjudet att anv\u00e4nda mobiltelefon vid man\u00f6vrering av plattformen. Vid placering av den mobila plattformen i r\u00e4tt l\u00e4ge m\u00e5ste r\u00e4tt h\u00f6jd best\u00e4mmas med h\u00e4nsyn till takytan, underlaget och hinder.<\/p>\n<p>Varje <a href=\"https:\/\/szkolenia-udt.pl\/sv\/kursy\/podesty-ruchome\/\">kurs f\u00f6r mobila plattformar<\/a> i v\u00e5r <a href=\"https:\/\/szkolenia-udt.pl\/sv\/o-firmie\/\">Centrum<\/a> tar upp viktig information om h\u00e4lsa och s\u00e4kerhet p\u00e5 operat\u00f6rens arbetsplats. Genom praktiska lektioner kan deltagarna ocks\u00e5 pr\u00f6va sina kunskaper i att anv\u00e4nda utrustning. Vi ser fram emot att tr\u00e4ffa dig p\u00e5 kursen f\u00f6r mobila plattformar!<\/p>\n<\/div>","protected":false},"excerpt":{"rendered":"<p>Do obs\u0142ugi podest\u00f3w ruchomych konieczne jest odbycie przeszkolenia, kt\u00f3re upowa\u017cnia do podej\u015bcia do egzaminu przed Urz\u0119dem Dozoru Technicznego. Po pozytywnym zdaniu egzaminu uczestnik otrzymuje uprawnienia UDT. Podczas kurs\u00f3w poruszane s\u0105 informacje zwi\u0105zane z budow\u0105 i eksploatacj\u0105 urz\u0105dze\u0144, a tak\u017ce z zasadami bezpiecze\u0144stwa i higieny pracy. Poni\u017cej przedstawiamy zasady dotycz\u0105ce obs\u0142ugi takich urz\u0105dze\u0144 jak podesty ruchome, [&hellip;]<\/p>\n","protected":false},"author":3,"featured_media":1218,"parent":35,"menu_order":0,"comment_status":"closed","ping_status":"closed","template":"","meta":{"footnotes":""},"class_list":["post-240","page","type-page","status-publish","has-post-thumbnail","hentry"],"aioseo_notices":[],"_links":{"self":[{"href":"https:\/\/szkolenia-udt.pl\/sv\/wp-json\/wp\/v2\/pages\/240","targetHints":{"allow":["GET"]}}],"collection":[{"href":"https:\/\/szkolenia-udt.pl\/sv\/wp-json\/wp\/v2\/pages"}],"about":[{"href":"https:\/\/szkolenia-udt.pl\/sv\/wp-json\/wp\/v2\/types\/page"}],"author":[{"embeddable":true,"href":"https:\/\/szkolenia-udt.pl\/sv\/wp-json\/wp\/v2\/users\/3"}],"replies":[{"embeddable":true,"href":"https:\/\/szkolenia-udt.pl\/sv\/wp-json\/wp\/v2\/comments?post=240"}],"version-history":[{"count":7,"href":"https:\/\/szkolenia-udt.pl\/sv\/wp-json\/wp\/v2\/pages\/240\/revisions"}],"predecessor-version":[{"id":2244,"href":"https:\/\/szkolenia-udt.pl\/sv\/wp-json\/wp\/v2\/pages\/240\/revisions\/2244"}],"up":[{"embeddable":true,"href":"https:\/\/szkolenia-udt.pl\/sv\/wp-json\/wp\/v2\/pages\/35"}],"wp:featuredmedia":[{"embeddable":true,"href":"https:\/\/szkolenia-udt.pl\/sv\/wp-json\/wp\/v2\/media\/1218"}],"wp:attachment":[{"href":"https:\/\/szkolenia-udt.pl\/sv\/wp-json\/wp\/v2\/media?parent=240"}],"curies":[{"name":"wp","href":"https:\/\/api.w.org\/{rel}","templated":true}]}}