{"id":2404,"date":"2021-08-19T14:02:11","date_gmt":"2021-08-19T14:02:11","guid":{"rendered":"https:\/\/szkolenia-udt.pl\/?page_id=2404"},"modified":"2023-03-13T16:37:31","modified_gmt":"2023-03-13T15:37:31","slug":"operator-for-repplattform","status":"publish","type":"page","link":"https:\/\/szkolenia-udt.pl\/sv\/kursy\/uprawnienia-udt-tdt-wdt\/operator-podestow-linowych\/","title":{"rendered":"H\u00e4ngande mobilplattformsoperat\u00f6rskurs"},"content":{"rendered":"<p><a href=\"https:\/\/szkolenia-udt.pl\/wp-content\/uploads\/2021\/08\/szkolenia-udt.pl-0014-OPUBLIKOWANY-v4.jpg\"><img loading=\"lazy\" decoding=\"async\" class=\"paddingleft10 alignleft wp-image-2499 size-medium\" src=\"https:\/\/szkolenia-udt.pl\/wp-content\/uploads\/2021\/08\/szkolenia-udt.pl-0014-OPUBLIKOWANY-v4-300x236.jpg\" alt=\"Upph\u00e4ngd mobil plattform anv\u00e4nds f\u00f6r att transportera m\u00e4nniskor, verktyg och material till en l\u00e4mplig h\u00f6jd\/arbetsstation.\" width=\"300\" height=\"236\" srcset=\"https:\/\/szkolenia-udt.pl\/wp-content\/uploads\/2021\/08\/szkolenia-udt.pl-0014-OPUBLIKOWANY-v4-300x236.jpg 300w, https:\/\/szkolenia-udt.pl\/wp-content\/uploads\/2021\/08\/szkolenia-udt.pl-0014-OPUBLIKOWANY-v4-768x603.jpg 768w, https:\/\/szkolenia-udt.pl\/wp-content\/uploads\/2021\/08\/szkolenia-udt.pl-0014-OPUBLIKOWANY-v4.jpg 993w\" sizes=\"auto, (max-width: 300px) 100vw, 300px\" \/><\/a>Det h\u00e4r \u00e4r en kurs f\u00f6r personer som planerar att arbeta som operat\u00f6rer av h\u00e4ngande plattformar och som vill skaffa sig de n\u00f6dv\u00e4ndiga UDT-kvalifikationerna. Kursen \u00e4r \u00f6ppen f\u00f6r b\u00e5de personer utan erfarenhet och personer som redan har arbetat p\u00e5 plattformar. Vi anordnar kurser f\u00f6r nyb\u00f6rjare, fr\u00e5n grunderna, och f\u00f6r avancerade elever. I slutet av varje kurs anordnas en statlig examen, och om du klarar denna examen f\u00e5r du de kvalifikationer som kr\u00e4vs f\u00f6r att arbeta inom detta yrke.<\/p>\n<h2>\u00c4mnen som behandlas p\u00e5 kursen f\u00f6r h\u00e4ngande plattformar<\/h2>\n<p>Under de teoretiska lektionerna f\u00e5r deltagarna information om:<\/p>\n<ul>\n<li>Typer av h\u00e4ngande plattformar<\/li>\n<li>Konstruktion av utrustningen och dess enskilda delar<\/li>\n<li>Utrustningens stabilitet<\/li>\n<li>Aktiviteter f\u00f6re, under och efter arbetet<\/li>\n<li>Mekaniska, hydrauliska och elektriska s\u00e4kerhetsanordningar f\u00f6r ledningar.<\/li>\n<li>H\u00e4lso- och s\u00e4kerhetsregler f\u00f6r arbete p\u00e5 h\u00f6g h\u00f6jd<\/li>\n<li>F\u00f6rberedelse av utrustningen f\u00f6r drift med h\u00e4nsyn till milj\u00f6n och de aktuella f\u00f6rh\u00e5llandena.<\/li>\n<li>Utf\u00f6ra h\u00e5llfasthets- och stabilitetstester och provningar.<\/li>\n<li>F\u00f6reskrifter f\u00f6r teknisk kontroll<\/li>\n<\/ul>\n<p>De som har slutf\u00f6rt den teoretiska delen kan delta i de praktiska lektionerna. De f\u00e5r d\u00e5 utrustning fr\u00e5n centrumets bas. Under lektionerna l\u00e4r instrukt\u00f6rerna ut hur man anv\u00e4nder plattformarna p\u00e5 ett s\u00e4kert och ofarligt s\u00e4tt f\u00f6r arbetstagarna och deras omgivning.<br \/>\n<div style=\"width: 640px;\" class=\"wp-video\"><video id=\"video-2404-1\" width=\"640\" height=\"360\" poster=\"https:\/\/szkolenia-udt.pl\/wp-content\/uploads\/2023\/03\/okladka-podnosnik-OSO.jpg\" preload=\"metadata\" controls=\"controls\"><source type=\"video\/mp4\" src=\"https:\/\/szkolenia-udt.pl\/wp-content\/uploads\/2023\/03\/podnosnik-SZKOLENIA-UDT.PL-OSO.mp4?_=1\" \/><a href=\"https:\/\/szkolenia-udt.pl\/wp-content\/uploads\/2023\/03\/podnosnik-SZKOLENIA-UDT.PL-OSO.mp4\">https:\/\/szkolenia-udt.pl\/wp-content\/uploads\/2023\/03\/podnosnik-SZKOLENIA-UDT.PL-OSO.mp4<\/a><\/video><\/div>\n<h2>Vem kursen \u00e4r avsedd f\u00f6r<\/h2>\n<p>De grundl\u00e4ggande kraven f\u00f6r deltagarna \u00e4r f\u00f6ljande: \u00e5lder - minst 18 \u00e5r, utbildning - minst grundskoleutbildning och h\u00e4lsa - inga h\u00e4lsokontraindikationer (l\u00e4karintyg eller sj\u00e4lvdeklaration kr\u00e4vs).<\/p>\n<p>Det kr\u00e4vs ingen erfarenhet eller kunskap om plattformens drift f\u00f6r att delta i utbildningen. <a href=\"https:\/\/szkolenia-udt.pl\/sv\/kursy\/podesty-ruchome\/\">Kurs f\u00f6r mobila plattformar<\/a> H\u00e4ngande skapades f\u00f6r nyb\u00f6rjare som vill skaffa sig UDT-certifiering i ett nytt yrke. Vid behov skapar vi ocks\u00e5 grupper f\u00f6r personer med erfarenhet som bara vill komplettera eller uppdatera sina kunskaper. I s\u00e5dana grupper \u00e4r den tid som kr\u00e4vs f\u00f6r inl\u00e4rning kortare, eftersom alla \u00e4mnen som kr\u00e4vs f\u00f6r examen inte behandlas.<\/p>\n<div class=\"filmw\">\n<div class=\"responsive-youtube\"><iframe loading=\"lazy\" title=\"YouTube-videospelare\" src=\"https:\/\/www.youtube.com\/embed\/OUKdY5V51M4\" width=\"560\" height=\"315\" frameborder=\"0\" allowfullscreen=\"allowfullscreen\"><\/iframe><\/div>\n<\/div>\n<h2>Kurs - mobila plattformar: pris, datum, plats f\u00f6r lektioner<\/h2>\n<p>Vi publicerar datum f\u00f6r kommande kurser p\u00e5 v\u00e5r webbplats. Kurserna h\u00e5lls p\u00e5 v\u00e5rt huvudkontor i Warszawa eller p\u00e5 v\u00e5ra filialer: Krakow, Katowice. Vi anordnar \u00e4ven utbildning i h\u00e4ngande plattform f\u00f6r f\u00f6retag, i kundens lokaler.<\/p>\n<p>Den exakta kostnaden f\u00f6r att delta i utbildningen meddelas kunderna i samband med registreringen, eftersom <a href=\"https:\/\/szkolenia-udt.pl\/sv\/oferta\/\">pris<\/a> \u00e4r inte fastst\u00e4lld och kan bero p\u00e5 flera faktorer.<\/p>\n<h2>Kvalifikationer f\u00f6r h\u00e4ngande arbetsplattformar<\/h2>\n<p>Denna typ av plattform klassificeras som kategori II P av UDT. Tillst\u00e5nd i denna kategori utf\u00e4rdas f\u00f6r tio \u00e5r.<\/p>\n<p>De utf\u00e4rdas p\u00e5 grundval av ett godk\u00e4nt statligt prov som anordnas i slutet av utbildningen. UDT utser inspekt\u00f6rer f\u00f6r att genomf\u00f6ra den, och organisationen av kvalifikationskontrollen f\u00f6rmedlas av <a href=\"https:\/\/szkolenia-udt.pl\/sv\/o-firmie\/\">Centrum<\/a>. Praktikanterna beh\u00f6ver inte g\u00f6ra detta personligen. UDT Warszawa ansvarar f\u00f6r att genomf\u00f6ra provet f\u00f6r dem som deltar i utbildningen i centrumets lokaler, p\u00e5 andra platser - kontorets filialer.<\/p>\n<p>Examinationen best\u00e5r av en teoretisk del (test) och en praktisk del (test av f\u00f6rm\u00e5gan att anv\u00e4nda utrustningen).<\/p>\n<p><a href=\"https:\/\/szkolenia-udt.pl\/wp-content\/uploads\/2021\/08\/szkolenia-udt-0018-oso-podesty-ruchime-wiszace.jpg\"><img loading=\"lazy\" decoding=\"async\" class=\"alignnone wp-image-2407 size-large\" src=\"https:\/\/szkolenia-udt.pl\/wp-content\/uploads\/2021\/08\/szkolenia-udt-0018-oso-podesty-ruchime-wiszace-1024x853.jpg\" alt=\"Arbete som m\u00e5lning, reng\u00f6ring och sandbl\u00e4string av fasader kan enkelt utf\u00f6ras med hj\u00e4lp av den upph\u00e4ngda mobila plattformen.\" width=\"750\" height=\"625\" srcset=\"https:\/\/szkolenia-udt.pl\/wp-content\/uploads\/2021\/08\/szkolenia-udt-0018-oso-podesty-ruchime-wiszace-1024x853.jpg 1024w, https:\/\/szkolenia-udt.pl\/wp-content\/uploads\/2021\/08\/szkolenia-udt-0018-oso-podesty-ruchime-wiszace-300x250.jpg 300w, https:\/\/szkolenia-udt.pl\/wp-content\/uploads\/2021\/08\/szkolenia-udt-0018-oso-podesty-ruchime-wiszace-768x640.jpg 768w, https:\/\/szkolenia-udt.pl\/wp-content\/uploads\/2021\/08\/szkolenia-udt-0018-oso-podesty-ruchime-wiszace.jpg 1200w\" sizes=\"auto, (max-width: 750px) 100vw, 750px\" \/><\/a><\/p>","protected":false},"excerpt":{"rendered":"<p>To zaj\u0119cia przeznaczone dla os\u00f3b, kt\u00f3re planuj\u0105 prac\u0119 w zawodzie operatora podest\u00f3w wisz\u0105cych i chc\u0105 zdoby\u0107 niezb\u0119dne uprawnienia UDT. Na kurs zapraszamy zar\u00f3wno osoby nieposiadaj\u0105ce do\u015bwiadczenia, jak i takie, kt\u00f3re pracowa\u0142y ju\u017c na podestach. Organizujemy zaj\u0119cia dla pocz\u0105tkuj\u0105cych, od podstaw, oraz dla zaawansowanych. Na koniec ka\u017cdego kursu organizowany jest egzamin pa\u0144stwowy, kt\u00f3rego zaliczenie oznacza otrzymanie [&hellip;]<\/p>\n","protected":false},"author":3,"featured_media":2499,"parent":2266,"menu_order":0,"comment_status":"closed","ping_status":"closed","template":"","meta":{"footnotes":""},"class_list":["post-2404","page","type-page","status-publish","has-post-thumbnail","hentry"],"aioseo_notices":[],"_links":{"self":[{"href":"https:\/\/szkolenia-udt.pl\/sv\/wp-json\/wp\/v2\/pages\/2404","targetHints":{"allow":["GET"]}}],"collection":[{"href":"https:\/\/szkolenia-udt.pl\/sv\/wp-json\/wp\/v2\/pages"}],"about":[{"href":"https:\/\/szkolenia-udt.pl\/sv\/wp-json\/wp\/v2\/types\/page"}],"author":[{"embeddable":true,"href":"https:\/\/szkolenia-udt.pl\/sv\/wp-json\/wp\/v2\/users\/3"}],"replies":[{"embeddable":true,"href":"https:\/\/szkolenia-udt.pl\/sv\/wp-json\/wp\/v2\/comments?post=2404"}],"version-history":[{"count":6,"href":"https:\/\/szkolenia-udt.pl\/sv\/wp-json\/wp\/v2\/pages\/2404\/revisions"}],"predecessor-version":[{"id":4523,"href":"https:\/\/szkolenia-udt.pl\/sv\/wp-json\/wp\/v2\/pages\/2404\/revisions\/4523"}],"up":[{"embeddable":true,"href":"https:\/\/szkolenia-udt.pl\/sv\/wp-json\/wp\/v2\/pages\/2266"}],"wp:featuredmedia":[{"embeddable":true,"href":"https:\/\/szkolenia-udt.pl\/sv\/wp-json\/wp\/v2\/media\/2499"}],"wp:attachment":[{"href":"https:\/\/szkolenia-udt.pl\/sv\/wp-json\/wp\/v2\/media?parent=2404"}],"curies":[{"name":"wp","href":"https:\/\/api.w.org\/{rel}","templated":true}]}}