{"id":2418,"date":"2021-08-20T09:57:03","date_gmt":"2021-08-20T09:57:03","guid":{"rendered":"https:\/\/szkolenia-udt.pl\/?page_id=2418"},"modified":"2021-08-25T12:21:48","modified_gmt":"2021-08-25T12:21:48","slug":"udt-for-underhallare","status":"publish","type":"page","link":"https:\/\/szkolenia-udt.pl\/sv\/kursy\/uprawnienia-udt-tdt-wdt\/udt-dla-konserwatorow\/","title":{"rendered":"UDT-kurser f\u00f6r konservatorer: klasser + statlig tentamen"},"content":{"rendered":"<p><a href=\"https:\/\/szkolenia-udt.pl\/wp-content\/uploads\/2021\/08\/szkolenia-udt.pl-0014-OPUBLIKOWANY-v10.jpg\"><img loading=\"lazy\" decoding=\"async\" class=\"paddingleft10 alignleft wp-image-2493 size-medium\" src=\"https:\/\/szkolenia-udt.pl\/wp-content\/uploads\/2021\/08\/szkolenia-udt.pl-0014-OPUBLIKOWANY-v10-300x200.jpg\" alt=\"En certifierad underh\u00e5llstekniker f\u00e5r reparera kranar, kranar, lyftanordningar och annan utrustning under teknisk \u00f6vervakning.\" width=\"300\" height=\"200\" srcset=\"https:\/\/szkolenia-udt.pl\/wp-content\/uploads\/2021\/08\/szkolenia-udt.pl-0014-OPUBLIKOWANY-v10-300x200.jpg 300w, https:\/\/szkolenia-udt.pl\/wp-content\/uploads\/2021\/08\/szkolenia-udt.pl-0014-OPUBLIKOWANY-v10-768x511.jpg 768w, https:\/\/szkolenia-udt.pl\/wp-content\/uploads\/2021\/08\/szkolenia-udt.pl-0014-OPUBLIKOWANY-v10.jpg 1016w\" sizes=\"auto, (max-width: 300px) 100vw, 300px\" \/><\/a>Den statliga examen som anordnas av UDT \u00e4r det enda s\u00e4ttet att f\u00e5 de kvalifikationer som kr\u00e4vs f\u00f6r att bli underh\u00e5llstekniker f\u00f6r utrustning under teknisk \u00f6vervakning. Kvalifikationerna \u00e4r n\u00f6dv\u00e4ndiga f\u00f6r att arbeta med s\u00e5dan utrustning som mobila plattformar, lastare, gaffeltruckar, lyftkranar, kranar, lyftkranar och andra som anv\u00e4nds inom byggbranschen, industrin eller jordbruket. De klasser vi erbjuder dig f\u00f6ljer ett eget program som fokuserar p\u00e5 b\u00e4sta m\u00f6jliga f\u00f6rberedelse av praktikanterna inf\u00f6r examen. Vi l\u00e4r ut den teori som kr\u00e4vs f\u00f6r examen och under utrustningsklasserna visar vi hur man omvandlar dessa kunskaper till praktiska f\u00e4rdigheter. Examen ing\u00e5r i priset f\u00f6r underh\u00e5llskursen och \u00e4ger rum efter att den teoretiska och praktiska utbildningen har avslutats.<\/p>\n<h2>Typer av hanteringsutrustning<\/h2>\n<p>I v\u00e5r <a href=\"https:\/\/szkolenia-udt.pl\/sv\/o-firmie\/\">centrum<\/a> Vi genomf\u00f6r UDT-underh\u00e5llskurser f\u00f6r de vanligaste typerna av utrustning under teknisk \u00f6vervakning. Vi anordnar regelbundet underh\u00e5llsutbildningar f\u00f6r arbetsplattformar, gaffeltruckar, kranar, lastbilskranar och tornkranar. Varje kurs \u00e4r avsedd f\u00f6r en typ av utrustning. Om du \u00e4r intresserad av att skaffa dig kvalifikationer f\u00f6r underh\u00e5ll av flera utrustningar kan du kombinera f\u00f6rv\u00e4rvet av kvalifikationer i tv\u00e5 eller flera kurser - i s\u00e5dana fall kan du <a href=\"https:\/\/szkolenia-udt.pl\/sv\/kontakt\/\">v\u00e4nligen kontakta oss<\/a>.<\/p>\n<h2>Uppgifter som en underh\u00e5lls-UDT<\/h2>\n<p>Efter erh\u00e5llande av UDT-licensen <a href=\"https:\/\/szkolenia-udt.pl\/sv\/kursy\/uprawnienia-udt-tdt-wdt\/konserwator-urzadzen\/\">underh\u00e5llare av utrustning<\/a> En PT kan ha ett heltidsjobb eller driva ett eget f\u00f6retag. Hans\/hennes huvudsakliga uppgifter omfattar:<\/p>\n<ul>\n<li>Reparation av befintliga fel<\/li>\n<li>Se till att utrustningen \u00e4r i gott skick.<\/li>\n<li>Utf\u00f6ra inspektioner innan utrustningen tas i bruk.<\/li>\n<li>Genomf\u00f6rande av regelbundna tekniska inspektioner.<\/li>\n<li>Byte av olja, fett och andra f\u00f6rbrukningsvaror<\/li>\n<li>Underh\u00e5ll av den tekniska dokumentationen f\u00f6r utrustningen.<\/li>\n<\/ul>\n<h2>Kurs: underh\u00e5ll av hanteringsutrustning - detaljerad information<\/h2>\n<p>Program <a href=\"https:\/\/szkolenia-udt.pl\/sv\/kursy\/szkolenie-audytorskie-udt\/\">UDT-utbildning<\/a> f\u00f6r naturv\u00e5rdare<\/p>\n<p>Lektionerna \u00e4r uppdelade i tv\u00e5 delar: teoretiska och praktiska. Efter att ha klarat dessa har eleverna m\u00f6jlighet att delta i ett prov som anordnas av kontoret f\u00f6r teknisk inspektion.<\/p>\n<p>Ramprogrammet f\u00f6r utbildning omfattar f\u00f6ljande:<\/p>\n<ul>\n<li>Teknisk kontroll av utrustning: regler, best\u00e4mmelser<\/li>\n<li>Allm\u00e4n information om konstruktionen av hanteringsutrustning<\/li>\n<li>Inspektion och reparation - underh\u00e5llsuppgifter<\/li>\n<li>Typiska fel p\u00e5 den utrustning som omfattas av utbildningen och metoder f\u00f6r att avhj\u00e4lpa dem.<\/li>\n<li>Drift och underh\u00e5ll - till\u00e4mpliga h\u00e4lso- och s\u00e4kerhetsbest\u00e4mmelser<\/li>\n<li>Mekaniska, elektriska och hydrauliska delar<\/li>\n<li>S\u00e4tt att s\u00e4kerst\u00e4lla utrustningens tekniska prestanda<\/li>\n<\/ul>\n<p>Varje deltagare har ocks\u00e5 m\u00f6jlighet att f\u00f6rbereda sig praktiskt inf\u00f6r provet med hj\u00e4lp av den utrustning som vi tillhandah\u00e5ller.<\/p>\n<p>Den totala utbildningstiden kan variera fr\u00e5n cirka 32 till 96 timmar. Vi anpassar denna tid till deltagarnas behov.<\/p>\n<h2>UDT-examen f\u00f6r kvalificering av underh\u00e5llsarbetare<\/h2>\n<p>Alla som slutf\u00f6r underh\u00e5llsteknikerutbildningen vid v\u00e5rt center kan avl\u00e4gga den statliga examen. Examen, som best\u00e5r av ett prov och en praktisk del, avl\u00e4ggs inf\u00f6r UDT-kommissionen. Man beh\u00f6ver inte anm\u00e4la sig extra till provet - vi sk\u00f6ter alla formaliteter.<\/p>\n<p>Den som klarar provet f\u00e5r ett kompetensbevis som ger honom eller henne r\u00e4tt att arbeta som underh\u00e5llstekniker f\u00f6r den valda utrustningen. Denna beh\u00f6righet \u00e4r giltig i fem \u00e5r.<\/p>\n<h2>Anm\u00e4lan till underh\u00e5llsutbildning<\/h2>\n<p>Anm\u00e4lan till utbildningen sker enligt den tidtabell som offentligg\u00f6rs p\u00e5 f\u00f6ljande webbplats <a href=\"https:\/\/platformaedukacji.pl\/sklep\/\">https:\/\/platformaedukacji.pl\/sklep\/<\/a>. Vi anordnar underh\u00e5llsutbildning i Warszawa och andra st\u00f6rre st\u00e4der. Du kan anm\u00e4la dig till utbildningen genom att l\u00e4gga det \u00f6nskade datumet i din korg och betala. P\u00e5 beg\u00e4ran av f\u00f6retag anordnar vi ocks\u00e5 slutna utbildningar f\u00f6r anst\u00e4llda - om du \u00e4r intresserad av s\u00e5dana utbildningar kan du kontakta oss via telefon eller e-post.<\/p>\n<p>UDT:s underh\u00e5llskurser \u00e4r \u00f6ppna f\u00f6r vuxna med minst grundskoleutbildning. Vi kr\u00e4ver att deltagarna intygar att de inte har n\u00e5gra h\u00e4lsorelaterade kontraindikationer. F\u00f6r vissa kurser kr\u00e4vs ocks\u00e5 kunskaper i elektroteknik och andra \u00e4mnen (se kursbeskrivningen f\u00f6r n\u00e4rmare uppgifter).<\/p>\n<p><a href=\"https:\/\/szkolenia-udt.pl\/wp-content\/uploads\/2021\/08\/oso-0021-konserwator-udzadzen-udt-1.jpg\"><img loading=\"lazy\" decoding=\"async\" class=\"alignnone wp-image-2420 size-large\" src=\"https:\/\/szkolenia-udt.pl\/wp-content\/uploads\/2021\/08\/oso-0021-konserwator-udzadzen-udt-1-1024x853.jpg\" alt=\"F\u00f6r reparation, underh\u00e5ll och inspektion av utrustning under tillsyn av myndigheten f\u00f6r teknisk kontroll kr\u00e4vs tillst\u00e5nd.\" width=\"750\" height=\"625\" srcset=\"https:\/\/szkolenia-udt.pl\/wp-content\/uploads\/2021\/08\/oso-0021-konserwator-udzadzen-udt-1-1024x853.jpg 1024w, https:\/\/szkolenia-udt.pl\/wp-content\/uploads\/2021\/08\/oso-0021-konserwator-udzadzen-udt-1-300x250.jpg 300w, https:\/\/szkolenia-udt.pl\/wp-content\/uploads\/2021\/08\/oso-0021-konserwator-udzadzen-udt-1-768x640.jpg 768w, https:\/\/szkolenia-udt.pl\/wp-content\/uploads\/2021\/08\/oso-0021-konserwator-udzadzen-udt-1.jpg 1200w\" sizes=\"auto, (max-width: 750px) 100vw, 750px\" \/><\/a><\/p>","protected":false},"excerpt":{"rendered":"<p>Egzamin pa\u0144stwowy organizowany przez UDT jest jedyn\u0105 drog\u0105 do zdobycia uprawnie\u0144 potrzebnych w zawodzie konserwatora urz\u0105dze\u0144 obj\u0119tych dozorem technicznym. Uprawnienia s\u0105 niezb\u0119dne do pracy z takimi urz\u0105dzeniami, jak podesty ruchome, \u0142adowarki, w\u00f3zki wid\u0142owe, suwnice, \u017curawie, d\u017awigi i inne, wykorzystywane w budownictwie, przemy\u015ble czy rolnictwie. Zaj\u0119cia, kt\u00f3re Pa\u0144stwu proponujemy, prowadzimy wed\u0142ug autorskiego programu, w kt\u00f3rym skupiamy [&hellip;]<\/p>\n","protected":false},"author":3,"featured_media":2493,"parent":2266,"menu_order":0,"comment_status":"closed","ping_status":"closed","template":"","meta":{"footnotes":""},"class_list":["post-2418","page","type-page","status-publish","has-post-thumbnail","hentry"],"aioseo_notices":[],"_links":{"self":[{"href":"https:\/\/szkolenia-udt.pl\/sv\/wp-json\/wp\/v2\/pages\/2418","targetHints":{"allow":["GET"]}}],"collection":[{"href":"https:\/\/szkolenia-udt.pl\/sv\/wp-json\/wp\/v2\/pages"}],"about":[{"href":"https:\/\/szkolenia-udt.pl\/sv\/wp-json\/wp\/v2\/types\/page"}],"author":[{"embeddable":true,"href":"https:\/\/szkolenia-udt.pl\/sv\/wp-json\/wp\/v2\/users\/3"}],"replies":[{"embeddable":true,"href":"https:\/\/szkolenia-udt.pl\/sv\/wp-json\/wp\/v2\/comments?post=2418"}],"version-history":[{"count":2,"href":"https:\/\/szkolenia-udt.pl\/sv\/wp-json\/wp\/v2\/pages\/2418\/revisions"}],"predecessor-version":[{"id":2494,"href":"https:\/\/szkolenia-udt.pl\/sv\/wp-json\/wp\/v2\/pages\/2418\/revisions\/2494"}],"up":[{"embeddable":true,"href":"https:\/\/szkolenia-udt.pl\/sv\/wp-json\/wp\/v2\/pages\/2266"}],"wp:featuredmedia":[{"embeddable":true,"href":"https:\/\/szkolenia-udt.pl\/sv\/wp-json\/wp\/v2\/media\/2493"}],"wp:attachment":[{"href":"https:\/\/szkolenia-udt.pl\/sv\/wp-json\/wp\/v2\/media?parent=2418"}],"curies":[{"name":"wp","href":"https:\/\/api.w.org\/{rel}","templated":true}]}}