{"id":242,"date":"2014-10-08T17:09:07","date_gmt":"2014-10-08T17:09:07","guid":{"rendered":"http:\/\/szkolenia-udt.pl\/?page_id=242"},"modified":"2021-08-31T22:04:16","modified_gmt":"2021-08-31T22:04:16","slug":"korrekt-yta-for-mobila-plattformar","status":"publish","type":"page","link":"https:\/\/szkolenia-udt.pl\/sv\/kursy\/podesty-ruchome\/prawidlowa-nawierzchnia-pod-podesty-ruchome\/","title":{"rendered":"R\u00e4tt bel\u00e4ggning f\u00f6r mobila plattformar"},"content":{"rendered":"<div style=\"float: left; padding-right: 10px;\"><div id=\"metaslider-id-1412\" style=\"max-width: 300px;\" class=\"ml-slider-3-107-0 metaslider metaslider-flex metaslider-1412 ml-slider ms-theme-default nav-hidden\" role=\"region\" aria-label=\"ytor\" data-height=\"225\" data-width=\"300\">\n    <div id=\"metaslider_container_1412\">\n        <div id=\"metaslider_1412\">\n            <ul class='slides'>\n                <li style=\"display: block; width: 100%;\" class=\"slide-1410 ms-image\" aria-roledescription=\"slide\" data-date=\"2015-07-10 14:50:45\" data-filename=\"resnawierzchnia-200ATJ_008.jpg\" data-slide-type=\"image\"><img loading=\"lazy\" decoding=\"async\" src=\"https:\/\/szkolenia-udt.pl\/wp-content\/uploads\/2015\/07\/resnawierzchnia-200ATJ_008.jpg\" height=\"225\" width=\"300\" alt=\"\" class=\"slider-1412 slide-1410 msDefaultImage\" \/><\/li>\n                <li style=\"display: none; width: 100%;\" class=\"slide-1411 ms-image\" aria-roledescription=\"slide\" data-date=\"2015-07-10 14:50:46\" data-filename=\"resnawierzchnia-456.png\" data-slide-type=\"image\"><img loading=\"lazy\" decoding=\"async\" src=\"https:\/\/szkolenia-udt.pl\/wp-content\/uploads\/2015\/07\/resnawierzchnia-456.png\" height=\"225\" width=\"300\" alt=\"\" class=\"slider-1412 slide-1411 msDefaultImage\" \/><\/li>\n                <li style=\"display: none; width: 100%;\" class=\"slide-1409 ms-image\" aria-roledescription=\"slide\" data-date=\"2015-07-10 14:50:44\" data-filename=\"resnawierzchnia-188.png\" data-slide-type=\"image\"><img loading=\"lazy\" decoding=\"async\" src=\"https:\/\/szkolenia-udt.pl\/wp-content\/uploads\/2015\/07\/resnawierzchnia-188.png\" height=\"225\" width=\"300\" alt=\"\" class=\"slider-1412 slide-1409 msDefaultImage\" \/><\/li>\n                <li style=\"display: none; width: 100%;\" class=\"slide-1408 ms-image\" aria-roledescription=\"slide\" data-date=\"2015-07-10 14:50:43\" data-filename=\"resnawierzchnia-160atj.jpg\" data-slide-type=\"image\"><img loading=\"lazy\" decoding=\"async\" src=\"https:\/\/szkolenia-udt.pl\/wp-content\/uploads\/2015\/07\/resnawierzchnia-160atj.jpg\" height=\"225\" width=\"300\" alt=\"\" class=\"slider-1412 slide-1408 msDefaultImage\" \/><\/li>\n                <li style=\"display: none; width: 100%;\" class=\"slide-1407 ms-image\" aria-roledescription=\"slide\" data-date=\"2015-07-10 14:50:42\" data-filename=\"resnawierzchnia-156.png\" data-slide-type=\"image\"><img loading=\"lazy\" decoding=\"async\" src=\"https:\/\/szkolenia-udt.pl\/wp-content\/uploads\/2015\/07\/resnawierzchnia-156.png\" height=\"225\" width=\"300\" alt=\"\" class=\"slider-1412 slide-1407 msDefaultImage\" \/><\/li>\n                <li style=\"display: none; width: 100%;\" class=\"slide-1406 ms-image\" aria-roledescription=\"slide\" data-date=\"2015-07-10 14:50:41\" data-filename=\"resnawierzchnia-132.png\" data-slide-type=\"image\"><img loading=\"lazy\" decoding=\"async\" src=\"https:\/\/szkolenia-udt.pl\/wp-content\/uploads\/2015\/07\/resnawierzchnia-132.png\" height=\"225\" width=\"300\" alt=\"\" class=\"slider-1412 slide-1406 msDefaultImage\" \/><\/li>\n            <\/ul>\n        <\/div>\n        \n    <\/div>\n<\/div><\/div>\n<div class=\"wyjustuj\">\n<p>Rulltrappor b\u00f6r endast anv\u00e4ndas p\u00e5 l\u00e4mpligt anpassade ytor. Detta \u00e4r en av de grundl\u00e4ggande s\u00e4kerhetsreglerna f\u00f6r att arbeta med dessa anordningar. Om reglerna inte f\u00f6ljs \u00f6kar risken f\u00f6r arbetsolyckor. I v\u00e5r kurs om arbetsplattformar med lyftanordningar introduceras deltagarna till alla f\u00f6rfaranden f\u00f6r att v\u00e4lja och f\u00f6rbereda underlaget, vilket har betydelse f\u00f6r en s\u00e4ker anv\u00e4ndning av utrustningen och f\u00f6r hur bekv\u00e4mt och snabbt den kan f\u00f6rflyttas. Detta g\u00e4ller inte f\u00f6r utrustning som h\u00e4ngande plattformar, men operat\u00f6ren m\u00e5ste ocks\u00e5 st\u00e4ndigt kontrollera omgivningen f\u00f6r att undvika olyckor. Det finns olika typer av mobila plattformar som anv\u00e4nds, varav vissa \u00e4r s\u00e4rskilt anpassade f\u00f6r anv\u00e4ndning p\u00e5 sv\u00e5ra underlag.<\/p>\n<p>Underlaget ska vara stabilt och kompakt f\u00f6r att inte \u00f6ka risken f\u00f6r arbetsolyckor. Varje saxlift, korglyft, kolonnlyft eller annan typ av mobil plattform m\u00e5ste inspekteras f\u00f6re anv\u00e4ndning. Saxliftar, korgliftar och andra typer av plattformar har sina egna krav f\u00f6r anv\u00e4ndning, s\u00e5 de ytor p\u00e5 vilka de kan anv\u00e4ndas b\u00f6r kontrolleras. Utrustningen ska vara l\u00e4mplig f\u00f6r ytan i fr\u00e5ga, och om det finns skador p\u00e5 ytan n\u00e4r hinder uppst\u00e5r ska den ocks\u00e5 f\u00f6rberedas ordentligt.<\/p>\n<p>Visuell inspektion kan avg\u00f6ra vilken typ av bel\u00e4ggning det r\u00f6r sig om, men i vissa fall anv\u00e4nds geokemiska tester. Bel\u00e4ggningens skick p\u00e5verkas ocks\u00e5 av v\u00e4dret, s\u00e4rskilt regn och sn\u00f6fall, vilket kan leda till att omr\u00e5det blir vattenfyllt.<\/p>\n<h2 class=\"boldnagl\"><strong>Typer av bel\u00e4ggningar och de risker som \u00e4r f\u00f6rknippade med deras anv\u00e4ndning:<\/strong><\/h2>\n<ul>\n<li>Kullersten, betong, asfalt - mestadels s\u00e4kert, men man b\u00f6r vara f\u00f6rsiktig n\u00e4r plattformen placeras p\u00e5 trottoarens kanter, utspolning av omr\u00e5det och smuts \u00e4r ocks\u00e5 en risk.<\/li>\n<li>Gr\u00e4sytor - relativt s\u00e4kra, b\u00f6r vara plana eller tillr\u00e4ckligt j\u00e4mna, men man b\u00f6r vara f\u00f6rsiktig med spolade omr\u00e5den och vattenf\u00f6rekomster.<\/li>\n<li>Fallsk\u00e4rmar - kontrollera att det inte finns om\u00e4rkta gropar eller strukturer i utrymmet.<\/li>\n<li>Stadsomr\u00e5den - n\u00e4r plattformen placeras ut, kontrollera om det finns n\u00e4rliggande avloppsbrunnar, avlopp, tunnlar, gropar, k\u00e4llare.<\/li>\n<li>Str\u00e4nder - sv\u00e5r terr\u00e4ng och kr\u00e4ver s\u00e4rskilda f\u00f6rberedelser p\u00e5 grund av den l\u00f6sa sanden och risken f\u00f6r att spolas upp.<\/li>\n<\/ul>\n<p>Br\u00e4dor anv\u00e4nds vanligtvis f\u00f6r att j\u00e4mna ut och stabilisera ytan f\u00f6r saxar, korgar och andra typer av plattformar. Om plattformar av tr\u00e4 anv\u00e4nds b\u00f6r de kontrolleras noggrant innan de anv\u00e4nds.<\/p>\n<p>Genom att v\u00e4lja v\u00e5r <a href=\"https:\/\/szkolenia-udt.pl\/sv\/kursy\/uprawnienia-udt-tdt-wdt\/kurs-podnosnik-koszowy\/\">kurs om arbetsplattformar<\/a>, sax och andra, f\u00e5r deltagaren n\u00f6dv\u00e4ndig information om hur man f\u00f6rbereder ytan. <a href=\"https:\/\/szkolenia-udt.pl\/sv\/kontakt\/\">Du \u00e4r hj\u00e4rtligt inbjuden<\/a> f\u00f6r v\u00e5ra kurser om saxliftar och arbetsplattformar i Warszawa, Katowice, Krakow och Bielsko-Bia\u0142a!<\/p>\n<\/div>","protected":false},"excerpt":{"rendered":"<p>Podesty ruchome powinny by\u0107 u\u017cywane tylko na odpowiednio przystosowanych tego celu nawierzchniach. To jedna z podstawowych zasad bezpiecze\u0144stwa pracy z tymi urz\u0105dzeniami. Nieprzestrzeganie przepis\u00f3w zwi\u0119ksza ryzyko wyst\u0105pienia wypadk\u00f3w przy pracy. Nasz kurs na podno\u015bniki przedstawia uczestnikom wszystkie procedury zwi\u0105zane z wyborem oraz przygotowaniem nawierzchni, co ma wp\u0142yw na bezpiecze\u0144stwo u\u017cycia urz\u0105dzenia oraz wygod\u0119 i szybko\u015b\u0107 [&hellip;]<\/p>\n","protected":false},"author":3,"featured_media":1410,"parent":35,"menu_order":0,"comment_status":"closed","ping_status":"closed","template":"","meta":{"footnotes":""},"class_list":["post-242","page","type-page","status-publish","has-post-thumbnail","hentry"],"aioseo_notices":[],"_links":{"self":[{"href":"https:\/\/szkolenia-udt.pl\/sv\/wp-json\/wp\/v2\/pages\/242","targetHints":{"allow":["GET"]}}],"collection":[{"href":"https:\/\/szkolenia-udt.pl\/sv\/wp-json\/wp\/v2\/pages"}],"about":[{"href":"https:\/\/szkolenia-udt.pl\/sv\/wp-json\/wp\/v2\/types\/page"}],"author":[{"embeddable":true,"href":"https:\/\/szkolenia-udt.pl\/sv\/wp-json\/wp\/v2\/users\/3"}],"replies":[{"embeddable":true,"href":"https:\/\/szkolenia-udt.pl\/sv\/wp-json\/wp\/v2\/comments?post=242"}],"version-history":[{"count":8,"href":"https:\/\/szkolenia-udt.pl\/sv\/wp-json\/wp\/v2\/pages\/242\/revisions"}],"predecessor-version":[{"id":2381,"href":"https:\/\/szkolenia-udt.pl\/sv\/wp-json\/wp\/v2\/pages\/242\/revisions\/2381"}],"up":[{"embeddable":true,"href":"https:\/\/szkolenia-udt.pl\/sv\/wp-json\/wp\/v2\/pages\/35"}],"wp:featuredmedia":[{"embeddable":true,"href":"https:\/\/szkolenia-udt.pl\/sv\/wp-json\/wp\/v2\/media\/1410"}],"wp:attachment":[{"href":"https:\/\/szkolenia-udt.pl\/sv\/wp-json\/wp\/v2\/media?parent=242"}],"curies":[{"name":"wp","href":"https:\/\/api.w.org\/{rel}","templated":true}]}}