{"id":2424,"date":"2021-08-20T10:35:30","date_gmt":"2021-08-20T10:35:30","guid":{"rendered":"https:\/\/szkolenia-udt.pl\/?page_id=2424"},"modified":"2022-08-31T21:22:33","modified_gmt":"2022-08-31T19:22:33","slug":"saxlift-bom-utbildning","status":"publish","type":"page","link":"https:\/\/szkolenia-udt.pl\/sv\/kursy\/uprawnienia-udt-tdt-wdt\/scissor-lift-boom-lift-training\/","title":{"rendered":"Kurser i anv\u00e4ndning av saxliftar och arbetsplattformar (saxliftar, bomliftar) med examen f\u00f6r arbete utomlands."},"content":{"rendered":"<p><a href=\"https:\/\/szkolenia-udt.pl\/wp-content\/uploads\/2021\/08\/szkolenia-udt.pl-0014-OPUBLIKOWANY-v8.jpg\"><img loading=\"lazy\" decoding=\"async\" class=\"paddingleft10 alignleft wp-image-2492 size-medium\" src=\"https:\/\/szkolenia-udt.pl\/wp-content\/uploads\/2021\/08\/szkolenia-udt.pl-0014-OPUBLIKOWANY-v8-300x225.jpg\" alt=\"Saxliftar och bomliftar \u00e4r den internationella ben\u00e4mningen p\u00e5 sax- och korgliftar\" width=\"300\" height=\"225\" srcset=\"https:\/\/szkolenia-udt.pl\/wp-content\/uploads\/2021\/08\/szkolenia-udt.pl-0014-OPUBLIKOWANY-v8-300x225.jpg 300w, https:\/\/szkolenia-udt.pl\/wp-content\/uploads\/2021\/08\/szkolenia-udt.pl-0014-OPUBLIKOWANY-v8-1024x768.jpg 1024w, https:\/\/szkolenia-udt.pl\/wp-content\/uploads\/2021\/08\/szkolenia-udt.pl-0014-OPUBLIKOWANY-v8-768x576.jpg 768w, https:\/\/szkolenia-udt.pl\/wp-content\/uploads\/2021\/08\/szkolenia-udt.pl-0014-OPUBLIKOWANY-v8-1536x1152.jpg 1536w, https:\/\/szkolenia-udt.pl\/wp-content\/uploads\/2021\/08\/szkolenia-udt.pl-0014-OPUBLIKOWANY-v8-135x100.jpg 135w, https:\/\/szkolenia-udt.pl\/wp-content\/uploads\/2021\/08\/szkolenia-udt.pl-0014-OPUBLIKOWANY-v8.jpg 1600w\" sizes=\"auto, (max-width: 300px) 100vw, 300px\" \/><\/a>Detta \u00e4r en klass f\u00f6r blivande liftoperat\u00f6rer, skapad i enlighet med MEWP ISO 18878-standarden och OMHEC-f\u00f6reningens riktlinjer. Ett program som \u00e4r utformat p\u00e5 detta s\u00e4tt inneb\u00e4r att genomg\u00e5ngen utbildning och godk\u00e4nt slutprov erk\u00e4nns som tillr\u00e4ckliga kvalifikationer f\u00f6r att arbeta utomlands. Utbildningsbeviset \u00e4r giltigt i Norge, Danmark, Storbritannien och Nederl\u00e4nderna och kan \u00e4ven erk\u00e4nnas av arbetsgivare i andra l\u00e4nder. Efter avslutad kurs erh\u00e5ller deltagaren beh\u00f6righeter som \u00e4r giltiga f\u00f6r arbete p\u00e5 land och till sj\u00f6ss.<\/p>\n<p>De som vill arbeta utomlands som operat\u00f6rer av saxliftar och arbetsplattformar \u00e4r v\u00e4lkomna att delta i kurser p\u00e5 plats, som h\u00e5lls i Warszawa, eller e-learningkurser, som \u00e4r tillg\u00e4ngliga via internet.<\/p>\n<h2>Vilka m\u00f6jligheter erbjuds genom att erh\u00e5lla certifikatet<\/h2>\n<p>Kursdeltagarna \u00e4r i f\u00f6rsta hand de som planerar att arbeta p\u00e5 oljeplattformar i Norska havet. D\u00e4r kr\u00e4vs certifiering enligt standarden MEWP ISO 18878 f\u00f6r allt arbete p\u00e5 en h\u00f6jd \u00f6ver 2 meter: installation, underh\u00e5ll, \u00f6versyn.<\/p>\n<p>Genomf\u00f6rd utbildning och godk\u00e4nt slutprov ger dig r\u00e4tt att anv\u00e4nda f\u00f6ljande utrustning:<\/p>\n<ul>\n<li>arbetsplattformar (internationell ben\u00e4mning: boom lifts) - sj\u00e4lvg\u00e5ende mobila plattformar, s.k. cherry pickers, med bom och plattform - korg, monterade p\u00e5 ett fordon<\/li>\n<li>Saxliftar (internationellt namn: scissor lifts) - mobila plattformar som \u00e4r fritt r\u00f6rliga, med en teleskopisk eller ledad saxformad bom, monterad p\u00e5 en hjulf\u00f6rsedd plattform.<\/li>\n<\/ul>\n<p>De som innehar certifikatet f\u00e5r m\u00e5nga fler anst\u00e4llningsm\u00f6jligheter \u00e4n bara p\u00e5 plattformar i Norge. Certifikatet erk\u00e4nns av alla medlemsl\u00e4nder i OMHEC (<a href=\"https:\/\/szkolenia-udt.pl\/sv\/kursy\/onshore-i-offshore\/\">Offshore<\/a> Mechanical Handling Equipment Committee), det vill s\u00e4ga \u00e4ven Danmark, Nederl\u00e4nderna och Storbritannien. I dessa l\u00e4nder anv\u00e4nds skyliftar och saxliftar f\u00f6r liknande \u00e4ndam\u00e5l som i Polen: f\u00f6r bygg- och renoveringsarbeten, fasadm\u00e5lning och underh\u00e5ll, belysningsinstallation, f\u00f6nsterputsning eller inv\u00e4ndiga reparationer.<\/p>\n<div class=\"filmw\">\n<div class=\"responsive-youtube\"><iframe loading=\"lazy\" title=\"YouTube-videospelare\" src=\"https:\/\/www.youtube.com\/embed\/OUKdY5V51M4\" width=\"560\" height=\"315\" frameborder=\"0\" allowfullscreen=\"allowfullscreen\"><\/iframe><\/div>\n<\/div>\n<h2>Information om kursen<\/h2>\n<p>Undervisningen sker i form av f\u00f6rel\u00e4sningar (station\u00e4ra eller p\u00e5 distans), f\u00f6ljt av en praktisk del. \u00c4mnen som behandlas p\u00e5 kursen inkluderar:<\/p>\n<ul>\n<li>Konstruktion av utrustning<\/li>\n<li>S\u00e4kerhetsf\u00f6reskrifter som g\u00e4ller utomlands<\/li>\n<li>Hantering av olyckor och funktionsst\u00f6rningar vid drift av mobila plattformar<\/li>\n<li>Stabilisering av hissar<\/li>\n<li>Typer av mobila plattformar och deras syfte f\u00f6r olika typer av arbete<\/li>\n<\/ul>\n<p>Under den praktiska delen f\u00e5r varje deltagare m\u00f6jlighet att l\u00e4ra sig hur man anv\u00e4nder hissarna p\u00e5 centrets man\u00f6veromr\u00e5de.<\/p>\n<p>Varje utbildning avslutas med ett prov som anordnas av centrumets instrukt\u00f6rer och best\u00e5r av en teoretisk och en praktisk del. De som klarar provet f\u00e5r ett intyg inom n\u00e5gra veckor. Vid behov kan de fram till dess anv\u00e4nda ett provisoriskt intyg som utf\u00e4rdats av <a href=\"https:\/\/szkolenia-udt.pl\/sv\/o-firmie\/\">Centrum<\/a>. Vi utf\u00e4rdar \u00e4ven ett Hot Work-kort p\u00e5 beg\u00e4ran (extra kostnad - 300 GBP).<\/p>\n<p>F\u00f6r mer information och f\u00f6r att anm\u00e4la dig till kursen p\u00e5 det datum du \u00f6nskar, bes\u00f6k <a href=\"https:\/\/szkolenia-udt.pl\/sv\/kontakt\/\">Telefon- eller e-postkontakt<\/a>.<\/p>\n<p><a href=\"https:\/\/szkolenia-udt.pl\/wp-content\/uploads\/2021\/08\/0017-oso-scissor-liftboom-lift.jpg\"><img loading=\"lazy\" decoding=\"async\" class=\"alignnone wp-image-2427 size-large\" src=\"https:\/\/szkolenia-udt.pl\/wp-content\/uploads\/2021\/08\/0017-oso-scissor-liftboom-lift-1024x853.jpg\" alt=\"Bomliftar (arbetsplattformar) och saxliftar (saxliftar) \u00e4r utrustning vars operat\u00f6rer bland annat arbetar p\u00e5 oljeplattformar\" width=\"750\" height=\"625\" srcset=\"https:\/\/szkolenia-udt.pl\/wp-content\/uploads\/2021\/08\/0017-oso-scissor-liftboom-lift-1024x853.jpg 1024w, https:\/\/szkolenia-udt.pl\/wp-content\/uploads\/2021\/08\/0017-oso-scissor-liftboom-lift-300x250.jpg 300w, https:\/\/szkolenia-udt.pl\/wp-content\/uploads\/2021\/08\/0017-oso-scissor-liftboom-lift-768x640.jpg 768w, https:\/\/szkolenia-udt.pl\/wp-content\/uploads\/2021\/08\/0017-oso-scissor-liftboom-lift.jpg 1200w\" sizes=\"auto, (max-width: 750px) 100vw, 750px\" \/><\/a><\/p>","protected":false},"excerpt":{"rendered":"<p>To zaj\u0119cia dla przysz\u0142ych operator\u00f3w podno\u015bnik\u00f3w, stworzone zgodnie z norm\u0105 MEWP ISO 18878 oraz wytycznymi stowarzyszenia OMHEC. Tak przygotowany program oznacza, \u017ce uko\u0144czenie szkolenia oraz zaliczenie egzaminu ko\u0144cowego jest uznawane za wystarczaj\u0105ce kwalifikacje do podj\u0119cia pracy za granic\u0105. Uzyskany w ten spos\u00f3b certyfikat jest wa\u017cny w Norwegii, Danii, Wielkiej Brytanii i Holandii, mo\u017ce by\u0107 te\u017c [&hellip;]<\/p>\n","protected":false},"author":3,"featured_media":2492,"parent":2266,"menu_order":0,"comment_status":"closed","ping_status":"closed","template":"","meta":{"footnotes":""},"class_list":["post-2424","page","type-page","status-publish","has-post-thumbnail","hentry"],"aioseo_notices":[],"_links":{"self":[{"href":"https:\/\/szkolenia-udt.pl\/sv\/wp-json\/wp\/v2\/pages\/2424","targetHints":{"allow":["GET"]}}],"collection":[{"href":"https:\/\/szkolenia-udt.pl\/sv\/wp-json\/wp\/v2\/pages"}],"about":[{"href":"https:\/\/szkolenia-udt.pl\/sv\/wp-json\/wp\/v2\/types\/page"}],"author":[{"embeddable":true,"href":"https:\/\/szkolenia-udt.pl\/sv\/wp-json\/wp\/v2\/users\/3"}],"replies":[{"embeddable":true,"href":"https:\/\/szkolenia-udt.pl\/sv\/wp-json\/wp\/v2\/comments?post=2424"}],"version-history":[{"count":6,"href":"https:\/\/szkolenia-udt.pl\/sv\/wp-json\/wp\/v2\/pages\/2424\/revisions"}],"predecessor-version":[{"id":3232,"href":"https:\/\/szkolenia-udt.pl\/sv\/wp-json\/wp\/v2\/pages\/2424\/revisions\/3232"}],"up":[{"embeddable":true,"href":"https:\/\/szkolenia-udt.pl\/sv\/wp-json\/wp\/v2\/pages\/2266"}],"wp:featuredmedia":[{"embeddable":true,"href":"https:\/\/szkolenia-udt.pl\/sv\/wp-json\/wp\/v2\/media\/2492"}],"wp:attachment":[{"href":"https:\/\/szkolenia-udt.pl\/sv\/wp-json\/wp\/v2\/media?parent=2424"}],"curies":[{"name":"wp","href":"https:\/\/api.w.org\/{rel}","templated":true}]}}