{"id":2438,"date":"2021-08-22T09:19:16","date_gmt":"2021-08-22T09:19:16","guid":{"rendered":"https:\/\/szkolenia-udt.pl\/?page_id=2438"},"modified":"2023-03-13T16:34:16","modified_gmt":"2023-03-13T15:34:16","slug":"saxliftar-pa-fritt-hjul","status":"publish","type":"page","link":"https:\/\/szkolenia-udt.pl\/sv\/kursy\/uprawnienia-udt-tdt-wdt\/podnosniki-nozycowe-wolnobiezne\/","title":{"rendered":"L\u00e5ghastighets saxlyftar"},"content":{"rendered":"<p><a href=\"https:\/\/szkolenia-udt.pl\/wp-content\/uploads\/2021\/08\/szkolenia-udt.pl-0014-OPUBLIKOWANY-v1.jpg\"><img loading=\"lazy\" decoding=\"async\" class=\"paddingleft10 alignleft wp-image-2488 size-medium\" src=\"https:\/\/szkolenia-udt.pl\/wp-content\/uploads\/2021\/08\/szkolenia-udt.pl-0014-OPUBLIKOWANY-v1-300x225.jpg\" alt=\"Saxliftar - en typ av mobila frist\u00e5ende plattformar\" width=\"300\" height=\"225\" srcset=\"https:\/\/szkolenia-udt.pl\/wp-content\/uploads\/2021\/08\/szkolenia-udt.pl-0014-OPUBLIKOWANY-v1-300x225.jpg 300w, https:\/\/szkolenia-udt.pl\/wp-content\/uploads\/2021\/08\/szkolenia-udt.pl-0014-OPUBLIKOWANY-v1-1024x768.jpg 1024w, https:\/\/szkolenia-udt.pl\/wp-content\/uploads\/2021\/08\/szkolenia-udt.pl-0014-OPUBLIKOWANY-v1-768x576.jpg 768w, https:\/\/szkolenia-udt.pl\/wp-content\/uploads\/2021\/08\/szkolenia-udt.pl-0014-OPUBLIKOWANY-v1-1536x1152.jpg 1536w, https:\/\/szkolenia-udt.pl\/wp-content\/uploads\/2021\/08\/szkolenia-udt.pl-0014-OPUBLIKOWANY-v1-135x100.jpg 135w, https:\/\/szkolenia-udt.pl\/wp-content\/uploads\/2021\/08\/szkolenia-udt.pl-0014-OPUBLIKOWANY-v1.jpg 1800w\" sizes=\"auto, (max-width: 300px) 100vw, 300px\" \/><\/a>En saxlift (officiellt namn: frist\u00e5ende mobil plattform) \u00e4r en m\u00e5ngsidig anordning som anv\u00e4nds f\u00f6r att lyfta personer som arbetar p\u00e5 h\u00f6g h\u00f6jd. Den s\u00e5 kallade saxliften best\u00e5r av en plattform, som arbetarna kl\u00e4ttrar upp p\u00e5, och hopf\u00e4llbara saxliknande element. Helheten placeras p\u00e5 en vagn.<\/p>\n<h2>Olika typer av saxliftar<\/h2>\n<p>Denna typ av hiss skiljer sig fr\u00e4mst genom typen av drivning:<\/p>\n<ul>\n<li>Eldrift: Elektriska saxliftar har kraftfulla batterier. De \u00e4r oftast sm\u00e5, l\u00e4ttstyrda och man\u00f6vrerbara. De fungerar bra inomhus.<\/li>\n<li>Dieseldrivna: Dessa typer av skopor \u00e4r fr\u00e4mst konstruerade f\u00f6r terr\u00e4ngarbete. De \u00e4r ofta fyrhjulsdrivna s\u00e5 att de klarar oj\u00e4mn mark.<\/li>\n<\/ul>\n<div style=\"width: 640px;\" class=\"wp-video\"><video id=\"video-2438-1\" width=\"640\" height=\"360\" poster=\"https:\/\/szkolenia-udt.pl\/wp-content\/uploads\/2023\/03\/okladka-podnosnik-OSO.jpg\" preload=\"metadata\" controls=\"controls\"><source type=\"video\/mp4\" src=\"https:\/\/szkolenia-udt.pl\/wp-content\/uploads\/2023\/03\/podnosnik-SZKOLENIA-UDT.PL-OSO.mp4?_=1\" \/><a href=\"https:\/\/szkolenia-udt.pl\/wp-content\/uploads\/2023\/03\/podnosnik-SZKOLENIA-UDT.PL-OSO.mp4\">https:\/\/szkolenia-udt.pl\/wp-content\/uploads\/2023\/03\/podnosnik-SZKOLENIA-UDT.PL-OSO.mp4<\/a><\/video><\/div>\n<h2>F\u00f6rdelar med saxliftar:<\/h2>\n<ul>\n<li>Stor plattform g\u00f6r att upp till 7 personer kan transporteras samtidigt<\/li>\n<li>Man\u00f6vrerbara och kompakta - tack vare sin lilla storlek kan de anv\u00e4ndas inomhus eller p\u00e5 sv\u00e5r\u00e5tkomliga platser<\/li>\n<li>Brett anv\u00e4ndningsomr\u00e5de: f\u00f6r utv\u00e4ndig renovering, fasadm\u00e5lning och isolering, inv\u00e4ndiga reparationer, installation av storformatsreklam, glastv\u00e4tt i kontorsbyggnader.<\/li>\n<\/ul>\n<h2>Hur blir jag certifierad f\u00f6r att k\u00f6ra saxliftar?<\/h2>\n<p>I Polen hanteras beviljandet av tillst\u00e5nd av Office of Technical Inspection. UDT-tillst\u00e5nd beviljas f\u00f6r alla typer av mobila plattformar, inklusive saxliftar. Drifttillst\u00e5nden \u00e4r giltiga i 5 eller 10 \u00e5r (beroende p\u00e5 utrustning) efter godk\u00e4nt prov. Examinationen av kandidaternas kvalifikationer best\u00e5r av en teoretisk och en praktisk del.<\/p>\n<div class=\"filmw\">\n<div class=\"responsive-youtube\"><iframe loading=\"lazy\" title=\"YouTube-videospelare\" src=\"https:\/\/www.youtube.com\/embed\/OUKdY5V51M4\" width=\"560\" height=\"315\" frameborder=\"0\" allowfullscreen=\"allowfullscreen\"><\/iframe><\/div>\n<\/div>\n<h2>UDT-kvalifikationer: utbildning eller individuell undervisning?<\/h2>\n<p>Kursen g\u00f6r det m\u00f6jligt f\u00f6r dem som redan har arbetat med denna typ av utrustning att f\u00f6rv\u00e4rva teoretisk och praktisk kunskap och att fr\u00e4scha upp den.<\/p>\n<h2>Vad \u00e4r kursen f\u00f6r saxliftar som g\u00e5r p\u00e5 frihjul?<\/h2>\n<p>Kursen i hisshantering ges i klassrumsformat eller online som ett aktivt live-webbinarium. Den kan vara \u00f6ppen - f\u00f6r enskilda kunder - eller sluten, exklusivt f\u00f6r anst\u00e4llda i ett visst f\u00f6retag. Kursens omfattning ligger i linje med de \u00e4mnen som kr\u00e4vs f\u00f6r certifieringsexamen. Kursen best\u00e5r av en teoretisk del och en praktisk del, d\u00e4r deltagarna f\u00e5r l\u00e4ra sig allt om hur man anv\u00e4nder bomliftar.<\/p>\n<p>Denna typ av utbildning f\u00f6redras av b\u00e5de enskilda kunder och arbetsgivare som vill utbilda sina anst\u00e4llda till bomf\u00f6rare.<\/p>\n<p><a href=\"https:\/\/szkolenia-udt.pl\/sv\/oferta\/\">Pris<\/a> Kursens l\u00e4ngd och inneh\u00e5ll beror p\u00e5 individuella \u00f6verenskommelser med kunden, dennes erfarenhet av att anv\u00e4nda saxliftar och utbildningsbehov. Vi genomf\u00f6r alltid en intervju f\u00f6re offerten f\u00f6r att f\u00e5 ovanst\u00e5ende information.<\/p>\n<p>F\u00f6r information om liftkursen, v\u00e4nligen kontakta <a href=\"https:\/\/szkolenia-udt.pl\/sv\/kontakt\/\">Telefon- eller e-postkontakt<\/a>.<\/p>\n<p><a href=\"https:\/\/szkolenia-udt.pl\/wp-content\/uploads\/2021\/08\/0014-oso-zwyzki-nozycowe-i-wysiegnikowe.jpg\"><img loading=\"lazy\" decoding=\"async\" class=\"alignnone wp-image-2440 size-large\" src=\"https:\/\/szkolenia-udt.pl\/wp-content\/uploads\/2021\/08\/0014-oso-zwyzki-nozycowe-i-wysiegnikowe-1024x853.jpg\" alt=\"\" width=\"750\" height=\"625\" srcset=\"https:\/\/szkolenia-udt.pl\/wp-content\/uploads\/2021\/08\/0014-oso-zwyzki-nozycowe-i-wysiegnikowe-1024x853.jpg 1024w, https:\/\/szkolenia-udt.pl\/wp-content\/uploads\/2021\/08\/0014-oso-zwyzki-nozycowe-i-wysiegnikowe-300x250.jpg 300w, https:\/\/szkolenia-udt.pl\/wp-content\/uploads\/2021\/08\/0014-oso-zwyzki-nozycowe-i-wysiegnikowe-768x640.jpg 768w, https:\/\/szkolenia-udt.pl\/wp-content\/uploads\/2021\/08\/0014-oso-zwyzki-nozycowe-i-wysiegnikowe.jpg 1200w\" sizes=\"auto, (max-width: 750px) 100vw, 750px\" \/><\/a><\/p>","protected":false},"excerpt":{"rendered":"<p>Podno\u015bnik no\u017cycowy (oficjalna nazwa to: podest ruchomy przejezdny wolnobie\u017cny) to uniwersalne urz\u0105dzenie, wykorzystywane do podnoszenia os\u00f3b pracuj\u0105cych na wysoko\u015bciach. Tzw. zwy\u017cka no\u017cycowa wolnobie\u017cna sk\u0142ada si\u0119 z platformy, na kt\u00f3r\u0105 wchodz\u0105 pracownicy oraz ze sk\u0142adanych element\u00f3w przypominaj\u0105cych no\u017cyce. Ca\u0142o\u015b\u0107 jest umieszczona na w\u00f3zku. Rodzaje zwy\u017cek no\u017cycowych Tego typu podno\u015bniki r\u00f3\u017cni\u0105 si\u0119 od siebie przede wszystkim rodzajem [&hellip;]<\/p>\n","protected":false},"author":3,"featured_media":2488,"parent":2266,"menu_order":0,"comment_status":"closed","ping_status":"closed","template":"","meta":{"footnotes":""},"class_list":["post-2438","page","type-page","status-publish","has-post-thumbnail","hentry"],"aioseo_notices":[],"_links":{"self":[{"href":"https:\/\/szkolenia-udt.pl\/sv\/wp-json\/wp\/v2\/pages\/2438","targetHints":{"allow":["GET"]}}],"collection":[{"href":"https:\/\/szkolenia-udt.pl\/sv\/wp-json\/wp\/v2\/pages"}],"about":[{"href":"https:\/\/szkolenia-udt.pl\/sv\/wp-json\/wp\/v2\/types\/page"}],"author":[{"embeddable":true,"href":"https:\/\/szkolenia-udt.pl\/sv\/wp-json\/wp\/v2\/users\/3"}],"replies":[{"embeddable":true,"href":"https:\/\/szkolenia-udt.pl\/sv\/wp-json\/wp\/v2\/comments?post=2438"}],"version-history":[{"count":8,"href":"https:\/\/szkolenia-udt.pl\/sv\/wp-json\/wp\/v2\/pages\/2438\/revisions"}],"predecessor-version":[{"id":4519,"href":"https:\/\/szkolenia-udt.pl\/sv\/wp-json\/wp\/v2\/pages\/2438\/revisions\/4519"}],"up":[{"embeddable":true,"href":"https:\/\/szkolenia-udt.pl\/sv\/wp-json\/wp\/v2\/pages\/2266"}],"wp:featuredmedia":[{"embeddable":true,"href":"https:\/\/szkolenia-udt.pl\/sv\/wp-json\/wp\/v2\/media\/2488"}],"wp:attachment":[{"href":"https:\/\/szkolenia-udt.pl\/sv\/wp-json\/wp\/v2\/media?parent=2438"}],"curies":[{"name":"wp","href":"https:\/\/api.w.org\/{rel}","templated":true}]}}