{"id":244,"date":"2014-10-08T17:09:32","date_gmt":"2014-10-08T17:09:32","guid":{"rendered":"http:\/\/szkolenia-udt.pl\/?page_id=244"},"modified":"2021-08-31T22:07:24","modified_gmt":"2021-08-31T22:07:24","slug":"faror-vid-hantering-av-mobila-plattformar","status":"publish","type":"page","link":"https:\/\/szkolenia-udt.pl\/sv\/kursy\/podesty-ruchome\/zagrozenia-przy-obsludze-podestow-ruchomych\/","title":{"rendered":"Faror n\u00e4r du anv\u00e4nder mobila plattformar"},"content":{"rendered":"<div style=\"float: left; padding-right: 10px;\"><div id=\"metaslider-id-1420\" style=\"max-width: 300px;\" class=\"ml-slider-3-107-0 metaslider metaslider-flex metaslider-1420 ml-slider ms-theme-default nav-hidden\" role=\"region\" aria-label=\"Olyckor\" data-height=\"225\" data-width=\"300\">\n    <div id=\"metaslider_container_1420\">\n        <div id=\"metaslider_1420\">\n            <ul class='slides'>\n                <li style=\"display: block; width: 100%;\" class=\"slide-1416 ms-image\" aria-roledescription=\"slide\" data-date=\"2015-07-11 06:05:09\" data-filename=\"reswyp_09CA008d.jpg\" data-slide-type=\"image\"><img loading=\"lazy\" decoding=\"async\" src=\"https:\/\/szkolenia-udt.pl\/wp-content\/uploads\/2015\/07\/reswyp_09CA008d.jpg\" height=\"225\" width=\"300\" alt=\"\" class=\"slider-1420 slide-1416 msDefaultImage\" \/><\/li>\n                <li style=\"display: none; width: 100%;\" class=\"slide-1419 ms-image\" aria-roledescription=\"slide\" data-date=\"2015-07-11 06:05:13\" data-filename=\"reswyp_philadelphiacranex-topper-medium.jpg\" data-slide-type=\"image\"><img loading=\"lazy\" decoding=\"async\" src=\"https:\/\/szkolenia-udt.pl\/wp-content\/uploads\/2015\/07\/reswyp_philadelphiacranex-topper-medium.jpg\" height=\"225\" width=\"300\" alt=\"\" class=\"slider-1420 slide-1419 msDefaultImage\" \/><\/li>\n                <li style=\"display: none; width: 100%;\" class=\"slide-1418 ms-image\" aria-roledescription=\"slide\" data-date=\"2015-07-11 06:05:12\" data-filename=\"reswyp_8427045_448x252.jpg\" data-slide-type=\"image\"><img loading=\"lazy\" decoding=\"async\" src=\"https:\/\/szkolenia-udt.pl\/wp-content\/uploads\/2015\/07\/reswyp_8427045_448x252.jpg\" height=\"225\" width=\"300\" alt=\"\" class=\"slider-1420 slide-1418 msDefaultImage\" \/><\/li>\n                <li style=\"display: none; width: 100%;\" class=\"slide-1417 ms-image\" aria-roledescription=\"slide\" data-date=\"2015-07-11 06:05:11\" data-filename=\"reswyp_091014-07.jpg\" data-slide-type=\"image\"><img loading=\"lazy\" decoding=\"async\" src=\"https:\/\/szkolenia-udt.pl\/wp-content\/uploads\/2015\/07\/reswyp_091014-07.jpg\" height=\"225\" width=\"300\" alt=\"\" class=\"slider-1420 slide-1417 msDefaultImage\" \/><\/li>\n                <li style=\"display: none; width: 100%;\" class=\"slide-1415 ms-image\" aria-roledescription=\"slide\" data-date=\"2015-07-11 06:05:09\" data-filename=\"reswyp_07NY080c.jpg\" data-slide-type=\"image\"><img loading=\"lazy\" decoding=\"async\" src=\"https:\/\/szkolenia-udt.pl\/wp-content\/uploads\/2015\/07\/reswyp_07NY080c.jpg\" height=\"225\" width=\"300\" alt=\"\" class=\"slider-1420 slide-1415 msDefaultImage\" \/><\/li>\n                <li style=\"display: none; width: 100%;\" class=\"slide-1414 ms-image\" aria-roledescription=\"slide\" data-date=\"2015-07-11 06:05:07\" data-filename=\"reswyp_06-Scissor-Lift-Tipover-in-Wind.jpg\" data-slide-type=\"image\"><img loading=\"lazy\" decoding=\"async\" src=\"https:\/\/szkolenia-udt.pl\/wp-content\/uploads\/2015\/07\/reswyp_06-Scissor-Lift-Tipover-in-Wind.jpg\" height=\"225\" width=\"300\" alt=\"\" class=\"slider-1420 slide-1414 msDefaultImage\" \/><\/li>\n            <\/ul>\n        <\/div>\n        \n    <\/div>\n<\/div><\/div>\n<div class=\"wyjustuj\">\n<p>Vid anv\u00e4ndning av mobila plattformar uppst\u00e5r olika risker som arbetstagaren b\u00f6r k\u00e4nna till. D\u00e4rf\u00f6r \u00e4r alla v\u00e5ra <a href=\"https:\/\/szkolenia-udt.pl\/sv\/kursy\/uprawnienia-udt-tdt-wdt\/kurs-podnosnik-koszowy\/\">kurs om arbetsplattformar<\/a>, saxlift eller n\u00e5gon annan mobil genomg\u00e5ngsplattform i detta omr\u00e5de inneh\u00e5ller ocks\u00e5 information om h\u00e4lsa och s\u00e4kerhet och de vanligaste orsakerna till arbetsolyckor i denna position.<\/p>\n<p>N\u00e4r du arbetar med mobila plattformar ska du vara extra f\u00f6rsiktig och inte underskatta riskerna p\u00e5 din arbetsplats.<\/p>\n<h2 class=\"boldnagl\"><strong>De vanligaste olyckorna i arbetet med mobila plattformar \u00e4r s\u00e4rskilt:<\/strong><\/h2>\n<ul>\n<li>faller fr\u00e5n en h\u00f6jd och faller p\u00e5 en arbetsyta<\/li>\n<li>Konsekvenser som orsakas av ol\u00e4mplig hantering av material.<\/li>\n<li>elektriska st\u00f6tar<\/li>\n<li>effekter p\u00e5 utrustning och strukturella komponenter<\/li>\n<li>f\u00e5ngst av oskyddade och r\u00f6rliga mekanismer<\/li>\n<\/ul>\n<p>I de flesta fall kan olyckor vid anv\u00e4ndning av mobila plattformar f\u00f6rhindras. Det viktigaste \u00e4r att f\u00f6lja h\u00e4lso- och s\u00e4kerhetsbest\u00e4mmelserna och UDT, vilket leder till en betydande riskminskning.<\/p>\n<h2 class=\"boldnagl\"><strong>De vanligaste orsakerna till olyckor \u00e4r:<\/strong><\/h2>\n<ul>\n<li style=\"text-align: left;\">Underl\u00e5tenhet att anv\u00e4nda den obligatoriska personliga skyddsutrustningen - f\u00f6r att skydda mot fall fr\u00e5n h\u00f6jd, detta g\u00e4ller \u00e4ven installation av plattformar, inklusive h\u00e4ngande konstruktioner.<\/li>\n<li style=\"text-align: left;\">otillr\u00e4ckligt tekniskt skick hos utrustningen, bristande inspektion och underh\u00e5ll som leder till skador p\u00e5 utrustningen.<\/li>\n<li style=\"text-align: left;\">Underl\u00e5tenhet att anv\u00e4nda eller felaktig anv\u00e4ndning av skydd och s\u00e4kerhetsutrustning, vilket kan leda till att arbetstagare fastnar i maskiner i r\u00f6relse.<\/li>\n<li style=\"text-align: left;\">Otillr\u00e4ckliga tekniska villkor f\u00f6r tilltr\u00e4de till arbetsplatser.<\/li>\n<li style=\"text-align: left;\">underl\u00e5tenhet att f\u00f6lja bruksanvisningen f\u00f6r utrustningen<\/li>\n<li style=\"text-align: left;\">Arbeta utan att ta h\u00e4nsyn till h\u00e4lso- och s\u00e4kerhetsregler.<\/li>\n<li style=\"text-align: left;\">Bristf\u00e4lligt skick p\u00e5 plattformarnas elinstallationer.<\/li>\n<\/ul>\n<p>Kunskap om reglerna f\u00f6r anv\u00e4ndning av utrustning som mobila plattformar, mobila genomg\u00e5ngsplattformar och mastmonterade, h\u00e4ngande mobila plattformar kan minska risken f\u00f6r arbetsolyckor. Tyv\u00e4rr \u00e4r m\u00e5nga olyckor relaterade till felaktig anv\u00e4ndning av utrustningen, men de kan l\u00e4tt f\u00f6rebyggas genom att h\u00e5lla h\u00e4lso- och s\u00e4kerhetsreglerna i \u00e5tanke.<\/p>\n<p>Om du vill anv\u00e4nda mobila plattformar p\u00e5 ett s\u00e4kert s\u00e4tt kan du g\u00e5 en kurs i v\u00e5r <a href=\"https:\/\/szkolenia-udt.pl\/sv\/o-firmie\/\">Centrum<\/a> \u00e4r det b\u00e4sta valet!<\/p>\n<\/div>","protected":false},"excerpt":{"rendered":"<p>Przy obs\u0142udze podest\u00f3w ruchomych pojawiaj\u0105 si\u0119 r\u00f3\u017cnego rodzaju zagro\u017cenia, z kt\u00f3rych ryzyka powinien zdawa\u0107 sobie pracownik. W zwi\u0105zku z tym ka\u017cdy nasz kurs na podno\u015bnik koszowy, no\u017cycowy czy inny podest ruchomy przejezdny w tej dziedzinie obejmuje tak\u017ce informacje zwi\u0105zane z bezpiecze\u0144stwem i higien\u0105 pracy oraz najcz\u0119stszymi przyczynami wypadk\u00f3w przy pracy na tym stanowisku. Przy wykonywaniu [&hellip;]<\/p>\n","protected":false},"author":3,"featured_media":1416,"parent":35,"menu_order":0,"comment_status":"closed","ping_status":"closed","template":"","meta":{"footnotes":""},"class_list":["post-244","page","type-page","status-publish","has-post-thumbnail","hentry"],"aioseo_notices":[],"_links":{"self":[{"href":"https:\/\/szkolenia-udt.pl\/sv\/wp-json\/wp\/v2\/pages\/244","targetHints":{"allow":["GET"]}}],"collection":[{"href":"https:\/\/szkolenia-udt.pl\/sv\/wp-json\/wp\/v2\/pages"}],"about":[{"href":"https:\/\/szkolenia-udt.pl\/sv\/wp-json\/wp\/v2\/types\/page"}],"author":[{"embeddable":true,"href":"https:\/\/szkolenia-udt.pl\/sv\/wp-json\/wp\/v2\/users\/3"}],"replies":[{"embeddable":true,"href":"https:\/\/szkolenia-udt.pl\/sv\/wp-json\/wp\/v2\/comments?post=244"}],"version-history":[{"count":8,"href":"https:\/\/szkolenia-udt.pl\/sv\/wp-json\/wp\/v2\/pages\/244\/revisions"}],"predecessor-version":[{"id":2246,"href":"https:\/\/szkolenia-udt.pl\/sv\/wp-json\/wp\/v2\/pages\/244\/revisions\/2246"}],"up":[{"embeddable":true,"href":"https:\/\/szkolenia-udt.pl\/sv\/wp-json\/wp\/v2\/pages\/35"}],"wp:featuredmedia":[{"embeddable":true,"href":"https:\/\/szkolenia-udt.pl\/sv\/wp-json\/wp\/v2\/media\/1416"}],"wp:attachment":[{"href":"https:\/\/szkolenia-udt.pl\/sv\/wp-json\/wp\/v2\/media?parent=244"}],"curies":[{"name":"wp","href":"https:\/\/api.w.org\/{rel}","templated":true}]}}