{"id":2446,"date":"2021-08-22T09:34:44","date_gmt":"2021-08-22T09:34:44","guid":{"rendered":"https:\/\/szkolenia-udt.pl\/?page_id=2446"},"modified":"2021-08-25T12:23:17","modified_gmt":"2021-08-25T12:23:17","slug":"arbetsplattformar","status":"publish","type":"page","link":"https:\/\/szkolenia-udt.pl\/sv\/kursy\/uprawnienia-udt-tdt-wdt\/podnosniki-koszowe\/","title":{"rendered":"Arbetsplattformar - en kurs f\u00f6r UDT-konservatorer"},"content":{"rendered":"<p><a href=\"https:\/\/szkolenia-udt.pl\/wp-content\/uploads\/2021\/08\/szkolenia-udt.pl-0014-OPUBLIKOWANY-v11.jpg\"><img loading=\"lazy\" decoding=\"async\" class=\"paddingleft10 alignleft wp-image-2495 size-medium\" src=\"https:\/\/szkolenia-udt.pl\/wp-content\/uploads\/2021\/08\/szkolenia-udt.pl-0014-OPUBLIKOWANY-v11-300x200.jpg\" alt=\"UDT-underh\u00e5llaren utf\u00f6r reparationer p\u00e5 arbetsplattformen och iakttar h\u00e4lso- och s\u00e4kerhetsregler samt f\u00f6reskrifter f\u00f6r teknisk \u00f6vervakning\" width=\"300\" height=\"200\" srcset=\"https:\/\/szkolenia-udt.pl\/wp-content\/uploads\/2021\/08\/szkolenia-udt.pl-0014-OPUBLIKOWANY-v11-300x200.jpg 300w, https:\/\/szkolenia-udt.pl\/wp-content\/uploads\/2021\/08\/szkolenia-udt.pl-0014-OPUBLIKOWANY-v11-1024x683.jpg 1024w, https:\/\/szkolenia-udt.pl\/wp-content\/uploads\/2021\/08\/szkolenia-udt.pl-0014-OPUBLIKOWANY-v11-768x512.jpg 768w, https:\/\/szkolenia-udt.pl\/wp-content\/uploads\/2021\/08\/szkolenia-udt.pl-0014-OPUBLIKOWANY-v11.jpg 1200w\" sizes=\"auto, (max-width: 300px) 100vw, 300px\" \/><\/a>Arbetsplattformar, s\u00e5 kallade bomliftar, anv\u00e4nds vid bygg- och renoveringsarbeten samt inom industri, kraftgenerering eller landskapsarkitektur. F\u00f6r dessa popul\u00e4ra maskiner g\u00e4ller s\u00e4rskilda krav n\u00e4r det g\u00e4ller reparation och underh\u00e5ll. Detta f\u00e5r endast utf\u00f6ras av personer som innehar en licens utf\u00e4rdad av Office of Technical Inspection (UDT), och det enda s\u00e4ttet att erh\u00e5lla denna licens \u00e4r att klara ett prov inf\u00f6r en UDT-n\u00e4mnd. Det \u00e4r praktiskt taget om\u00f6jligt att f\u00f6rbereda sig f\u00f6r detta prov p\u00e5 egen hand, bland annat eftersom man inte har tillg\u00e5ng till utrustningen och inte kan s\u00e4tta sig in i hur den \u00e4r konstruerad. F\u00f6r dig som vill f\u00f6rbereda dig snabbt och effektivt inf\u00f6r UDT rekommenderar vi att du g\u00e5r v\u00e5r underh\u00e5llskurs. Det finns ett antal f\u00f6rdelar med att delta i kursen: l\u00e4ra sig de teoretiska fr\u00e5gorna, m\u00f6jlighet att \u00f6va de praktiska f\u00e4rdigheter som beh\u00f6vs p\u00e5 jobbet och dra nytta av instrukt\u00f6rernas erfarenhet. V\u00e5ra praktikanter uppskattar ocks\u00e5 m\u00f6jligheten att ta det statliga provet som organiseras i v\u00e5r <a href=\"https:\/\/szkolenia-udt.pl\/sv\/o-firmie\/\">centrum<\/a> omedelbart efter kursen.<\/p>\n<h2>Kurs i underh\u00e5ll av arbetsplattformar<\/h2>\n<p>Arbetsplattformen \u00e4r en utrustning som st\u00e5r under teknisk tillsyn av kontoret f\u00f6r teknisk inspektion (UDT), s\u00e5 kursen om underh\u00e5ll av denna utrustning best\u00e4ms av kontorets examenskrav. Kursprogrammet har utformats f\u00f6r att uppfylla dessa krav. Som ett resultat kan studenterna vara s\u00e4kra p\u00e5 att de \u00e4mnen som behandlas under kursen kommer att visas p\u00e5 tentamen.<\/p>\n<p>Programmet f\u00f6r teoretiska kurser om underh\u00e5ll av hissar omfattar<\/p>\n<ol>\n<li>Sammanfattning av den tekniska \u00f6vervakningen.<\/li>\n<li>Standarder och andra best\u00e4mmelser som r\u00f6r underh\u00e5llsarbetarens arbete.<\/li>\n<li>Diskussion om bruksanvisningar och teknisk dokumentation f\u00f6r arbetsplattformar.<\/li>\n<li>Konstruktion, typer och drift av mobila plattformar.<\/li>\n<li>Underh\u00e5llsuppgifter i samband med inspektioner och reparationer.<\/li>\n<li>H\u00e4lso- och s\u00e4kerhetsregler som g\u00e4ller f\u00f6r underh\u00e5ll.<\/li>\n<li>Metoder f\u00f6r att hantera vanliga fel.<\/li>\n<li>Elektrisk del.<\/li>\n<li>Mekanisk del, inklusive hydraulisk.<\/li>\n<li>H\u00e5lla stolparna i gott funktionsdugligt skick.<\/li>\n<\/ol>\n<p>Den teoretiska delen kompletteras med praktiska lektioner. Deras l\u00e4ngd beror p\u00e5 praktikantens behov och hans\/hennes framsteg. Den totala utbildningstiden \u00e4r cirka 38-96 timmar.<\/p>\n<p>Utbildningen f\u00f6ljs av ett statligt prov. Vi anordnar den p\u00e5 v\u00e5rt center, och en utvald avdelning av UDT ansvarar f\u00f6r att genomf\u00f6ra den: Warszawa eller en annan om utbildningen \u00e4ger rum i en annan stad.<\/p>\n<h2>UDT-certifiering efter utbildning<\/h2>\n<p>En person som slutf\u00f6r kursen och klarar provet med godk\u00e4nt resultat f\u00e5r ett kvalifikationsbevis i form av ett kort. Detta certifikat \u00e4r giltigt f\u00f6r hissar i fem \u00e5r. Det kr\u00e4vs f\u00f6r att f\u00e5 arbeta som underh\u00e5llsarbetare, oavsett bransch eller plats.<\/p>\n<h2>Datum och plats f\u00f6r utbildningar f\u00f6r bomunderh\u00e5llare<\/h2>\n<p>UDT-underh\u00e5llskurser h\u00e5lls regelbundet, vid behov och n\u00e4r det beh\u00f6vs. Vi anordnar dem b\u00e5de i Warszawa och vid andra filialer till v\u00e5rt center. Dessutom \u00e4r det m\u00f6jligt att anordna en sluten kurs f\u00f6r f\u00f6retag - de som \u00e4r intresserade av <a href=\"https:\/\/szkolenia-udt.pl\/sv\/kontakt\/\">v\u00e4nligen kontakta oss<\/a>.<\/p>\n<p>Aktuella datum finns p\u00e5 v\u00e5r webbplats <a href=\"https:\/\/platformaedukacji.pl\/\">https:\/\/platformaedukacji.pl\/<\/a>. D\u00e4r kan du boka en plats p\u00e5 den utbildning du \u00f6nskar och betala f\u00f6r ditt deltagande via ett snabbt onlinebetalningssystem.<\/p>\n<p><a href=\"https:\/\/szkolenia-udt.pl\/wp-content\/uploads\/2021\/08\/oso-0022-OPUBLIKOWANY-podesty-ruchomepodnosniki-koszowezwyzki.jpg\"><img loading=\"lazy\" decoding=\"async\" class=\"alignnone wp-image-2448 size-large\" src=\"https:\/\/szkolenia-udt.pl\/wp-content\/uploads\/2021\/08\/oso-0022-OPUBLIKOWANY-podesty-ruchomepodnosniki-koszowezwyzki-1024x853.jpg\" alt=\"Reparation av arbetsplattformar kr\u00e4ver s\u00e4rskilda kvalifikationer \" width=\"750\" height=\"625\" srcset=\"https:\/\/szkolenia-udt.pl\/wp-content\/uploads\/2021\/08\/oso-0022-OPUBLIKOWANY-podesty-ruchomepodnosniki-koszowezwyzki-1024x853.jpg 1024w, https:\/\/szkolenia-udt.pl\/wp-content\/uploads\/2021\/08\/oso-0022-OPUBLIKOWANY-podesty-ruchomepodnosniki-koszowezwyzki-300x250.jpg 300w, https:\/\/szkolenia-udt.pl\/wp-content\/uploads\/2021\/08\/oso-0022-OPUBLIKOWANY-podesty-ruchomepodnosniki-koszowezwyzki-768x640.jpg 768w, https:\/\/szkolenia-udt.pl\/wp-content\/uploads\/2021\/08\/oso-0022-OPUBLIKOWANY-podesty-ruchomepodnosniki-koszowezwyzki.jpg 1200w\" sizes=\"auto, (max-width: 750px) 100vw, 750px\" \/><\/a><\/p>","protected":false},"excerpt":{"rendered":"<p>Podno\u015bniki koszowe, zwane zwy\u017ckami, wykorzystuje si\u0119 w pracach budowlanych, remontowych, a tak\u017ce w przemy\u015ble, energetyce czy piel\u0119gnacji zieleni. W stosunku do tych popularnych urz\u0105dze\u0144 obowi\u0105zuj\u0105 szczeg\u00f3lne wymagania, je\u015bli chodzi o ich napraw\u0119 i konserwacj\u0119. Mog\u0105 si\u0119 tym zajmowa\u0107 wy\u0142\u0105cznie osoby posiadaj\u0105ce uprawnienia wydane przez UDT, a jedyn\u0105 drog\u0105 do zdobycia tych uprawnie\u0144 jest egzamin zdawany [&hellip;]<\/p>\n","protected":false},"author":3,"featured_media":2495,"parent":2266,"menu_order":0,"comment_status":"closed","ping_status":"closed","template":"","meta":{"footnotes":""},"class_list":["post-2446","page","type-page","status-publish","has-post-thumbnail","hentry"],"aioseo_notices":[],"_links":{"self":[{"href":"https:\/\/szkolenia-udt.pl\/sv\/wp-json\/wp\/v2\/pages\/2446","targetHints":{"allow":["GET"]}}],"collection":[{"href":"https:\/\/szkolenia-udt.pl\/sv\/wp-json\/wp\/v2\/pages"}],"about":[{"href":"https:\/\/szkolenia-udt.pl\/sv\/wp-json\/wp\/v2\/types\/page"}],"author":[{"embeddable":true,"href":"https:\/\/szkolenia-udt.pl\/sv\/wp-json\/wp\/v2\/users\/3"}],"replies":[{"embeddable":true,"href":"https:\/\/szkolenia-udt.pl\/sv\/wp-json\/wp\/v2\/comments?post=2446"}],"version-history":[{"count":4,"href":"https:\/\/szkolenia-udt.pl\/sv\/wp-json\/wp\/v2\/pages\/2446\/revisions"}],"predecessor-version":[{"id":2496,"href":"https:\/\/szkolenia-udt.pl\/sv\/wp-json\/wp\/v2\/pages\/2446\/revisions\/2496"}],"up":[{"embeddable":true,"href":"https:\/\/szkolenia-udt.pl\/sv\/wp-json\/wp\/v2\/pages\/2266"}],"wp:featuredmedia":[{"embeddable":true,"href":"https:\/\/szkolenia-udt.pl\/sv\/wp-json\/wp\/v2\/media\/2495"}],"wp:attachment":[{"href":"https:\/\/szkolenia-udt.pl\/sv\/wp-json\/wp\/v2\/media?parent=2446"}],"curies":[{"name":"wp","href":"https:\/\/api.w.org\/{rel}","templated":true}]}}