{"id":246,"date":"2014-10-08T17:09:57","date_gmt":"2014-10-08T17:09:57","guid":{"rendered":"http:\/\/szkolenia-udt.pl\/?page_id=246"},"modified":"2021-08-31T22:03:34","modified_gmt":"2021-08-31T22:03:34","slug":"organisering-av-arbetsstationen-for-den-mobila-plattformen","status":"publish","type":"page","link":"https:\/\/szkolenia-udt.pl\/sv\/kursy\/podesty-ruchome\/organizacja-stanowiska-pracy-podestu-ruchomego\/","title":{"rendered":"Organisation av den mobila arbetsstationen i n\u00e4rheten av elektriska n\u00e4tverk och enheter"},"content":{"rendered":"<div style=\"float: left; padding-right: 10px;\"><div id=\"metaslider-id-1376\" style=\"max-width: 300px;\" class=\"ml-slider-3-107-0 metaslider metaslider-flex metaslider-1376 ml-slider ms-theme-default nav-hidden\" role=\"region\" aria-label=\"elektriska landningar\" data-height=\"225\" data-width=\"300\">\n    <div id=\"metaslider_container_1376\">\n        <div id=\"metaslider_1376\">\n            <ul class='slides'>\n                <li style=\"display: block; width: 100%;\" class=\"slide-1380 ms-image\" aria-roledescription=\"slide\" data-date=\"2015-07-10 13:44:02\" data-filename=\"ressieci_Manitou-200-ATJ1.jpg\" data-slide-type=\"image\"><img loading=\"lazy\" decoding=\"async\" src=\"https:\/\/szkolenia-udt.pl\/wp-content\/uploads\/2015\/07\/ressieci_Manitou-200-ATJ1.jpg\" height=\"225\" width=\"300\" alt=\"\" class=\"slider-1376 slide-1380 msDefaultImage\" \/><\/li>\n                <li style=\"display: none; width: 100%;\" class=\"slide-1381 ms-image\" aria-roledescription=\"slide\" data-date=\"2015-07-10 13:44:03\" data-filename=\"ressieci_utility-worker-in-bucket-truck-with-wires.jpg\" data-slide-type=\"image\"><img loading=\"lazy\" decoding=\"async\" src=\"https:\/\/szkolenia-udt.pl\/wp-content\/uploads\/2015\/07\/ressieci_utility-worker-in-bucket-truck-with-wires.jpg\" height=\"225\" width=\"300\" alt=\"\" class=\"slider-1376 slide-1381 msDefaultImage\" \/><\/li>\n                <li style=\"display: none; width: 100%;\" class=\"slide-1379 ms-image\" aria-roledescription=\"slide\" data-date=\"2015-07-10 13:44:00\" data-filename=\"ressieci_JLG_Booms.5447e608ccdf6.jpg\" data-slide-type=\"image\"><img loading=\"lazy\" decoding=\"async\" src=\"https:\/\/szkolenia-udt.pl\/wp-content\/uploads\/2015\/07\/ressieci_JLG_Booms.5447e608ccdf6.jpg\" height=\"225\" width=\"300\" alt=\"\" class=\"slider-1376 slide-1379 msDefaultImage\" \/><\/li>\n                <li style=\"display: none; width: 100%;\" class=\"slide-1378 ms-image\" aria-roledescription=\"slide\" data-date=\"2015-07-10 13:44:00\" data-filename=\"ressieci_images.jpg\" data-slide-type=\"image\"><img loading=\"lazy\" decoding=\"async\" src=\"https:\/\/szkolenia-udt.pl\/wp-content\/uploads\/2015\/07\/ressieci_images.jpg\" height=\"225\" width=\"300\" alt=\"\" class=\"slider-1376 slide-1378 msDefaultImage\" \/><\/li>\n                <li style=\"display: none; width: 100%;\" class=\"slide-1377 ms-image\" aria-roledescription=\"slide\" data-date=\"2015-07-10 13:43:58\" data-filename=\"ressieci_13.jpg\" data-slide-type=\"image\"><img loading=\"lazy\" decoding=\"async\" src=\"https:\/\/szkolenia-udt.pl\/wp-content\/uploads\/2015\/07\/ressieci_13.jpg\" height=\"225\" width=\"300\" alt=\"\" class=\"slider-1376 slide-1377 msDefaultImage\" \/><\/li>\n            <\/ul>\n        <\/div>\n        \n    <\/div>\n<\/div><\/div>\n<div class=\"wyjustuj\">\n<p>En av de vanligaste orsakerna till d\u00f6dsolyckor vid anv\u00e4ndning av mobila plattformar \u00e4r elst\u00f6tar. Detta g\u00e4ller s\u00e4rskilt vid arbete i n\u00e4rheten av kraftledningar, men otillr\u00e4cklig drift och underh\u00e5ll av mobila plattformar utg\u00f6r ocks\u00e5 en risk. V\u00e5r <a href=\"https:\/\/szkolenia-udt.pl\/sv\/kursy\/uprawnienia-udt-tdt-wdt\/podnosniki-koszowe\/\">kurs i arbetsplattformar<\/a> och saxar och f\u00f6r andra typer av plattformar, l\u00e4r ut hur man ska g\u00e5 tillv\u00e4ga n\u00e4r man arbetar i n\u00e4rheten av elektriska n\u00e4t och utrustning.<\/p>\n<h2 class=\"boldnagl\"><strong>De vanligaste orsakerna till olyckor vid arbete n\u00e4ra kraftledningar och utrustning \u00e4r:<\/strong><\/h2>\n<ul>\n<li>en del av plattformen eller en anst\u00e4lld i farlig n\u00e4rhet av kablar och utrustning<\/li>\n<li>omedvetenhet om n\u00e4rliggande ledningar eller utrustning<\/li>\n<li>ol\u00e4mplig hantering av den mobila plattformen i n\u00e4rheten av kablar eller utrustning<\/li>\n<\/ul>\n<p>F\u00f6r att minska risken \u00e4r det n\u00f6dv\u00e4ndigt att avgr\u00e4nsa ett riskomr\u00e5de f\u00f6r arbetstagarna. Denna zon b\u00f6r markeras p\u00e5 l\u00e4mpligt s\u00e4tt och inh\u00e4gnas f\u00f6r att f\u00f6rhindra att utomst\u00e5ende kommer in i den.<\/p>\n<h3 class=\"boldnagl\"><strong>Arbetstagarna b\u00f6r befinna sig p\u00e5 ett avst\u00e5nd av minst:<\/strong><\/h3>\n<ul>\n<li>3 meter f\u00f6r ledningar med en nominell sp\u00e4nning p\u00e5 upp till 1 kV<\/li>\n<li>5 meter f\u00f6r ledningar med en nominell sp\u00e4nning \u00f6ver 1 kV men upp till 15 kV<\/li>\n<li>10 meter f\u00f6r ledningar med en nominell sp\u00e4nning \u00f6ver 15 kV men upp till 30 kV<\/li>\n<li>15 meter f\u00f6r ledningar med en nominell sp\u00e4nning \u00f6ver 30 kV men upp till 110 kV<\/li>\n<li>30 meter f\u00f6r ledningar med en nominell sp\u00e4nning \u00f6ver 110 kV<\/li>\n<\/ul>\n<h3 class=\"boldnagl\"><strong>Viktiga s\u00e4kerhetsprinciper:<\/strong><\/h3>\n<ul>\n<li>om m\u00f6jligt, koppla bort utrustning och n\u00e4tverk<\/li>\n<li>Om detta inte \u00e4r m\u00f6jligt skall arbetsomr\u00e5det vara tillr\u00e4ckligt skyddat med hj\u00e4lp av skyddsanordningar.<\/li>\n<li>arbetsomr\u00e5det m\u00e5ste \u00f6vervakas kontinuerligt<\/li>\n<li>alla anst\u00e4llda m\u00e5ste informeras om f\u00f6rfarandena<\/li>\n<li>best\u00e4mma det maximala avst\u00e5ndet f\u00f6r bommen<\/li>\n<\/ul>\n<p>Korrekt utbildning av arbetstagarna och att f\u00f6lja rutinerna p\u00e5 arbetsplatsen \u00e4r avg\u00f6rande. Kraftledningar och utrustning utg\u00f6r en betydande risk f\u00f6r arbetstagare som anv\u00e4nder mobila plattformar, s\u00e5 v\u00e5ra klasser betonar korrekt utbildning i h\u00e4lso- och s\u00e4kerhetsfr\u00e5gor.<\/p>\n<p>Om du \u00e4r intresserad av att g\u00e5 en utbildning i saxliftar eller arbetsplattformar i Warszawa eller p\u00e5 v\u00e5ra filialer i Polen - Krakow, Katowice och Bielsko-Bia\u0142a, v\u00e4nligen kontakta oss p\u00e5 <a href=\"https:\/\/szkolenia-udt.pl\/sv\/kontakt\/\">kontakta oss<\/a>!<\/p>\n<\/div>","protected":false},"excerpt":{"rendered":"<p>W\u015br\u00f3d jednych z najcz\u0119\u015bciej wyst\u0119puj\u0105cych powod\u00f3w wypadk\u00f3w \u015bmiertelnych przy obs\u0142udze podest\u00f3w ruchomych znajduje si\u0119 pora\u017cenie pr\u0105dem elektrycznym. Dotyczy to w szczeg\u00f3lno\u015bci pracy w pobli\u017cu linii energetycznych, ale r\u00f3wnie\u017c zagro\u017ceniem s\u0105 nieodpowiednio eksploatowane i konserwowane instalacje podest\u00f3w ruchomych. Nasz kurs podno\u015bniki koszowe oraz no\u017cycowe i dla innych rodzaj\u00f3w podest\u00f3w uczy, jak post\u0119powa\u0107 w przypadku prac w [&hellip;]<\/p>\n","protected":false},"author":3,"featured_media":1380,"parent":35,"menu_order":0,"comment_status":"closed","ping_status":"closed","template":"","meta":{"footnotes":""},"class_list":["post-246","page","type-page","status-publish","has-post-thumbnail","hentry"],"aioseo_notices":[],"_links":{"self":[{"href":"https:\/\/szkolenia-udt.pl\/sv\/wp-json\/wp\/v2\/pages\/246","targetHints":{"allow":["GET"]}}],"collection":[{"href":"https:\/\/szkolenia-udt.pl\/sv\/wp-json\/wp\/v2\/pages"}],"about":[{"href":"https:\/\/szkolenia-udt.pl\/sv\/wp-json\/wp\/v2\/types\/page"}],"author":[{"embeddable":true,"href":"https:\/\/szkolenia-udt.pl\/sv\/wp-json\/wp\/v2\/users\/3"}],"replies":[{"embeddable":true,"href":"https:\/\/szkolenia-udt.pl\/sv\/wp-json\/wp\/v2\/comments?post=246"}],"version-history":[{"count":11,"href":"https:\/\/szkolenia-udt.pl\/sv\/wp-json\/wp\/v2\/pages\/246\/revisions"}],"predecessor-version":[{"id":2380,"href":"https:\/\/szkolenia-udt.pl\/sv\/wp-json\/wp\/v2\/pages\/246\/revisions\/2380"}],"up":[{"embeddable":true,"href":"https:\/\/szkolenia-udt.pl\/sv\/wp-json\/wp\/v2\/pages\/35"}],"wp:featuredmedia":[{"embeddable":true,"href":"https:\/\/szkolenia-udt.pl\/sv\/wp-json\/wp\/v2\/media\/1380"}],"wp:attachment":[{"href":"https:\/\/szkolenia-udt.pl\/sv\/wp-json\/wp\/v2\/media?parent=246"}],"curies":[{"name":"wp","href":"https:\/\/api.w.org\/{rel}","templated":true}]}}