{"id":2470,"date":"2021-08-22T11:14:38","date_gmt":"2021-08-22T11:14:38","guid":{"rendered":"https:\/\/szkolenia-udt.pl\/?page_id=2470"},"modified":"2023-03-13T16:35:16","modified_gmt":"2023-03-13T15:35:16","slug":"mobila-plattformar-pajak","status":"publish","type":"page","link":"https:\/\/szkolenia-udt.pl\/sv\/kursy\/uprawnienia-udt-tdt-wdt\/podesty-ruchome-pajak\/","title":{"rendered":"Kurs f\u00f6r &quot;spindel&quot; mobila plattformar"},"content":{"rendered":"<p><a href=\"https:\/\/szkolenia-udt.pl\/wp-content\/uploads\/2021\/08\/szkolenia-udt.pl-0014-OPUBLIKOWANY-v6.jpg\"><img loading=\"lazy\" decoding=\"async\" class=\"paddingleft10 alignleft wp-image-2490 size-medium\" src=\"https:\/\/szkolenia-udt.pl\/wp-content\/uploads\/2021\/08\/szkolenia-udt.pl-0014-OPUBLIKOWANY-v6-300x200.jpg\" alt=\"Spider-plattformar - en mobil typ av mobil plattform, monterad p\u00e5 en sl\u00e4pvagn.\" width=\"300\" height=\"200\" srcset=\"https:\/\/szkolenia-udt.pl\/wp-content\/uploads\/2021\/08\/szkolenia-udt.pl-0014-OPUBLIKOWANY-v6-300x200.jpg 300w, https:\/\/szkolenia-udt.pl\/wp-content\/uploads\/2021\/08\/szkolenia-udt.pl-0014-OPUBLIKOWANY-v6-1024x684.jpg 1024w, https:\/\/szkolenia-udt.pl\/wp-content\/uploads\/2021\/08\/szkolenia-udt.pl-0014-OPUBLIKOWANY-v6-768x513.jpg 768w, https:\/\/szkolenia-udt.pl\/wp-content\/uploads\/2021\/08\/szkolenia-udt.pl-0014-OPUBLIKOWANY-v6-1536x1025.jpg 1536w, https:\/\/szkolenia-udt.pl\/wp-content\/uploads\/2021\/08\/szkolenia-udt.pl-0014-OPUBLIKOWANY-v6.jpg 2000w\" sizes=\"auto, (max-width: 300px) 100vw, 300px\" \/><\/a>UDT:s tillst\u00e5nd att anv\u00e4nda mobila plattformar, s\u00e5 kallade spindelplattformar, \u00e4r ett dokument som g\u00f6r det m\u00f6jligt att utf\u00f6ra arbete i f\u00f6retag inom en m\u00e4ngd olika sektorer, t.ex. renovering, historiskt bevarande, underh\u00e5ll av lagerlokaler eller landskapsarkitektur. Tillst\u00e5nden utf\u00e4rdas av kontoret f\u00f6r teknisk kontroll till dem som klarar av ett teoretiskt och praktiskt prov f\u00f6r att hantera utrustningen i fr\u00e5ga. Kurserna, vars omfattning \u00f6verensst\u00e4mmer med UDT:s krav, \u00e4r ett s\u00e4tt att p\u00e5 ett tillf\u00f6rlitligt s\u00e4tt f\u00f6rbereda personer som avser att arbeta som f\u00f6rare av mobila plattformar f\u00f6r examen.<\/p>\n<h2>Kursinneh\u00e5ll f\u00f6r mobila plattformar (spiders)<\/h2>\n<p>Utbildningen sker i f\u00f6rel\u00e4sningsformat - antingen p\u00e5 plats eller online, beroende p\u00e5 kundens val. Under utbildningen kommer deltagarna att l\u00e4ra sig om fr\u00e5gor som t.ex:<\/p>\n<ul>\n<li>Byggande av utrustning<\/li>\n<li>Regler f\u00f6r s\u00e4ker anv\u00e4ndning av plattformar<\/li>\n<li>Bekanta sig med bruksanvisningar.<\/li>\n<li>Utf\u00f6ra tester och provningar av utrustningen.<\/li>\n<li>Best\u00e4mmelser om teknisk \u00f6vervakning<\/li>\n<\/ul>\n<p>De teoretiska kunskaperna kompletteras med praktiska f\u00e4rdigheter. Praktikanterna anv\u00e4nder sig av den tekniska basen <a href=\"https:\/\/szkolenia-udt.pl\/sv\/o-firmie\/\">Centrum<\/a>De f\u00e5r l\u00e4ra sig hur man f\u00f6rbereder apparaten f\u00f6r anv\u00e4ndning, hur man anv\u00e4nder den p\u00e5 ett s\u00e4kert s\u00e4tt och hur man anv\u00e4nder den.<\/p>\n<h2>Kurs f\u00f6r operat\u00f6rer av mobila plattformar av spindeltyp - praktisk information<\/h2>\n<p>Kurserna anordnas i st\u00f6rre st\u00e4der i Polen och \u00e4ven p\u00e5 v\u00e5r utbildningsplattform - som webbseminarier. Vi har grupper p\u00e5 olika niv\u00e5er, \u00e4ven fr\u00e5n grunderna. Vi fokuserar p\u00e5 att f\u00f6rbereda deltagarna s\u00e5 bra som m\u00f6jligt f\u00f6r de prov som genomf\u00f6rs av UDT - utbildningen f\u00f6reg\u00e5s av prelimin\u00e4ra kunskapstester och sedan kontrolleras fortl\u00f6pande hur l\u00e5ngt deltagarna kommit. Dessutom \u00e4r det m\u00f6jligt att komplettera kunskaperna med hj\u00e4lp av material och provtester som l\u00e4ggs ut p\u00e5 plattformen.<\/p>\n<p>F\u00f6r mer information om kurser f\u00f6r mobila plattformar (priser, datum, krav osv.), bes\u00f6k v\u00e5r webbplats. <a href=\"https:\/\/szkolenia-udt.pl\/sv\/faq\/\">FAQ<\/a>.<\/p>\n<div class=\"filmw\">\n<div class=\"responsive-youtube\"><iframe loading=\"lazy\" title=\"YouTube-videospelare\" src=\"https:\/\/www.youtube.com\/embed\/OUKdY5V51M4\" width=\"560\" height=\"315\" frameborder=\"0\" allowfullscreen=\"allowfullscreen\"><\/iframe><\/div>\n<\/div>\n<h2>UDT-examen och tillst\u00e5nd<\/h2>\n<p>Som en del av v\u00e5r utbildning f\u00f6retr\u00e4der vi v\u00e5ra praktikanter i deras kontakter med kontoret f\u00f6r teknisk kontroll och f\u00f6rmedlar unders\u00f6kningen. Detta sker i form av ett prov med slutna fr\u00e5gor och ett test av praktiska kunskaper i form av ett samtal med en examinator vid en apparat. Efter att ha klarat b\u00e5da delarna beviljar UDT kandidaten en licens f\u00f6r att arbeta med mobila plattformar. Dessa kvalifikationer \u00e4r giltiga i Polen, men kan ocks\u00e5 erk\u00e4nnas i andra l\u00e4nder, beroende p\u00e5 best\u00e4mmelserna.<br \/>\n<div style=\"width: 640px;\" class=\"wp-video\"><video id=\"video-2470-1\" width=\"640\" height=\"360\" poster=\"https:\/\/szkolenia-udt.pl\/wp-content\/uploads\/2023\/03\/okladka-podnosnik-OSO.jpg\" preload=\"metadata\" controls=\"controls\"><source type=\"video\/mp4\" src=\"https:\/\/szkolenia-udt.pl\/wp-content\/uploads\/2023\/03\/podnosnik-SZKOLENIA-UDT.PL-OSO.mp4?_=1\" \/><a href=\"https:\/\/szkolenia-udt.pl\/wp-content\/uploads\/2023\/03\/podnosnik-SZKOLENIA-UDT.PL-OSO.mp4\">https:\/\/szkolenia-udt.pl\/wp-content\/uploads\/2023\/03\/podnosnik-SZKOLENIA-UDT.PL-OSO.mp4<\/a><\/video><\/div>\n<h2>Mobila plattformar av typen \"spindel\" - egenskaper<\/h2>\n<p>Att bli certifierad f\u00f6r att anv\u00e4nda \"spindlar\" kan vara en v\u00e4rdefull investering i din egen eller ditt f\u00f6retags utveckling. P\u00e5 grund av sin ringa storlek och h\u00f6ga funktionalitet har dessa enheter ett brett till\u00e4mpningsomr\u00e5de. Till skillnad fr\u00e5n flygarbetsplattformar och andra mobila plattformar har de inte n\u00e5gon egen mekanism f\u00f6r att f\u00f6rflytta sig. De har underreden (plattformar som liknar en spindel - d\u00e4rav namnet) som g\u00f6r att de kan f\u00e4stas p\u00e5 en l\u00e4mpligt f\u00f6rberedd lastbilssl\u00e4pvagn. Deras relativt l\u00e5ga vikt och storlek g\u00f6r att de kan anv\u00e4ndas b\u00e5de utomhus och inomhus, \u00e4ven p\u00e5 golv med l\u00e5g belastning. Den h\u00f6jd till vilken korgen stiger och arbetsomr\u00e5det skiljer sig inte n\u00e4mnv\u00e4rt fr\u00e5n andra, st\u00f6rre liftar.<\/p>\n<p><a href=\"https:\/\/szkolenia-udt.pl\/wp-content\/uploads\/2021\/08\/szkolenia-udt.pl-0015-OPUBLIKOWANY-podesty-przewozne-pajaki.jpg\"><img loading=\"lazy\" decoding=\"async\" class=\"alignnone wp-image-2473 size-large\" src=\"https:\/\/szkolenia-udt.pl\/wp-content\/uploads\/2021\/08\/szkolenia-udt.pl-0015-OPUBLIKOWANY-podesty-przewozne-pajaki-1024x853.jpg\" alt=\"Spindelplattformarna transporteras p\u00e5 lastbilstrailers och kan anv\u00e4ndas i praktiskt taget vilken terr\u00e4ng som helst.\" width=\"750\" height=\"625\" srcset=\"https:\/\/szkolenia-udt.pl\/wp-content\/uploads\/2021\/08\/szkolenia-udt.pl-0015-OPUBLIKOWANY-podesty-przewozne-pajaki-1024x853.jpg 1024w, https:\/\/szkolenia-udt.pl\/wp-content\/uploads\/2021\/08\/szkolenia-udt.pl-0015-OPUBLIKOWANY-podesty-przewozne-pajaki-300x250.jpg 300w, https:\/\/szkolenia-udt.pl\/wp-content\/uploads\/2021\/08\/szkolenia-udt.pl-0015-OPUBLIKOWANY-podesty-przewozne-pajaki-768x640.jpg 768w, https:\/\/szkolenia-udt.pl\/wp-content\/uploads\/2021\/08\/szkolenia-udt.pl-0015-OPUBLIKOWANY-podesty-przewozne-pajaki.jpg 1200w\" sizes=\"auto, (max-width: 750px) 100vw, 750px\" \/><\/a><\/p>","protected":false},"excerpt":{"rendered":"<p>Uprawnienia UDT do obs\u0142ugi podest\u00f3w przewo\u017anych, zwanych paj\u0105kami, to dokument, kt\u00f3ry pozwala na wykonywanie prac w firmach z wielu bran\u017c: zajmuj\u0105cych si\u0119 remontami, konserwacj\u0105 zabytk\u00f3w, obs\u0142ug\u0105 magazyn\u00f3w czy piel\u0119gnacj\u0105 zieleni. Uprawnienia s\u0105 wystawiane przez Urz\u0105d Dozoru Technicznego tym osobom, kt\u00f3re zalicz\u0105 egzamin teoretyczny i praktyczny z zakresu obs\u0142ugi danego urz\u0105dzenia. Kursy, kt\u00f3rych zakres jest zgodny [&hellip;]<\/p>\n","protected":false},"author":3,"featured_media":2490,"parent":2266,"menu_order":0,"comment_status":"closed","ping_status":"closed","template":"","meta":{"footnotes":""},"class_list":["post-2470","page","type-page","status-publish","has-post-thumbnail","hentry"],"aioseo_notices":[],"_links":{"self":[{"href":"https:\/\/szkolenia-udt.pl\/sv\/wp-json\/wp\/v2\/pages\/2470","targetHints":{"allow":["GET"]}}],"collection":[{"href":"https:\/\/szkolenia-udt.pl\/sv\/wp-json\/wp\/v2\/pages"}],"about":[{"href":"https:\/\/szkolenia-udt.pl\/sv\/wp-json\/wp\/v2\/types\/page"}],"author":[{"embeddable":true,"href":"https:\/\/szkolenia-udt.pl\/sv\/wp-json\/wp\/v2\/users\/3"}],"replies":[{"embeddable":true,"href":"https:\/\/szkolenia-udt.pl\/sv\/wp-json\/wp\/v2\/comments?post=2470"}],"version-history":[{"count":4,"href":"https:\/\/szkolenia-udt.pl\/sv\/wp-json\/wp\/v2\/pages\/2470\/revisions"}],"predecessor-version":[{"id":4520,"href":"https:\/\/szkolenia-udt.pl\/sv\/wp-json\/wp\/v2\/pages\/2470\/revisions\/4520"}],"up":[{"embeddable":true,"href":"https:\/\/szkolenia-udt.pl\/sv\/wp-json\/wp\/v2\/pages\/2266"}],"wp:featuredmedia":[{"embeddable":true,"href":"https:\/\/szkolenia-udt.pl\/sv\/wp-json\/wp\/v2\/media\/2490"}],"wp:attachment":[{"href":"https:\/\/szkolenia-udt.pl\/sv\/wp-json\/wp\/v2\/media?parent=2470"}],"curies":[{"name":"wp","href":"https:\/\/api.w.org\/{rel}","templated":true}]}}