{"id":2479,"date":"2021-08-22T11:24:27","date_gmt":"2021-08-22T11:24:27","guid":{"rendered":"https:\/\/szkolenia-udt.pl\/?page_id=2479"},"modified":"2023-03-13T16:36:33","modified_gmt":"2023-03-13T15:36:33","slug":"stationara-mobila-liftar-driftkurs","status":"publish","type":"page","link":"https:\/\/szkolenia-udt.pl\/sv\/kursy\/uprawnienia-udt-tdt-wdt\/stacjonarne-podesty-ruchome-kurs-obslugi\/","title":{"rendered":"Station\u00e4ra mobila plattformar - servicekurs"},"content":{"rendered":"<p>En station\u00e4r mobil plattform \u00e4r inte lika mobil som till exempel en bomlift, men anv\u00e4ndningsm\u00f6jligheterna \u00e4r \u00e4nd\u00e5 stora. Personer som kan hantera dessa anordningar \u00e4r specialister som efterfr\u00e5gas p\u00e5 arbetsmarknaden: de kan utf\u00f6ra arbete under byggnation, renovering av stora byggnader och \u00e4ven i lager med h\u00f6g f\u00f6rvaringskapacitet.<\/p>\n<p>Alla som vill skaffa sig de kvalifikationer som kr\u00e4vs f\u00f6r att arbeta inom detta yrke \u00e4r v\u00e4lkomna att delta i en kurs f\u00f6r operat\u00f6rer av station\u00e4ra mobila plattformar med UDT-examen. Utbildningen f\u00f6rbereder dig effektivt f\u00f6r att f\u00e5 de n\u00f6dv\u00e4ndiga UDT-kvalifikationerna och sedan ut\u00f6va yrket.<\/p>\n<h2>Information om kursen f\u00f6r station\u00e4ra mobila plattformar<\/h2>\n<p>Kurserna h\u00e5lls i grupper som \u00e4r anpassade till deltagarnas behov. Deltagarna \u00e4r v\u00e4lkomna, oavsett om de \u00e4r nya i \u00e4mnet plattformsstyrning eller om de redan har erfarenhet av det, till exempel n\u00e4r de arbetar som bitr\u00e4dande operat\u00f6r.<\/p>\n<p>P\u00e5 grund av det varierande verksamhetsprogrammet kan l\u00e4ngden variera:<\/p>\n<ul>\n<li>Fr\u00e5n cirka 8 timmar i grupper av personer som bara beh\u00f6ver komplettera, uppdatera sina kunskaper och f\u00e4rdigheter.<\/li>\n<li>Upp till 20-35 timmar i grupper best\u00e5ende av personer utan erfarenhet.<\/li>\n<\/ul>\n<p>Varje utbildningskurs inneh\u00e5ller f\u00f6rel\u00e4sningar (p\u00e5 plats eller online - webbseminarier som genomf\u00f6rs i realtid) och praktiska lektioner. Vi anordnar kurser i de flesta st\u00f6rre polska st\u00e4der. Vi erbjuder ocks\u00e5 att organisera slutna kurser, exklusivt f\u00f6r kundens anst\u00e4llda.<\/p>\n<p>F\u00f6r dem som vill anv\u00e4nda station\u00e4ra mobila plattformar ger kursen kunskap om fr\u00e5gor som utrustningens konstruktion, s\u00e4kerhet under drift, operat\u00f6rens skyldigheter n\u00e4r plattformen f\u00f6rbereds f\u00f6r arbete och best\u00e4mmelser om teknisk \u00f6vervakning.<\/p>\n<p>F\u00f6r aktuella datum, platser och annan information om utbildning f\u00f6r mobila plattformar (priser etc.), bes\u00f6k v\u00e5r webbplats. Om du har ytterligare fr\u00e5gor, tveka inte att kontakta oss - per telefon eller e-post. Vi uppmanar dig ocks\u00e5 att titta p\u00e5 v\u00e5r sida med vanliga fr\u00e5gor och svar f\u00f6r att f\u00e5 svar p\u00e5 f\u00f6ljande fr\u00e5gor <a href=\"https:\/\/szkolenia-udt.pl\/sv\/faq\/\">ofta st\u00e4llda fr\u00e5gor<\/a>.<\/p>\n<div class=\"filmw\">\n<div class=\"responsive-youtube\"><iframe loading=\"lazy\" title=\"YouTube-videospelare\" src=\"https:\/\/www.youtube.com\/embed\/OUKdY5V51M4\" width=\"560\" height=\"315\" frameborder=\"0\" allowfullscreen=\"allowfullscreen\"><\/iframe><\/div>\n<\/div>\n<h2>Kursen \"Station\u00e4ra mobila plattformar\" - varf\u00f6r delta?<\/h2>\n<p>P\u00e5 samma s\u00e4tt som h\u00e4ngande hissar \u00e4r station\u00e4ra hissar i kategori II P maskiner som kr\u00e4ver ett kvalifikationscertifikat (UDT-certifikat) f\u00f6r att f\u00e5 anv\u00e4ndas. Detta erh\u00e5lls genom ett teoretiskt och praktiskt prov som genomf\u00f6rs av UDT-kommissionen. Som en del av v\u00e5r kurs har alla villiga deltagare m\u00f6jlighet att avl\u00e4gga ett s\u00e5dant prov, vilket i praktiken inneb\u00e4r att de i slutet av utbildningen \u00e4r helt f\u00f6rberedda f\u00f6r att arbeta i sitt yrke. Yrkeslicenser som utf\u00e4rdas av UDT \u00e4r giltiga i tio \u00e5r och g\u00e4ller f\u00f6r anst\u00e4llning i Polen, men kan \u00e4ven erk\u00e4nnas i vissa andra l\u00e4nder.<br \/>\n<div style=\"width: 640px;\" class=\"wp-video\"><video id=\"video-2479-1\" width=\"640\" height=\"360\" poster=\"https:\/\/szkolenia-udt.pl\/wp-content\/uploads\/2023\/03\/okladka-podnosnik-OSO.jpg\" preload=\"metadata\" controls=\"controls\"><source type=\"video\/mp4\" src=\"https:\/\/szkolenia-udt.pl\/wp-content\/uploads\/2023\/03\/podnosnik-SZKOLENIA-UDT.PL-OSO.mp4?_=1\" \/><a href=\"https:\/\/szkolenia-udt.pl\/wp-content\/uploads\/2023\/03\/podnosnik-SZKOLENIA-UDT.PL-OSO.mp4\">https:\/\/szkolenia-udt.pl\/wp-content\/uploads\/2023\/03\/podnosnik-SZKOLENIA-UDT.PL-OSO.mp4<\/a><\/video><\/div>\nEn station\u00e4r mobil plattform \u00e4r en anordning som anv\u00e4nds f\u00f6r att f\u00f6rflytta personer, verktyg och material f\u00f6r arbete p\u00e5 h\u00f6g h\u00f6jd. Den har ingen egen framdrivningsmekanism och \u00e4r utformad f\u00f6r att arbeta inom ett visst omr\u00e5de. Detta begr\u00e4nsar dock inte dess anv\u00e4ndning i n\u00e5gon st\u00f6rre utstr\u00e4ckning. Denna typ av utrustning anv\u00e4nds f\u00f6r renovering, underh\u00e5ll, montering, konstruktion b\u00e5de inomhus och utomhus. Med <a href=\"https:\/\/szkolenia-udt.pl\/sv\/kursy\/uprawnienia-udt-tdt-wdt\/podesty-ruchome\/\">licensiering av mobila lyftare<\/a> Station\u00e4rt \u00e4r det m\u00f6jligt att hitta arbete i f\u00f6retag inom alla ovann\u00e4mnda sektorer och att sj\u00e4lv utf\u00f6ra tj\u00e4nster med denna utrustning.<\/p>","protected":false},"excerpt":{"rendered":"<p>Podest ruchomy stacjonarny nie jest tak mobilnym urz\u0105dzeniem, jak na przyk\u0142ad zwy\u017cki, jednak mo\u017cliwo\u015bci jego wykorzystania s\u0105 nadal du\u017ce. Osoby potrafi\u0105ce obs\u0142ugiwa\u0107 te urz\u0105dzenia s\u0105 specjalistami poszukiwanymi na rynku pracy: mog\u0105 wykonywa\u0107 prace podczas budowy, remont\u00f3w du\u017cych budynk\u00f3w, a tak\u017ce w magazynach wysokiego sk\u0142adowania. Wszystkim, kt\u00f3rzy chcieliby zdoby\u0107 kwalifikacje potrzebne do pracy w tym zawodzie, [&hellip;]<\/p>\n","protected":false},"author":3,"featured_media":3422,"parent":2266,"menu_order":0,"comment_status":"closed","ping_status":"closed","template":"","meta":{"footnotes":""},"class_list":["post-2479","page","type-page","status-publish","has-post-thumbnail","hentry"],"aioseo_notices":[],"_links":{"self":[{"href":"https:\/\/szkolenia-udt.pl\/sv\/wp-json\/wp\/v2\/pages\/2479","targetHints":{"allow":["GET"]}}],"collection":[{"href":"https:\/\/szkolenia-udt.pl\/sv\/wp-json\/wp\/v2\/pages"}],"about":[{"href":"https:\/\/szkolenia-udt.pl\/sv\/wp-json\/wp\/v2\/types\/page"}],"author":[{"embeddable":true,"href":"https:\/\/szkolenia-udt.pl\/sv\/wp-json\/wp\/v2\/users\/3"}],"replies":[{"embeddable":true,"href":"https:\/\/szkolenia-udt.pl\/sv\/wp-json\/wp\/v2\/comments?post=2479"}],"version-history":[{"count":4,"href":"https:\/\/szkolenia-udt.pl\/sv\/wp-json\/wp\/v2\/pages\/2479\/revisions"}],"predecessor-version":[{"id":4522,"href":"https:\/\/szkolenia-udt.pl\/sv\/wp-json\/wp\/v2\/pages\/2479\/revisions\/4522"}],"up":[{"embeddable":true,"href":"https:\/\/szkolenia-udt.pl\/sv\/wp-json\/wp\/v2\/pages\/2266"}],"wp:featuredmedia":[{"embeddable":true,"href":"https:\/\/szkolenia-udt.pl\/sv\/wp-json\/wp\/v2\/media\/3422"}],"wp:attachment":[{"href":"https:\/\/szkolenia-udt.pl\/sv\/wp-json\/wp\/v2\/media?parent=2479"}],"curies":[{"name":"wp","href":"https:\/\/api.w.org\/{rel}","templated":true}]}}