{"id":2583,"date":"2022-01-03T13:02:14","date_gmt":"2022-01-03T12:02:14","guid":{"rendered":"https:\/\/szkolenia-udt.pl\/?page_id=2583"},"modified":"2023-03-27T01:20:11","modified_gmt":"2023-03-26T23:20:11","slug":"svetsning","status":"publish","type":"page","link":"https:\/\/szkolenia-udt.pl\/sv\/kursy\/spawanie\/","title":{"rendered":"Svetsutbildning"},"content":{"rendered":"<h2><span data-contrast=\"auto\"><a href=\"https:\/\/szkolenia-udt.pl\/wp-content\/uploads\/2022\/01\/spawanie_szkoleniaudt.jpg\"><img loading=\"lazy\" decoding=\"async\" class=\"size-medium wp-image-2584 alignleft\" src=\"https:\/\/szkolenia-udt.pl\/wp-content\/uploads\/2022\/01\/spawanie_szkoleniaudt-300x200.jpg\" alt=\"En teknik f\u00f6r att sammanfoga metall med hj\u00e4lp av tr\u00e5d som bindemedel.\" width=\"300\" height=\"200\" srcset=\"https:\/\/szkolenia-udt.pl\/wp-content\/uploads\/2022\/01\/spawanie_szkoleniaudt-300x200.jpg 300w, https:\/\/szkolenia-udt.pl\/wp-content\/uploads\/2022\/01\/spawanie_szkoleniaudt-1024x683.jpg 1024w, https:\/\/szkolenia-udt.pl\/wp-content\/uploads\/2022\/01\/spawanie_szkoleniaudt-768x512.jpg 768w, https:\/\/szkolenia-udt.pl\/wp-content\/uploads\/2022\/01\/spawanie_szkoleniaudt.jpg 1483w\" sizes=\"auto, (max-width: 300px) 100vw, 300px\" \/><\/a><\/span>VAD \u00c4R SVETSNING?<\/h2>\n<p>Svetsning \u00e4r en process f\u00f6r att binda samman metaller med hj\u00e4lp av v\u00e4rme f\u00f6r att sm\u00e4lta metallens kanter med eller utan anv\u00e4ndning av en fyllnadsmetall p\u00e5 ett permanent s\u00e4tt f\u00f6r att uppn\u00e5 materialkontinuitet vid skarven. Det finns m\u00e5nga metoder f\u00f6r att svetsa ihop metaller vid svetsning. De vanligaste av dessa \u00e4r:<\/p>\n<ul>\n<li>gassvetsning<\/li>\n<li>b\u00e5gsvetsning med t\u00e4ckta elektroder<\/li>\n<li>gasskyddad svetsning<\/li>\n<li>svetsning med neds\u00e4nkt b\u00e5ge<\/li>\n<\/ul>\n<h2>GAS-SVETSNINGSMETOD.<\/h2>\n<p>Gassvetsning \u00e4r en teknik f\u00f6r att sammanfoga metaller med hj\u00e4lp av en tr\u00e5d som tillsatsmetall, som sm\u00e4lts i en brinnande l\u00e5ga av en br\u00e4nnbar gas med syre. Acetylen anv\u00e4nds fr\u00e4mst i denna metod, inte minst p\u00e5 grund av dess f\u00f6rbr\u00e4nningstemperatur p\u00e5 upp till cirka 3100 grader C, vilket g\u00f6r att svetsaren kan utf\u00f6ra svetsningen enkelt och snabbt.<br \/>\n<div style=\"width: 640px;\" class=\"wp-video\"><video id=\"video-2583-1\" width=\"640\" height=\"360\" poster=\"https:\/\/szkolenia-udt.pl\/wp-content\/uploads\/2023\/03\/okladka-spawacz-OSO.jpg\" preload=\"metadata\" controls=\"controls\"><source type=\"video\/mp4\" src=\"https:\/\/szkolenia-udt.pl\/wp-content\/uploads\/2023\/03\/spawacz-SZKOLENIA-UDT.PL-OSO.mp4?_=1\" \/><a href=\"https:\/\/szkolenia-udt.pl\/wp-content\/uploads\/2023\/03\/spawacz-SZKOLENIA-UDT.PL-OSO.mp4\">https:\/\/szkolenia-udt.pl\/wp-content\/uploads\/2023\/03\/spawacz-SZKOLENIA-UDT.PL-OSO.mp4<\/a><\/video><\/div>\n<h2>B\u00c5GSVETSNING MED T\u00c4CKTA ELEKTRODER<\/h2>\n<p>Svetsning med t\u00e4ckta elektroder inneb\u00e4r att en svetsb\u00e5ge bildas mellan en sm\u00e4ltbar elektrod och det material som ska svetsas. Den bildar en svets fr\u00e5n den sm\u00e4lta metallens \u00f6verfl\u00f6diga kanter med metallerna i den sm\u00e4lta elektrodens k\u00e4rna. Svetsen, som kristalliseras i svetsbadet, bildar en gassk\u00f6ld som huvudsakligen best\u00e5r av CO2, CO och H2O samt en slaggbel\u00e4ggning som skyddar mot syre och kv\u00e4ve fr\u00e5n atmosf\u00e4ren. Svetsning med t\u00e4ckta elektroder \u00e4r vanligtvis en manuell teknik som kr\u00e4ver att svetsaren \u00e4r mycket skicklig, men \u00e4r samtidigt den mest m\u00e5ngsidiga f\u00f6r m\u00e5nga material tack vare det breda utbudet av elektroder, det breda spektrumet av justeringsparametrar och de m\u00e5nga olika svetsl\u00e4gena.<\/p>\n<h2>SVETSNING MED GASSKYDDAD METALL<\/h2>\n<p>Gasmetallb\u00e5gsvetsning med f\u00f6rbrukningselektroder -GMA (Gas Metal Arc) \u00e4r den vanligaste metoden f\u00f6r metallkonstruktion. P\u00e5 grund av anv\u00e4ndningen av gaser med olika egenskaper delas denna metod in i MIG (Metal Inert Gas) och MAG (Metal Active Gas). Vid MIG-svetsning anv\u00e4nds inerta gaser som argon eller helium, medan MAG anv\u00e4nder kemiskt aktiva gaser som koldioxid, syre, v\u00e4te, kv\u00e4ve eller lustgas. Dessa anv\u00e4nds ensamma eller i kombination med helium eller argon.<\/p>\n<div class=\"filmw\">\n<div class=\"responsive-youtube\"><iframe loading=\"lazy\" title=\"YouTube-videospelare\" src=\"https:\/\/www.youtube.com\/embed\/2qYimGxwoVU\" width=\"560\" height=\"315\" frameborder=\"0\" allowfullscreen=\"allowfullscreen\"><\/iframe><\/div>\n<\/div>\n<h2>TEKNIK F\u00d6R SVETSNING MED NEDS\u00c4NKT B\u00c5GE<\/h2>\n<p>Submergerad b\u00e5gsvetsning, allm\u00e4nt k\u00e4nd som flussvetsning, \u00e4r den vanligaste mekaniserade metoden p\u00e5 grund av processens h\u00f6ga precision. Den gl\u00f6dande ljusb\u00e5gen mellan en kontinuerligt tillf\u00f6rd elektrod och de metaller som ska sammanfogas t\u00e4cks av ett lager granul\u00e4rt flussmedel. P\u00e5 s\u00e5 s\u00e4tt stabiliserar flussmedlet ljusb\u00e5gen och skyddar svetsbadet fr\u00e5n atmosf\u00e4risk lufts p\u00e5verkan p\u00e5 legeringens kemiska sammans\u00e4ttning.<\/p>\n<p>I v\u00e5ra kurser f\u00e5r du under ledning av kvalificerade utbildare - specialister inom sitt omr\u00e5de - de n\u00f6dv\u00e4ndiga kvalifikationerna och f\u00e4rdigheterna i teori och praktik samtidigt som du l\u00e4r dig om svetstekniker och principer. V\u00e5rt utbud omfattar utbildningar p\u00e5 olika niv\u00e5er, \u00e4ven f\u00f6r dem som vill f\u00f6rnya sina kvalifikationer. V\u00e5ra kurser uppfyller g\u00e4llande lagstiftning och f\u00f6reskrifter.<\/p>\n<p><a href=\"https:\/\/szkolenia-udt.pl\/wp-content\/uploads\/2022\/01\/0072-oso.edu_.pl_.jpg\"><img loading=\"lazy\" decoding=\"async\" class=\"wp-image-2591 size-large aligncenter\" src=\"https:\/\/szkolenia-udt.pl\/wp-content\/uploads\/2022\/01\/0072-oso.edu_.pl_-1024x853.jpg\" alt=\"Uppdelning av metoder f\u00f6r svetsning med skyddad gasb\u00e5ge.\" width=\"750\" height=\"625\" srcset=\"https:\/\/szkolenia-udt.pl\/wp-content\/uploads\/2022\/01\/0072-oso.edu_.pl_-1024x853.jpg 1024w, https:\/\/szkolenia-udt.pl\/wp-content\/uploads\/2022\/01\/0072-oso.edu_.pl_-300x250.jpg 300w, https:\/\/szkolenia-udt.pl\/wp-content\/uploads\/2022\/01\/0072-oso.edu_.pl_-768x640.jpg 768w, https:\/\/szkolenia-udt.pl\/wp-content\/uploads\/2022\/01\/0072-oso.edu_.pl_.jpg 1200w\" sizes=\"auto, (max-width: 750px) 100vw, 750px\" \/><\/a><\/p>","protected":false},"excerpt":{"rendered":"<p>CZYM JEST SPAWANIE Spawanie to proces spajania metali z u\u017cyciem ciep\u0142a topi\u0105cego brzegi metalu z u\u017cyciem spoiwa lub bez w spos\u00f3b trwa\u0142y w celu uzyskania ci\u0105g\u0142o\u015bci materia\u0142owej w miejscu po\u0142\u0105czenia. W spawalnictwie istnieje wiele metod spajania metali. Najpopularniejsze z nich to: spawanie gazowe spawanie \u0142ukowe elektrodami otulonymi spawanie w os\u0142onach gazowych spawanie \u0142ukiem krytym METODA [&hellip;]<\/p>\n","protected":false},"author":3,"featured_media":2584,"parent":22,"menu_order":0,"comment_status":"closed","ping_status":"closed","template":"template-podkategorie.php","meta":{"footnotes":""},"class_list":["post-2583","page","type-page","status-publish","has-post-thumbnail","hentry"],"aioseo_notices":[],"_links":{"self":[{"href":"https:\/\/szkolenia-udt.pl\/sv\/wp-json\/wp\/v2\/pages\/2583","targetHints":{"allow":["GET"]}}],"collection":[{"href":"https:\/\/szkolenia-udt.pl\/sv\/wp-json\/wp\/v2\/pages"}],"about":[{"href":"https:\/\/szkolenia-udt.pl\/sv\/wp-json\/wp\/v2\/types\/page"}],"author":[{"embeddable":true,"href":"https:\/\/szkolenia-udt.pl\/sv\/wp-json\/wp\/v2\/users\/3"}],"replies":[{"embeddable":true,"href":"https:\/\/szkolenia-udt.pl\/sv\/wp-json\/wp\/v2\/comments?post=2583"}],"version-history":[{"count":9,"href":"https:\/\/szkolenia-udt.pl\/sv\/wp-json\/wp\/v2\/pages\/2583\/revisions"}],"predecessor-version":[{"id":4504,"href":"https:\/\/szkolenia-udt.pl\/sv\/wp-json\/wp\/v2\/pages\/2583\/revisions\/4504"}],"up":[{"embeddable":true,"href":"https:\/\/szkolenia-udt.pl\/sv\/wp-json\/wp\/v2\/pages\/22"}],"wp:featuredmedia":[{"embeddable":true,"href":"https:\/\/szkolenia-udt.pl\/sv\/wp-json\/wp\/v2\/media\/2584"}],"wp:attachment":[{"href":"https:\/\/szkolenia-udt.pl\/sv\/wp-json\/wp\/v2\/media?parent=2583"}],"curies":[{"name":"wp","href":"https:\/\/api.w.org\/{rel}","templated":true}]}}