{"id":2593,"date":"2022-01-03T14:17:24","date_gmt":"2022-01-03T13:17:24","guid":{"rendered":"https:\/\/szkolenia-udt.pl\/?page_id=2593"},"modified":"2022-01-08T02:24:19","modified_gmt":"2022-01-08T01:24:19","slug":"svetsning-med-fiberoptik","status":"publish","type":"page","link":"https:\/\/szkolenia-udt.pl\/sv\/kursy\/spawanie\/spawanie-swiatlowodow\/","title":{"rendered":"Fiberoptisk svetskurs."},"content":{"rendered":"<p><span data-contrast=\"auto\"><a href=\"https:\/\/szkolenia-udt.pl\/wp-content\/uploads\/2022\/01\/spawanie_swiatlowodow.jpg\"><img loading=\"lazy\" decoding=\"async\" class=\"size-medium wp-image-2594 alignleft\" src=\"https:\/\/szkolenia-udt.pl\/wp-content\/uploads\/2022\/01\/spawanie_swiatlowodow-300x200.jpg\" alt=\"F\u00f6rberedande aktiviteter i svetsprocessen och deras konsekvenser.\" width=\"300\" height=\"200\" srcset=\"https:\/\/szkolenia-udt.pl\/wp-content\/uploads\/2022\/01\/spawanie_swiatlowodow-300x200.jpg 300w, https:\/\/szkolenia-udt.pl\/wp-content\/uploads\/2022\/01\/spawanie_swiatlowodow-1024x683.jpg 1024w, https:\/\/szkolenia-udt.pl\/wp-content\/uploads\/2022\/01\/spawanie_swiatlowodow-768x512.jpg 768w, https:\/\/szkolenia-udt.pl\/wp-content\/uploads\/2022\/01\/spawanie_swiatlowodow-1536x1025.jpg 1536w, https:\/\/szkolenia-udt.pl\/wp-content\/uploads\/2022\/01\/spawanie_swiatlowodow.jpg 1559w\" sizes=\"auto, (max-width: 300px) 100vw, 300px\" \/><\/a>Fiberoptisk svetsning \u00e4r en sammanfogning av fiberoptiska kablar genom en termisk process med hj\u00e4lp av en elektrisk b\u00e5ge, vilket resulterar i en s\u00e5 kallad permanent anslutning. P\u00e5 grund av kablarnas struktur och deras avsedda anv\u00e4ndning kr\u00e4ver en s\u00e5dan anslutning s\u00e4rskild precision och omsorg av operat\u00f6ren redan n\u00e4r han f\u00f6rbereder den optiska fibern f\u00f6r svetsning. Detta beror p\u00e5 att kvaliteten, styrkan och h\u00e5llbarheten hos anslutningen till stor del beror p\u00e5 dessa egenskaper.<\/span><span data-ccp-props=\"{&quot;201341983&quot;:0,&quot;335559739&quot;:160,&quot;335559740&quot;:256}\">\u00a0<\/span><\/p>\n<p><strong>F\u00f6rberedande verksamhet f\u00f6r svetsning:\u00a0<\/strong><\/p>\n<ul>\n<li data-leveltext=\"\uf0b7\" data-font=\"Symbol\" data-listid=\"1\" aria-setsize=\"-1\" data-aria-posinset=\"1\" data-aria-level=\"1\"><span data-contrast=\"auto\">V\u00e4lja och applicera en l\u00e4mplig l\u00e4ngd och diameter p\u00e5 krympslangen p\u00e5 den optiska fibern, som ska anv\u00e4ndas f\u00f6r att skydda anslutningsplatsen efter svetsning.<\/span><span data-ccp-props=\"{&quot;134233279&quot;:true,&quot;201341983&quot;:0,&quot;335559739&quot;:160,&quot;335559740&quot;:256}\">\u00a0<\/span><\/li>\n<li data-leveltext=\"\uf0b7\" data-font=\"Symbol\" data-listid=\"1\" aria-setsize=\"-1\" data-aria-posinset=\"2\" data-aria-level=\"1\"><span data-contrast=\"auto\">Avl\u00e4gsnande av det skyddande skiktet p\u00e5 den optiska fibern med en justerbar avbitart\u00e5ng - Stripper. Minst 50 mm yttre skikt och 30 mm inre skikt.<\/span><span data-ccp-props=\"{&quot;134233279&quot;:true,&quot;201341983&quot;:0,&quot;335559739&quot;:160,&quot;335559740&quot;:256}\">\u00a0<\/span><\/li>\n<li data-leveltext=\"\uf0b7\" data-font=\"Symbol\" data-listid=\"1\" aria-setsize=\"-1\" data-aria-posinset=\"2\" data-aria-level=\"1\"><span data-contrast=\"auto\">Grundlig reng\u00f6ring av fiberkabeln vid skarvpunkten med hj\u00e4lp av l\u00e4mpliga produkter avsedda f\u00f6r detta \u00e4ndam\u00e5l eller helt enkelt med en etanol- eller propanolindr\u00e4nkt bomullspinne, bomullspinne, bomullspinne, bomullspinne.<\/span><span data-ccp-props=\"{&quot;134233279&quot;:true,&quot;201341983&quot;:0,&quot;335559739&quot;:160,&quot;335559740&quot;:256}\">\u00a0<\/span><\/li>\n<li data-leveltext=\"\uf0b7\" data-font=\"Symbol\" data-listid=\"1\" aria-setsize=\"-1\" data-aria-posinset=\"2\" data-aria-level=\"1\"><span data-contrast=\"auto\">Exakt klippning av fiberkabeln med en speciellt utformad fiberoptisk kniv med diamantblad s\u00e5 exakt som m\u00f6jligt, eftersom detta \u00e4r den viktigaste faktorn f\u00f6r att anslutningen ska bli korrekt.<\/span><span data-ccp-props=\"{&quot;134233279&quot;:true,&quot;201341983&quot;:0,&quot;335559739&quot;:160,&quot;335559740&quot;:256}\">\u00a0<\/span><\/li>\n<li data-leveltext=\"\uf0b7\" data-font=\"Symbol\" data-listid=\"1\" aria-setsize=\"-1\" data-aria-posinset=\"2\" data-aria-level=\"1\"><span data-contrast=\"auto\">F\u00f6rberedelse av svetsboxen f\u00f6r svetsning, val av l\u00e4mpligt program och placering av tr\u00e5darna i v-r\u00e4nnor som motsvarar deras diameter.<\/span><span data-ccp-props=\"{&quot;134233279&quot;:true,&quot;201341983&quot;:0,&quot;335559739&quot;:160,&quot;335559740&quot;:256}\">\u00a0<\/span><\/li>\n<li data-leveltext=\"\uf0b7\" data-font=\"Symbol\" data-listid=\"1\" aria-setsize=\"-1\" data-aria-posinset=\"2\" data-aria-level=\"1\"><span data-contrast=\"auto\">S\u00e4kra kabeln p\u00e5 plats i den svetsade s\u00f6mmen med en l\u00e4mplig storlek p\u00e5 krympslangen i f\u00f6rv\u00e4g och svetsa ihop det hela i ugnen.\u00a0<\/span><span data-ccp-props=\"{&quot;134233279&quot;:true,&quot;201341983&quot;:0,&quot;335559739&quot;:160,&quot;335559740&quot;:256}\">\u00a0<\/span><\/li>\n<\/ul>\n<p><span data-contrast=\"auto\">Eftersom varje skarvkoppling av en optisk fiber inneb\u00e4r en f\u00f6rlust av \u00f6verf\u00f6ringsegenskaper \u00e4r f\u00f6rberedelserna av den optiska fibern en av de viktigaste faktorerna i skarvprocessen. D\u00e4rf\u00f6r b\u00f6r f\u00f6rberedelserna av kablarna f\u00f6re skarvningen utf\u00f6ras med s\u00e4rskild omsorg f\u00f6r att minimera f\u00f6rlusten av signalkvalitet vid skarvpunkten. Vi m\u00e5ste alltid och absolut komma ih\u00e5g detta, eftersom det har en direkt inverkan p\u00e5 kvaliteten och effektiviteten i v\u00e5rt arbete.<\/span><span data-ccp-props=\"{&quot;201341983&quot;:0,&quot;335559739&quot;:160,&quot;335559740&quot;:256}\">\u00a0<\/span><\/p>\n<p><span data-contrast=\"auto\">N\u00e4sta steg i svetsningen av optiska fibrer, direkt efter att fibrerna f\u00f6rberetts och placerats i svetsmaskinens l\u00e4mpliga v-r\u00e4nnor, \u00e4r att f\u00f6rbereda sj\u00e4lva maskinen f\u00f6r svetsningen. F\u00f6r detta \u00e4ndam\u00e5l b\u00f6r vi anv\u00e4nda maskinens manual och v\u00e4lja det svetsprogram som motsvarar parametrarna f\u00f6r de optiska fibrer som ska skarvas. Beroende p\u00e5 modell har de flesta fiberoptiska svetsmaskiner fr\u00e5n flera till ett dussin svetsprogram lagrade i apparatens minne. Endast vissa av dem ger, tack vare ett omfattande system, m\u00f6jlighet att skapa och spara egna program, vilket \u00e4r anv\u00e4ndbart till exempel n\u00e4r optiska fibrer fr\u00e5n olika tillverkare ska sammanfogas. Men inte bara. Detta alternativ kan ocks\u00e5 anv\u00e4ndas vid otillfredsst\u00e4llande svetsd\u00e4mpningsparametrar till f\u00f6ljd av f\u00f6rvr\u00e4ngningar eller det s\u00e5 kallade svets\u00f6verfl\u00f6det genom att justera och v\u00e4lja l\u00e4mplig svetsstr\u00f6m.<\/span><span data-ccp-props=\"{&quot;201341983&quot;:0,&quot;335559739&quot;:160,&quot;335559740&quot;:256}\">\u00a0<\/span><\/p>\n<p><span data-contrast=\"auto\">Sj\u00e4lva svetsprocessen sker i fyra steg och sker i en svetsl\u00e5da som vanligtvis kallas svetsmaskin. Det f\u00f6rsta steget, som utf\u00f6rs av svetsmaskinen, \u00e4r en exakt positionering av de kablar som ska sammanfogas, med fibrerna exakt centrerade p\u00e5 varandra. Det andra steget \u00e4r f\u00f6rv\u00e4rmning av kabel\u00e4ndarna, samtidigt som de f\u00f6rs n\u00e4rmare varandra p\u00e5 ett avst\u00e5nd av <\/span><span data-contrast=\"auto\">~ <\/span><span data-contrast=\"auto\">\u00b5m med ett kontrollerat val av ljusb\u00e5gsstr\u00f6m f\u00f6r att uppn\u00e5 r\u00e4tt temperatur, varvid tr\u00e5darna mjukg\u00f6rs f\u00f6r att ge den flexibilitet som kr\u00e4vs f\u00f6r att uppn\u00e5 \u00f6nskad fogkvalitet. I det tredje steget sammanfogas kablarna med hj\u00e4lp av l\u00e4mpligt tryck under en exakt definierad tid, varvid tr\u00e5darna \u00e4r ordentligt sammanfogade. I det sista fj\u00e4rde steget frig\u00f6rs v\u00e4rme fr\u00e5n de sammanfogade tr\u00e5darna, vilket leder till att deras struktur f\u00f6rtjockas och kristalliseras i anslutningspunkten.<\/span><span data-ccp-props=\"{&quot;201341983&quot;:0,&quot;335559739&quot;:160,&quot;335559740&quot;:256}\">\u00a0<\/span><\/p>\n<p><span data-contrast=\"auto\">N\u00e4r svetsningen har utf\u00f6rts av svetsboxen utf\u00f6r enheten automatiskt en diagnos av den f\u00e4rdiga skarven. Efter testet med hj\u00e4lp av en skattningsanalys med ett acceptabelt litet fel f\u00e5r vi information om svetsens kvalitet i f\u00f6rh\u00e5llande till den erh\u00e5llna d\u00e4mpningen. Det f\u00f6rv\u00e4ntade resultatet b\u00f6r ligga mellan 0,01 dB och 0,05 dB, annars m\u00e5ste hela svetsprocessen utf\u00f6ras p\u00e5 nytt fr\u00e5n b\u00f6rjan.<\/span><span data-ccp-props=\"{&quot;201341983&quot;:0,&quot;335559739&quot;:160,&quot;335559740&quot;:256}\">\u00a0<\/span><\/p>\n<p><a href=\"https:\/\/szkolenia-udt.pl\/wp-content\/uploads\/2022\/01\/0074-edu.oso_.pl_.jpg\"><img loading=\"lazy\" decoding=\"async\" class=\"wp-image-2595 size-large aligncenter\" src=\"https:\/\/szkolenia-udt.pl\/wp-content\/uploads\/2022\/01\/0074-edu.oso_.pl_-1024x853.jpg\" alt=\"Fiberoptisk svetsare, funktionsprincip, svetsdiagnostik och d\u00e4mpningsresultat.\" width=\"750\" height=\"625\" srcset=\"https:\/\/szkolenia-udt.pl\/wp-content\/uploads\/2022\/01\/0074-edu.oso_.pl_-1024x853.jpg 1024w, https:\/\/szkolenia-udt.pl\/wp-content\/uploads\/2022\/01\/0074-edu.oso_.pl_-300x250.jpg 300w, https:\/\/szkolenia-udt.pl\/wp-content\/uploads\/2022\/01\/0074-edu.oso_.pl_-768x640.jpg 768w, https:\/\/szkolenia-udt.pl\/wp-content\/uploads\/2022\/01\/0074-edu.oso_.pl_.jpg 1200w\" sizes=\"auto, (max-width: 750px) 100vw, 750px\" \/><\/a><\/p>","protected":false},"excerpt":{"rendered":"<p>Spawanie \u015bwiat\u0142owod\u00f3w to \u0142\u0105czenie przewod\u00f3w \u015bwiat\u0142owodowych w procesie cieplnym z u\u017cyciem \u0142uku elektrycznego w wyniku, kt\u00f3rego otrzymujemy tak zwane po\u0142\u0105czenie sta\u0142e. Z uwagi na budow\u0119 samych przewod\u00f3w i ich przeznaczenia wykonanie takiego po\u0142\u0105czenia wymaga szczeg\u00f3lnej precyzji i staranno\u015bci od operatora ju\u017c w samej czynno\u015bci przygotowania w\u0142\u00f3kien \u015bwiat\u0142owodu do wykonania spawu. Od tych bowiem cech w [&hellip;]<\/p>\n","protected":false},"author":3,"featured_media":2594,"parent":2583,"menu_order":0,"comment_status":"closed","ping_status":"closed","template":"","meta":{"footnotes":""},"class_list":["post-2593","page","type-page","status-publish","has-post-thumbnail","hentry"],"aioseo_notices":[],"_links":{"self":[{"href":"https:\/\/szkolenia-udt.pl\/sv\/wp-json\/wp\/v2\/pages\/2593","targetHints":{"allow":["GET"]}}],"collection":[{"href":"https:\/\/szkolenia-udt.pl\/sv\/wp-json\/wp\/v2\/pages"}],"about":[{"href":"https:\/\/szkolenia-udt.pl\/sv\/wp-json\/wp\/v2\/types\/page"}],"author":[{"embeddable":true,"href":"https:\/\/szkolenia-udt.pl\/sv\/wp-json\/wp\/v2\/users\/3"}],"replies":[{"embeddable":true,"href":"https:\/\/szkolenia-udt.pl\/sv\/wp-json\/wp\/v2\/comments?post=2593"}],"version-history":[{"count":2,"href":"https:\/\/szkolenia-udt.pl\/sv\/wp-json\/wp\/v2\/pages\/2593\/revisions"}],"predecessor-version":[{"id":2607,"href":"https:\/\/szkolenia-udt.pl\/sv\/wp-json\/wp\/v2\/pages\/2593\/revisions\/2607"}],"up":[{"embeddable":true,"href":"https:\/\/szkolenia-udt.pl\/sv\/wp-json\/wp\/v2\/pages\/2583"}],"wp:featuredmedia":[{"embeddable":true,"href":"https:\/\/szkolenia-udt.pl\/sv\/wp-json\/wp\/v2\/media\/2594"}],"wp:attachment":[{"href":"https:\/\/szkolenia-udt.pl\/sv\/wp-json\/wp\/v2\/media?parent=2593"}],"curies":[{"name":"wp","href":"https:\/\/api.w.org\/{rel}","templated":true}]}}