{"id":2599,"date":"2022-01-03T16:14:56","date_gmt":"2022-01-03T15:14:56","guid":{"rendered":"https:\/\/szkolenia-udt.pl\/?page_id=2599"},"modified":"2023-03-13T16:08:23","modified_gmt":"2023-03-13T15:08:23","slug":"kranforare","status":"publish","type":"page","link":"https:\/\/szkolenia-udt.pl\/sv\/kursy\/uprawnienia-udt-tdt-wdt\/operator-suwnicy\/","title":{"rendered":"Kranf\u00f6rare"},"content":{"rendered":"<p><a href=\"https:\/\/szkolenia-udt.pl\/wp-content\/uploads\/2022\/01\/suwnce.jpg\"><img loading=\"lazy\" decoding=\"async\" class=\"alignleft\" src=\"https:\/\/szkolenia-udt.pl\/wp-content\/uploads\/2022\/01\/suwnce-300x289.jpg\" alt=\"Hanteringsutrustning\" width=\"300\" height=\"289\" \/><\/a><a href=\"https:\/\/szkolenia-udt.pl\/sv\/kursy\/suwnice\/\">Kran i luften<\/a> \u00e4r en typ av kran, en kran som \u00e4r konstruerad f\u00f6r hantering genom intermittent r\u00f6relse. Denna typ av kran k\u00e4nnetecknas av sin enkla konstruktion, d\u00e4r en tv\u00e4rg\u00e5ende metallbalk anv\u00e4nds som bro som i sina \u00e4ndar st\u00f6ds av skenor som g\u00f6r att kranen kan r\u00f6ra sig l\u00e4ngs dem i b\u00e5da riktningarna. En vinsch (eller flera vinschar, beroende p\u00e5 behov och konstruktionsbegr\u00e4nsningar) \u00e4r f\u00e4st vid bron, vilket g\u00f6r det m\u00f6jligt att lyfta och s\u00e4nka lasten och flytta den i tv\u00e5 riktningar parallellt med dess l\u00e4ngdaxel mellan st\u00f6dpunkterna.<\/p>\n<p>Tack vare denna konstruktion \u00e4r det m\u00f6jligt att anv\u00e4nda kranar i b\u00e5de \u00f6ppna och slutna utrymmen f\u00f6r att flytta mycket tunga komponenter p\u00e5 byggarbetsplatser eller i industrianl\u00e4ggningar, eller f\u00f6r att flytta, lasta eller lossa last inom logistik i vidaste bem\u00e4rkelse, till exempel i lager, dep\u00e5er eller hamnar. Dessa enkla l\u00f6sningar har dock ocks\u00e5 sina begr\u00e4nsningar n\u00e4r det g\u00e4ller kranens f\u00f6rflyttning och anv\u00e4ndningsomr\u00e5de. Dessa beror fr\u00e4mst p\u00e5 skenornas l\u00e4ngd, som begr\u00e4nsar kranens bana, kranbryggans l\u00e4ngd, som best\u00e4mmer lyftanordningens horisontella r\u00e4ckvidd, och h\u00f6jden p\u00e5 brof\u00e4stet, som p\u00e5verkar lyftanordningens vertikala r\u00e4ckvidd, vilket i sin tur begr\u00e4nsar urvalet av laster i f\u00f6rh\u00e5llande till deras h\u00f6jd.<\/p>\n<p>Dessa geniala och enkla tekniska l\u00f6sningar med hj\u00e4lp av fysikens grundl\u00e4ggande lagar har gjort det m\u00f6jligt f\u00f6r konstrukt\u00f6rerna att bygga kranar med olika struktur beroende p\u00e5 deras syfte. De vanligaste och mest igenk\u00e4nnbara \u00e4r r\u00e4lskranar och traverskranar, men det finns m\u00e5nga andra typer av kranar som skiljer sig \u00e5t i sin konstruktion, t.ex. portalkranar, halvportalkranar, utskjutande kranar, kolonnkranar och modul\u00e4ra kranar. De typer av drivning som anv\u00e4nds i kranar (manuell, elektrisk, hydraulisk, pneumatisk eller kombinationer av dessa), de typer av b\u00e4rare som anv\u00e4nds (cylindriska, fackverk) och deras antal (enbalk, tv\u00e5balk, flerbalk) spelar ocks\u00e5 en roll f\u00f6r kategoriseringen av kranar.<\/p>\n<p>Kranarnas m\u00e5ngsidighet n\u00e4r det g\u00e4ller styrning b\u00f6r ocks\u00e5 n\u00e4mnas. Beroende p\u00e5 behov, syfte och yttre faktorer kan lyftkranar styras fr\u00e5n f\u00f6rarhytten, fr\u00e5n arbetsniv\u00e5n, med tr\u00e5dbunden fj\u00e4rrstyrning, tr\u00e5dl\u00f6s fj\u00e4rrstyrning eller automatiskt.<\/p>\n<p>Av ovanst\u00e5ende information framg\u00e5r det tydligt att vi har att g\u00f6ra med en mycket praktisk, enkel att anv\u00e4nda, effektiv och \u00e4ndam\u00e5lsenlig krantyp, vars viktigaste parametrar \u00e4r:<\/p>\n<ul>\n<li>Lyftkapaciteten, dvs. vikten av den last som kranen kan lyfta under givna f\u00f6rh\u00e5llanden.<\/li>\n<li>lyfth\u00f6jd, dvs. den h\u00f6jd till vilken kranen kan lyfta lasten, m\u00e4tt fr\u00e5n marken f\u00f6r lyftkranar, eller h\u00f6jden fr\u00e5n marken till gripen i toppl\u00e4ge f\u00f6r gripkranar.<\/li>\n<li>sp\u00e4nnvidden, som \u00e4r avst\u00e5ndet mellan r\u00e4lsen p\u00e5 det sp\u00e5r som kranen k\u00f6rs p\u00e5.<\/li>\n<\/ul>\n<p>Om du tror att du kan bli kranf\u00f6rare, att ett s\u00e5dant arbete kan vara intressant f\u00f6r dig och ge dig m\u00f6jlighet att utvecklas och f\u00f6rverkliga dig sj\u00e4lv professionellt, m\u00e5ste du vara medveten om de krav och begr\u00e4nsningar som g\u00e4ller f\u00f6r att f\u00e5 ett certifikat f\u00f6r detta yrke. I Polen \u00e4r den beh\u00f6riga institutionen som utf\u00e4rdar certifikat som ger beh\u00f6righet att arbeta som kranf\u00f6rare kontoret f\u00f6r teknisk inspektion, \u00e4ven k\u00e4nt som UDT, som \u00f6vervakar att alla typer av tekniska anordningar, inklusive kranar och traverser, anv\u00e4nds p\u00e5 r\u00e4tt s\u00e4tt och p\u00e5 ett s\u00e4kert s\u00e4tt. UDT har ocks\u00e5 till uppgift att kontrollera dessa anordningars tekniska skick genom att regelbundet genomf\u00f6ra tekniska inspektioner och utf\u00e4rda s\u00e4kerhetsintyg p\u00e5 grundval av dessa.<\/p>\n<div class=\"filmw\">\n<div class=\"responsive-youtube\"><iframe loading=\"lazy\" title=\"YouTube-videospelare\" src=\"https:\/\/www.youtube.com\/embed\/EFy-SGiLltQ\" width=\"560\" height=\"315\" frameborder=\"0\" allowfullscreen=\"allowfullscreen\"><\/iframe><\/div>\n<\/div>\n<p>Innan kontoret f\u00f6r teknisk kontroll kan utf\u00e4rda det relevanta certifikatet m\u00e5ste du dock avl\u00e4gga ett prov som anordnas av denna institution. F\u00f6r att kunna avl\u00e4gga ett s\u00e5dant prov b\u00f6r en kranf\u00f6rare delta i en kurs som f\u00f6rbereder honom eller henne f\u00f6r det ovann\u00e4mnda provet i b\u00e5de teoretiska och praktiska avseenden. Helst i en kurs som anordnas av den ber\u00f6rda organisationen, eller \u00e4nnu b\u00e4ttre, av TUV-certifierade leverant\u00f6rer av s\u00e4rskild utbildning och coachning. Men innan detta, innan du kan bli praktikant i en s\u00e5dan kurs, m\u00e5ste du ha ett l\u00e4karintyg som intygar att det inte finns n\u00e5gra h\u00e4lsovillkor f\u00f6r att du ska kunna arbeta som kranf\u00f6rare, samt en positiv psykoteknisk unders\u00f6kning som bekr\u00e4ftar att du har de s\u00e4rskilda mentala egenskaper som kr\u00e4vs f\u00f6r detta yrke.<\/p>\n<p>Varf\u00f6r \u00e4r l\u00e4karunders\u00f6kningar och ett psykotekniskt test viktiga inslag p\u00e5 v\u00e4gen mot ett krantillst\u00e5nd? Som med allt fysiskt arbete, och det g\u00e4ller \u00e4ven arbete med en lyftkran, finns det m\u00e5nga risker och ol\u00e4genheter. Det handlar bland annat om \u00f6verdrivet buller, d\u00e5lig belysning, skiftande v\u00e4derf\u00f6rh\u00e5llanden, att sitta i en of\u00f6r\u00e4ndrad position f\u00f6r l\u00e4nge, stor fysisk anstr\u00e4ngning, l\u00e5ngvarig koncentration p\u00e5 ofta mycket komplicerade operationer eller stressen att utf\u00f6ra uppgifter p\u00e5 ett s\u00e4kert s\u00e4tt utan att uts\u00e4tta sig sj\u00e4lv eller andra f\u00f6r olycksrisker. Alla dessa och m\u00e5nga andra faktorer beror p\u00e5 arbetets s\u00e4rskilda karakt\u00e4r, som kr\u00e4ver s\u00e4rskild precision, t\u00e5lamod, ost\u00f6rd uppfattning och framf\u00f6r allt f\u00f6rsiktighet och omsorg n\u00e4r det g\u00e4ller att f\u00f6lja s\u00e4kerhetsreglerna.<br \/>\n<div style=\"width: 640px;\" class=\"wp-video\"><video id=\"video-2599-1\" width=\"640\" height=\"360\" poster=\"https:\/\/szkolenia-udt.pl\/wp-content\/uploads\/2023\/03\/okladka-suwnice-OSO.jpg\" preload=\"metadata\" controls=\"controls\"><source type=\"video\/mp4\" src=\"https:\/\/szkolenia-udt.pl\/wp-content\/uploads\/2023\/03\/suwnice-SZKOLENIA-UDT.PL-OSO.mp4?_=1\" \/><a href=\"https:\/\/szkolenia-udt.pl\/wp-content\/uploads\/2023\/03\/suwnice-SZKOLENIA-UDT.PL-OSO.mp4\">https:\/\/szkolenia-udt.pl\/wp-content\/uploads\/2023\/03\/suwnice-SZKOLENIA-UDT.PL-OSO.mp4<\/a><\/video><\/div>\nN\u00e4r du har klarat l\u00e4karunders\u00f6kningen kan du fokusera p\u00e5 att hitta och v\u00e4lja r\u00e4tt f\u00f6retag f\u00f6r att utbilda framtida kranf\u00f6rare. Framf\u00f6r allt b\u00f6r man ta h\u00e4nsyn till kvaliteten p\u00e5 denna utbildning. Detta garanteras bland annat av den TUV-certifiering som utbildningsanordnaren m\u00e5ste ha. TUV \u00e4r en internationell organisation som bland annat ser till att de h\u00f6gsta industriella standarderna uppr\u00e4tth\u00e5lls n\u00e4r det g\u00e4ller arbetss\u00e4kerhet, tekniska processl\u00f6sningar samt utbildning och regelbunden kontroll av personalens kompetens under hela deras karri\u00e4r. I ett s\u00e5dant f\u00f6retag \u00e4r vi s\u00e4kra p\u00e5 att hitta utbildare med relevant erfarenhet inom det yrke vi \u00e4r intresserade av, med en bred kunskap om de fr\u00e5gor som ber\u00f6rs, liksom utbildarnas didaktiska f\u00f6rberedelser f\u00f6r att f\u00f6rmedla den till praktikanterna i b\u00e5de teoretiska och praktiska termer. Genom att delta i en utbildning som anordnas av ett s\u00e5dant f\u00f6retag \u00e4r vi mer s\u00e4kra p\u00e5 att vi kommer att f\u00e5 tillr\u00e4ckliga kunskaper och vara tillr\u00e4ckligt f\u00f6rberedda inf\u00f6r provet.<\/p>\n<p>En ytterligare f\u00f6rdel med att g\u00e5 kursen och slutf\u00f6ra den i en TUV-certifierad anl\u00e4ggning \u00e4r att den respekteras och v\u00e4lkomnas inte bara av polska utan framf\u00f6r allt av utl\u00e4ndska arbetsgivare, vilket ger oss f\u00f6rtroendet att \u00f6verv\u00e4ga v\u00e5ra jobbans\u00f6kningar p\u00e5 ett mer gynnsamt s\u00e4tt.<\/p>\n<p><a href=\"https:\/\/szkolenia-udt.pl\/wp-content\/uploads\/2022\/01\/0031-oso-suwnice-ogolnego-i-specjalnego-przeznaczenia.jpg\"><img loading=\"lazy\" decoding=\"async\" src=\"https:\/\/szkolenia-udt.pl\/wp-content\/uploads\/2022\/01\/0031-oso-suwnice-ogolnego-i-specjalnego-przeznaczenia-1024x853.jpg\" alt=\"\" width=\"750\" height=\"625\" \/><\/a><\/p>","protected":false},"excerpt":{"rendered":"<p>Suwnica jest rodzajem d\u017awigu, d\u017awignicy przeznaczonej do transportu bliskiego pracuj\u0105cej w trybie ruchu przerywanego. Ten rodzaj d\u017awigu charakteryzuje si\u0119 prostot\u0105 rozwi\u0105za\u0144 konstrukcyjnych polegaj\u0105cym na wykorzystaniu poprzecznej belki metalowej jako mostu opartego w jego skrajnych punktach na szynach dzi\u0119ki kt\u00f3rym mo\u017cliwe jest jego przemieszczanie wzd\u0142u\u017c nich w obu kierunkach. Do mostu natomiast przymocowana jest wci\u0105garka (b\u0105d\u017a [&hellip;]<\/p>\n","protected":false},"author":3,"featured_media":2600,"parent":2266,"menu_order":0,"comment_status":"closed","ping_status":"closed","template":"","meta":{"footnotes":""},"class_list":["post-2599","page","type-page","status-publish","has-post-thumbnail","hentry"],"aioseo_notices":[],"_links":{"self":[{"href":"https:\/\/szkolenia-udt.pl\/sv\/wp-json\/wp\/v2\/pages\/2599","targetHints":{"allow":["GET"]}}],"collection":[{"href":"https:\/\/szkolenia-udt.pl\/sv\/wp-json\/wp\/v2\/pages"}],"about":[{"href":"https:\/\/szkolenia-udt.pl\/sv\/wp-json\/wp\/v2\/types\/page"}],"author":[{"embeddable":true,"href":"https:\/\/szkolenia-udt.pl\/sv\/wp-json\/wp\/v2\/users\/3"}],"replies":[{"embeddable":true,"href":"https:\/\/szkolenia-udt.pl\/sv\/wp-json\/wp\/v2\/comments?post=2599"}],"version-history":[{"count":7,"href":"https:\/\/szkolenia-udt.pl\/sv\/wp-json\/wp\/v2\/pages\/2599\/revisions"}],"predecessor-version":[{"id":4505,"href":"https:\/\/szkolenia-udt.pl\/sv\/wp-json\/wp\/v2\/pages\/2599\/revisions\/4505"}],"up":[{"embeddable":true,"href":"https:\/\/szkolenia-udt.pl\/sv\/wp-json\/wp\/v2\/pages\/2266"}],"wp:featuredmedia":[{"embeddable":true,"href":"https:\/\/szkolenia-udt.pl\/sv\/wp-json\/wp\/v2\/media\/2600"}],"wp:attachment":[{"href":"https:\/\/szkolenia-udt.pl\/sv\/wp-json\/wp\/v2\/media?parent=2599"}],"curies":[{"name":"wp","href":"https:\/\/api.w.org\/{rel}","templated":true}]}}