{"id":2609,"date":"2022-01-12T16:33:31","date_gmt":"2022-01-12T15:33:31","guid":{"rendered":"https:\/\/szkolenia-udt.pl\/?page_id=2609"},"modified":"2023-05-05T23:11:46","modified_gmt":"2023-05-05T21:11:46","slug":"svetsteknik","status":"publish","type":"page","link":"https:\/\/szkolenia-udt.pl\/sv\/kursy\/spawanie\/spawanie-metody-techniki\/","title":{"rendered":"Svetsning. Metoder och tekniker."},"content":{"rendered":"<h2>Svetsning. Tekniker f\u00f6r sammanfogning av material.<\/h2>\n<h2>Vad \u00e4r svetsning?<\/h2>\n<p><a href=\"https:\/\/szkolenia-udt.pl\/wp-content\/uploads\/2022\/01\/canva-bez-tytulu-MAEPrJLAfoI.jpg\"><img loading=\"lazy\" decoding=\"async\" class=\"size-medium wp-image-2610 alignright\" src=\"https:\/\/szkolenia-udt.pl\/wp-content\/uploads\/2022\/01\/canva-bez-tytulu-MAEPrJLAfoI-300x200.jpg\" alt=\"Svetsmetoder. Definition. Beskrivning av metoder.\" width=\"300\" height=\"200\" srcset=\"https:\/\/szkolenia-udt.pl\/wp-content\/uploads\/2022\/01\/canva-bez-tytulu-MAEPrJLAfoI-300x200.jpg 300w, https:\/\/szkolenia-udt.pl\/wp-content\/uploads\/2022\/01\/canva-bez-tytulu-MAEPrJLAfoI-1024x684.jpg 1024w, https:\/\/szkolenia-udt.pl\/wp-content\/uploads\/2022\/01\/canva-bez-tytulu-MAEPrJLAfoI-768x513.jpg 768w, https:\/\/szkolenia-udt.pl\/wp-content\/uploads\/2022\/01\/canva-bez-tytulu-MAEPrJLAfoI-1536x1025.jpg 1536w, https:\/\/szkolenia-udt.pl\/wp-content\/uploads\/2022\/01\/canva-bez-tytulu-MAEPrJLAfoI.jpg 1600w\" sizes=\"auto, (max-width: 300px) 100vw, 300px\" \/><\/a>Det \u00e4r ett s\u00e4tt att sammanfoga metaller genom att v\u00e4rma och sm\u00e4lta dem med eller utan anv\u00e4ndning av en fyllnadsmetall. V\u00e4rmek\u00e4llan \u00e4r vanligtvis svetsb\u00e5gen. Den skapas av den str\u00f6m som genereras av svetsmaskinen.<\/p>\n<p>Vi kan skilja mellan f\u00f6ljande typer av svetsning som den vanligaste metoden f\u00f6r att sammanfoga metaller:<\/p>\n<ul>\n<li>gas<\/li>\n<li>b\u00e5gsvetsning med t\u00e4ckta elektroder<\/li>\n<li>t\u00e4ckt valv<\/li>\n<li>speedway<\/li>\n<\/ul>\n<p>I gasskydd \u00e4r dessa d\u00e4remot:<\/p>\n<ul>\n<li>MIG<\/li>\n<li>TIG<\/li>\n<li>MAG<\/li>\n<li>plasma<\/li>\n<li>Elektron<\/li>\n<\/ul>\n<h2>Beskrivning av svetsmetoder och deras till\u00e4mpningar<\/h2>\n<ul>\n<li>gas (metod 311)<\/li>\n<li>t\u00e4ckt elektrodb\u00e5gsvetsning (metod 111).<\/li>\n<li>t\u00e4ckt valv<\/li>\n<li>I asfaltblock<\/li>\n<\/ul>\n<h2>Svetsmetoder, beskrivning av funktion och anv\u00e4ndning:<\/h2>\n<h3>311 - gassvetsning<\/h3>\n<ul>\n<li>sammansm\u00e4ltning av kanterna p\u00e5 sammanfogade metaller genom upphettning med en flamma av brinnande br\u00e4nnbar gas.<\/li>\n<li>sker i en atmosf\u00e4r med tillf\u00f6rt syre.<\/li>\n<li>Acetylen anv\u00e4nds huvudsakligen som br\u00e4nslegas.<\/li>\n<\/ul>\n<p><strong>Till\u00e4mpning av metoden<\/strong><\/p>\n<p>Metoden anv\u00e4nds f\u00f6r alla typer av st\u00e5l och icke-j\u00e4rnhaltiga metaller.<\/p>\n<h3>111 - b\u00e5gsvetsning med t\u00e4ckta elektroner<\/h3>\n<ul>\n<li>Metoden g\u00e5r ut p\u00e5 att sm\u00e4lta metaller d\u00e4r de \u00e4r sammanfogade med hj\u00e4lp av en ljusb\u00e5ge som genereras mellan arbetsstycket och en t\u00e4ckt elektrod.<\/li>\n<li>Likstr\u00f6m eller v\u00e4xelstr\u00f6m anv\u00e4nds f\u00f6r svetsning.<\/li>\n<li>F\u00f6r denna metod anv\u00e4nds t\u00e4ckta elektroder:<\/li>\n<li>sur (A)<\/li>\n<li>rutil (R)<\/li>\n<li>alkalisk (B)<\/li>\n<li>rutilsyra (RA)<\/li>\n<li>cellulosa (C)<\/li>\n<li>Rutilcellulosa (RC).<\/li>\n<li>andra<\/li>\n<\/ul>\n<p><strong>Till\u00e4mpning av metoden<\/strong><\/p>\n<p>Denna svetsmetod anv\u00e4nds f\u00f6r att sammanfoga alla olegerade, l\u00e5g- och h\u00f6glegerade st\u00e5l, gjutst\u00e5l, gjutj\u00e4rn och icke-j\u00e4rnhaltiga metaller.<\/p>\n<h3>135 - MAG-metoden (Metal Active Gas) - fusionssvetsning med skydd av aktiv gas<\/h3>\n<ul>\n<li>processen f\u00f6r b\u00e5gsvetsning med en f\u00f6rbrukningselektrod i en sk\u00f6ld av kemiskt aktiva gaser eller gasblandningar.<\/li>\n<li>fast eller pulveriserad tr\u00e5d (fyllmedel) betraktas som en sm\u00e4ltbar elektrod.<\/li>\n<li>Koldioxid eller gasblandningar best\u00e5ende av:\n<ul>\n<li>argon,<\/li>\n<li>syre,<\/li>\n<li>Koldioxid.<\/li>\n<\/ul>\n<\/li>\n<\/ul>\n<p><strong>Till\u00e4mpning av metoden<\/strong><\/p>\n<p>MAG-metoden anv\u00e4nds f\u00f6r svetsning av olegerat, l\u00e5g- och h\u00f6glegerat st\u00e5l.<\/p>\n<h3>131 - MIG-metoden (Metal Insert Gas) - svetsning med flusscirkelb\u00e5ge och inerta gaser.<\/h3>\n<ul>\n<li>processen f\u00f6r ljusb\u00e5gssvetsning med en f\u00f6rbrukningsbar elektrod med fast tr\u00e5d i en inert gassk\u00f6ld.<\/li>\n<li>Liksom i MAG-metoden fungerar tr\u00e5den ocks\u00e5 som bindemedel. Det \u00e4r en elektrodtr\u00e5d.<\/li>\n<li>MIG-svetsningsprocessen anv\u00e4nder \u00e4delskyddsgaser som argon och helium och blandningar av dessa.<\/li>\n<\/ul>\n<p><strong>Till\u00e4mpning av metoden<\/strong><\/p>\n<p>Vi anv\u00e4nder den vid svetsning av oberoende metaller.<\/p>\n<h3>141 - TIG-metoden - svetsning med icke f\u00f6rbrukningsbar elektrod i en inert gassk\u00f6ld.<\/h3>\n<ul>\n<li>processen f\u00f6r b\u00e5gsvetsning med en icke-s\u00e4krad elektrod i en inert gassk\u00f6ld.<\/li>\n<li>De gaser som anv\u00e4nds f\u00f6r att t\u00e4cka svetsomr\u00e5det vid TIG-svetsning \u00e4r argon, helium eller en blandning av dessa (som vid MIG-svetsning).<\/li>\n<\/ul>\n<p><strong>Till\u00e4mpning av metoden<\/strong><\/p>\n<p>TIG-svetsning anv\u00e4nds f\u00f6r att sammanfoga l\u00e5g- och h\u00f6glegerat st\u00e5l och icke-j\u00e4rnmetaller (koppar, aluminium, magnesium och deras legeringar samt nickel). TIG-metoden \u00e4r en av de metoder som har l\u00e5g prestanda, men som dock ger h\u00f6g kvalitet och exakt utf\u00f6rande.<\/p>\n<h2>Hur mycket tj\u00e4nar en svetsare i Polen och utomlands?<\/h2>\n<p>Siffror f\u00f6r 2021:<\/p>\n<p><strong>Polen<\/strong><\/p>\n<table width=\"642\">\n<tbody>\n<tr>\n<td width=\"321\">Nyb\u00f6rjare<\/td>\n<td width=\"321\">3 000 PLN per m\u00e5nad<\/td>\n<\/tr>\n<tr>\n<td width=\"321\">Erfaren<\/td>\n<td width=\"321\">5000 PLN per m\u00e5nad<\/td>\n<\/tr>\n<\/tbody>\n<\/table>\n<p><strong>Utomlands<\/strong><\/p>\n<table>\n<tbody>\n<tr>\n<td width=\"321\">Tyskland<\/td>\n<td width=\"321\">5 000 euro per m\u00e5nad<\/td>\n<\/tr>\n<tr>\n<td width=\"321\">USA<\/td>\n<td width=\"321\">25 000 USD per m\u00e5nad<\/td>\n<\/tr>\n<tr>\n<td width=\"321\">Nederl\u00e4nderna<\/td>\n<td width=\"321\">3 000-4 000 euro per m\u00e5nad<\/td>\n<\/tr>\n<tr>\n<td width=\"321\">Schweiz<\/td>\n<td width=\"321\">6 000 euro per m\u00e5nad<\/td>\n<\/tr>\n<\/tbody>\n<\/table>\n<p>&nbsp;<\/p>\n<p>OSO anordnar svetskurser i TIG-, MAG- och MIG-metoder.<\/p>\n<p><a href=\"https:\/\/szkolenia-udt.pl\/wp-content\/uploads\/2022\/01\/0072-oso.edu_.pl-1.jpg\"><img loading=\"lazy\" decoding=\"async\" class=\"alignnone wp-image-2611 size-large\" src=\"https:\/\/szkolenia-udt.pl\/wp-content\/uploads\/2022\/01\/0072-oso.edu_.pl-1-1024x853.jpg\" alt=\"En svetsares inkomster i Polen och utomlands.\" width=\"750\" height=\"625\" srcset=\"https:\/\/szkolenia-udt.pl\/wp-content\/uploads\/2022\/01\/0072-oso.edu_.pl-1-1024x853.jpg 1024w, https:\/\/szkolenia-udt.pl\/wp-content\/uploads\/2022\/01\/0072-oso.edu_.pl-1-300x250.jpg 300w, https:\/\/szkolenia-udt.pl\/wp-content\/uploads\/2022\/01\/0072-oso.edu_.pl-1-768x640.jpg 768w, https:\/\/szkolenia-udt.pl\/wp-content\/uploads\/2022\/01\/0072-oso.edu_.pl-1.jpg 1200w\" sizes=\"auto, (max-width: 750px) 100vw, 750px\" \/><\/a><\/p>","protected":false},"excerpt":{"rendered":"<p>Spawanie. Techniki \u0142\u0105czenia materia\u0142\u00f3w. Czym jest spawanie? To spos\u00f3b \u0142\u0105czenia metali przez nagrzanie ich oraz stopienie za pomoc\u0105 spoiwa lub bez jego zastosowania. \u0179r\u00f3d\u0142em ciep\u0142a jest zazwyczaj \u0142uk spawalniczy. Powstaje on dzi\u0119ki pr\u0105dowi, kt\u00f3ry jest generowany przez urz\u0105dzenie spawalnicze. Rozr\u00f3\u017cni\u0107 mo\u017cemy nast\u0119puj\u0105ce rodzaje spawania jako najbardziej powszechnej metody \u0142\u0105czenia metali: gazowe \u0142ukowe elektrodami otulonymi \u0142ukiem [&hellip;]<\/p>\n","protected":false},"author":3,"featured_media":2610,"parent":2583,"menu_order":0,"comment_status":"closed","ping_status":"closed","template":"","meta":{"footnotes":""},"class_list":["post-2609","page","type-page","status-publish","has-post-thumbnail","hentry"],"aioseo_notices":[],"_links":{"self":[{"href":"https:\/\/szkolenia-udt.pl\/sv\/wp-json\/wp\/v2\/pages\/2609","targetHints":{"allow":["GET"]}}],"collection":[{"href":"https:\/\/szkolenia-udt.pl\/sv\/wp-json\/wp\/v2\/pages"}],"about":[{"href":"https:\/\/szkolenia-udt.pl\/sv\/wp-json\/wp\/v2\/types\/page"}],"author":[{"embeddable":true,"href":"https:\/\/szkolenia-udt.pl\/sv\/wp-json\/wp\/v2\/users\/3"}],"replies":[{"embeddable":true,"href":"https:\/\/szkolenia-udt.pl\/sv\/wp-json\/wp\/v2\/comments?post=2609"}],"version-history":[{"count":4,"href":"https:\/\/szkolenia-udt.pl\/sv\/wp-json\/wp\/v2\/pages\/2609\/revisions"}],"predecessor-version":[{"id":4849,"href":"https:\/\/szkolenia-udt.pl\/sv\/wp-json\/wp\/v2\/pages\/2609\/revisions\/4849"}],"up":[{"embeddable":true,"href":"https:\/\/szkolenia-udt.pl\/sv\/wp-json\/wp\/v2\/pages\/2583"}],"wp:featuredmedia":[{"embeddable":true,"href":"https:\/\/szkolenia-udt.pl\/sv\/wp-json\/wp\/v2\/media\/2610"}],"wp:attachment":[{"href":"https:\/\/szkolenia-udt.pl\/sv\/wp-json\/wp\/v2\/media?parent=2609"}],"curies":[{"name":"wp","href":"https:\/\/api.w.org\/{rel}","templated":true}]}}