{"id":2627,"date":"2022-02-02T22:50:09","date_gmt":"2022-02-02T21:50:09","guid":{"rendered":"https:\/\/szkolenia-udt.pl\/?page_id=2627"},"modified":"2023-03-24T19:48:23","modified_gmt":"2023-03-24T18:48:23","slug":"konstruktion-av-kranar","status":"publish","type":"page","link":"https:\/\/szkolenia-udt.pl\/sv\/kursy\/suwnice\/budowa-suwnic\/","title":{"rendered":"Kurs f\u00f6r kranf\u00f6rare och underh\u00e5ll"},"content":{"rendered":"<h2 class=\"wp-block-heading\">Kurs i drift och underh\u00e5ll av lyftkranar<\/h2>\n\n\n<div class=\"wp-block-image\">\n<figure class=\"alignleft size-large is-resized\"><a href=\"https:\/\/szkolenia-udt.pl\/wp-content\/uploads\/2022\/02\/s2.jpg\"><img loading=\"lazy\" decoding=\"async\" src=\"https:\/\/szkolenia-udt.pl\/wp-content\/uploads\/2022\/02\/s2-1024x684.jpg\" alt=\"kran i lager\" class=\"wp-image-2628\" width=\"512\" height=\"342\" srcset=\"https:\/\/szkolenia-udt.pl\/wp-content\/uploads\/2022\/02\/s2-1024x684.jpg 1024w, https:\/\/szkolenia-udt.pl\/wp-content\/uploads\/2022\/02\/s2-300x200.jpg 300w, https:\/\/szkolenia-udt.pl\/wp-content\/uploads\/2022\/02\/s2-768x513.jpg 768w, https:\/\/szkolenia-udt.pl\/wp-content\/uploads\/2022\/02\/s2.jpg 1493w\" sizes=\"auto, (max-width: 512px) 100vw, 512px\" \/><\/a><\/figure>\n<\/div>\n\n\n<p><a href=\"https:\/\/szkolenia-udt.pl\/sv\/kursy\/suwnice\/\">Kran i luften<\/a> \u00e4r en typ av kranutrustning som anv\u00e4nds f\u00f6r att lyfta, s\u00e4nka och f\u00f6rflytta last med hj\u00e4lp av vinschar eller hissar. Den anv\u00e4nds bland annat f\u00f6r montering, transport, hantering och produktionsprocesser. Genom att anm\u00e4la dig till v\u00e5r certifikatkurs i kranhantering och -underh\u00e5ll kan du f\u00f6rv\u00e4nta dig att f\u00e5 en omfattande utbildning f\u00f6r att arbeta i dessa positioner.\u00a0\u00a0<\/p>\n\n\n\n<h2 class=\"wp-block-heading\"><strong>Om oss -<\/strong> <strong>CSO<\/strong>\u00a0<\/h2>\n\n\n\n<p>CSO \u00e4r <a href=\"https:\/\/szkolenia-udt.pl\/sv\/o-firmie\/\">centrum<\/a> utbildning med m\u00e5nga \u00e5rs erfarenhet i branschen, kvalificerade instrukt\u00f6rer och hundratals n\u00f6jda kursdeltagare. V\u00e5ra kurser best\u00e5r av en f\u00f6rel\u00e4sningsdel, d\u00e4r \u00e4mnet l\u00e4rs ut, och en praktisk del, d\u00e4r deltagaren l\u00e4r sig hur man anv\u00e4nder maskinerna p\u00e5 ett s\u00e4rskilt man\u00f6veromr\u00e5de.&nbsp;<\/p>\n\n\n\n<h2 class=\"wp-block-heading\"><strong>Utbildningens omfattning<\/strong>&nbsp;<\/h2>\n\n\n\n<p>Utbildningsprogrammet omfattar bland annat \u00e4mnen om:&nbsp;<\/p>\n\n\n\n<ul class=\"dwiekolumny wp-block-list\">\n<li>regler f\u00f6r h\u00e4lsa och s\u00e4kerhet,&nbsp;&nbsp;<\/li>\n\n\n\n<li>Teknisk \u00f6vervakning av kranar,&nbsp;&nbsp;<\/li>\n\n\n\n<li>konstruktion av utrustning,&nbsp;&nbsp;<\/li>\n\n\n\n<li>Principer f\u00f6r korrekt drift.&nbsp;&nbsp;<\/li>\n\n\n\n<li>Kranf\u00f6rare och underh\u00e5llsuppgifter.&nbsp;<\/li>\n<\/ul>\n\n\n\n<h2 class=\"wp-block-heading\"><strong>Krav<\/strong>&nbsp;<\/h2>\n\n\n\n<p>Allt du beh\u00f6ver g\u00f6ra f\u00f6r att delta i v\u00e5r kurs \u00e4r att:&nbsp;<\/p>\n\n\n\n<ul class=\"wp-block-list\">\n<li>vara \u00f6ver 18 \u00e5r gammal,&nbsp;<\/li>\n\n\n\n<li>har minst en grundl\u00e4ggande utbildning,&nbsp;<\/li>\n\n\n\n<li>inte har medicinska kontraindikationer f\u00f6r att anv\u00e4nda eller underh\u00e5lla denna typ av maskiner.&nbsp;<\/li>\n<\/ul>\n\n\n\n<h2 class=\"wp-block-heading\"><strong>Egenskaper hos kranutrustning<\/strong>&nbsp;<\/h2>\n\n\n\n<h4 class=\"wp-block-heading\">Komponenter till mekanisk utrustning:&nbsp;<\/h4>\n\n\n<div class=\"wp-block-image\">\n<figure class=\"alignright size-large is-resized\"><a href=\"https:\/\/szkolenia-udt.pl\/wp-content\/uploads\/2022\/02\/s2-1.jpg\"><img loading=\"lazy\" decoding=\"async\" src=\"https:\/\/szkolenia-udt.pl\/wp-content\/uploads\/2022\/02\/s2-1-1024x684.jpg\" alt=\"drift av kranen\" class=\"wp-image-2631\" width=\"512\" height=\"342\" srcset=\"https:\/\/szkolenia-udt.pl\/wp-content\/uploads\/2022\/02\/s2-1-1024x684.jpg 1024w, https:\/\/szkolenia-udt.pl\/wp-content\/uploads\/2022\/02\/s2-1-300x200.jpg 300w, https:\/\/szkolenia-udt.pl\/wp-content\/uploads\/2022\/02\/s2-1-768x513.jpg 768w, https:\/\/szkolenia-udt.pl\/wp-content\/uploads\/2022\/02\/s2-1-1536x1026.jpg 1536w, https:\/\/szkolenia-udt.pl\/wp-content\/uploads\/2022\/02\/s2-1.jpg 1549w\" sizes=\"auto, (max-width: 512px) 100vw, 512px\" \/><\/a><\/figure>\n<\/div>\n\n\n<ul class=\"wp-block-list\">\n<li><strong>k\u00f6rsp\u00e5r och fram\u00e4ndar<\/strong> - delar av drivmekanismen,&nbsp;<\/li>\n\n\n\n<li><strong>k\u00f6rande vagn<\/strong> - motor, v\u00e4xell\u00e5da,&nbsp;<\/li>\n\n\n\n<li><strong>bro<\/strong> - sp\u00e5r f\u00f6r vagnar, inklusive buffertar,&nbsp;<\/li>\n\n\n\n<li><strong>Lyftmekanism.<\/strong> - Utrustad med en kropp som inneh\u00e5ller drivmotor, krok och krokblock, vajer med styrring, v\u00e4xell\u00e5da, r\u00e4fflad eller kedjad linj\u00e4r trumma och st\u00e5ng med buffertar och slutbrytare.&nbsp;<\/li>\n<\/ul>\n\n\n\n<h4 class=\"wp-block-heading\">Komponenter till elektrisk utrustning:&nbsp;<\/h4>\n\n\n\n<ul class=\"wp-block-list\">\n<li><strong>Krankoppling och kraftkoppling.<\/strong> - anv\u00e4nds f\u00f6r att sl\u00e5 p\u00e5 och st\u00e4nga av den totala str\u00f6mf\u00f6rs\u00f6rjningen,&nbsp;<\/li>\n\n\n\n<li><strong>Trolls<\/strong> - str\u00f6mkollektorer,&nbsp;<\/li>\n\n\n\n<li><strong>kontrollh\u00e4ngel.<\/strong> - som anv\u00e4nds f\u00f6r att styra enheten,\u00a0<\/li>\n\n\n\n<li><strong>Kontrollsk\u00e5p. <\/strong>- st\u00e4llverk som \u00e4r placerat p\u00e5 drivboggin och det elektriska kopplingssk\u00e5pet som \u00e4r placerat p\u00e5 bryggan,\u00a0<\/li>\n\n\n\n<li><strong>gr\u00e4nskopplare.<\/strong>.&nbsp;<\/li>\n<\/ul>\n\n\n\n<h2 class=\"wp-block-heading\"><strong>Syftet med kranar<\/strong>&nbsp;<\/h2>\n\n\n\n<p>Funktionaliteten garanteras av kranarnas h\u00f6ga konstruktion, som till\u00e5ter olika och fria kombinationer av r\u00f6relser. Med deras hj\u00e4lp kan tunga material transporteras och flyttas. Dessutom anv\u00e4nds dessa anordningar bland annat i hallar, lagerlokaler, fabriker med mera. Deras syfte beror p\u00e5 deras tekniska parametrar och typen av konstruktion:\u00a0<\/p>\n\n\n\n<ul class=\"wp-block-list\">\n<li><strong>processkranar<\/strong> - \u00e4r helt anpassade till det p\u00e5g\u00e5ende arbetet,\u00a0<\/li>\n\n\n\n<li><strong>specialiserade kranar<\/strong> - \u00e4r skr\u00e4ddarsydda f\u00f6r att utf\u00f6ra specifika aktiviteter f\u00f6r det kontrakterade arbetet,\u00a0<\/li>\n\n\n\n<li><strong>kranar med flera anv\u00e4ndningsomr\u00e5den<\/strong> - De kallas krokar och anv\u00e4nds f\u00f6r en m\u00e4ngd olika uppgifter.\u00a0<\/li>\n<\/ul>\n\n\n\n<p>Andra typer av kranar \u00e4r bland annat:&nbsp;<\/p>\n\n\n\n<ul class=\"wp-block-list\">\n<li><strong>portalkranar<\/strong> - \u00e4r konstruerade av en plattform som h\u00e4nger fr\u00e5n portalens sidobryggor, \u00f6ver vilken l\u00e4nkaget r\u00f6r sig och \u00e4r monterat utv\u00e4ndigt,\u00a0<\/li>\n\n\n\n<li><strong>kranar<\/strong> - som best\u00e5r av en plattform med fackverk som \u00e4r placerad p\u00e5 skenor med en r\u00f6rlig l\u00e4nk, installeras oftast i produktionshallar,\u00a0<\/li>\n\n\n\n<li><strong>kranar<\/strong> - \u00e4r utformade f\u00f6r installation under takstrukturen i hallar och lagerlokaler.\u00a0<\/li>\n<\/ul>\n\n\n\n<h2 class=\"wp-block-heading\"><strong>Kontrollmetoder f\u00f6r kranar<\/strong>&nbsp;<\/h2>\n\n\n\n<p>Kranar skiljer sig \u00e5t genom det s\u00e4tt p\u00e5 vilket de styrs. Traditionella kranar styrs manuellt med hj\u00e4lp av ett handtag eller en kontrollpanel. Automatiseringen har gjort halvautomatisk eller helautomatisk drift m\u00f6jlig. En kran som \u00e4r utrustad med ett styrsystem g\u00f6r det m\u00f6jligt att f\u00f6rprogrammera kranen och sedan utf\u00f6ra uppgiften sj\u00e4lv. De som arbetar helt utan inblandning av operat\u00f6ren \u00e4r f\u00f6rprogrammerade i hela driftalgoritmen.\u00a0<\/p>\n\n\n\n<h2 class=\"wp-block-heading\"><strong>L\u00e4r dig av CSO!<\/strong><\/h2>\n\n\n\n<p>Vi bjuder in dig att kontakta oss och anm\u00e4la dig till \u00f6ppna och slutna kurser. Vi kommer att erbjuda priser och utbildningsprogram f\u00f6r framtida praktikanter individuellt. Vi erbjuder utbildning i Warszawa och i hela Polen.<\/p>\n\n\n\n<p>Vi bjuder in dig till UDT-kvalificerade utbildningar i kranhantering.&nbsp;<\/p>\n\n\n\n<ul class=\"wp-block-list\">\n<li>Kurs f\u00f6r kranf\u00f6rare&nbsp;<\/li>\n\n\n\n<li>Kurs i underh\u00e5ll av lyftkranar\u00a0<\/li>\n<\/ul>","protected":false},"excerpt":{"rendered":"<p>Kurs na uprawnienia do obs\u0142ugi i konserwacji suwnic Suwnica jest typem urz\u0105dzenia d\u017awignicowego s\u0142u\u017c\u0105cego do podnoszenia, opuszczania oraz przemieszczania \u0142adunk\u00f3w z u\u017cyciem wci\u0105garek lub wci\u0105gnik\u00f3w. Wykorzystuje si\u0119 j\u0105 m.in. do proces\u00f3w monta\u017cowych, transportowych, prze\u0142adunkowych oraz produkcyjnych. Zapisuj\u0105c si\u0119 na nasz kurs na uprawnienia do obs\u0142ugi i konserwacji suwnic, mo\u017cesz liczy\u0107 na kompleksowe przeszkolenie do wykonywania [&hellip;]<\/p>\n","protected":false},"author":10,"featured_media":2628,"parent":823,"menu_order":0,"comment_status":"closed","ping_status":"closed","template":"","meta":{"footnotes":""},"class_list":["post-2627","page","type-page","status-publish","has-post-thumbnail","hentry"],"aioseo_notices":[],"_links":{"self":[{"href":"https:\/\/szkolenia-udt.pl\/sv\/wp-json\/wp\/v2\/pages\/2627","targetHints":{"allow":["GET"]}}],"collection":[{"href":"https:\/\/szkolenia-udt.pl\/sv\/wp-json\/wp\/v2\/pages"}],"about":[{"href":"https:\/\/szkolenia-udt.pl\/sv\/wp-json\/wp\/v2\/types\/page"}],"author":[{"embeddable":true,"href":"https:\/\/szkolenia-udt.pl\/sv\/wp-json\/wp\/v2\/users\/10"}],"replies":[{"embeddable":true,"href":"https:\/\/szkolenia-udt.pl\/sv\/wp-json\/wp\/v2\/comments?post=2627"}],"version-history":[{"count":8,"href":"https:\/\/szkolenia-udt.pl\/sv\/wp-json\/wp\/v2\/pages\/2627\/revisions"}],"predecessor-version":[{"id":4686,"href":"https:\/\/szkolenia-udt.pl\/sv\/wp-json\/wp\/v2\/pages\/2627\/revisions\/4686"}],"up":[{"embeddable":true,"href":"https:\/\/szkolenia-udt.pl\/sv\/wp-json\/wp\/v2\/pages\/823"}],"wp:featuredmedia":[{"embeddable":true,"href":"https:\/\/szkolenia-udt.pl\/sv\/wp-json\/wp\/v2\/media\/2628"}],"wp:attachment":[{"href":"https:\/\/szkolenia-udt.pl\/sv\/wp-json\/wp\/v2\/media?parent=2627"}],"curies":[{"name":"wp","href":"https:\/\/api.w.org\/{rel}","templated":true}]}}